{"id":25800,"date":"2023-03-06T10:17:06","date_gmt":"2023-03-06T09:17:06","guid":{"rendered":"https:\/\/www.perzijskepreproge.si\/izdelek\/persian-carpet-gabbeh-persian-carpet-gabbeh-2\/"},"modified":"2023-03-06T10:17:06","modified_gmt":"2023-03-06T09:17:06","slug":"persian-carpet-gabbeh-persian-carpet-gabbeh-2","status":"publish","type":"product","link":"https:\/\/www.perzijskepreproge.si\/en\/product\/persian-carpet-gabbeh-persian-carpet-gabbeh-2\/","title":{"rendered":"Persian carpet Gabbeh \/ Persian carpet Gabbeh"},"content":{"rendered":"<p>Gaba, gabeh ( <em>gava<\/em> in Kurdish and Lori dialect, <em>ker\u015fak<\/em> in Bakhtiari dialect) is a knotted woolen carpet, recognizable by its longer threads, as is usual for Persian carpets. It is also characterized by a simple design, which usually uses only a few colors, characters and ornaments, sometimes stylized figures of people or animals. Such carpets are made by the Lori, Kurds and Qashqai peoples in the Zagros mountain range, which runs across most of Iran. The origin of these carpets is said to be in the Lorestan region, from where their use and production spread north to the Kurdish territories and south to the Qashqai.   <\/p>\n<p>The mountainous region of western Iran is home to the Lor and Bakhtiari, proud peoples who are descendants of the original settlers of present-day Iran. The Lor have been making carpets in their original, unaltered way for thousands of years. The techniques and traditional patterns are passed down from generation to generation, but the final look is most dependent on the personal touch of the maker. Mothers teach their daughters how to spin and use wool, while fathers pass on the knowledge of shearing wool and making looms to their sons. The motifs they depict are drawn from the environment, local traditions and their own lives. You can find everything from stars to archaic Mesopotamian shapes in their carpets.     <\/p>\n<p>Traditional gabbies are sparsely knotted (low density of knots per square centimeter or meter), but therefore have quite long threads (approx. 3-4 cm) and many wefts (cross-threads in the warp) between the rows of knots, which is not typical of other carpets today. The only exception to this is the old <em>gabbies ye \u015eiri<\/em> with a lion motif, which are made by the Darrashuri tribe. The colors of gabbies are usually of vegetable origin, but undyed wool is also used ( <em>\u015eiri<\/em> \u2013 cream, <em>\u015eetori<\/em> \u2013 light brown, <em>siah<\/em> \u2013 black).  <\/p>\n<p>A woman who has made it before a journey can wrap <em>a ma\u0161k<\/em> (a water bottle made of goatskin), a folding loom, a cradle, valuable furs, or other items in such a thick woolen rug. Due to its softness, the gaba is also very useful as a saddle and for sleeping. <\/p>\n","protected":false},"excerpt":{"rendered":"<p>Reg. no.: 1121<\/p>\n<p>Size: 181 x 146 cm<\/p>\n<p>Material \/ Pile: wool<\/p>\n<p>Base: wool<\/p>\n<p>Colors: plants<\/p>\n<p>Design: geometrical<\/p>\n<p>Weaving technique: handmade pile carpet<\/p>\n<p>Knot density: 150,000 m\/2<\/p>\n<p>Origin: Iran<\/p>\n<p>&nbsp;<\/p>\n","protected":false},"featured_media":23967,"template":"","meta":{"iawp_total_views":6},"product_brand":[],"product_cat":[424],"product_tag":[],"class_list":{"0":"post-25800","1":"product","2":"type-product","3":"status-publish","4":"has-post-thumbnail","6":"product_cat-modern-carpets","7":"pa_barva-osnovna-white-beige","8":"pa_material-wool","9":"pa_oblika-rectangular","10":"pa_velikost-cca-200x150-en","12":"first","13":"instock","14":"sold-individually","15":"taxable","16":"shipping-taxable","17":"purchasable","18":"product-type-simple"},"yoast_head":"<!-- This site is optimized with the Yoast SEO plugin v27.3 - https:\/\/yoast.com\/product\/yoast-seo-wordpress\/ -->\n<title>Persian carpet Gabbeh \/ Persian carpet Gabbeh - Perzijske preproge Farzad<\/title>\n<meta name=\"robots\" content=\"index, follow, max-snippet:-1, max-image-preview:large, max-video-preview:-1\" \/>\n<link rel=\"canonical\" href=\"https:\/\/www.perzijskepreproge.si\/en\/product\/persian-carpet-gabbeh-persian-carpet-gabbeh-2\/\" \/>\n<meta property=\"og:locale\" content=\"en_US\" \/>\n<meta property=\"og:type\" content=\"article\" \/>\n<meta property=\"og:title\" content=\"Persian carpet Gabbeh \/ Persian carpet Gabbeh - Perzijske preproge Farzad\" \/>\n<meta property=\"og:description\" content=\"Reg. no.: 1121 Size: 181 x 146 cm Material \/ Pile: wool Base: wool Colors: plants Design: geometrical Weaving technique: handmade pile carpet Knot density: 150,000 m\/2 Origin: Iran &nbsp;\" \/>\n<meta property=\"og:url\" content=\"https:\/\/www.perzijskepreproge.si\/en\/product\/persian-carpet-gabbeh-persian-carpet-gabbeh-2\/\" \/>\n<meta property=\"og:site_name\" content=\"Perzijske preproge Farzad\" \/>\n<meta property=\"og:image\" content=\"https:\/\/www.perzijskepreproge.si\/wp-content\/uploads\/2023\/03\/IMG_20230302_152027jpg.jpg\" \/>\n\t<meta property=\"og:image:width\" content=\"600\" \/>\n\t<meta property=\"og:image:height\" content=\"800\" \/>\n\t<meta property=\"og:image:type\" content=\"image\/jpeg\" \/>\n<meta name=\"twitter:card\" content=\"summary_large_image\" \/>\n<meta name=\"twitter:label1\" content=\"Est. reading time\" \/>\n\t<meta name=\"twitter:data1\" content=\"2 minutes\" \/>\n<script type=\"application\/ld+json\" class=\"yoast-schema-graph\">{\"@context\":\"https:\\\/\\\/schema.org\",\"@graph\":[{\"@type\":\"WebPage\",\"@id\":\"https:\\\/\\\/www.perzijskepreproge.si\\\/en\\\/product\\\/persian-carpet-gabbeh-persian-carpet-gabbeh-2\\\/\",\"url\":\"https:\\\/\\\/www.perzijskepreproge.si\\\/en\\\/product\\\/persian-carpet-gabbeh-persian-carpet-gabbeh-2\\\/\",\"name\":\"Persian carpet Gabbeh \\\/ Persian carpet Gabbeh - Perzijske preproge Farzad\",\"isPartOf\":{\"@id\":\"https:\\\/\\\/www.perzijskepreproge.si\\\/en\\\/#website\"},\"primaryImageOfPage\":{\"@id\":\"https:\\\/\\\/www.perzijskepreproge.si\\\/en\\\/product\\\/persian-carpet-gabbeh-persian-carpet-gabbeh-2\\\/#primaryimage\"},\"image\":{\"@id\":\"https:\\\/\\\/www.perzijskepreproge.si\\\/en\\\/product\\\/persian-carpet-gabbeh-persian-carpet-gabbeh-2\\\/#primaryimage\"},\"thumbnailUrl\":\"https:\\\/\\\/www.perzijskepreproge.si\\\/wp-content\\\/uploads\\\/2023\\\/03\\\/IMG_20230302_152027jpg.jpg\",\"datePublished\":\"2023-03-06T09:17:06+00:00\",\"breadcrumb\":{\"@id\":\"https:\\\/\\\/www.perzijskepreproge.si\\\/en\\\/product\\\/persian-carpet-gabbeh-persian-carpet-gabbeh-2\\\/#breadcrumb\"},\"inLanguage\":\"en-US\",\"potentialAction\":[{\"@type\":\"ReadAction\",\"target\":[\"https:\\\/\\\/www.perzijskepreproge.si\\\/en\\\/product\\\/persian-carpet-gabbeh-persian-carpet-gabbeh-2\\\/\"]}]},{\"@type\":\"ImageObject\",\"inLanguage\":\"en-US\",\"@id\":\"https:\\\/\\\/www.perzijskepreproge.si\\\/en\\\/product\\\/persian-carpet-gabbeh-persian-carpet-gabbeh-2\\\/#primaryimage\",\"url\":\"https:\\\/\\\/www.perzijskepreproge.si\\\/wp-content\\\/uploads\\\/2023\\\/03\\\/IMG_20230302_152027jpg.jpg\",\"contentUrl\":\"https:\\\/\\\/www.perzijskepreproge.si\\\/wp-content\\\/uploads\\\/2023\\\/03\\\/IMG_20230302_152027jpg.jpg\",\"width\":600,\"height\":800},{\"@type\":\"BreadcrumbList\",\"@id\":\"https:\\\/\\\/www.perzijskepreproge.si\\\/en\\\/product\\\/persian-carpet-gabbeh-persian-carpet-gabbeh-2\\\/#breadcrumb\",\"itemListElement\":[{\"@type\":\"ListItem\",\"position\":1,\"name\":\"Home\",\"item\":\"https:\\\/\\\/www.perzijskepreproge.si\\\/en\\\/persian-carpets-farzad\\\/\"},{\"@type\":\"ListItem\",\"position\":2,\"name\":\"Shop\",\"item\":\"https:\\\/\\\/www.perzijskepreproge.si\\\/en\\\/shop\\\/\"},{\"@type\":\"ListItem\",\"position\":3,\"name\":\"Persian carpet Gabbeh \\\/ Persian carpet Gabbeh\"}]},{\"@type\":\"WebSite\",\"@id\":\"https:\\\/\\\/www.perzijskepreproge.si\\\/en\\\/#website\",\"url\":\"https:\\\/\\\/www.perzijskepreproge.si\\\/en\\\/\",\"name\":\"Perzijske preproge Farzad\",\"description\":\"Perzijske preproge,  preprog in \u010di\u0161\u010denje preprog\",\"potentialAction\":[{\"@type\":\"SearchAction\",\"target\":{\"@type\":\"EntryPoint\",\"urlTemplate\":\"https:\\\/\\\/www.perzijskepreproge.si\\\/en\\\/?s={search_term_string}\"},\"query-input\":{\"@type\":\"PropertyValueSpecification\",\"valueRequired\":true,\"valueName\":\"search_term_string\"}}],\"inLanguage\":\"en-US\"}]}<\/script>\n<!-- \/ Yoast SEO plugin. -->","yoast_head_json":{"title":"Persian carpet Gabbeh \/ Persian carpet Gabbeh - Perzijske preproge Farzad","robots":{"index":"index","follow":"follow","max-snippet":"max-snippet:-1","max-image-preview":"max-image-preview:large","max-video-preview":"max-video-preview:-1"},"canonical":"https:\/\/www.perzijskepreproge.si\/en\/product\/persian-carpet-gabbeh-persian-carpet-gabbeh-2\/","og_locale":"en_US","og_type":"article","og_title":"Persian carpet Gabbeh \/ Persian carpet Gabbeh - Perzijske preproge Farzad","og_description":"Reg. no.: 1121 Size: 181 x 146 cm Material \/ Pile: wool Base: wool Colors: plants Design: geometrical Weaving technique: handmade pile carpet Knot density: 150,000 m\/2 Origin: Iran &nbsp;","og_url":"https:\/\/www.perzijskepreproge.si\/en\/product\/persian-carpet-gabbeh-persian-carpet-gabbeh-2\/","og_site_name":"Perzijske preproge Farzad","og_image":[{"width":600,"height":800,"url":"https:\/\/www.perzijskepreproge.si\/wp-content\/uploads\/2023\/03\/IMG_20230302_152027jpg.jpg","type":"image\/jpeg"}],"twitter_card":"summary_large_image","twitter_misc":{"Est. reading time":"2 minutes"},"schema":{"@context":"https:\/\/schema.org","@graph":[{"@type":"WebPage","@id":"https:\/\/www.perzijskepreproge.si\/en\/product\/persian-carpet-gabbeh-persian-carpet-gabbeh-2\/","url":"https:\/\/www.perzijskepreproge.si\/en\/product\/persian-carpet-gabbeh-persian-carpet-gabbeh-2\/","name":"Persian carpet Gabbeh \/ Persian carpet Gabbeh - Perzijske preproge Farzad","isPartOf":{"@id":"https:\/\/www.perzijskepreproge.si\/en\/#website"},"primaryImageOfPage":{"@id":"https:\/\/www.perzijskepreproge.si\/en\/product\/persian-carpet-gabbeh-persian-carpet-gabbeh-2\/#primaryimage"},"image":{"@id":"https:\/\/www.perzijskepreproge.si\/en\/product\/persian-carpet-gabbeh-persian-carpet-gabbeh-2\/#primaryimage"},"thumbnailUrl":"https:\/\/www.perzijskepreproge.si\/wp-content\/uploads\/2023\/03\/IMG_20230302_152027jpg.jpg","datePublished":"2023-03-06T09:17:06+00:00","breadcrumb":{"@id":"https:\/\/www.perzijskepreproge.si\/en\/product\/persian-carpet-gabbeh-persian-carpet-gabbeh-2\/#breadcrumb"},"inLanguage":"en-US","potentialAction":[{"@type":"ReadAction","target":["https:\/\/www.perzijskepreproge.si\/en\/product\/persian-carpet-gabbeh-persian-carpet-gabbeh-2\/"]}]},{"@type":"ImageObject","inLanguage":"en-US","@id":"https:\/\/www.perzijskepreproge.si\/en\/product\/persian-carpet-gabbeh-persian-carpet-gabbeh-2\/#primaryimage","url":"https:\/\/www.perzijskepreproge.si\/wp-content\/uploads\/2023\/03\/IMG_20230302_152027jpg.jpg","contentUrl":"https:\/\/www.perzijskepreproge.si\/wp-content\/uploads\/2023\/03\/IMG_20230302_152027jpg.jpg","width":600,"height":800},{"@type":"BreadcrumbList","@id":"https:\/\/www.perzijskepreproge.si\/en\/product\/persian-carpet-gabbeh-persian-carpet-gabbeh-2\/#breadcrumb","itemListElement":[{"@type":"ListItem","position":1,"name":"Home","item":"https:\/\/www.perzijskepreproge.si\/en\/persian-carpets-farzad\/"},{"@type":"ListItem","position":2,"name":"Shop","item":"https:\/\/www.perzijskepreproge.si\/en\/shop\/"},{"@type":"ListItem","position":3,"name":"Persian carpet Gabbeh \/ Persian carpet Gabbeh"}]},{"@type":"WebSite","@id":"https:\/\/www.perzijskepreproge.si\/en\/#website","url":"https:\/\/www.perzijskepreproge.si\/en\/","name":"Perzijske preproge Farzad","description":"Perzijske preproge,  preprog in \u010di\u0161\u010denje preprog","potentialAction":[{"@type":"SearchAction","target":{"@type":"EntryPoint","urlTemplate":"https:\/\/www.perzijskepreproge.si\/en\/?s={search_term_string}"},"query-input":{"@type":"PropertyValueSpecification","valueRequired":true,"valueName":"search_term_string"}}],"inLanguage":"en-US"}]}},"_links":{"self":[{"href":"https:\/\/www.perzijskepreproge.si\/en\/wp-json\/wp\/v2\/product\/25800","targetHints":{"allow":["GET"]}}],"collection":[{"href":"https:\/\/www.perzijskepreproge.si\/en\/wp-json\/wp\/v2\/product"}],"about":[{"href":"https:\/\/www.perzijskepreproge.si\/en\/wp-json\/wp\/v2\/types\/product"}],"version-history":[{"count":0,"href":"https:\/\/www.perzijskepreproge.si\/en\/wp-json\/wp\/v2\/product\/25800\/revisions"}],"wp:featuredmedia":[{"embeddable":true,"href":"https:\/\/www.perzijskepreproge.si\/en\/wp-json\/wp\/v2\/media\/23967"}],"wp:attachment":[{"href":"https:\/\/www.perzijskepreproge.si\/en\/wp-json\/wp\/v2\/media?parent=25800"}],"wp:term":[{"taxonomy":"product_brand","embeddable":true,"href":"https:\/\/www.perzijskepreproge.si\/en\/wp-json\/wp\/v2\/product_brand?post=25800"},{"taxonomy":"product_cat","embeddable":true,"href":"https:\/\/www.perzijskepreproge.si\/en\/wp-json\/wp\/v2\/product_cat?post=25800"},{"taxonomy":"product_tag","embeddable":true,"href":"https:\/\/www.perzijskepreproge.si\/en\/wp-json\/wp\/v2\/product_tag?post=25800"}],"curies":[{"name":"wp","href":"https:\/\/api.w.org\/{rel}","templated":true}]}}