{"id":28191,"date":"2026-03-06T11:05:08","date_gmt":"2026-03-06T10:05:08","guid":{"rendered":"https:\/\/www.perzijskepreproge.si\/?post_type=product&#038;p=28191"},"modified":"2026-03-24T15:55:13","modified_gmt":"2026-03-24T14:55:13","slug":"persian-kilim-persian-kilim-kopija-kopija-kopija-kopija-kopija-kopija-kopija-kopija-kopija-kopija-kopija-kopija-kopija-kopija-kopija-kopija-kopija-kopija-kopija-22","status":"publish","type":"product","link":"https:\/\/www.perzijskepreproge.si\/en\/product\/persian-kilim-persian-kilim-kopija-kopija-kopija-kopija-kopija-kopija-kopija-kopija-kopija-kopija-kopija-kopija-kopija-kopija-kopija-kopija-kopija-kopija-kopija-22\/","title":{"rendered":"Persian kilim \/ Persian kilim"},"content":{"rendered":"<p style=\"text-align: left;\">\n<p>&nbsp;<\/p>\n","protected":false},"excerpt":{"rendered":"<p>Reg. no.: 309<\/p>\n<p>Size: 260 x 107 cm<\/p>\n<p>Material \/ Pile: wool<\/p>\n<p>Base: cotton<\/p>\n<p>Colors: plants<\/p>\n<p>Design: geometrical<\/p>\n<p>Weaving technique: handmade flatweave<\/p>\n<p>Origin: Iran<\/p>\n<p>&nbsp;<\/p>\n","protected":false},"featured_media":28195,"template":"","meta":{"iawp_total_views":3},"product_brand":[],"product_cat":[354,355],"product_tag":[],"class_list":{"0":"post-28191","1":"product","2":"type-product","3":"status-publish","4":"has-post-thumbnail","6":"product_cat-kilims","7":"product_cat-small-rugs","8":"pa_barva-osnovna-multicolored","9":"pa_material-wool","10":"pa_oblika-rectangular","11":"pa_velikost-cca-100x60-en","13":"first","14":"instock","15":"featured","16":"virtual","17":"sold-individually","18":"taxable","19":"purchasable","20":"product-type-simple"},"yoast_head":"<!-- This site is optimized with the Yoast SEO plugin v27.3 - https:\/\/yoast.com\/product\/yoast-seo-wordpress\/ -->\n<title>Persian kilim \/ Persian kilim - Perzijske preproge Farzad<\/title>\n<meta name=\"robots\" content=\"index, follow, max-snippet:-1, max-image-preview:large, max-video-preview:-1\" \/>\n<link rel=\"canonical\" href=\"https:\/\/www.perzijskepreproge.si\/en\/product\/persian-kilim-persian-kilim-kopija-kopija-kopija-kopija-kopija-kopija-kopija-kopija-kopija-kopija-kopija-kopija-kopija-kopija-kopija-kopija-kopija-kopija-kopija-22\/\" \/>\n<meta property=\"og:locale\" content=\"en_US\" \/>\n<meta property=\"og:type\" content=\"article\" \/>\n<meta property=\"og:title\" content=\"Persian kilim \/ Persian kilim - Perzijske preproge Farzad\" \/>\n<meta property=\"og:description\" content=\"Reg. no.: 309  Size: 260 x 107 cm  Material \/ Pile: wool  Base: cotton  Colors: plants  Design: geometrical  Weaving technique: handmade flatweave  Origin: Iran  &nbsp;\" \/>\n<meta property=\"og:url\" content=\"https:\/\/www.perzijskepreproge.si\/en\/product\/persian-kilim-persian-kilim-kopija-kopija-kopija-kopija-kopija-kopija-kopija-kopija-kopija-kopija-kopija-kopija-kopija-kopija-kopija-kopija-kopija-kopija-kopija-22\/\" \/>\n<meta property=\"og:site_name\" content=\"Perzijske preproge Farzad\" \/>\n<meta property=\"article:modified_time\" content=\"2026-03-24T14:55:13+00:00\" \/>\n<meta property=\"og:image\" content=\"https:\/\/www.perzijskepreproge.si\/wp-content\/uploads\/2026\/03\/18-1.jpg\" \/>\n\t<meta property=\"og:image:width\" content=\"650\" \/>\n\t<meta property=\"og:image:height\" content=\"1200\" \/>\n\t<meta property=\"og:image:type\" content=\"image\/jpeg\" \/>\n<meta name=\"twitter:card\" content=\"summary_large_image\" \/>\n<meta name=\"twitter:label1\" content=\"Est. reading time\" \/>\n\t<meta name=\"twitter:data1\" content=\"1 minute\" \/>\n<script type=\"application\/ld+json\" class=\"yoast-schema-graph\">{\"@context\":\"https:\\\/\\\/schema.org\",\"@graph\":[{\"@type\":\"WebPage\",\"@id\":\"https:\\\/\\\/www.perzijskepreproge.si\\\/en\\\/product\\\/persian-kilim-persian-kilim-kopija-kopija-kopija-kopija-kopija-kopija-kopija-kopija-kopija-kopija-kopija-kopija-kopija-kopija-kopija-kopija-kopija-kopija-kopija-22\\\/\",\"url\":\"https:\\\/\\\/www.perzijskepreproge.si\\\/en\\\/product\\\/persian-kilim-persian-kilim-kopija-kopija-kopija-kopija-kopija-kopija-kopija-kopija-kopija-kopija-kopija-kopija-kopija-kopija-kopija-kopija-kopija-kopija-kopija-22\\\/\",\"name\":\"Persian kilim \\\/ Persian kilim - Perzijske preproge Farzad\",\"isPartOf\":{\"@id\":\"https:\\\/\\\/www.perzijskepreproge.si\\\/en\\\/#website\"},\"primaryImageOfPage\":{\"@id\":\"https:\\\/\\\/www.perzijskepreproge.si\\\/en\\\/product\\\/persian-kilim-persian-kilim-kopija-kopija-kopija-kopija-kopija-kopija-kopija-kopija-kopija-kopija-kopija-kopija-kopija-kopija-kopija-kopija-kopija-kopija-kopija-22\\\/#primaryimage\"},\"image\":{\"@id\":\"https:\\\/\\\/www.perzijskepreproge.si\\\/en\\\/product\\\/persian-kilim-persian-kilim-kopija-kopija-kopija-kopija-kopija-kopija-kopija-kopija-kopija-kopija-kopija-kopija-kopija-kopija-kopija-kopija-kopija-kopija-kopija-22\\\/#primaryimage\"},\"thumbnailUrl\":\"https:\\\/\\\/www.perzijskepreproge.si\\\/wp-content\\\/uploads\\\/2026\\\/03\\\/18-1.jpg\",\"datePublished\":\"2026-03-06T10:05:08+00:00\",\"dateModified\":\"2026-03-24T14:55:13+00:00\",\"breadcrumb\":{\"@id\":\"https:\\\/\\\/www.perzijskepreproge.si\\\/en\\\/product\\\/persian-kilim-persian-kilim-kopija-kopija-kopija-kopija-kopija-kopija-kopija-kopija-kopija-kopija-kopija-kopija-kopija-kopija-kopija-kopija-kopija-kopija-kopija-22\\\/#breadcrumb\"},\"inLanguage\":\"en-US\",\"potentialAction\":[{\"@type\":\"ReadAction\",\"target\":[\"https:\\\/\\\/www.perzijskepreproge.si\\\/en\\\/product\\\/persian-kilim-persian-kilim-kopija-kopija-kopija-kopija-kopija-kopija-kopija-kopija-kopija-kopija-kopija-kopija-kopija-kopija-kopija-kopija-kopija-kopija-kopija-22\\\/\"]}]},{\"@type\":\"ImageObject\",\"inLanguage\":\"en-US\",\"@id\":\"https:\\\/\\\/www.perzijskepreproge.si\\\/en\\\/product\\\/persian-kilim-persian-kilim-kopija-kopija-kopija-kopija-kopija-kopija-kopija-kopija-kopija-kopija-kopija-kopija-kopija-kopija-kopija-kopija-kopija-kopija-kopija-22\\\/#primaryimage\",\"url\":\"https:\\\/\\\/www.perzijskepreproge.si\\\/wp-content\\\/uploads\\\/2026\\\/03\\\/18-1.jpg\",\"contentUrl\":\"https:\\\/\\\/www.perzijskepreproge.si\\\/wp-content\\\/uploads\\\/2026\\\/03\\\/18-1.jpg\",\"width\":650,\"height\":1200},{\"@type\":\"BreadcrumbList\",\"@id\":\"https:\\\/\\\/www.perzijskepreproge.si\\\/en\\\/product\\\/persian-kilim-persian-kilim-kopija-kopija-kopija-kopija-kopija-kopija-kopija-kopija-kopija-kopija-kopija-kopija-kopija-kopija-kopija-kopija-kopija-kopija-kopija-22\\\/#breadcrumb\",\"itemListElement\":[{\"@type\":\"ListItem\",\"position\":1,\"name\":\"Home\",\"item\":\"https:\\\/\\\/www.perzijskepreproge.si\\\/en\\\/persian-carpets-farzad\\\/\"},{\"@type\":\"ListItem\",\"position\":2,\"name\":\"Shop\",\"item\":\"https:\\\/\\\/www.perzijskepreproge.si\\\/en\\\/shop\\\/\"},{\"@type\":\"ListItem\",\"position\":3,\"name\":\"Persian kilim \\\/ Persian kilim\"}]},{\"@type\":\"WebSite\",\"@id\":\"https:\\\/\\\/www.perzijskepreproge.si\\\/en\\\/#website\",\"url\":\"https:\\\/\\\/www.perzijskepreproge.si\\\/en\\\/\",\"name\":\"Perzijske preproge Farzad\",\"description\":\"Perzijske preproge,  preprog in \u010di\u0161\u010denje preprog\",\"potentialAction\":[{\"@type\":\"SearchAction\",\"target\":{\"@type\":\"EntryPoint\",\"urlTemplate\":\"https:\\\/\\\/www.perzijskepreproge.si\\\/en\\\/?s={search_term_string}\"},\"query-input\":{\"@type\":\"PropertyValueSpecification\",\"valueRequired\":true,\"valueName\":\"search_term_string\"}}],\"inLanguage\":\"en-US\"}]}<\/script>\n<!-- \/ Yoast SEO plugin. -->","yoast_head_json":{"title":"Persian kilim \/ Persian kilim - Perzijske preproge Farzad","robots":{"index":"index","follow":"follow","max-snippet":"max-snippet:-1","max-image-preview":"max-image-preview:large","max-video-preview":"max-video-preview:-1"},"canonical":"https:\/\/www.perzijskepreproge.si\/en\/product\/persian-kilim-persian-kilim-kopija-kopija-kopija-kopija-kopija-kopija-kopija-kopija-kopija-kopija-kopija-kopija-kopija-kopija-kopija-kopija-kopija-kopija-kopija-22\/","og_locale":"en_US","og_type":"article","og_title":"Persian kilim \/ Persian kilim - Perzijske preproge Farzad","og_description":"Reg. no.: 309  Size: 260 x 107 cm  Material \/ Pile: wool  Base: cotton  Colors: plants  Design: geometrical  Weaving technique: handmade flatweave  Origin: Iran  &nbsp;","og_url":"https:\/\/www.perzijskepreproge.si\/en\/product\/persian-kilim-persian-kilim-kopija-kopija-kopija-kopija-kopija-kopija-kopija-kopija-kopija-kopija-kopija-kopija-kopija-kopija-kopija-kopija-kopija-kopija-kopija-22\/","og_site_name":"Perzijske preproge Farzad","article_modified_time":"2026-03-24T14:55:13+00:00","og_image":[{"width":650,"height":1200,"url":"https:\/\/www.perzijskepreproge.si\/wp-content\/uploads\/2026\/03\/18-1.jpg","type":"image\/jpeg"}],"twitter_card":"summary_large_image","twitter_misc":{"Est. reading time":"1 minute"},"schema":{"@context":"https:\/\/schema.org","@graph":[{"@type":"WebPage","@id":"https:\/\/www.perzijskepreproge.si\/en\/product\/persian-kilim-persian-kilim-kopija-kopija-kopija-kopija-kopija-kopija-kopija-kopija-kopija-kopija-kopija-kopija-kopija-kopija-kopija-kopija-kopija-kopija-kopija-22\/","url":"https:\/\/www.perzijskepreproge.si\/en\/product\/persian-kilim-persian-kilim-kopija-kopija-kopija-kopija-kopija-kopija-kopija-kopija-kopija-kopija-kopija-kopija-kopija-kopija-kopija-kopija-kopija-kopija-kopija-22\/","name":"Persian kilim \/ Persian kilim - Perzijske preproge Farzad","isPartOf":{"@id":"https:\/\/www.perzijskepreproge.si\/en\/#website"},"primaryImageOfPage":{"@id":"https:\/\/www.perzijskepreproge.si\/en\/product\/persian-kilim-persian-kilim-kopija-kopija-kopija-kopija-kopija-kopija-kopija-kopija-kopija-kopija-kopija-kopija-kopija-kopija-kopija-kopija-kopija-kopija-kopija-22\/#primaryimage"},"image":{"@id":"https:\/\/www.perzijskepreproge.si\/en\/product\/persian-kilim-persian-kilim-kopija-kopija-kopija-kopija-kopija-kopija-kopija-kopija-kopija-kopija-kopija-kopija-kopija-kopija-kopija-kopija-kopija-kopija-kopija-22\/#primaryimage"},"thumbnailUrl":"https:\/\/www.perzijskepreproge.si\/wp-content\/uploads\/2026\/03\/18-1.jpg","datePublished":"2026-03-06T10:05:08+00:00","dateModified":"2026-03-24T14:55:13+00:00","breadcrumb":{"@id":"https:\/\/www.perzijskepreproge.si\/en\/product\/persian-kilim-persian-kilim-kopija-kopija-kopija-kopija-kopija-kopija-kopija-kopija-kopija-kopija-kopija-kopija-kopija-kopija-kopija-kopija-kopija-kopija-kopija-22\/#breadcrumb"},"inLanguage":"en-US","potentialAction":[{"@type":"ReadAction","target":["https:\/\/www.perzijskepreproge.si\/en\/product\/persian-kilim-persian-kilim-kopija-kopija-kopija-kopija-kopija-kopija-kopija-kopija-kopija-kopija-kopija-kopija-kopija-kopija-kopija-kopija-kopija-kopija-kopija-22\/"]}]},{"@type":"ImageObject","inLanguage":"en-US","@id":"https:\/\/www.perzijskepreproge.si\/en\/product\/persian-kilim-persian-kilim-kopija-kopija-kopija-kopija-kopija-kopija-kopija-kopija-kopija-kopija-kopija-kopija-kopija-kopija-kopija-kopija-kopija-kopija-kopija-22\/#primaryimage","url":"https:\/\/www.perzijskepreproge.si\/wp-content\/uploads\/2026\/03\/18-1.jpg","contentUrl":"https:\/\/www.perzijskepreproge.si\/wp-content\/uploads\/2026\/03\/18-1.jpg","width":650,"height":1200},{"@type":"BreadcrumbList","@id":"https:\/\/www.perzijskepreproge.si\/en\/product\/persian-kilim-persian-kilim-kopija-kopija-kopija-kopija-kopija-kopija-kopija-kopija-kopija-kopija-kopija-kopija-kopija-kopija-kopija-kopija-kopija-kopija-kopija-22\/#breadcrumb","itemListElement":[{"@type":"ListItem","position":1,"name":"Home","item":"https:\/\/www.perzijskepreproge.si\/en\/persian-carpets-farzad\/"},{"@type":"ListItem","position":2,"name":"Shop","item":"https:\/\/www.perzijskepreproge.si\/en\/shop\/"},{"@type":"ListItem","position":3,"name":"Persian kilim \/ Persian kilim"}]},{"@type":"WebSite","@id":"https:\/\/www.perzijskepreproge.si\/en\/#website","url":"https:\/\/www.perzijskepreproge.si\/en\/","name":"Perzijske preproge Farzad","description":"Perzijske preproge,  preprog in \u010di\u0161\u010denje preprog","potentialAction":[{"@type":"SearchAction","target":{"@type":"EntryPoint","urlTemplate":"https:\/\/www.perzijskepreproge.si\/en\/?s={search_term_string}"},"query-input":{"@type":"PropertyValueSpecification","valueRequired":true,"valueName":"search_term_string"}}],"inLanguage":"en-US"}]}},"_links":{"self":[{"href":"https:\/\/www.perzijskepreproge.si\/en\/wp-json\/wp\/v2\/product\/28191","targetHints":{"allow":["GET"]}}],"collection":[{"href":"https:\/\/www.perzijskepreproge.si\/en\/wp-json\/wp\/v2\/product"}],"about":[{"href":"https:\/\/www.perzijskepreproge.si\/en\/wp-json\/wp\/v2\/types\/product"}],"version-history":[{"count":2,"href":"https:\/\/www.perzijskepreproge.si\/en\/wp-json\/wp\/v2\/product\/28191\/revisions"}],"predecessor-version":[{"id":28600,"href":"https:\/\/www.perzijskepreproge.si\/en\/wp-json\/wp\/v2\/product\/28191\/revisions\/28600"}],"wp:featuredmedia":[{"embeddable":true,"href":"https:\/\/www.perzijskepreproge.si\/en\/wp-json\/wp\/v2\/media\/28195"}],"wp:attachment":[{"href":"https:\/\/www.perzijskepreproge.si\/en\/wp-json\/wp\/v2\/media?parent=28191"}],"wp:term":[{"taxonomy":"product_brand","embeddable":true,"href":"https:\/\/www.perzijskepreproge.si\/en\/wp-json\/wp\/v2\/product_brand?post=28191"},{"taxonomy":"product_cat","embeddable":true,"href":"https:\/\/www.perzijskepreproge.si\/en\/wp-json\/wp\/v2\/product_cat?post=28191"},{"taxonomy":"product_tag","embeddable":true,"href":"https:\/\/www.perzijskepreproge.si\/en\/wp-json\/wp\/v2\/product_tag?post=28191"}],"curies":[{"name":"wp","href":"https:\/\/api.w.org\/{rel}","templated":true}]}}