{"id":28473,"date":"2026-03-17T15:16:00","date_gmt":"2026-03-17T14:16:00","guid":{"rendered":"https:\/\/www.perzijskepreproge.si\/?post_type=product&#038;p=28473"},"modified":"2026-03-24T15:59:50","modified_gmt":"2026-03-24T14:59:50","slug":"persian-silk-carpet-tabriz-persian-silk-carpet-tabriz-kopija","status":"publish","type":"product","link":"https:\/\/www.perzijskepreproge.si\/en\/product\/persian-silk-carpet-tabriz-persian-silk-carpet-tabriz-kopija\/","title":{"rendered":"Persian silk carpet Tabriz \/ Persian silk carpet Tabriz"},"content":{"rendered":"","protected":false},"excerpt":{"rendered":"<p>Reg. no.: 1104<\/p>\n<p>Size: 142 x 100 cm<\/p>\n<p>Material \/ Pile: silk<\/p>\n<p>Base: silk<\/p>\n<p>Colors: plants<\/p>\n<p>Design: paradise gardens \/ garden design<\/p>\n<p>Weaving technique: handmade pile carpet<\/p>\n<p>Knot density: 1,000,000 m2<\/p>\n<p>Origin: Iran<\/p>\n<p>&nbsp;<\/p>\n","protected":false},"featured_media":28485,"template":"","meta":{"iawp_total_views":9},"product_brand":[],"product_cat":[410],"product_tag":[],"class_list":{"0":"post-28473","1":"product","2":"type-product","3":"status-publish","4":"has-post-thumbnail","6":"product_cat-silk-carpets","7":"pa_barva-osnovna-gold-yellow","8":"pa_barva-osnovna-green-pistachio","9":"pa_barva-osnovna-white-beige","10":"pa_material-wool-silk","11":"pa_oblika-round","13":"first","14":"instock","15":"sold-individually","16":"taxable","17":"shipping-taxable","18":"purchasable","19":"product-type-simple"},"yoast_head":"<!-- This site is optimized with the Yoast SEO plugin v27.3 - https:\/\/yoast.com\/product\/yoast-seo-wordpress\/ -->\n<title>Persian silk carpet Tabriz \/ Persian silk carpet Tabriz - Perzijske preproge Farzad<\/title>\n<meta name=\"description\" content=\"Exclusive silk Persian carpet from the city of Qom, where the most sophisticated and valuable silk carpets in the world are made. 100% natural silk.\" \/>\n<meta name=\"robots\" content=\"index, follow, max-snippet:-1, max-image-preview:large, max-video-preview:-1\" \/>\n<link rel=\"canonical\" href=\"https:\/\/www.perzijskepreproge.si\/en\/product\/persian-silk-carpet-tabriz-persian-silk-carpet-tabriz-kopija\/\" \/>\n<meta property=\"og:locale\" content=\"en_US\" \/>\n<meta property=\"og:type\" content=\"article\" \/>\n<meta property=\"og:title\" content=\"Persian silk carpet Tabriz \/ Persian silk carpet Tabriz - Perzijske preproge Farzad\" \/>\n<meta property=\"og:description\" content=\"Exclusive silk Persian carpet from the city of Qom, where the most sophisticated and valuable silk carpets in the world are made. 100% natural silk.\" \/>\n<meta property=\"og:url\" content=\"https:\/\/www.perzijskepreproge.si\/en\/product\/persian-silk-carpet-tabriz-persian-silk-carpet-tabriz-kopija\/\" \/>\n<meta property=\"og:site_name\" content=\"Perzijske preproge Farzad\" \/>\n<meta property=\"article:modified_time\" content=\"2026-03-24T14:59:50+00:00\" \/>\n<meta property=\"og:image\" content=\"https:\/\/www.perzijskepreproge.si\/wp-content\/uploads\/2026\/03\/image00008jpg.jpg\" \/>\n\t<meta property=\"og:image:width\" content=\"900\" \/>\n\t<meta property=\"og:image:height\" content=\"1200\" \/>\n\t<meta property=\"og:image:type\" content=\"image\/jpeg\" \/>\n<meta name=\"twitter:card\" content=\"summary_large_image\" \/>\n<meta name=\"twitter:label1\" content=\"Est. reading time\" \/>\n\t<meta name=\"twitter:data1\" content=\"1 minute\" \/>\n<script type=\"application\/ld+json\" class=\"yoast-schema-graph\">{\"@context\":\"https:\\\/\\\/schema.org\",\"@graph\":[{\"@type\":\"WebPage\",\"@id\":\"https:\\\/\\\/www.perzijskepreproge.si\\\/en\\\/product\\\/persian-silk-carpet-tabriz-persian-silk-carpet-tabriz-kopija\\\/\",\"url\":\"https:\\\/\\\/www.perzijskepreproge.si\\\/en\\\/product\\\/persian-silk-carpet-tabriz-persian-silk-carpet-tabriz-kopija\\\/\",\"name\":\"Persian silk carpet Tabriz \\\/ Persian silk carpet Tabriz - Perzijske preproge Farzad\",\"isPartOf\":{\"@id\":\"https:\\\/\\\/www.perzijskepreproge.si\\\/en\\\/#website\"},\"primaryImageOfPage\":{\"@id\":\"https:\\\/\\\/www.perzijskepreproge.si\\\/en\\\/product\\\/persian-silk-carpet-tabriz-persian-silk-carpet-tabriz-kopija\\\/#primaryimage\"},\"image\":{\"@id\":\"https:\\\/\\\/www.perzijskepreproge.si\\\/en\\\/product\\\/persian-silk-carpet-tabriz-persian-silk-carpet-tabriz-kopija\\\/#primaryimage\"},\"thumbnailUrl\":\"https:\\\/\\\/www.perzijskepreproge.si\\\/wp-content\\\/uploads\\\/2026\\\/03\\\/image00008jpg.jpg\",\"datePublished\":\"2026-03-17T14:16:00+00:00\",\"dateModified\":\"2026-03-24T14:59:50+00:00\",\"description\":\"Exclusive silk Persian carpet from the city of Qom, where the most sophisticated and valuable silk carpets in the world are made. 100% natural silk.\",\"breadcrumb\":{\"@id\":\"https:\\\/\\\/www.perzijskepreproge.si\\\/en\\\/product\\\/persian-silk-carpet-tabriz-persian-silk-carpet-tabriz-kopija\\\/#breadcrumb\"},\"inLanguage\":\"en-US\",\"potentialAction\":[{\"@type\":\"ReadAction\",\"target\":[\"https:\\\/\\\/www.perzijskepreproge.si\\\/en\\\/product\\\/persian-silk-carpet-tabriz-persian-silk-carpet-tabriz-kopija\\\/\"]}]},{\"@type\":\"ImageObject\",\"inLanguage\":\"en-US\",\"@id\":\"https:\\\/\\\/www.perzijskepreproge.si\\\/en\\\/product\\\/persian-silk-carpet-tabriz-persian-silk-carpet-tabriz-kopija\\\/#primaryimage\",\"url\":\"https:\\\/\\\/www.perzijskepreproge.si\\\/wp-content\\\/uploads\\\/2026\\\/03\\\/image00008jpg.jpg\",\"contentUrl\":\"https:\\\/\\\/www.perzijskepreproge.si\\\/wp-content\\\/uploads\\\/2026\\\/03\\\/image00008jpg.jpg\",\"width\":900,\"height\":1200},{\"@type\":\"BreadcrumbList\",\"@id\":\"https:\\\/\\\/www.perzijskepreproge.si\\\/en\\\/product\\\/persian-silk-carpet-tabriz-persian-silk-carpet-tabriz-kopija\\\/#breadcrumb\",\"itemListElement\":[{\"@type\":\"ListItem\",\"position\":1,\"name\":\"Home\",\"item\":\"https:\\\/\\\/www.perzijskepreproge.si\\\/en\\\/persian-carpets-farzad\\\/\"},{\"@type\":\"ListItem\",\"position\":2,\"name\":\"Shop\",\"item\":\"https:\\\/\\\/www.perzijskepreproge.si\\\/en\\\/shop\\\/\"},{\"@type\":\"ListItem\",\"position\":3,\"name\":\"Persian silk carpet Tabriz \\\/ Persian silk carpet Tabriz\"}]},{\"@type\":\"WebSite\",\"@id\":\"https:\\\/\\\/www.perzijskepreproge.si\\\/en\\\/#website\",\"url\":\"https:\\\/\\\/www.perzijskepreproge.si\\\/en\\\/\",\"name\":\"Perzijske preproge Farzad\",\"description\":\"Perzijske preproge,  preprog in \u010di\u0161\u010denje preprog\",\"potentialAction\":[{\"@type\":\"SearchAction\",\"target\":{\"@type\":\"EntryPoint\",\"urlTemplate\":\"https:\\\/\\\/www.perzijskepreproge.si\\\/en\\\/?s={search_term_string}\"},\"query-input\":{\"@type\":\"PropertyValueSpecification\",\"valueRequired\":true,\"valueName\":\"search_term_string\"}}],\"inLanguage\":\"en-US\"}]}<\/script>\n<!-- \/ Yoast SEO plugin. -->","yoast_head_json":{"title":"Persian silk carpet Tabriz \/ Persian silk carpet Tabriz - Perzijske preproge Farzad","description":"Exclusive silk Persian carpet from the city of Qom, where the most sophisticated and valuable silk carpets in the world are made. 100% natural silk.","robots":{"index":"index","follow":"follow","max-snippet":"max-snippet:-1","max-image-preview":"max-image-preview:large","max-video-preview":"max-video-preview:-1"},"canonical":"https:\/\/www.perzijskepreproge.si\/en\/product\/persian-silk-carpet-tabriz-persian-silk-carpet-tabriz-kopija\/","og_locale":"en_US","og_type":"article","og_title":"Persian silk carpet Tabriz \/ Persian silk carpet Tabriz - Perzijske preproge Farzad","og_description":"Exclusive silk Persian carpet from the city of Qom, where the most sophisticated and valuable silk carpets in the world are made. 100% natural silk.","og_url":"https:\/\/www.perzijskepreproge.si\/en\/product\/persian-silk-carpet-tabriz-persian-silk-carpet-tabriz-kopija\/","og_site_name":"Perzijske preproge Farzad","article_modified_time":"2026-03-24T14:59:50+00:00","og_image":[{"width":900,"height":1200,"url":"https:\/\/www.perzijskepreproge.si\/wp-content\/uploads\/2026\/03\/image00008jpg.jpg","type":"image\/jpeg"}],"twitter_card":"summary_large_image","twitter_misc":{"Est. reading time":"1 minute"},"schema":{"@context":"https:\/\/schema.org","@graph":[{"@type":"WebPage","@id":"https:\/\/www.perzijskepreproge.si\/en\/product\/persian-silk-carpet-tabriz-persian-silk-carpet-tabriz-kopija\/","url":"https:\/\/www.perzijskepreproge.si\/en\/product\/persian-silk-carpet-tabriz-persian-silk-carpet-tabriz-kopija\/","name":"Persian silk carpet Tabriz \/ Persian silk carpet Tabriz - Perzijske preproge Farzad","isPartOf":{"@id":"https:\/\/www.perzijskepreproge.si\/en\/#website"},"primaryImageOfPage":{"@id":"https:\/\/www.perzijskepreproge.si\/en\/product\/persian-silk-carpet-tabriz-persian-silk-carpet-tabriz-kopija\/#primaryimage"},"image":{"@id":"https:\/\/www.perzijskepreproge.si\/en\/product\/persian-silk-carpet-tabriz-persian-silk-carpet-tabriz-kopija\/#primaryimage"},"thumbnailUrl":"https:\/\/www.perzijskepreproge.si\/wp-content\/uploads\/2026\/03\/image00008jpg.jpg","datePublished":"2026-03-17T14:16:00+00:00","dateModified":"2026-03-24T14:59:50+00:00","description":"Exclusive silk Persian carpet from the city of Qom, where the most sophisticated and valuable silk carpets in the world are made. 100% natural silk.","breadcrumb":{"@id":"https:\/\/www.perzijskepreproge.si\/en\/product\/persian-silk-carpet-tabriz-persian-silk-carpet-tabriz-kopija\/#breadcrumb"},"inLanguage":"en-US","potentialAction":[{"@type":"ReadAction","target":["https:\/\/www.perzijskepreproge.si\/en\/product\/persian-silk-carpet-tabriz-persian-silk-carpet-tabriz-kopija\/"]}]},{"@type":"ImageObject","inLanguage":"en-US","@id":"https:\/\/www.perzijskepreproge.si\/en\/product\/persian-silk-carpet-tabriz-persian-silk-carpet-tabriz-kopija\/#primaryimage","url":"https:\/\/www.perzijskepreproge.si\/wp-content\/uploads\/2026\/03\/image00008jpg.jpg","contentUrl":"https:\/\/www.perzijskepreproge.si\/wp-content\/uploads\/2026\/03\/image00008jpg.jpg","width":900,"height":1200},{"@type":"BreadcrumbList","@id":"https:\/\/www.perzijskepreproge.si\/en\/product\/persian-silk-carpet-tabriz-persian-silk-carpet-tabriz-kopija\/#breadcrumb","itemListElement":[{"@type":"ListItem","position":1,"name":"Home","item":"https:\/\/www.perzijskepreproge.si\/en\/persian-carpets-farzad\/"},{"@type":"ListItem","position":2,"name":"Shop","item":"https:\/\/www.perzijskepreproge.si\/en\/shop\/"},{"@type":"ListItem","position":3,"name":"Persian silk carpet Tabriz \/ Persian silk carpet Tabriz"}]},{"@type":"WebSite","@id":"https:\/\/www.perzijskepreproge.si\/en\/#website","url":"https:\/\/www.perzijskepreproge.si\/en\/","name":"Perzijske preproge Farzad","description":"Perzijske preproge,  preprog in \u010di\u0161\u010denje preprog","potentialAction":[{"@type":"SearchAction","target":{"@type":"EntryPoint","urlTemplate":"https:\/\/www.perzijskepreproge.si\/en\/?s={search_term_string}"},"query-input":{"@type":"PropertyValueSpecification","valueRequired":true,"valueName":"search_term_string"}}],"inLanguage":"en-US"}]}},"_links":{"self":[{"href":"https:\/\/www.perzijskepreproge.si\/en\/wp-json\/wp\/v2\/product\/28473","targetHints":{"allow":["GET"]}}],"collection":[{"href":"https:\/\/www.perzijskepreproge.si\/en\/wp-json\/wp\/v2\/product"}],"about":[{"href":"https:\/\/www.perzijskepreproge.si\/en\/wp-json\/wp\/v2\/types\/product"}],"version-history":[{"count":2,"href":"https:\/\/www.perzijskepreproge.si\/en\/wp-json\/wp\/v2\/product\/28473\/revisions"}],"predecessor-version":[{"id":28625,"href":"https:\/\/www.perzijskepreproge.si\/en\/wp-json\/wp\/v2\/product\/28473\/revisions\/28625"}],"wp:featuredmedia":[{"embeddable":true,"href":"https:\/\/www.perzijskepreproge.si\/en\/wp-json\/wp\/v2\/media\/28485"}],"wp:attachment":[{"href":"https:\/\/www.perzijskepreproge.si\/en\/wp-json\/wp\/v2\/media?parent=28473"}],"wp:term":[{"taxonomy":"product_brand","embeddable":true,"href":"https:\/\/www.perzijskepreproge.si\/en\/wp-json\/wp\/v2\/product_brand?post=28473"},{"taxonomy":"product_cat","embeddable":true,"href":"https:\/\/www.perzijskepreproge.si\/en\/wp-json\/wp\/v2\/product_cat?post=28473"},{"taxonomy":"product_tag","embeddable":true,"href":"https:\/\/www.perzijskepreproge.si\/en\/wp-json\/wp\/v2\/product_tag?post=28473"}],"curies":[{"name":"wp","href":"https:\/\/api.w.org\/{rel}","templated":true}]}}