{"id":28737,"date":"2026-03-30T15:33:29","date_gmt":"2026-03-30T13:33:29","guid":{"rendered":"https:\/\/www.perzijskepreproge.si\/?post_type=product&#038;p=28737"},"modified":"2026-03-31T11:26:43","modified_gmt":"2026-03-31T09:26:43","slug":"persian-carpet-nain-persian-carpet-nain-kopija-kopija","status":"publish","type":"product","link":"https:\/\/www.perzijskepreproge.si\/en\/product\/persian-carpet-nain-persian-carpet-nain-kopija-kopija\/","title":{"rendered":"Persian carpet Bidjar \/ Persian carpet Bidjar"},"content":{"rendered":"<p data-start=\"0\" data-end=\"140\">This Persian Bidjar type rug exudes a very distinctive combination of robustness and rich decorativeness, which is typical of this type of weaving.<\/p>\n<p data-start=\"142\" data-end=\"350\">First of all <strong data-start=\"158\" data-end=\"199\">, the strict, almost architectural symmetry<\/strong> stands out \u2013 the entire design is clearly structured, with a strongly defined central field and multiple layers of borders (edges) that create a sense of order and stability.<\/p>\n<h3 data-section-id=\"1edz5qy\" data-start=\"352\" data-end=\"377\">\ud83c\udf3a Pattern and motif<\/h3>\n<ul data-start=\"378\" data-end=\"729\">\n<li data-section-id=\"1k5mph4\" data-start=\"378\" data-end=\"487\">The central field consists of <strong data-start=\"413\" data-end=\"432\">vertical bands<\/strong> , alternating in red, cream and darker tones.<\/li>\n<li data-section-id=\"1g2lz1i\" data-start=\"488\" data-end=\"604\">Each band is richly decorated with <strong data-start=\"519\" data-end=\"541\">floral motifs<\/strong> \u2013 stylized flowers, leaves, and tendrils are repeated rhythmically.<\/li>\n<li data-section-id=\"qqmbz1\" data-start=\"605\" data-end=\"729\">This \u201cstriped\u201d composition gives the rug a sense <strong data-start=\"655\" data-end=\"682\">of dynamic repetition<\/strong> , almost like a textile ornament or tapestry.<\/li>\n<\/ul>\n<h3 data-section-id=\"xt4g1j\" data-start=\"731\" data-end=\"751\">\ud83c\udfa8 Color palette<\/h3>\n<ul data-start=\"752\" data-end=\"1021\">\n<li data-section-id=\"1799p9m\" data-start=\"752\" data-end=\"854\"><strong data-start=\"763\" data-end=\"778\">Warm red<\/strong> dominates, symbolic of energy, warmth, and traditional Persian aesthetics.<\/li>\n<li data-section-id=\"v7555a\" data-start=\"855\" data-end=\"933\">Contrast is created <strong data-start=\"877\" data-end=\"902\">by cream and black bands<\/strong> , which emphasize the depth of the pattern.<\/li>\n<li data-section-id=\"vdy0j\" data-start=\"934\" data-end=\"1021\">There are also details in blue, green and golden yellow, which add vibrancy and finesse.<\/li>\n<\/ul>\n<h3 data-section-id=\"1b2e4u\" data-start=\"1023\" data-end=\"1043\">\ud83e\uddf5 Border (edge)<\/h3>\n<ul data-start=\"1044\" data-end=\"1248\">\n<li data-section-id=\"fcf9wy\" data-start=\"1044\" data-end=\"1146\">The edge is wide and highly decorative, with <strong data-start=\"1082\" data-end=\"1118\">a continuous floral pattern<\/strong> that acts as a picture frame.<\/li>\n<li data-section-id=\"1hca4bj\" data-start=\"1147\" data-end=\"1248\">This frame further emphasizes the central part and gives the rug <strong data-start=\"1208\" data-end=\"1247\">a classic, almost ceremonial look<\/strong> .<\/li>\n<\/ul>\n<h3 data-section-id=\"711odz\" data-start=\"1250\" data-end=\"1269\">\ud83e\uddf1 Overall impression<\/h3>\n<ul data-start=\"1270\" data-end=\"1543\">\n<li data-section-id=\"i727pj\" data-start=\"1270\" data-end=\"1428\">The aesthetics of Bidjar rugs are known as <strong data-start=\"1309\" data-end=\"1331\">\u201ciron rugs\u201d<\/strong> due to their dense, durable weave \u2013 this is also reflected visually: the pattern appears compact, \u201csolid\u201d.<\/li>\n<li data-section-id=\"n5ac1a\" data-start=\"1429\" data-end=\"1543\">The combination <strong data-start=\"1443\" data-end=\"1489\">of precision, symmetry and rich details<\/strong> creates a sense of prestige, tradition and timelessness.<\/li>\n<\/ul>\n<p data-start=\"1545\" data-end=\"1676\" data-is-last-node=\"\" data-is-only-node=\"\">\ud83d\udc49 The carpet combines <strong data-start=\"1575\" data-end=\"1618\">a strict structure with luxurious ornamentation<\/strong> , which is typical of high-quality Persian Bidjar specimens.<\/p>\n","protected":false},"excerpt":{"rendered":"<p>Reg. no.: 1262<\/p>\n<p>Size: 148 x 100 cm<\/p>\n<p>Material \/ Pile: wool, silk<\/p>\n<p>Base: cotton<\/p>\n<p>Colors: plants<\/p>\n<p>Design: floral<\/p>\n<p>Weaving technique: handmade pile carpet<\/p>\n<p>Knot density: 490,000 m\/2<\/p>\n<p>Origin: Bijar &#8211; Iran<\/p>\n<p>&nbsp;<\/p>\n","protected":false},"featured_media":28744,"template":"","meta":{"iawp_total_views":3},"product_brand":[],"product_cat":[316,387],"product_tag":[],"class_list":{"0":"post-28737","1":"product","2":"type-product","3":"status-publish","4":"has-post-thumbnail","6":"product_cat-classic-carpets","7":"product_cat-small-rugs-en","8":"pa_barva-osnovna-multicolored","9":"pa_material-wool-silk","10":"pa_oblika-rectangular","11":"pa_velikost-cca-150x100","13":"first","14":"instock","15":"sold-individually","16":"taxable","17":"shipping-taxable","18":"purchasable","19":"product-type-simple"},"yoast_head":"<!-- This site is optimized with the Yoast SEO plugin v27.3 - https:\/\/yoast.com\/product\/yoast-seo-wordpress\/ -->\n<title>Persian carpet Bidjar \/ Persian carpet Bidjar - Perzijske preproge Farzad<\/title>\n<meta name=\"robots\" content=\"index, follow, max-snippet:-1, max-image-preview:large, max-video-preview:-1\" \/>\n<link rel=\"canonical\" href=\"https:\/\/www.perzijskepreproge.si\/en\/product\/persian-carpet-nain-persian-carpet-nain-kopija-kopija\/\" \/>\n<meta property=\"og:locale\" content=\"en_US\" \/>\n<meta property=\"og:type\" content=\"article\" \/>\n<meta property=\"og:title\" content=\"Persian carpet Bidjar \/ Persian carpet Bidjar - Perzijske preproge Farzad\" \/>\n<meta property=\"og:description\" content=\"Reg. no.: 1262 Size: 148 x 100 cm Material \/ Pile: wool, silk Base: cotton Colors: plants Design: floral Weaving technique: handmade pile carpet Knot density: 490,000 m\/2 Origin: Bijar - Iran &nbsp;\" \/>\n<meta property=\"og:url\" content=\"https:\/\/www.perzijskepreproge.si\/en\/product\/persian-carpet-nain-persian-carpet-nain-kopija-kopija\/\" \/>\n<meta property=\"og:site_name\" content=\"Perzijske preproge Farzad\" \/>\n<meta property=\"article:modified_time\" content=\"2026-03-31T09:26:43+00:00\" \/>\n<meta property=\"og:image\" content=\"https:\/\/www.perzijskepreproge.si\/wp-content\/uploads\/2026\/03\/IMG_7822jpg.jpg\" \/>\n\t<meta property=\"og:image:width\" content=\"819\" \/>\n\t<meta property=\"og:image:height\" content=\"1200\" \/>\n\t<meta property=\"og:image:type\" content=\"image\/jpeg\" \/>\n<meta name=\"twitter:card\" content=\"summary_large_image\" \/>\n<meta name=\"twitter:label1\" content=\"Est. reading time\" \/>\n\t<meta name=\"twitter:data1\" content=\"1 minute\" \/>\n<script type=\"application\/ld+json\" class=\"yoast-schema-graph\">{\"@context\":\"https:\\\/\\\/schema.org\",\"@graph\":[{\"@type\":\"WebPage\",\"@id\":\"https:\\\/\\\/www.perzijskepreproge.si\\\/en\\\/product\\\/persian-carpet-nain-persian-carpet-nain-kopija-kopija\\\/\",\"url\":\"https:\\\/\\\/www.perzijskepreproge.si\\\/en\\\/product\\\/persian-carpet-nain-persian-carpet-nain-kopija-kopija\\\/\",\"name\":\"Persian carpet Bidjar \\\/ Persian carpet Bidjar - Perzijske preproge Farzad\",\"isPartOf\":{\"@id\":\"https:\\\/\\\/www.perzijskepreproge.si\\\/en\\\/#website\"},\"primaryImageOfPage\":{\"@id\":\"https:\\\/\\\/www.perzijskepreproge.si\\\/en\\\/product\\\/persian-carpet-nain-persian-carpet-nain-kopija-kopija\\\/#primaryimage\"},\"image\":{\"@id\":\"https:\\\/\\\/www.perzijskepreproge.si\\\/en\\\/product\\\/persian-carpet-nain-persian-carpet-nain-kopija-kopija\\\/#primaryimage\"},\"thumbnailUrl\":\"https:\\\/\\\/www.perzijskepreproge.si\\\/wp-content\\\/uploads\\\/2026\\\/03\\\/IMG_7822jpg.jpg\",\"datePublished\":\"2026-03-30T13:33:29+00:00\",\"dateModified\":\"2026-03-31T09:26:43+00:00\",\"breadcrumb\":{\"@id\":\"https:\\\/\\\/www.perzijskepreproge.si\\\/en\\\/product\\\/persian-carpet-nain-persian-carpet-nain-kopija-kopija\\\/#breadcrumb\"},\"inLanguage\":\"en-US\",\"potentialAction\":[{\"@type\":\"ReadAction\",\"target\":[\"https:\\\/\\\/www.perzijskepreproge.si\\\/en\\\/product\\\/persian-carpet-nain-persian-carpet-nain-kopija-kopija\\\/\"]}]},{\"@type\":\"ImageObject\",\"inLanguage\":\"en-US\",\"@id\":\"https:\\\/\\\/www.perzijskepreproge.si\\\/en\\\/product\\\/persian-carpet-nain-persian-carpet-nain-kopija-kopija\\\/#primaryimage\",\"url\":\"https:\\\/\\\/www.perzijskepreproge.si\\\/wp-content\\\/uploads\\\/2026\\\/03\\\/IMG_7822jpg.jpg\",\"contentUrl\":\"https:\\\/\\\/www.perzijskepreproge.si\\\/wp-content\\\/uploads\\\/2026\\\/03\\\/IMG_7822jpg.jpg\",\"width\":819,\"height\":1200},{\"@type\":\"BreadcrumbList\",\"@id\":\"https:\\\/\\\/www.perzijskepreproge.si\\\/en\\\/product\\\/persian-carpet-nain-persian-carpet-nain-kopija-kopija\\\/#breadcrumb\",\"itemListElement\":[{\"@type\":\"ListItem\",\"position\":1,\"name\":\"Home\",\"item\":\"https:\\\/\\\/www.perzijskepreproge.si\\\/en\\\/persian-carpets-farzad\\\/\"},{\"@type\":\"ListItem\",\"position\":2,\"name\":\"Shop\",\"item\":\"https:\\\/\\\/www.perzijskepreproge.si\\\/en\\\/shop\\\/\"},{\"@type\":\"ListItem\",\"position\":3,\"name\":\"Persian carpet Bidjar \\\/ Persian carpet Bidjar\"}]},{\"@type\":\"WebSite\",\"@id\":\"https:\\\/\\\/www.perzijskepreproge.si\\\/en\\\/#website\",\"url\":\"https:\\\/\\\/www.perzijskepreproge.si\\\/en\\\/\",\"name\":\"Perzijske preproge Farzad\",\"description\":\"Perzijske preproge,  preprog in \u010di\u0161\u010denje preprog\",\"potentialAction\":[{\"@type\":\"SearchAction\",\"target\":{\"@type\":\"EntryPoint\",\"urlTemplate\":\"https:\\\/\\\/www.perzijskepreproge.si\\\/en\\\/?s={search_term_string}\"},\"query-input\":{\"@type\":\"PropertyValueSpecification\",\"valueRequired\":true,\"valueName\":\"search_term_string\"}}],\"inLanguage\":\"en-US\"}]}<\/script>\n<!-- \/ Yoast SEO plugin. -->","yoast_head_json":{"title":"Persian carpet Bidjar \/ Persian carpet Bidjar - Perzijske preproge Farzad","robots":{"index":"index","follow":"follow","max-snippet":"max-snippet:-1","max-image-preview":"max-image-preview:large","max-video-preview":"max-video-preview:-1"},"canonical":"https:\/\/www.perzijskepreproge.si\/en\/product\/persian-carpet-nain-persian-carpet-nain-kopija-kopija\/","og_locale":"en_US","og_type":"article","og_title":"Persian carpet Bidjar \/ Persian carpet Bidjar - Perzijske preproge Farzad","og_description":"Reg. no.: 1262 Size: 148 x 100 cm Material \/ Pile: wool, silk Base: cotton Colors: plants Design: floral Weaving technique: handmade pile carpet Knot density: 490,000 m\/2 Origin: Bijar - Iran &nbsp;","og_url":"https:\/\/www.perzijskepreproge.si\/en\/product\/persian-carpet-nain-persian-carpet-nain-kopija-kopija\/","og_site_name":"Perzijske preproge Farzad","article_modified_time":"2026-03-31T09:26:43+00:00","og_image":[{"width":819,"height":1200,"url":"https:\/\/www.perzijskepreproge.si\/wp-content\/uploads\/2026\/03\/IMG_7822jpg.jpg","type":"image\/jpeg"}],"twitter_card":"summary_large_image","twitter_misc":{"Est. reading time":"1 minute"},"schema":{"@context":"https:\/\/schema.org","@graph":[{"@type":"WebPage","@id":"https:\/\/www.perzijskepreproge.si\/en\/product\/persian-carpet-nain-persian-carpet-nain-kopija-kopija\/","url":"https:\/\/www.perzijskepreproge.si\/en\/product\/persian-carpet-nain-persian-carpet-nain-kopija-kopija\/","name":"Persian carpet Bidjar \/ Persian carpet Bidjar - Perzijske preproge Farzad","isPartOf":{"@id":"https:\/\/www.perzijskepreproge.si\/en\/#website"},"primaryImageOfPage":{"@id":"https:\/\/www.perzijskepreproge.si\/en\/product\/persian-carpet-nain-persian-carpet-nain-kopija-kopija\/#primaryimage"},"image":{"@id":"https:\/\/www.perzijskepreproge.si\/en\/product\/persian-carpet-nain-persian-carpet-nain-kopija-kopija\/#primaryimage"},"thumbnailUrl":"https:\/\/www.perzijskepreproge.si\/wp-content\/uploads\/2026\/03\/IMG_7822jpg.jpg","datePublished":"2026-03-30T13:33:29+00:00","dateModified":"2026-03-31T09:26:43+00:00","breadcrumb":{"@id":"https:\/\/www.perzijskepreproge.si\/en\/product\/persian-carpet-nain-persian-carpet-nain-kopija-kopija\/#breadcrumb"},"inLanguage":"en-US","potentialAction":[{"@type":"ReadAction","target":["https:\/\/www.perzijskepreproge.si\/en\/product\/persian-carpet-nain-persian-carpet-nain-kopija-kopija\/"]}]},{"@type":"ImageObject","inLanguage":"en-US","@id":"https:\/\/www.perzijskepreproge.si\/en\/product\/persian-carpet-nain-persian-carpet-nain-kopija-kopija\/#primaryimage","url":"https:\/\/www.perzijskepreproge.si\/wp-content\/uploads\/2026\/03\/IMG_7822jpg.jpg","contentUrl":"https:\/\/www.perzijskepreproge.si\/wp-content\/uploads\/2026\/03\/IMG_7822jpg.jpg","width":819,"height":1200},{"@type":"BreadcrumbList","@id":"https:\/\/www.perzijskepreproge.si\/en\/product\/persian-carpet-nain-persian-carpet-nain-kopija-kopija\/#breadcrumb","itemListElement":[{"@type":"ListItem","position":1,"name":"Home","item":"https:\/\/www.perzijskepreproge.si\/en\/persian-carpets-farzad\/"},{"@type":"ListItem","position":2,"name":"Shop","item":"https:\/\/www.perzijskepreproge.si\/en\/shop\/"},{"@type":"ListItem","position":3,"name":"Persian carpet Bidjar \/ Persian carpet Bidjar"}]},{"@type":"WebSite","@id":"https:\/\/www.perzijskepreproge.si\/en\/#website","url":"https:\/\/www.perzijskepreproge.si\/en\/","name":"Perzijske preproge Farzad","description":"Perzijske preproge,  preprog in \u010di\u0161\u010denje preprog","potentialAction":[{"@type":"SearchAction","target":{"@type":"EntryPoint","urlTemplate":"https:\/\/www.perzijskepreproge.si\/en\/?s={search_term_string}"},"query-input":{"@type":"PropertyValueSpecification","valueRequired":true,"valueName":"search_term_string"}}],"inLanguage":"en-US"}]}},"_links":{"self":[{"href":"https:\/\/www.perzijskepreproge.si\/en\/wp-json\/wp\/v2\/product\/28737","targetHints":{"allow":["GET"]}}],"collection":[{"href":"https:\/\/www.perzijskepreproge.si\/en\/wp-json\/wp\/v2\/product"}],"about":[{"href":"https:\/\/www.perzijskepreproge.si\/en\/wp-json\/wp\/v2\/types\/product"}],"version-history":[{"count":3,"href":"https:\/\/www.perzijskepreproge.si\/en\/wp-json\/wp\/v2\/product\/28737\/revisions"}],"predecessor-version":[{"id":28761,"href":"https:\/\/www.perzijskepreproge.si\/en\/wp-json\/wp\/v2\/product\/28737\/revisions\/28761"}],"wp:featuredmedia":[{"embeddable":true,"href":"https:\/\/www.perzijskepreproge.si\/en\/wp-json\/wp\/v2\/media\/28744"}],"wp:attachment":[{"href":"https:\/\/www.perzijskepreproge.si\/en\/wp-json\/wp\/v2\/media?parent=28737"}],"wp:term":[{"taxonomy":"product_brand","embeddable":true,"href":"https:\/\/www.perzijskepreproge.si\/en\/wp-json\/wp\/v2\/product_brand?post=28737"},{"taxonomy":"product_cat","embeddable":true,"href":"https:\/\/www.perzijskepreproge.si\/en\/wp-json\/wp\/v2\/product_cat?post=28737"},{"taxonomy":"product_tag","embeddable":true,"href":"https:\/\/www.perzijskepreproge.si\/en\/wp-json\/wp\/v2\/product_tag?post=28737"}],"curies":[{"name":"wp","href":"https:\/\/api.w.org\/{rel}","templated":true}]}}