{"id":28959,"date":"2025-07-22T12:16:13","date_gmt":"2025-07-22T10:16:13","guid":{"rendered":"https:\/\/www.perzijskepreproge.si\/izdelek\/bakhtiar-persian-rug\/"},"modified":"2025-07-22T12:16:13","modified_gmt":"2025-07-22T10:16:13","slug":"bakhtiar-persian-rug","status":"publish","type":"product","link":"https:\/\/www.perzijskepreproge.si\/en\/product\/bakhtiar-persian-rug\/","title":{"rendered":"Bakhtiar Persian Rug"},"content":{"rendered":"<p>West and south of Isfahan, on the slopes of the Zagros Mountains, live the Bakhtiari, a large and powerful people who have always played an important role in Persian history. Today, most live permanently settled in villages; only some still lead a semi-nomadic life, camping with their sheep flocks on the mountain plateaus in summer. The region on the eastern side of the Zagros Mountains is relatively fertile and has sufficient water resources. Interestingly, most rugs bearing the name Bakhtiari are made by villagers of Kurdish and Turkish origin who live in the Chahar Mahal area, in villages around Shahr-e Kord, the region\u2019s commercial and administrative center. Sheep\u2019s wool from the eastern Zagros has long, strong, lustrous fibers and is therefore an excellent material for rug making.    <\/p>\n","protected":false},"excerpt":{"rendered":"<p>Reg. no.: 1157<\/p>\n<p>Size: 211 \u00d7 152 cm<\/p>\n<p>Pile: wool<\/p>\n<p>Base: cotton<\/p>\n<p>Colors: plants<\/p>\n<p>Design: floral, medallion<\/p>\n<p>Weaving technique: handmade pile carpet<\/p>\n<p>Knot density: 160,000\/m\u00b2<\/p>\n<p>Origin: Iran<\/p>\n","protected":false},"featured_media":27486,"template":"","meta":{"iawp_total_views":0},"product_brand":[],"product_cat":[401,286],"product_tag":[],"class_list":{"0":"post-28959","1":"product","2":"type-product","3":"status-publish","4":"has-post-thumbnail","6":"product_cat-medium-carpets-en-2","7":"product_cat-nomad-carpets","8":"pa_barva-osnovna-red-burgundy","9":"pa_barva-osnovna-white-beige","10":"pa_material-wool","11":"pa_oblika-rectangular","12":"pa_velikost-cca-200x150-en","14":"first","15":"instock","16":"sold-individually","17":"taxable","18":"shipping-taxable","19":"purchasable","20":"product-type-simple"},"yoast_head":"<!-- This site is optimized with the Yoast SEO plugin v27.3 - https:\/\/yoast.com\/product\/yoast-seo-wordpress\/ -->\n<title>Bakhtiar Persian Rug - Perzijske preproge Farzad<\/title>\n<meta name=\"robots\" content=\"index, follow, max-snippet:-1, max-image-preview:large, max-video-preview:-1\" \/>\n<link rel=\"canonical\" href=\"https:\/\/www.perzijskepreproge.si\/en\/product\/bakhtiar-persian-rug\/\" \/>\n<meta property=\"og:locale\" content=\"en_US\" \/>\n<meta property=\"og:type\" content=\"article\" \/>\n<meta property=\"og:title\" content=\"Bakhtiar Persian Rug - Perzijske preproge Farzad\" \/>\n<meta property=\"og:description\" content=\"Reg. no.: 1157 Size: 211 \u00d7 152 cm Pile: wool Base: cotton Colors: plants Design: floral, medallion Weaving technique: handmade pile carpet Knot density: 160,000\/m\u00b2 Origin: Iran\" \/>\n<meta property=\"og:url\" content=\"https:\/\/www.perzijskepreproge.si\/en\/product\/bakhtiar-persian-rug\/\" \/>\n<meta property=\"og:site_name\" content=\"Perzijske preproge Farzad\" \/>\n<meta property=\"og:image\" content=\"https:\/\/www.perzijskepreproge.si\/wp-content\/uploads\/2025\/07\/IMG_20250722_114310jpg.webp\" \/>\n\t<meta property=\"og:image:width\" content=\"833\" \/>\n\t<meta property=\"og:image:height\" content=\"1200\" \/>\n\t<meta property=\"og:image:type\" content=\"image\/jpeg\" \/>\n<meta name=\"twitter:card\" content=\"summary_large_image\" \/>\n<meta name=\"twitter:label1\" content=\"Est. reading time\" \/>\n\t<meta name=\"twitter:data1\" content=\"1 minute\" \/>\n<script type=\"application\/ld+json\" class=\"yoast-schema-graph\">{\"@context\":\"https:\\\/\\\/schema.org\",\"@graph\":[{\"@type\":\"WebPage\",\"@id\":\"https:\\\/\\\/www.perzijskepreproge.si\\\/en\\\/product\\\/bakhtiar-persian-rug\\\/\",\"url\":\"https:\\\/\\\/www.perzijskepreproge.si\\\/en\\\/product\\\/bakhtiar-persian-rug\\\/\",\"name\":\"Bakhtiar Persian Rug - Perzijske preproge Farzad\",\"isPartOf\":{\"@id\":\"https:\\\/\\\/www.perzijskepreproge.si\\\/en\\\/#website\"},\"primaryImageOfPage\":{\"@id\":\"https:\\\/\\\/www.perzijskepreproge.si\\\/en\\\/product\\\/bakhtiar-persian-rug\\\/#primaryimage\"},\"image\":{\"@id\":\"https:\\\/\\\/www.perzijskepreproge.si\\\/en\\\/product\\\/bakhtiar-persian-rug\\\/#primaryimage\"},\"thumbnailUrl\":\"https:\\\/\\\/www.perzijskepreproge.si\\\/wp-content\\\/uploads\\\/2025\\\/07\\\/IMG_20250722_114310jpg.jpg\",\"datePublished\":\"2025-07-22T10:16:13+00:00\",\"breadcrumb\":{\"@id\":\"https:\\\/\\\/www.perzijskepreproge.si\\\/en\\\/product\\\/bakhtiar-persian-rug\\\/#breadcrumb\"},\"inLanguage\":\"en-US\",\"potentialAction\":[{\"@type\":\"ReadAction\",\"target\":[\"https:\\\/\\\/www.perzijskepreproge.si\\\/en\\\/product\\\/bakhtiar-persian-rug\\\/\"]}]},{\"@type\":\"ImageObject\",\"inLanguage\":\"en-US\",\"@id\":\"https:\\\/\\\/www.perzijskepreproge.si\\\/en\\\/product\\\/bakhtiar-persian-rug\\\/#primaryimage\",\"url\":\"https:\\\/\\\/www.perzijskepreproge.si\\\/wp-content\\\/uploads\\\/2025\\\/07\\\/IMG_20250722_114310jpg.jpg\",\"contentUrl\":\"https:\\\/\\\/www.perzijskepreproge.si\\\/wp-content\\\/uploads\\\/2025\\\/07\\\/IMG_20250722_114310jpg.jpg\",\"width\":833,\"height\":1200},{\"@type\":\"BreadcrumbList\",\"@id\":\"https:\\\/\\\/www.perzijskepreproge.si\\\/en\\\/product\\\/bakhtiar-persian-rug\\\/#breadcrumb\",\"itemListElement\":[{\"@type\":\"ListItem\",\"position\":1,\"name\":\"Home\",\"item\":\"https:\\\/\\\/www.perzijskepreproge.si\\\/en\\\/persian-carpets-farzad\\\/\"},{\"@type\":\"ListItem\",\"position\":2,\"name\":\"Shop\",\"item\":\"https:\\\/\\\/www.perzijskepreproge.si\\\/en\\\/shop\\\/\"},{\"@type\":\"ListItem\",\"position\":3,\"name\":\"Bakhtiar Persian Rug\"}]},{\"@type\":\"WebSite\",\"@id\":\"https:\\\/\\\/www.perzijskepreproge.si\\\/en\\\/#website\",\"url\":\"https:\\\/\\\/www.perzijskepreproge.si\\\/en\\\/\",\"name\":\"Perzijske preproge Farzad\",\"description\":\"Perzijske preproge,  preprog in \u010di\u0161\u010denje preprog\",\"potentialAction\":[{\"@type\":\"SearchAction\",\"target\":{\"@type\":\"EntryPoint\",\"urlTemplate\":\"https:\\\/\\\/www.perzijskepreproge.si\\\/en\\\/?s={search_term_string}\"},\"query-input\":{\"@type\":\"PropertyValueSpecification\",\"valueRequired\":true,\"valueName\":\"search_term_string\"}}],\"inLanguage\":\"en-US\"}]}<\/script>\n<!-- \/ Yoast SEO plugin. -->","yoast_head_json":{"title":"Bakhtiar Persian Rug - Perzijske preproge Farzad","robots":{"index":"index","follow":"follow","max-snippet":"max-snippet:-1","max-image-preview":"max-image-preview:large","max-video-preview":"max-video-preview:-1"},"canonical":"https:\/\/www.perzijskepreproge.si\/en\/product\/bakhtiar-persian-rug\/","og_locale":"en_US","og_type":"article","og_title":"Bakhtiar Persian Rug - Perzijske preproge Farzad","og_description":"Reg. no.: 1157 Size: 211 \u00d7 152 cm Pile: wool Base: cotton Colors: plants Design: floral, medallion Weaving technique: handmade pile carpet Knot density: 160,000\/m\u00b2 Origin: Iran","og_url":"https:\/\/www.perzijskepreproge.si\/en\/product\/bakhtiar-persian-rug\/","og_site_name":"Perzijske preproge Farzad","og_image":[{"width":833,"height":1200,"url":"https:\/\/www.perzijskepreproge.si\/wp-content\/uploads\/2025\/07\/IMG_20250722_114310jpg.webp","type":"image\/jpeg"}],"twitter_card":"summary_large_image","twitter_misc":{"Est. reading time":"1 minute"},"schema":{"@context":"https:\/\/schema.org","@graph":[{"@type":"WebPage","@id":"https:\/\/www.perzijskepreproge.si\/en\/product\/bakhtiar-persian-rug\/","url":"https:\/\/www.perzijskepreproge.si\/en\/product\/bakhtiar-persian-rug\/","name":"Bakhtiar Persian Rug - Perzijske preproge Farzad","isPartOf":{"@id":"https:\/\/www.perzijskepreproge.si\/en\/#website"},"primaryImageOfPage":{"@id":"https:\/\/www.perzijskepreproge.si\/en\/product\/bakhtiar-persian-rug\/#primaryimage"},"image":{"@id":"https:\/\/www.perzijskepreproge.si\/en\/product\/bakhtiar-persian-rug\/#primaryimage"},"thumbnailUrl":"https:\/\/www.perzijskepreproge.si\/wp-content\/uploads\/2025\/07\/IMG_20250722_114310jpg.jpg","datePublished":"2025-07-22T10:16:13+00:00","breadcrumb":{"@id":"https:\/\/www.perzijskepreproge.si\/en\/product\/bakhtiar-persian-rug\/#breadcrumb"},"inLanguage":"en-US","potentialAction":[{"@type":"ReadAction","target":["https:\/\/www.perzijskepreproge.si\/en\/product\/bakhtiar-persian-rug\/"]}]},{"@type":"ImageObject","inLanguage":"en-US","@id":"https:\/\/www.perzijskepreproge.si\/en\/product\/bakhtiar-persian-rug\/#primaryimage","url":"https:\/\/www.perzijskepreproge.si\/wp-content\/uploads\/2025\/07\/IMG_20250722_114310jpg.jpg","contentUrl":"https:\/\/www.perzijskepreproge.si\/wp-content\/uploads\/2025\/07\/IMG_20250722_114310jpg.jpg","width":833,"height":1200},{"@type":"BreadcrumbList","@id":"https:\/\/www.perzijskepreproge.si\/en\/product\/bakhtiar-persian-rug\/#breadcrumb","itemListElement":[{"@type":"ListItem","position":1,"name":"Home","item":"https:\/\/www.perzijskepreproge.si\/en\/persian-carpets-farzad\/"},{"@type":"ListItem","position":2,"name":"Shop","item":"https:\/\/www.perzijskepreproge.si\/en\/shop\/"},{"@type":"ListItem","position":3,"name":"Bakhtiar Persian Rug"}]},{"@type":"WebSite","@id":"https:\/\/www.perzijskepreproge.si\/en\/#website","url":"https:\/\/www.perzijskepreproge.si\/en\/","name":"Perzijske preproge Farzad","description":"Perzijske preproge,  preprog in \u010di\u0161\u010denje preprog","potentialAction":[{"@type":"SearchAction","target":{"@type":"EntryPoint","urlTemplate":"https:\/\/www.perzijskepreproge.si\/en\/?s={search_term_string}"},"query-input":{"@type":"PropertyValueSpecification","valueRequired":true,"valueName":"search_term_string"}}],"inLanguage":"en-US"}]}},"_links":{"self":[{"href":"https:\/\/www.perzijskepreproge.si\/en\/wp-json\/wp\/v2\/product\/28959","targetHints":{"allow":["GET"]}}],"collection":[{"href":"https:\/\/www.perzijskepreproge.si\/en\/wp-json\/wp\/v2\/product"}],"about":[{"href":"https:\/\/www.perzijskepreproge.si\/en\/wp-json\/wp\/v2\/types\/product"}],"version-history":[{"count":0,"href":"https:\/\/www.perzijskepreproge.si\/en\/wp-json\/wp\/v2\/product\/28959\/revisions"}],"wp:featuredmedia":[{"embeddable":true,"href":"https:\/\/www.perzijskepreproge.si\/en\/wp-json\/wp\/v2\/media\/27486"}],"wp:attachment":[{"href":"https:\/\/www.perzijskepreproge.si\/en\/wp-json\/wp\/v2\/media?parent=28959"}],"wp:term":[{"taxonomy":"product_brand","embeddable":true,"href":"https:\/\/www.perzijskepreproge.si\/en\/wp-json\/wp\/v2\/product_brand?post=28959"},{"taxonomy":"product_cat","embeddable":true,"href":"https:\/\/www.perzijskepreproge.si\/en\/wp-json\/wp\/v2\/product_cat?post=28959"},{"taxonomy":"product_tag","embeddable":true,"href":"https:\/\/www.perzijskepreproge.si\/en\/wp-json\/wp\/v2\/product_tag?post=28959"}],"curies":[{"name":"wp","href":"https:\/\/api.w.org\/{rel}","templated":true}]}}