{"id":29080,"date":"2026-03-23T12:16:38","date_gmt":"2026-03-23T11:16:38","guid":{"rendered":"https:\/\/www.perzijskepreproge.si\/izdelek\/persian-kilim-2\/"},"modified":"2026-03-23T12:16:38","modified_gmt":"2026-03-23T11:16:38","slug":"persian-kilim-2","status":"publish","type":"product","link":"https:\/\/www.perzijskepreproge.si\/en\/product\/persian-kilim-2\/","title":{"rendered":"Persian Kilim"},"content":{"rendered":"<p>Nomadic Persian kilims are exquisite works of art reflecting the rich cultural heritage and lifestyle of nomadic communities. Their patterns and colors are often a reflection of the history, nature, and beliefs of the people who create them, imbued with symbolism and narrative. The true beauty of nomadic Persian kilims lies in their authenticity and uniqueness. Each piece is handcrafted with love and care, bestowing it with exceptional value. Their vibrant motifs, geometric patterns, and symbols represent natural elements, protective icons, fertility, and other vital aspects of nomadic life. Beyond their aesthetic appeal, these kilims are functional\u2014serving as throws, bedding, or decorative accents\u2014while preserving stories and traditions passed down through generations. Every nomadic Persian kilim is a unique legacy, uniting art, history, and life&#8230;.      <\/p>\n","protected":false},"excerpt":{"rendered":"<p>Reg. no.: #1229<\/p>\n<p>Size: 97 x 57 cm<\/p>\n<p>Pile: wool<\/p>\n<p>Base: cotton<\/p>\n<p>Colors: vegetable dyes<\/p>\n<p>Design: geometric<\/p>\n<p>Weaving technique: handmade flatweave<\/p>\n<p>Origin: Iran<\/p>\n<p>&nbsp;<\/p>\n","protected":false},"featured_media":29081,"template":"","meta":{"iawp_total_views":0},"product_brand":[],"product_cat":[354,355],"product_tag":[],"class_list":{"0":"post-29080","1":"product","2":"type-product","3":"status-publish","4":"has-post-thumbnail","6":"product_cat-kilims","7":"product_cat-small-rugs","8":"pa_barva-osnovna-multicolored","9":"pa_material-wool","10":"pa_oblika-rectangular","11":"pa_tip-preproge-kilim","12":"pa_velikost-cca-100x60-en","14":"first","15":"instock","16":"featured","17":"virtual","18":"sold-individually","19":"taxable","20":"purchasable","21":"product-type-simple"},"yoast_head":"<!-- This site is optimized with the Yoast SEO plugin v27.3 - https:\/\/yoast.com\/product\/yoast-seo-wordpress\/ -->\n<title>Persian Kilim - Perzijske preproge Farzad<\/title>\n<meta name=\"robots\" content=\"index, follow, max-snippet:-1, max-image-preview:large, max-video-preview:-1\" \/>\n<link rel=\"canonical\" href=\"https:\/\/www.perzijskepreproge.si\/en\/product\/persian-kilim-2\/\" \/>\n<meta property=\"og:locale\" content=\"en_US\" \/>\n<meta property=\"og:type\" content=\"article\" \/>\n<meta property=\"og:title\" content=\"Persian Kilim - Perzijske preproge Farzad\" \/>\n<meta property=\"og:description\" content=\"Reg. no.: #1229 Size: 97 x 57 cm Pile: wool Base: cotton Colors: vegetable dyes Design: geometric Weaving technique: handmade flatweave Origin: Iran &nbsp;\" \/>\n<meta property=\"og:url\" content=\"https:\/\/www.perzijskepreproge.si\/en\/product\/persian-kilim-2\/\" \/>\n<meta property=\"og:site_name\" content=\"Perzijske preproge Farzad\" \/>\n<meta property=\"og:image\" content=\"https:\/\/www.perzijskepreproge.si\/wp-content\/uploads\/2026\/03\/69.webp\" \/>\n\t<meta property=\"og:image:width\" content=\"570\" \/>\n\t<meta property=\"og:image:height\" content=\"1200\" \/>\n\t<meta property=\"og:image:type\" content=\"image\/jpeg\" \/>\n<meta name=\"twitter:card\" content=\"summary_large_image\" \/>\n<meta name=\"twitter:label1\" content=\"Est. reading time\" \/>\n\t<meta name=\"twitter:data1\" content=\"1 minute\" \/>\n<script type=\"application\/ld+json\" class=\"yoast-schema-graph\">{\"@context\":\"https:\\\/\\\/schema.org\",\"@graph\":[{\"@type\":\"WebPage\",\"@id\":\"https:\\\/\\\/www.perzijskepreproge.si\\\/en\\\/product\\\/persian-kilim-2\\\/\",\"url\":\"https:\\\/\\\/www.perzijskepreproge.si\\\/en\\\/product\\\/persian-kilim-2\\\/\",\"name\":\"Persian Kilim - Perzijske preproge Farzad\",\"isPartOf\":{\"@id\":\"https:\\\/\\\/www.perzijskepreproge.si\\\/en\\\/#website\"},\"primaryImageOfPage\":{\"@id\":\"https:\\\/\\\/www.perzijskepreproge.si\\\/en\\\/product\\\/persian-kilim-2\\\/#primaryimage\"},\"image\":{\"@id\":\"https:\\\/\\\/www.perzijskepreproge.si\\\/en\\\/product\\\/persian-kilim-2\\\/#primaryimage\"},\"thumbnailUrl\":\"https:\\\/\\\/www.perzijskepreproge.si\\\/wp-content\\\/uploads\\\/2026\\\/03\\\/69.jpg\",\"datePublished\":\"2026-03-23T11:16:38+00:00\",\"breadcrumb\":{\"@id\":\"https:\\\/\\\/www.perzijskepreproge.si\\\/en\\\/product\\\/persian-kilim-2\\\/#breadcrumb\"},\"inLanguage\":\"en-US\",\"potentialAction\":[{\"@type\":\"ReadAction\",\"target\":[\"https:\\\/\\\/www.perzijskepreproge.si\\\/en\\\/product\\\/persian-kilim-2\\\/\"]}]},{\"@type\":\"ImageObject\",\"inLanguage\":\"en-US\",\"@id\":\"https:\\\/\\\/www.perzijskepreproge.si\\\/en\\\/product\\\/persian-kilim-2\\\/#primaryimage\",\"url\":\"https:\\\/\\\/www.perzijskepreproge.si\\\/wp-content\\\/uploads\\\/2026\\\/03\\\/69.jpg\",\"contentUrl\":\"https:\\\/\\\/www.perzijskepreproge.si\\\/wp-content\\\/uploads\\\/2026\\\/03\\\/69.jpg\",\"width\":570,\"height\":1200},{\"@type\":\"BreadcrumbList\",\"@id\":\"https:\\\/\\\/www.perzijskepreproge.si\\\/en\\\/product\\\/persian-kilim-2\\\/#breadcrumb\",\"itemListElement\":[{\"@type\":\"ListItem\",\"position\":1,\"name\":\"Home\",\"item\":\"https:\\\/\\\/www.perzijskepreproge.si\\\/en\\\/persian-carpets-farzad\\\/\"},{\"@type\":\"ListItem\",\"position\":2,\"name\":\"Shop\",\"item\":\"https:\\\/\\\/www.perzijskepreproge.si\\\/en\\\/shop\\\/\"},{\"@type\":\"ListItem\",\"position\":3,\"name\":\"Persian Kilim\"}]},{\"@type\":\"WebSite\",\"@id\":\"https:\\\/\\\/www.perzijskepreproge.si\\\/en\\\/#website\",\"url\":\"https:\\\/\\\/www.perzijskepreproge.si\\\/en\\\/\",\"name\":\"Perzijske preproge Farzad\",\"description\":\"Perzijske preproge,  preprog in \u010di\u0161\u010denje preprog\",\"potentialAction\":[{\"@type\":\"SearchAction\",\"target\":{\"@type\":\"EntryPoint\",\"urlTemplate\":\"https:\\\/\\\/www.perzijskepreproge.si\\\/en\\\/?s={search_term_string}\"},\"query-input\":{\"@type\":\"PropertyValueSpecification\",\"valueRequired\":true,\"valueName\":\"search_term_string\"}}],\"inLanguage\":\"en-US\"}]}<\/script>\n<!-- \/ Yoast SEO plugin. -->","yoast_head_json":{"title":"Persian Kilim - Perzijske preproge Farzad","robots":{"index":"index","follow":"follow","max-snippet":"max-snippet:-1","max-image-preview":"max-image-preview:large","max-video-preview":"max-video-preview:-1"},"canonical":"https:\/\/www.perzijskepreproge.si\/en\/product\/persian-kilim-2\/","og_locale":"en_US","og_type":"article","og_title":"Persian Kilim - Perzijske preproge Farzad","og_description":"Reg. no.: #1229 Size: 97 x 57 cm Pile: wool Base: cotton Colors: vegetable dyes Design: geometric Weaving technique: handmade flatweave Origin: Iran &nbsp;","og_url":"https:\/\/www.perzijskepreproge.si\/en\/product\/persian-kilim-2\/","og_site_name":"Perzijske preproge Farzad","og_image":[{"width":570,"height":1200,"url":"https:\/\/www.perzijskepreproge.si\/wp-content\/uploads\/2026\/03\/69.webp","type":"image\/jpeg"}],"twitter_card":"summary_large_image","twitter_misc":{"Est. reading time":"1 minute"},"schema":{"@context":"https:\/\/schema.org","@graph":[{"@type":"WebPage","@id":"https:\/\/www.perzijskepreproge.si\/en\/product\/persian-kilim-2\/","url":"https:\/\/www.perzijskepreproge.si\/en\/product\/persian-kilim-2\/","name":"Persian Kilim - Perzijske preproge Farzad","isPartOf":{"@id":"https:\/\/www.perzijskepreproge.si\/en\/#website"},"primaryImageOfPage":{"@id":"https:\/\/www.perzijskepreproge.si\/en\/product\/persian-kilim-2\/#primaryimage"},"image":{"@id":"https:\/\/www.perzijskepreproge.si\/en\/product\/persian-kilim-2\/#primaryimage"},"thumbnailUrl":"https:\/\/www.perzijskepreproge.si\/wp-content\/uploads\/2026\/03\/69.jpg","datePublished":"2026-03-23T11:16:38+00:00","breadcrumb":{"@id":"https:\/\/www.perzijskepreproge.si\/en\/product\/persian-kilim-2\/#breadcrumb"},"inLanguage":"en-US","potentialAction":[{"@type":"ReadAction","target":["https:\/\/www.perzijskepreproge.si\/en\/product\/persian-kilim-2\/"]}]},{"@type":"ImageObject","inLanguage":"en-US","@id":"https:\/\/www.perzijskepreproge.si\/en\/product\/persian-kilim-2\/#primaryimage","url":"https:\/\/www.perzijskepreproge.si\/wp-content\/uploads\/2026\/03\/69.jpg","contentUrl":"https:\/\/www.perzijskepreproge.si\/wp-content\/uploads\/2026\/03\/69.jpg","width":570,"height":1200},{"@type":"BreadcrumbList","@id":"https:\/\/www.perzijskepreproge.si\/en\/product\/persian-kilim-2\/#breadcrumb","itemListElement":[{"@type":"ListItem","position":1,"name":"Home","item":"https:\/\/www.perzijskepreproge.si\/en\/persian-carpets-farzad\/"},{"@type":"ListItem","position":2,"name":"Shop","item":"https:\/\/www.perzijskepreproge.si\/en\/shop\/"},{"@type":"ListItem","position":3,"name":"Persian Kilim"}]},{"@type":"WebSite","@id":"https:\/\/www.perzijskepreproge.si\/en\/#website","url":"https:\/\/www.perzijskepreproge.si\/en\/","name":"Perzijske preproge Farzad","description":"Perzijske preproge,  preprog in \u010di\u0161\u010denje preprog","potentialAction":[{"@type":"SearchAction","target":{"@type":"EntryPoint","urlTemplate":"https:\/\/www.perzijskepreproge.si\/en\/?s={search_term_string}"},"query-input":{"@type":"PropertyValueSpecification","valueRequired":true,"valueName":"search_term_string"}}],"inLanguage":"en-US"}]}},"_links":{"self":[{"href":"https:\/\/www.perzijskepreproge.si\/en\/wp-json\/wp\/v2\/product\/29080","targetHints":{"allow":["GET"]}}],"collection":[{"href":"https:\/\/www.perzijskepreproge.si\/en\/wp-json\/wp\/v2\/product"}],"about":[{"href":"https:\/\/www.perzijskepreproge.si\/en\/wp-json\/wp\/v2\/types\/product"}],"version-history":[{"count":0,"href":"https:\/\/www.perzijskepreproge.si\/en\/wp-json\/wp\/v2\/product\/29080\/revisions"}],"wp:featuredmedia":[{"embeddable":true,"href":"https:\/\/www.perzijskepreproge.si\/en\/wp-json\/wp\/v2\/media\/29081"}],"wp:attachment":[{"href":"https:\/\/www.perzijskepreproge.si\/en\/wp-json\/wp\/v2\/media?parent=29080"}],"wp:term":[{"taxonomy":"product_brand","embeddable":true,"href":"https:\/\/www.perzijskepreproge.si\/en\/wp-json\/wp\/v2\/product_brand?post=29080"},{"taxonomy":"product_cat","embeddable":true,"href":"https:\/\/www.perzijskepreproge.si\/en\/wp-json\/wp\/v2\/product_cat?post=29080"},{"taxonomy":"product_tag","embeddable":true,"href":"https:\/\/www.perzijskepreproge.si\/en\/wp-json\/wp\/v2\/product_tag?post=29080"}],"curies":[{"name":"wp","href":"https:\/\/api.w.org\/{rel}","templated":true}]}}