{"id":25010,"date":"2017-03-07T15:33:55","date_gmt":"2017-03-07T14:33:55","guid":{"rendered":"https:\/\/www.perzijskepreproge.si\/location-de-tapis-et-moquettes\/"},"modified":"2025-05-07T10:26:55","modified_gmt":"2025-05-07T08:26:55","slug":"location-de-tapis-et-moquettes","status":"publish","type":"page","link":"https:\/\/www.perzijskepreproge.si\/fr\/services\/location-de-tapis-et-moquettes\/","title":{"rendered":"Location de tapis et moquettes"},"content":{"rendered":"\t\t<div data-elementor-type=\"wp-page\" data-elementor-id=\"25010\" class=\"elementor elementor-25010 elementor-16017\" data-elementor-post-type=\"page\">\n\t\t\t\t<div class=\"wd-negative-gap elementor-element elementor-element-15a8521 e-flex e-con-boxed e-con e-parent\" data-id=\"15a8521\" data-element_type=\"container\" data-e-type=\"container\">\n\t\t\t\t\t<div class=\"e-con-inner\">\n\t\t\t\t<div class=\"elementor-element elementor-element-96ea603 wd-width-100 elementor-widget elementor-widget-wd_title\" data-id=\"96ea603\" data-element_type=\"widget\" data-e-type=\"widget\" data-widget_type=\"wd_title.default\">\n\t\t\t\t<div class=\"elementor-widget-container\">\n\t\t\t\t\t\t\t<div class=\"title-wrapper wd-set-mb reset-last-child wd-title-color-default wd-title-style-default wd-title-size-large text-left\">\n\n\t\t\t\n\t\t\t<div class=\"liner-continer\">\n\t\t\t\t<h1 class=\"woodmart-title-container title wd-fontsize-xxl\">Location de tapis et moquettes<\/h1> \n\t\t\t\t\t\t\t<\/div>\n\n\t\t\t\t\t<\/div>\n\t\t\t\t\t\t<\/div>\n\t\t\t\t<\/div>\n\t\t\t\t\t<\/div>\n\t\t\t\t<\/div>\n\t\t<div class=\"wd-negative-gap elementor-element elementor-element-5db885a e-flex e-con-boxed e-con e-parent\" data-id=\"5db885a\" data-element_type=\"container\" data-e-type=\"container\">\n\t\t\t\t\t<div class=\"e-con-inner\">\n\t\t<div class=\"elementor-element elementor-element-d358472 e-con-full e-flex e-con e-child\" data-id=\"d358472\" data-element_type=\"container\" data-e-type=\"container\">\n\t\t\t\t<div class=\"elementor-element elementor-element-b78d7c7 elementor-widget elementor-widget-wd_text_block\" data-id=\"b78d7c7\" data-element_type=\"widget\" data-e-type=\"widget\" data-widget_type=\"wd_text_block.default\">\n\t\t\t\t<div class=\"elementor-widget-container\">\n\t\t\t\t\t\t\t<div class=\"wd-text-block reset-last-child text-left\">\n\t\t\t\n\t\t\t<div class=\"wpb_text_column wpb_content_element \"><div class=\"wpb_wrapper\"><p>En plus des activit\u00e9s de galerie, notre entreprise propose \u00e9galement depuis de nombreuses ann\u00e9es des locations et locations de tapis persans originaux. tapis et autres articles pour la production th\u00e9\u00e2trale, cin\u00e9matographique et m\u00e9diatique, et pour les organisateurs d'\u00e9v\u00e9nements tels que c\u00e9l\u00e9brations, vernissages, concerts, mariages, conf\u00e9rences... <\/p><p>Le transport, la livraison et la collecte des tapis, ainsi que leur organisation, sont une question d'accord, et nous pouvons nous occuper de tout.<\/p><\/div><\/div>\n\t\t\t\t\t<\/div>\n\t\t\t\t\t\t<\/div>\n\t\t\t\t<\/div>\n\t\t\t\t<div class=\"elementor-element elementor-element-37f46be elementor-widget elementor-widget-wd_text_block\" data-id=\"37f46be\" data-element_type=\"widget\" data-e-type=\"widget\" data-widget_type=\"wd_text_block.default\">\n\t\t\t\t<div class=\"elementor-widget-container\">\n\t\t\t\t\t\t\t<div class=\"wd-text-block reset-last-child text-left\">\n\t\t\t\n\t\t\t<div class=\"vc_empty_space\"><strong>PRIX DE LOCATION DE TAPIS<\/strong> :<\/div><div class=\"wpb_text_column wpb_content_element \"><div class=\"wpb_wrapper\"><p>Base (forfait) : 30,00 \u20ac par m\u00e8tre carr\u00e9 de moquette + 5 \u20ac par m\u00e8tre carr\u00e9 de moquette par jour<\/p><p><em>Exemple de calcul : louer un tapis de 4 m\/2 pour 3 jours revient \u00e0 : 120,00 \u20ac + 60,00 \u20ac : <strong>180,00 \u20ac + TVA<\/strong><\/em><\/p><\/div><\/div>\n\t\t\t\t\t<\/div>\n\t\t\t\t\t\t<\/div>\n\t\t\t\t<\/div>\n\t\t\t\t<\/div>\n\t\t<div class=\"elementor-element elementor-element-4581924 e-con-full e-flex e-con e-child\" data-id=\"4581924\" data-element_type=\"container\" data-e-type=\"container\">\n\t\t\t\t<div class=\"elementor-element elementor-element-dbb10e5 elementor-widget elementor-widget-wd_image_or_svg\" data-id=\"dbb10e5\" data-element_type=\"widget\" data-e-type=\"widget\" data-widget_type=\"wd_image_or_svg.default\">\n\t\t\t\t<div class=\"elementor-widget-container\">\n\t\t\t\t\t\n\t\t<div class=\"wd-image text-left\">\n\t\t\t\t\t\t\t\t<img loading=\"lazy\" decoding=\"async\" width=\"1400\" height=\"933\" src=\"https:\/\/www.perzijskepreproge.si\/wp-content\/uploads\/2025\/03\/a-patterned-rug-rests-on-the-flooring-beside-a-mir-2025-01-23-01-06-29-utc_2.jpg\" class=\"attachment-full size-full\" alt=\"Najem preprog, tepihov\" srcset=\"https:\/\/www.perzijskepreproge.si\/wp-content\/uploads\/2025\/03\/a-patterned-rug-rests-on-the-flooring-beside-a-mir-2025-01-23-01-06-29-utc_2.jpg 1400w, https:\/\/www.perzijskepreproge.si\/wp-content\/uploads\/2025\/03\/a-patterned-rug-rests-on-the-flooring-beside-a-mir-2025-01-23-01-06-29-utc_2-300x200.jpg 300w, https:\/\/www.perzijskepreproge.si\/wp-content\/uploads\/2025\/03\/a-patterned-rug-rests-on-the-flooring-beside-a-mir-2025-01-23-01-06-29-utc_2-1024x682.jpg 1024w, https:\/\/www.perzijskepreproge.si\/wp-content\/uploads\/2025\/03\/a-patterned-rug-rests-on-the-flooring-beside-a-mir-2025-01-23-01-06-29-utc_2-768x512.jpg 768w, https:\/\/www.perzijskepreproge.si\/wp-content\/uploads\/2025\/03\/a-patterned-rug-rests-on-the-flooring-beside-a-mir-2025-01-23-01-06-29-utc_2-450x300.jpg 450w, https:\/\/www.perzijskepreproge.si\/wp-content\/uploads\/2025\/03\/a-patterned-rug-rests-on-the-flooring-beside-a-mir-2025-01-23-01-06-29-utc_2-1200x800.jpg 1200w, https:\/\/www.perzijskepreproge.si\/wp-content\/uploads\/2025\/03\/a-patterned-rug-rests-on-the-flooring-beside-a-mir-2025-01-23-01-06-29-utc_2-150x100.jpg 150w\" sizes=\"auto, (max-width: 1400px) 100vw, 1400px\" \/>\t\t\t\t\t<\/div>\n\n\t\t\t\t\t\t<\/div>\n\t\t\t\t<\/div>\n\t\t\t\t<\/div>\n\t\t\t\t\t<\/div>\n\t\t\t\t<\/div>\n\t\t<div class=\"wd-negative-gap elementor-element elementor-element-00f3c4a e-flex e-con-boxed e-con e-parent\" data-id=\"00f3c4a\" data-element_type=\"container\" data-e-type=\"container\">\n\t\t\t\t\t<div class=\"e-con-inner\">\n\t\t<div class=\"elementor-element elementor-element-26ca739 e-con-full e-flex e-con e-child\" data-id=\"26ca739\" data-element_type=\"container\" data-e-type=\"container\">\n\t\t<div class=\"elementor-element elementor-element-9bd1197 e-con-full e-flex e-con e-child\" data-id=\"9bd1197\" data-element_type=\"container\" data-e-type=\"container\">\n\t\t\t\t<div class=\"elementor-element elementor-element-b850d60 elementor-widget elementor-widget-wd_image_or_svg\" data-id=\"b850d60\" data-element_type=\"widget\" data-e-type=\"widget\" data-widget_type=\"wd_image_or_svg.default\">\n\t\t\t\t<div class=\"elementor-widget-container\">\n\t\t\t\t\t\n\t\t<div class=\"wd-image text-left photoswipe-images\">\n\t\t\t\t\t\t\t<a  href=\"https:\/\/www.perzijskepreproge.si\/wp-content\/uploads\/2017\/03\/Zakir-Hussein.jpg\"data-width=\"1400\" data-height=\"933\" data-elementor-open-lightbox=\"no\" aria-label=\"Image link\">\n\t\t\t\t\t\t\t\t<img loading=\"lazy\" decoding=\"async\" width=\"1400\" height=\"933\" src=\"https:\/\/www.perzijskepreproge.si\/wp-content\/uploads\/2017\/03\/Zakir-Hussein.jpg\" class=\"attachment-full size-full\" alt=\"\" srcset=\"https:\/\/www.perzijskepreproge.si\/wp-content\/uploads\/2017\/03\/Zakir-Hussein.jpg 1400w, https:\/\/www.perzijskepreproge.si\/wp-content\/uploads\/2017\/03\/Zakir-Hussein-150x100.jpg 150w, https:\/\/www.perzijskepreproge.si\/wp-content\/uploads\/2017\/03\/Zakir-Hussein-1200x800.jpg 1200w, https:\/\/www.perzijskepreproge.si\/wp-content\/uploads\/2017\/03\/Zakir-Hussein-300x200.jpg 300w, https:\/\/www.perzijskepreproge.si\/wp-content\/uploads\/2017\/03\/Zakir-Hussein-768x512.jpg 768w, https:\/\/www.perzijskepreproge.si\/wp-content\/uploads\/2017\/03\/Zakir-Hussein-1024x682.jpg 1024w, https:\/\/www.perzijskepreproge.si\/wp-content\/uploads\/2017\/03\/Zakir-Hussein-900x600.jpg 900w, https:\/\/www.perzijskepreproge.si\/wp-content\/uploads\/2017\/03\/Zakir-Hussein-700x467.jpg 700w\" sizes=\"auto, (max-width: 1400px) 100vw, 1400px\" \/>\t\t\t\t\t\t\t<\/a>\n\t\t\t\t\t<\/div>\n\n\t\t\t\t\t\t<\/div>\n\t\t\t\t<\/div>\n\t\t\t\t<\/div>\n\t\t<div class=\"elementor-element elementor-element-7f26635 e-con-full e-flex e-con e-child\" data-id=\"7f26635\" data-element_type=\"container\" data-e-type=\"container\">\n\t\t\t\t<div class=\"elementor-element elementor-element-f4aa7b8 elementor-widget elementor-widget-wd_text_block\" data-id=\"f4aa7b8\" data-element_type=\"widget\" data-e-type=\"widget\" data-widget_type=\"wd_text_block.default\">\n\t\t\t\t<div class=\"elementor-widget-container\">\n\t\t\t\t\t\t\t<div class=\"wd-text-block reset-last-child text-left\">\n\t\t\t\n\t\t\t<p><em>M\u00eame Zakir Hussein, le ma\u00eetre du backgammon indien, voulait jouer sur des tapis persans.<\/em><\/p><p><em>Maribor, juillet 2012, Union Hall, photo : MP Produkcija<\/em><\/p>\n\t\t\t\t\t<\/div>\n\t\t\t\t\t\t<\/div>\n\t\t\t\t<\/div>\n\t\t\t\t<\/div>\n\t\t\t\t<\/div>\n\t\t\t\t\t<\/div>\n\t\t\t\t<\/div>\n\t\t<div class=\"wd-negative-gap elementor-element elementor-element-bd9fe18 e-flex e-con-boxed e-con e-parent\" data-id=\"bd9fe18\" data-element_type=\"container\" data-e-type=\"container\" data-settings=\"{&quot;background_background&quot;:&quot;classic&quot;}\">\n\t\t\t\t\t<div class=\"e-con-inner\">\n\t\t<div class=\"elementor-element elementor-element-604586a e-con-full e-flex e-con e-child\" data-id=\"604586a\" data-element_type=\"container\" data-e-type=\"container\">\n\t\t\t\t<div class=\"elementor-element elementor-element-1e5c978 wd-width-100 elementor-widget elementor-widget-wd_title\" data-id=\"1e5c978\" data-element_type=\"widget\" data-e-type=\"widget\" data-widget_type=\"wd_title.default\">\n\t\t\t\t<div class=\"elementor-widget-container\">\n\t\t\t\t\t\t\t<div class=\"title-wrapper wd-set-mb reset-last-child wd-title-color-default wd-title-style-default wd-title-size-large text-left\">\n\n\t\t\t\n\t\t\t<div class=\"liner-continer\">\n\t\t\t\t<h4 class=\"woodmart-title-container title wd-fontsize-xxl\">Vous souhaitez louer des tapis persans originaux ? des tapis pour votre \u00e9v\u00e9nement, spectacle...? <\/h4> \n\t\t\t\t\t\t\t<\/div>\n\n\t\t\t\t\t<\/div>\n\t\t\t\t\t\t<\/div>\n\t\t\t\t<\/div>\n\t\t\t\t<\/div>\n\t\t<div class=\"elementor-element elementor-element-3000d09 e-con-full e-flex e-con e-child\" data-id=\"3000d09\" data-element_type=\"container\" data-e-type=\"container\">\n\t\t\t\t<div class=\"elementor-element elementor-element-6c34a48 elementor-position-left bdt-global-link-yes bdt-icon-type-icon elementor-vertical-align-top bdt-icon-effect-none elementor-widget elementor-widget-bdt-advanced-icon-box\" data-id=\"6c34a48\" data-element_type=\"widget\" data-e-type=\"widget\" data-widget_type=\"bdt-advanced-icon-box.default\">\n\t\t\t\t<div class=\"elementor-widget-container\">\n\t\t\t\t\t\t\t<div class=\"bdt-ep-advanced-icon-box\" onclick=\"window.open(&#039;tel:+38659191410&#039;, &#039;_self&#039;)\">\n\n\t\t\t\t\t\t\t\n\t\t\t\t\t<div class=\"bdt-ep-advanced-icon-box-icon\">\n\t\t\t\t<span class=\"bdt-ep-advanced-icon-box-icon-wrap\">\n\n\n\t\t\t\t\t\n\t\t\t\t\t\t<i aria-hidden=\"true\" class=\" icon_chat_alt\"><\/i>\n\n\t\t\t\t\t\t\t\t\t<\/span>\n\t\t\t<\/div>\n\t\t\n\t\t\t\t\n\t\t\t<div class=\"bdt-ep-advanced-icon-box-content\">\n\n\t\t\t\t\t\t\t\t\t\t\t<h3 class=\"bdt-ep-advanced-icon-box-title ep-title-\">\n\t\t\t<span >\n\t\t\t\tDemandez-nous\t\t\t<\/span>\n\t\t<\/h3>\n\t\t\t\t\t\t\n\t\t\t\t\n\t\t\t\t\t\t\t\t\t<div class=\"bdt-ep-advanced-icon-box-description\">\n\t\t\t\t\t\t<p>+386 59 191 410<\/p>\t\t\t\t\t<\/div>\n\t\t\t\t\n\t\t\t\t\t\t\t<\/div>\n\t\t<\/div>\n\n\t\t\n\t\t\n\t\t\t\t<\/div>\n\t\t\t\t<\/div>\n\t\t\t\t<\/div>\n\t\t<div class=\"elementor-element elementor-element-2623c2f e-con-full e-flex e-con e-child\" data-id=\"2623c2f\" data-element_type=\"container\" data-e-type=\"container\">\n\t\t\t\t<div class=\"elementor-element elementor-element-aed94bc elementor-position-left bdt-global-link-yes bdt-icon-type-icon elementor-vertical-align-top bdt-icon-effect-none elementor-widget elementor-widget-bdt-advanced-icon-box\" data-id=\"aed94bc\" data-element_type=\"widget\" data-e-type=\"widget\" data-widget_type=\"bdt-advanced-icon-box.default\">\n\t\t\t\t<div class=\"elementor-widget-container\">\n\t\t\t\t\t\t\t<div class=\"bdt-ep-advanced-icon-box\" onclick=\"window.open(&#039;https:\/\/maps.app.goo.gl\/iqXnkWaDzKjivmJV9&#039;, &#039;_blank&#039;)\">\n\n\t\t\t\t\t\t\t\n\t\t\t\t\t<div class=\"bdt-ep-advanced-icon-box-icon\">\n\t\t\t\t<span class=\"bdt-ep-advanced-icon-box-icon-wrap\">\n\n\n\t\t\t\t\t\n\t\t\t\t\t\t<i aria-hidden=\"true\" class=\" las la-map-marked-alt\"><\/i>\n\n\t\t\t\t\t\t\t\t\t<\/span>\n\t\t\t<\/div>\n\t\t\n\t\t\t\t\n\t\t\t<div class=\"bdt-ep-advanced-icon-box-content\">\n\n\t\t\t\t\t\t\t\t\t\t\t<h3 class=\"bdt-ep-advanced-icon-box-title ep-title-\">\n\t\t\t<span >\n\t\t\t\tO\u00f9 sommes-nous?\t\t\t<\/span>\n\t\t<\/h3>\n\t\t\t\t\t\t\n\t\t\t\t\n\t\t\t\t\t\t\t\t\t<div class=\"bdt-ep-advanced-icon-box-description\">\n\t\t\t\t\t\t<p>Gornji trg 4, Ljubljana<\/p>\t\t\t\t\t<\/div>\n\t\t\t\t\n\t\t\t\t\t\t\t<\/div>\n\t\t<\/div>\n\n\t\t\n\t\t\n\t\t\t\t<\/div>\n\t\t\t\t<\/div>\n\t\t\t\t<\/div>\n\t\t\t\t\t<\/div>\n\t\t\t\t<\/div>\n\t\t<div class=\"wd-negative-gap elementor-element elementor-element-1857cae e-flex e-con-boxed e-con e-parent\" data-id=\"1857cae\" data-element_type=\"container\" data-e-type=\"container\" data-settings=\"{&quot;background_background&quot;:&quot;classic&quot;}\">\n\t\t\t\t\t<div class=\"e-con-inner\">\n\t\t<div class=\"elementor-element elementor-element-64ad817 e-con-full e-flex e-con e-child\" data-id=\"64ad817\" data-element_type=\"container\" data-e-type=\"container\" data-settings=\"{&quot;background_background&quot;:&quot;classic&quot;}\">\n\t\t\t\t<div class=\"elementor-element elementor-element-6a7f282 wd-width-100 elementor-widget elementor-widget-wd_title\" data-id=\"6a7f282\" data-element_type=\"widget\" data-e-type=\"widget\" data-widget_type=\"wd_title.default\">\n\t\t\t\t<div class=\"elementor-widget-container\">\n\t\t\t\t\t\t\t<div class=\"title-wrapper wd-set-mb reset-last-child wd-title-color-white wd-title-style-default wd-title-size-large text-left\">\n\n\t\t\t\n\t\t\t<div class=\"liner-continer\">\n\t\t\t\t<h4 class=\"woodmart-title-container title wd-fontsize-xxl\">Galerie FARZAD<\/h4> \n\t\t\t\t\t\t\t<\/div>\n\n\t\t\t\t\t\t\t<div class=\"title-after_title reset-last-child wd-fontsize-s\">\n\t\t\t\t\t<p>La Galerie FARZAD est une galerie sp\u00e9cialis\u00e9e, un studio de restauration et un magasin de tapis persans uniques, de qualit\u00e9 sup\u00e9rieure, nou\u00e9s \u00e0 la main.<\/p>\t\t\t\t<\/div>\n\t\t\t\t\t<\/div>\n\t\t\t\t\t\t<\/div>\n\t\t\t\t<\/div>\n\t\t\t\t<\/div>\n\t\t\t\t\t<\/div>\n\t\t\t\t<\/div>\n\t\t\t\t<\/div>\n\t\t","protected":false},"excerpt":{"rendered":"<p>Location de tapis et moquettes En plus des activit\u00e9s de galerie, notre entreprise propose \u00e9galement depuis de nombreuses ann\u00e9es des<\/p>\n","protected":false},"author":2,"featured_media":0,"parent":25038,"menu_order":0,"comment_status":"closed","ping_status":"closed","template":"","meta":{"iawp_total_views":2,"footnotes":""},"class_list":["post-25010","page","type-page","status-publish","hentry"],"yoast_head":"<!-- This site is optimized with the Yoast SEO plugin v27.3 - https:\/\/yoast.com\/product\/yoast-seo-wordpress\/ -->\n<title>Location de tapis et moquettes - Perzijske preproge Farzad<\/title>\n<meta name=\"robots\" content=\"index, follow, max-snippet:-1, max-image-preview:large, max-video-preview:-1\" \/>\n<link rel=\"canonical\" href=\"https:\/\/www.perzijskepreproge.si\/fr\/services\/location-de-tapis-et-moquettes\/\" \/>\n<meta property=\"og:locale\" content=\"fr_FR\" \/>\n<meta property=\"og:type\" content=\"article\" \/>\n<meta property=\"og:title\" content=\"Location de tapis et moquettes - Perzijske preproge Farzad\" \/>\n<meta property=\"og:description\" content=\"Location de tapis et moquettes En plus des activit\u00e9s de galerie, notre entreprise propose \u00e9galement depuis de nombreuses ann\u00e9es des\" \/>\n<meta property=\"og:url\" content=\"https:\/\/www.perzijskepreproge.si\/fr\/services\/location-de-tapis-et-moquettes\/\" \/>\n<meta property=\"og:site_name\" content=\"Perzijske preproge Farzad\" \/>\n<meta property=\"article:modified_time\" content=\"2025-05-07T08:26:55+00:00\" \/>\n<meta property=\"og:image\" content=\"https:\/\/www.perzijskepreproge.si\/wp-content\/uploads\/2025\/03\/a-patterned-rug-rests-on-the-flooring-beside-a-mir-2025-01-23-01-06-29-utc_2.jpg\" \/>\n<meta name=\"twitter:card\" content=\"summary_large_image\" \/>\n<meta name=\"twitter:label1\" content=\"Dur\u00e9e de lecture estim\u00e9e\" \/>\n\t<meta name=\"twitter:data1\" content=\"2 minutes\" \/>\n<script type=\"application\/ld+json\" class=\"yoast-schema-graph\">{\"@context\":\"https:\\\/\\\/schema.org\",\"@graph\":[{\"@type\":\"WebPage\",\"@id\":\"https:\\\/\\\/www.perzijskepreproge.si\\\/fr\\\/services\\\/location-de-tapis-et-moquettes\\\/\",\"url\":\"https:\\\/\\\/www.perzijskepreproge.si\\\/fr\\\/services\\\/location-de-tapis-et-moquettes\\\/\",\"name\":\"Location de tapis et moquettes - Perzijske preproge Farzad\",\"isPartOf\":{\"@id\":\"https:\\\/\\\/www.perzijskepreproge.si\\\/fr\\\/#website\"},\"primaryImageOfPage\":{\"@id\":\"https:\\\/\\\/www.perzijskepreproge.si\\\/fr\\\/services\\\/location-de-tapis-et-moquettes\\\/#primaryimage\"},\"image\":{\"@id\":\"https:\\\/\\\/www.perzijskepreproge.si\\\/fr\\\/services\\\/location-de-tapis-et-moquettes\\\/#primaryimage\"},\"thumbnailUrl\":\"https:\\\/\\\/www.perzijskepreproge.si\\\/wp-content\\\/uploads\\\/2025\\\/03\\\/a-patterned-rug-rests-on-the-flooring-beside-a-mir-2025-01-23-01-06-29-utc_2.jpg\",\"datePublished\":\"2017-03-07T14:33:55+00:00\",\"dateModified\":\"2025-05-07T08:26:55+00:00\",\"breadcrumb\":{\"@id\":\"https:\\\/\\\/www.perzijskepreproge.si\\\/fr\\\/services\\\/location-de-tapis-et-moquettes\\\/#breadcrumb\"},\"inLanguage\":\"fr-FR\",\"potentialAction\":[{\"@type\":\"ReadAction\",\"target\":[\"https:\\\/\\\/www.perzijskepreproge.si\\\/fr\\\/services\\\/location-de-tapis-et-moquettes\\\/\"]}]},{\"@type\":\"ImageObject\",\"inLanguage\":\"fr-FR\",\"@id\":\"https:\\\/\\\/www.perzijskepreproge.si\\\/fr\\\/services\\\/location-de-tapis-et-moquettes\\\/#primaryimage\",\"url\":\"https:\\\/\\\/www.perzijskepreproge.si\\\/wp-content\\\/uploads\\\/2025\\\/03\\\/a-patterned-rug-rests-on-the-flooring-beside-a-mir-2025-01-23-01-06-29-utc_2.jpg\",\"contentUrl\":\"https:\\\/\\\/www.perzijskepreproge.si\\\/wp-content\\\/uploads\\\/2025\\\/03\\\/a-patterned-rug-rests-on-the-flooring-beside-a-mir-2025-01-23-01-06-29-utc_2.jpg\"},{\"@type\":\"BreadcrumbList\",\"@id\":\"https:\\\/\\\/www.perzijskepreproge.si\\\/fr\\\/services\\\/location-de-tapis-et-moquettes\\\/#breadcrumb\",\"itemListElement\":[{\"@type\":\"ListItem\",\"position\":1,\"name\":\"Maison\",\"item\":\"https:\\\/\\\/www.perzijskepreproge.si\\\/fr\\\/\"},{\"@type\":\"ListItem\",\"position\":2,\"name\":\"Services\",\"item\":\"https:\\\/\\\/www.perzijskepreproge.si\\\/fr\\\/storitve\\\/\"},{\"@type\":\"ListItem\",\"position\":3,\"name\":\"Location de tapis et moquettes\"}]},{\"@type\":\"WebSite\",\"@id\":\"https:\\\/\\\/www.perzijskepreproge.si\\\/fr\\\/#website\",\"url\":\"https:\\\/\\\/www.perzijskepreproge.si\\\/fr\\\/\",\"name\":\"Perzijske preproge Farzad\",\"description\":\"Perzijske preproge,  preprog in \u010di\u0161\u010denje preprog\",\"potentialAction\":[{\"@type\":\"SearchAction\",\"target\":{\"@type\":\"EntryPoint\",\"urlTemplate\":\"https:\\\/\\\/www.perzijskepreproge.si\\\/fr\\\/?s={search_term_string}\"},\"query-input\":{\"@type\":\"PropertyValueSpecification\",\"valueRequired\":true,\"valueName\":\"search_term_string\"}}],\"inLanguage\":\"fr-FR\"}]}<\/script>\n<!-- \/ Yoast SEO plugin. -->","yoast_head_json":{"title":"Location de tapis et moquettes - Perzijske preproge Farzad","robots":{"index":"index","follow":"follow","max-snippet":"max-snippet:-1","max-image-preview":"max-image-preview:large","max-video-preview":"max-video-preview:-1"},"canonical":"https:\/\/www.perzijskepreproge.si\/fr\/services\/location-de-tapis-et-moquettes\/","og_locale":"fr_FR","og_type":"article","og_title":"Location de tapis et moquettes - Perzijske preproge Farzad","og_description":"Location de tapis et moquettes En plus des activit\u00e9s de galerie, notre entreprise propose \u00e9galement depuis de nombreuses ann\u00e9es des","og_url":"https:\/\/www.perzijskepreproge.si\/fr\/services\/location-de-tapis-et-moquettes\/","og_site_name":"Perzijske preproge Farzad","article_modified_time":"2025-05-07T08:26:55+00:00","og_image":[{"url":"https:\/\/www.perzijskepreproge.si\/wp-content\/uploads\/2025\/03\/a-patterned-rug-rests-on-the-flooring-beside-a-mir-2025-01-23-01-06-29-utc_2.jpg","type":"","width":"","height":""}],"twitter_card":"summary_large_image","twitter_misc":{"Dur\u00e9e de lecture estim\u00e9e":"2 minutes"},"schema":{"@context":"https:\/\/schema.org","@graph":[{"@type":"WebPage","@id":"https:\/\/www.perzijskepreproge.si\/fr\/services\/location-de-tapis-et-moquettes\/","url":"https:\/\/www.perzijskepreproge.si\/fr\/services\/location-de-tapis-et-moquettes\/","name":"Location de tapis et moquettes - Perzijske preproge Farzad","isPartOf":{"@id":"https:\/\/www.perzijskepreproge.si\/fr\/#website"},"primaryImageOfPage":{"@id":"https:\/\/www.perzijskepreproge.si\/fr\/services\/location-de-tapis-et-moquettes\/#primaryimage"},"image":{"@id":"https:\/\/www.perzijskepreproge.si\/fr\/services\/location-de-tapis-et-moquettes\/#primaryimage"},"thumbnailUrl":"https:\/\/www.perzijskepreproge.si\/wp-content\/uploads\/2025\/03\/a-patterned-rug-rests-on-the-flooring-beside-a-mir-2025-01-23-01-06-29-utc_2.jpg","datePublished":"2017-03-07T14:33:55+00:00","dateModified":"2025-05-07T08:26:55+00:00","breadcrumb":{"@id":"https:\/\/www.perzijskepreproge.si\/fr\/services\/location-de-tapis-et-moquettes\/#breadcrumb"},"inLanguage":"fr-FR","potentialAction":[{"@type":"ReadAction","target":["https:\/\/www.perzijskepreproge.si\/fr\/services\/location-de-tapis-et-moquettes\/"]}]},{"@type":"ImageObject","inLanguage":"fr-FR","@id":"https:\/\/www.perzijskepreproge.si\/fr\/services\/location-de-tapis-et-moquettes\/#primaryimage","url":"https:\/\/www.perzijskepreproge.si\/wp-content\/uploads\/2025\/03\/a-patterned-rug-rests-on-the-flooring-beside-a-mir-2025-01-23-01-06-29-utc_2.jpg","contentUrl":"https:\/\/www.perzijskepreproge.si\/wp-content\/uploads\/2025\/03\/a-patterned-rug-rests-on-the-flooring-beside-a-mir-2025-01-23-01-06-29-utc_2.jpg"},{"@type":"BreadcrumbList","@id":"https:\/\/www.perzijskepreproge.si\/fr\/services\/location-de-tapis-et-moquettes\/#breadcrumb","itemListElement":[{"@type":"ListItem","position":1,"name":"Maison","item":"https:\/\/www.perzijskepreproge.si\/fr\/"},{"@type":"ListItem","position":2,"name":"Services","item":"https:\/\/www.perzijskepreproge.si\/fr\/storitve\/"},{"@type":"ListItem","position":3,"name":"Location de tapis et moquettes"}]},{"@type":"WebSite","@id":"https:\/\/www.perzijskepreproge.si\/fr\/#website","url":"https:\/\/www.perzijskepreproge.si\/fr\/","name":"Perzijske preproge Farzad","description":"Perzijske preproge,  preprog in \u010di\u0161\u010denje preprog","potentialAction":[{"@type":"SearchAction","target":{"@type":"EntryPoint","urlTemplate":"https:\/\/www.perzijskepreproge.si\/fr\/?s={search_term_string}"},"query-input":{"@type":"PropertyValueSpecification","valueRequired":true,"valueName":"search_term_string"}}],"inLanguage":"fr-FR"}]}},"_links":{"self":[{"href":"https:\/\/www.perzijskepreproge.si\/fr\/wp-json\/wp\/v2\/pages\/25010","targetHints":{"allow":["GET"]}}],"collection":[{"href":"https:\/\/www.perzijskepreproge.si\/fr\/wp-json\/wp\/v2\/pages"}],"about":[{"href":"https:\/\/www.perzijskepreproge.si\/fr\/wp-json\/wp\/v2\/types\/page"}],"author":[{"embeddable":true,"href":"https:\/\/www.perzijskepreproge.si\/fr\/wp-json\/wp\/v2\/users\/2"}],"replies":[{"embeddable":true,"href":"https:\/\/www.perzijskepreproge.si\/fr\/wp-json\/wp\/v2\/comments?post=25010"}],"version-history":[{"count":4,"href":"https:\/\/www.perzijskepreproge.si\/fr\/wp-json\/wp\/v2\/pages\/25010\/revisions"}],"predecessor-version":[{"id":26087,"href":"https:\/\/www.perzijskepreproge.si\/fr\/wp-json\/wp\/v2\/pages\/25010\/revisions\/26087"}],"up":[{"embeddable":true,"href":"https:\/\/www.perzijskepreproge.si\/fr\/wp-json\/wp\/v2\/pages\/25038"}],"wp:attachment":[{"href":"https:\/\/www.perzijskepreproge.si\/fr\/wp-json\/wp\/v2\/media?parent=25010"}],"curies":[{"name":"wp","href":"https:\/\/api.w.org\/{rel}","templated":true}]}}