{"id":25316,"date":"2020-01-24T15:25:44","date_gmt":"2020-01-24T14:25:44","guid":{"rendered":"https:\/\/www.perzijskepreproge.si\/services\/sterilisation-des-tapis\/"},"modified":"2025-05-07T10:05:09","modified_gmt":"2025-05-07T08:05:09","slug":"sterilisation-des-tapis","status":"publish","type":"page","link":"https:\/\/www.perzijskepreproge.si\/fr\/services\/sterilisation-des-tapis\/","title":{"rendered":"St\u00e9rilisation des tapis"},"content":{"rendered":"\t\t<div data-elementor-type=\"wp-page\" data-elementor-id=\"25316\" class=\"elementor elementor-25316 elementor-17423\" data-elementor-post-type=\"page\">\n\t\t\t\t<div class=\"wd-negative-gap elementor-element elementor-element-25184df e-flex e-con-boxed e-con e-parent\" data-id=\"25184df\" data-element_type=\"container\" data-e-type=\"container\">\n\t\t\t\t\t<div class=\"e-con-inner\">\n\t\t\t\t<div class=\"elementor-element elementor-element-0b22bce wd-width-100 elementor-widget elementor-widget-wd_title\" data-id=\"0b22bce\" data-element_type=\"widget\" data-e-type=\"widget\" data-widget_type=\"wd_title.default\">\n\t\t\t\t<div class=\"elementor-widget-container\">\n\t\t\t\t\t\t\t<div class=\"title-wrapper wd-set-mb reset-last-child wd-title-color-default wd-title-style-default wd-title-size-large text-left\">\n\n\t\t\t\n\t\t\t<div class=\"liner-continer\">\n\t\t\t\t<h1 class=\"woodmart-title-container title wd-fontsize-xxl\">St\u00e9rilisation des tapis<\/h1> \n\t\t\t\t\t\t\t<\/div>\n\n\t\t\t\t\t<\/div>\n\t\t\t\t\t\t<\/div>\n\t\t\t\t<\/div>\n\t\t\t\t\t<\/div>\n\t\t\t\t<\/div>\n\t\t<div class=\"wd-negative-gap elementor-element elementor-element-2128032 e-flex e-con-boxed e-con e-parent\" data-id=\"2128032\" data-element_type=\"container\" data-e-type=\"container\">\n\t\t\t\t\t<div class=\"e-con-inner\">\n\t\t<div class=\"elementor-element elementor-element-aeca046 e-con-full e-flex e-con e-child\" data-id=\"aeca046\" data-element_type=\"container\" data-e-type=\"container\">\n\t\t\t\t<div class=\"elementor-element elementor-element-791289e elementor-widget elementor-widget-wd_text_block\" data-id=\"791289e\" data-element_type=\"widget\" data-e-type=\"widget\" data-widget_type=\"wd_text_block.default\">\n\t\t\t\t<div class=\"elementor-widget-container\">\n\t\t\t\t\t\t\t<div class=\"wd-text-block reset-last-child text-left\">\n\t\t\t\n\t\t\t<p>En collaboration avec ZVKDS - Centre de Conservation - nous r\u00e9alisons \u00e9galement la st\u00e9rilisation ANOXI des tapis (mites ou \u0153ufs, larves, chenilles de mites dans les tapis), qui est la seule m\u00e9thode 100% fiable pour la destruction compl\u00e8te des mites dans les tapis. Le tapis est plac\u00e9 dans une chambre qui est d\u00e9barrass\u00e9e de son oxyg\u00e8ne et progressivement remplie d'azote gazeux, un processus qui prend environ 6 semaines. <\/p><p><strong>Programme d'intervention :  <\/strong><\/p><ul><li>fabrication d'une chambre souple \u00e0 partir d'un mat\u00e9riau \u00e9tanche aux gaz<\/li><li>placer les objets dans la chambre et sceller<\/li><li>cr\u00e9er une atmosph\u00e8re ANOXI en ajoutant du gaz<\/li><li>mesures et contr\u00f4les en temps r\u00e9el<\/li><li>ravitaillement et maintien de la concentration en gaz (minimum 42 jours)<\/li><\/ul>\n\t\t\t\t\t<\/div>\n\t\t\t\t\t\t<\/div>\n\t\t\t\t<\/div>\n\t\t\t\t<div class=\"elementor-element elementor-element-b0e9c4c elementor-position-left bdt-global-link-yes bdt-icon-type-icon bdt-icon-effect-none elementor-widget elementor-widget-bdt-advanced-icon-box\" data-id=\"b0e9c4c\" data-element_type=\"widget\" data-e-type=\"widget\" data-widget_type=\"bdt-advanced-icon-box.default\">\n\t\t\t\t<div class=\"elementor-widget-container\">\n\t\t\t\t\t\t\t<div class=\"bdt-ep-advanced-icon-box\" onclick=\"window.open(&#039;tel:+38659191410&#039;, &#039;_self&#039;)\">\n\n\t\t\t\n\t\t\t<div class=\"bdt-ep-advanced-icon-box-content\">\n\n\t\t\t\t\t\t\t\t\t\t\t<div class=\"bdt-ep-advanced-icon-box-icon-heading bdt-flex bdt-flex-middle\">\n\n\t\t\t\n\t\t\t\t\t<div class=\"bdt-ep-advanced-icon-box-icon\">\n\t\t\t\t<span class=\"bdt-ep-advanced-icon-box-icon-wrap\">\n\n\n\t\t\t\t\t\n\t\t\t\t\t\t<i aria-hidden=\"true\" class=\" la la-volume-control-phone\"><\/i>\n\n\t\t\t\t\t\t\t\t\t<\/span>\n\t\t\t<\/div>\n\t\t\n\t\n\t\t\t<div class=\"bdt-icon-box-title-wrapper\">\n\t\t\t\t\t\t<h3 class=\"bdt-ep-advanced-icon-box-title ep-title-\">\n\t\t\t<span >\n\t\t\t\tAppelez-nous au +386 59 191 410\t\t\t<\/span>\n\t\t<\/h3>\n\t\t\t\t\t\t\t\t\t<\/div>\n\t\t<\/div>\n\t\t\t\t\t\n\t\t\t\t\n\t\t\t\t\n\t\t\t\t\t\t\t<\/div>\n\t\t<\/div>\n\n\t\t\n\t\t\n\t\t\t\t<\/div>\n\t\t\t\t<\/div>\n\t\t\t\t<\/div>\n\t\t<div class=\"elementor-element elementor-element-d8d6062 e-con-full e-flex e-con e-child\" data-id=\"d8d6062\" data-element_type=\"container\" data-e-type=\"container\">\n\t\t\t\t<div class=\"elementor-element elementor-element-6122ca1 elementor-widget elementor-widget-wd_image_or_svg\" data-id=\"6122ca1\" data-element_type=\"widget\" data-e-type=\"widget\" data-widget_type=\"wd_image_or_svg.default\">\n\t\t\t\t<div class=\"elementor-widget-container\">\n\t\t\t\t\t\n\t\t<div class=\"wd-image text-left\">\n\t\t\t\t\t\t\t\t<img loading=\"lazy\" decoding=\"async\" width=\"800\" height=\"603\" src=\"https:\/\/www.perzijskepreproge.si\/wp-content\/uploads\/2025\/03\/sterilizacija-preprog-galerija-farzad.jpg\" class=\"attachment-full size-full\" alt=\"\" srcset=\"https:\/\/www.perzijskepreproge.si\/wp-content\/uploads\/2025\/03\/sterilizacija-preprog-galerija-farzad.jpg 800w, https:\/\/www.perzijskepreproge.si\/wp-content\/uploads\/2025\/03\/sterilizacija-preprog-galerija-farzad-300x226.jpg 300w, https:\/\/www.perzijskepreproge.si\/wp-content\/uploads\/2025\/03\/sterilizacija-preprog-galerija-farzad-768x579.jpg 768w, https:\/\/www.perzijskepreproge.si\/wp-content\/uploads\/2025\/03\/sterilizacija-preprog-galerija-farzad-450x339.jpg 450w, https:\/\/www.perzijskepreproge.si\/wp-content\/uploads\/2025\/03\/sterilizacija-preprog-galerija-farzad-150x113.jpg 150w\" sizes=\"auto, (max-width: 800px) 100vw, 800px\" \/>\t\t\t\t\t<\/div>\n\n\t\t\t\t\t\t<\/div>\n\t\t\t\t<\/div>\n\t\t\t\t<\/div>\n\t\t\t\t\t<\/div>\n\t\t\t\t<\/div>\n\t\t<div class=\"elementor-element elementor-element-6800476 e-flex e-con-boxed e-con e-parent\" data-id=\"6800476\" data-element_type=\"container\" data-e-type=\"container\">\n\t\t\t\t\t<div class=\"e-con-inner\">\n\t\t<div class=\"elementor-element elementor-element-c49f90c e-con-full e-flex e-con e-child\" data-id=\"c49f90c\" data-element_type=\"container\" data-e-type=\"container\">\n\t\t<div class=\"elementor-element elementor-element-22acc11 e-con-full e-flex e-con e-child\" data-id=\"22acc11\" data-element_type=\"container\" data-e-type=\"container\">\n\t\t\t\t<div class=\"elementor-element elementor-element-b2e348a wd-width-100 elementor-widget elementor-widget-wd_title\" data-id=\"b2e348a\" data-element_type=\"widget\" data-e-type=\"widget\" data-widget_type=\"wd_title.default\">\n\t\t\t\t<div class=\"elementor-widget-container\">\n\t\t\t\t\t\t\t<div class=\"title-wrapper wd-set-mb reset-last-child wd-title-color-default wd-title-style-default wd-title-size-large text-left\">\n\n\t\t\t\n\t\t\t<div class=\"liner-continer\">\n\t\t\t\t<h4 class=\"woodmart-title-container title wd-fontsize-xxl\">LISTE DE PRIX<\/h4> \n\t\t\t\t\t\t\t<\/div>\n\n\t\t\t\t\t<\/div>\n\t\t\t\t\t\t<\/div>\n\t\t\t\t<\/div>\n\t\t\t\t<div class=\"elementor-element elementor-element-410b2da wd-width-100 elementor-widget elementor-widget-wd_title\" data-id=\"410b2da\" data-element_type=\"widget\" data-e-type=\"widget\" data-widget_type=\"wd_title.default\">\n\t\t\t\t<div class=\"elementor-widget-container\">\n\t\t\t\t\t\t\t<div class=\"title-wrapper wd-set-mb reset-last-child wd-title-color-default wd-title-style-default wd-title-size-medium text-left\">\n\n\t\t\t\n\t\t\t<div class=\"liner-continer\">\n\t\t\t\t<h4 class=\"woodmart-title-container title wd-fontsize-xl\">St\u00e9rilisation des tapis :<\/h4> \n\t\t\t\t\t\t\t<\/div>\n\n\t\t\t\t\t<\/div>\n\t\t\t\t\t\t<\/div>\n\t\t\t\t<\/div>\n\t\t\t\t<div class=\"elementor-element elementor-element-8ce644f elementor-widget elementor-widget-bdt-price-list\" data-id=\"8ce644f\" data-element_type=\"widget\" data-e-type=\"widget\" data-settings=\"{&quot;image_hide_on&quot;:[&quot;mobile&quot;]}\" data-widget_type=\"bdt-price-list.default\">\n\t\t\t\t<div class=\"elementor-widget-container\">\n\t\t\t\t\t\t\t\t\t<ul class=\"bdt-price-list\">\n\n\t\t\t\t\t\t\t<li class=\"bdt-price-list-item\">\n\t\t\t\t\t\t\t\t\t<div class=\"bdt-grid bdt-grid-collapse bdt-flex-middle \" onclick=\"window.open(&#039;#&#039;, &#039;_self&#039;)\" bdt-grid>\n\n\t\t\t\t\n\t\t\t\t\t\t<div class=\"bdt-price-list-text bdt-width-expand\">\n\t\t\t\t\t\t\t<div>\n\t\t\t\t\t\t\t\t<div class=\"bdt-price-list-header bdt-grid bdt-grid-small bdt-flex-middle\" bdt-grid>\n\t\t\t\t\t\t\t\t\t<span class=\"bdt-price-list-title\">\n\t\t\t\t\t\t\t\t\t\t1\/2 m\u00b3\t\t\t\t\t\t\t\t\t<\/span>\n\n\t\t\t\t\t\t\t\t\t<span class=\"bdt-price-list-separator bdt-width-expand\"><\/span>\n\n\t\t\t\t\t\t\t\t<\/div>\n\n\t\t\t\t\t\t\t\t\t\t\t\t\t\t\t<\/div>\n\t\t\t\t\t\t<\/div>\n\t\t\t\t\t\t<div class=\"bdt-width-auto bdt-flex-inline bdt-flex-middle\">\n\t\t\t\t\t\t\t\t\t\t\t\t\t\t<span class=\"bdt-price-list-price bdt-flex bdt-flex-middle bdt-flex-center\">\n\t\t\t\t\t\t\t\t150 euros\t\t\t\t\t\t\t<\/span>\n\t\t\t\t\t\t<\/div>\n\n\t\t\t\t\t\t\n\t\t\t\t\t\t<\/div><\/li>\n\t\t\t\t\t\t\t<li class=\"bdt-price-list-item\">\n\t\t\t\t\t\t\t\t\t<div class=\"bdt-grid bdt-grid-collapse bdt-flex-middle \" onclick=\"window.open(&#039;#&#039;, &#039;_self&#039;)\" bdt-grid>\n\n\t\t\t\t\n\t\t\t\t\t\t<div class=\"bdt-price-list-text bdt-width-expand\">\n\t\t\t\t\t\t\t<div>\n\t\t\t\t\t\t\t\t<div class=\"bdt-price-list-header bdt-grid bdt-grid-small bdt-flex-middle\" bdt-grid>\n\t\t\t\t\t\t\t\t\t<span class=\"bdt-price-list-title\">\n\t\t\t\t\t\t\t\t\t\t1 m\u00b3\t\t\t\t\t\t\t\t\t<\/span>\n\n\t\t\t\t\t\t\t\t\t<span class=\"bdt-price-list-separator bdt-width-expand\"><\/span>\n\n\t\t\t\t\t\t\t\t<\/div>\n\n\t\t\t\t\t\t\t\t\t\t\t\t\t\t\t<\/div>\n\t\t\t\t\t\t<\/div>\n\t\t\t\t\t\t<div class=\"bdt-width-auto bdt-flex-inline bdt-flex-middle\">\n\t\t\t\t\t\t\t\t\t\t\t\t\t\t<span class=\"bdt-price-list-price bdt-flex bdt-flex-middle bdt-flex-center\">\n\t\t\t\t\t\t\t\t300 euros\t\t\t\t\t\t\t<\/span>\n\t\t\t\t\t\t<\/div>\n\n\t\t\t\t\t\t\n\t\t\t\t\t\t<\/div><\/li>\n\t\t\t\t\t\n\t\t\t\t<\/ul>\n\t\t\t\t\t\t\t\t<\/div>\n\t\t\t\t<\/div>\n\t\t\t\t<div class=\"elementor-element elementor-element-2a6a9e9 elementor-widget elementor-widget-wd_text_block\" data-id=\"2a6a9e9\" data-element_type=\"widget\" data-e-type=\"widget\" data-widget_type=\"wd_text_block.default\">\n\t\t\t\t<div class=\"elementor-widget-container\">\n\t\t\t\t\t\t\t<div class=\"wd-text-block reset-last-child text-left\">\n\t\t\t\n\t\t\t<p><em>* les prix n'incluent pas la TVA de 22%<\/em><\/p>\n\t\t\t\t\t<\/div>\n\t\t\t\t\t\t<\/div>\n\t\t\t\t<\/div>\n\t\t\t\t<\/div>\n\t\t\t\t<\/div>\n\t\t\t\t\t<\/div>\n\t\t\t\t<\/div>\n\t\t<div class=\"wd-negative-gap elementor-element elementor-element-b4e91ed e-flex e-con-boxed e-con e-parent\" data-id=\"b4e91ed\" data-element_type=\"container\" data-e-type=\"container\" data-settings=\"{&quot;background_background&quot;:&quot;classic&quot;}\">\n\t\t\t\t\t<div class=\"e-con-inner\">\n\t\t<div class=\"elementor-element elementor-element-6c1e323 e-con-full e-flex e-con e-child\" data-id=\"6c1e323\" data-element_type=\"container\" data-e-type=\"container\">\n\t\t\t\t<div class=\"elementor-element elementor-element-b49654d wd-width-100 elementor-widget elementor-widget-wd_title\" data-id=\"b49654d\" data-element_type=\"widget\" data-e-type=\"widget\" data-widget_type=\"wd_title.default\">\n\t\t\t\t<div class=\"elementor-widget-container\">\n\t\t\t\t\t\t\t<div class=\"title-wrapper wd-set-mb reset-last-child wd-title-color-default wd-title-style-default wd-title-size-large text-left\">\n\n\t\t\t\n\t\t\t<div class=\"liner-continer\">\n\t\t\t\t<h4 class=\"woodmart-title-container title wd-fontsize-xxl\">Votre tapis a besoin d\u2019\u00eatre nettoy\u00e9 ?<\/h4> \n\t\t\t\t\t\t\t<\/div>\n\n\t\t\t\t\t<\/div>\n\t\t\t\t\t\t<\/div>\n\t\t\t\t<\/div>\n\t\t\t\t<\/div>\n\t\t<div class=\"elementor-element elementor-element-4538173 e-con-full e-flex e-con e-child\" data-id=\"4538173\" data-element_type=\"container\" data-e-type=\"container\">\n\t\t\t\t<div class=\"elementor-element elementor-element-5ca6395 elementor-position-left bdt-global-link-yes bdt-icon-type-icon elementor-vertical-align-top bdt-icon-effect-none elementor-widget elementor-widget-bdt-advanced-icon-box\" data-id=\"5ca6395\" data-element_type=\"widget\" data-e-type=\"widget\" data-widget_type=\"bdt-advanced-icon-box.default\">\n\t\t\t\t<div class=\"elementor-widget-container\">\n\t\t\t\t\t\t\t<div class=\"bdt-ep-advanced-icon-box\" onclick=\"window.open(&#039;tel:+38659191410&#039;, &#039;_self&#039;)\">\n\n\t\t\t\t\t\t\t\n\t\t\t\t\t<div class=\"bdt-ep-advanced-icon-box-icon\">\n\t\t\t\t<span class=\"bdt-ep-advanced-icon-box-icon-wrap\">\n\n\n\t\t\t\t\t\n\t\t\t\t\t\t<i aria-hidden=\"true\" class=\" icon_chat_alt\"><\/i>\n\n\t\t\t\t\t\t\t\t\t<\/span>\n\t\t\t<\/div>\n\t\t\n\t\t\t\t\n\t\t\t<div class=\"bdt-ep-advanced-icon-box-content\">\n\n\t\t\t\t\t\t\t\t\t\t\t<h3 class=\"bdt-ep-advanced-icon-box-title ep-title-\">\n\t\t\t<span >\n\t\t\t\tAppelez-nous\t\t\t<\/span>\n\t\t<\/h3>\n\t\t\t\t\t\t\n\t\t\t\t\n\t\t\t\t\t\t\t\t\t<div class=\"bdt-ep-advanced-icon-box-description\">\n\t\t\t\t\t\t<p>+386 59 191 410<\/p>\t\t\t\t\t<\/div>\n\t\t\t\t\n\t\t\t\t\t\t\t<\/div>\n\t\t<\/div>\n\n\t\t\n\t\t\n\t\t\t\t<\/div>\n\t\t\t\t<\/div>\n\t\t\t\t<\/div>\n\t\t<div class=\"elementor-element elementor-element-1e5a140 e-con-full e-flex e-con e-child\" data-id=\"1e5a140\" data-element_type=\"container\" data-e-type=\"container\">\n\t\t\t\t<div class=\"elementor-element elementor-element-f18f316 elementor-position-left bdt-global-link-yes bdt-icon-type-icon elementor-vertical-align-top bdt-icon-effect-none elementor-widget elementor-widget-bdt-advanced-icon-box\" data-id=\"f18f316\" data-element_type=\"widget\" data-e-type=\"widget\" data-widget_type=\"bdt-advanced-icon-box.default\">\n\t\t\t\t<div class=\"elementor-widget-container\">\n\t\t\t\t\t\t\t<div class=\"bdt-ep-advanced-icon-box\" onclick=\"window.open(&#039;https:\/\/maps.app.goo.gl\/iqXnkWaDzKjivmJV9&#039;, &#039;_blank&#039;)\">\n\n\t\t\t\t\t\t\t\n\t\t\t\t\t<div class=\"bdt-ep-advanced-icon-box-icon\">\n\t\t\t\t<span class=\"bdt-ep-advanced-icon-box-icon-wrap\">\n\n\n\t\t\t\t\t\n\t\t\t\t\t\t<i aria-hidden=\"true\" class=\" las la-map-marked-alt\"><\/i>\n\n\t\t\t\t\t\t\t\t\t<\/span>\n\t\t\t<\/div>\n\t\t\n\t\t\t\t\n\t\t\t<div class=\"bdt-ep-advanced-icon-box-content\">\n\n\t\t\t\t\t\t\t\t\t\t\t<h3 class=\"bdt-ep-advanced-icon-box-title ep-title-\">\n\t\t\t<span >\n\t\t\t\tO\u00f9 sommes-nous?\t\t\t<\/span>\n\t\t<\/h3>\n\t\t\t\t\t\t\n\t\t\t\t\n\t\t\t\t\t\t\t\t\t<div class=\"bdt-ep-advanced-icon-box-description\">\n\t\t\t\t\t\t<p>Gornji trg 4, Ljubljana<\/p>\t\t\t\t\t<\/div>\n\t\t\t\t\n\t\t\t\t\t\t\t<\/div>\n\t\t<\/div>\n\n\t\t\n\t\t\n\t\t\t\t<\/div>\n\t\t\t\t<\/div>\n\t\t\t\t<\/div>\n\t\t\t\t\t<\/div>\n\t\t\t\t<\/div>\n\t\t<div class=\"wd-negative-gap elementor-element elementor-element-389074c e-flex e-con-boxed e-con e-parent\" data-id=\"389074c\" data-element_type=\"container\" data-e-type=\"container\" data-settings=\"{&quot;background_background&quot;:&quot;classic&quot;}\">\n\t\t\t\t\t<div class=\"e-con-inner\">\n\t\t<div class=\"elementor-element elementor-element-baf7865 e-con-full e-flex e-con e-child\" data-id=\"baf7865\" data-element_type=\"container\" data-e-type=\"container\" data-settings=\"{&quot;background_background&quot;:&quot;classic&quot;}\">\n\t\t\t\t<div class=\"elementor-element elementor-element-9871f23 wd-width-100 elementor-widget elementor-widget-wd_title\" data-id=\"9871f23\" data-element_type=\"widget\" data-e-type=\"widget\" data-widget_type=\"wd_title.default\">\n\t\t\t\t<div class=\"elementor-widget-container\">\n\t\t\t\t\t\t\t<div class=\"title-wrapper wd-set-mb reset-last-child wd-title-color-white wd-title-style-default wd-title-size-large text-left\">\n\n\t\t\t\n\t\t\t<div class=\"liner-continer\">\n\t\t\t\t<h4 class=\"woodmart-title-container title wd-fontsize-xxl\">Galerie FARZAD<\/h4> \n\t\t\t\t\t\t\t<\/div>\n\n\t\t\t\t\t\t\t<div class=\"title-after_title reset-last-child wd-fontsize-s\">\n\t\t\t\t\t<p>La Galerie FARZAD est une galerie sp\u00e9cialis\u00e9e, un studio de restauration et un magasin de tapis persans uniques, de qualit\u00e9 sup\u00e9rieure, nou\u00e9s \u00e0 la main.<\/p>\t\t\t\t<\/div>\n\t\t\t\t\t<\/div>\n\t\t\t\t\t\t<\/div>\n\t\t\t\t<\/div>\n\t\t\t\t<\/div>\n\t\t\t\t\t<\/div>\n\t\t\t\t<\/div>\n\t\t\t\t<\/div>\n\t\t","protected":false},"excerpt":{"rendered":"<p>St\u00e9rilisation des tapis En collaboration avec ZVKDS \u2013 Centre de Conservation \u2013 nous r\u00e9alisons \u00e9galement la st\u00e9rilisation ANOXI des tapis<\/p>\n","protected":false},"author":2,"featured_media":0,"parent":25038,"menu_order":0,"comment_status":"closed","ping_status":"closed","template":"","meta":{"iawp_total_views":2,"footnotes":""},"class_list":["post-25316","page","type-page","status-publish","hentry"],"yoast_head":"<!-- This site is optimized with the Yoast SEO plugin v27.3 - https:\/\/yoast.com\/product\/yoast-seo-wordpress\/ -->\n<title>St\u00e9rilisation des tapis - Perzijske preproge Farzad<\/title>\n<meta name=\"robots\" content=\"index, follow, max-snippet:-1, max-image-preview:large, max-video-preview:-1\" \/>\n<link rel=\"canonical\" href=\"https:\/\/www.perzijskepreproge.si\/fr\/services\/sterilisation-des-tapis\/\" \/>\n<meta property=\"og:locale\" content=\"fr_FR\" \/>\n<meta property=\"og:type\" content=\"article\" \/>\n<meta property=\"og:title\" content=\"St\u00e9rilisation des tapis - Perzijske preproge Farzad\" \/>\n<meta property=\"og:description\" content=\"St\u00e9rilisation des tapis En collaboration avec ZVKDS \u2013 Centre de Conservation \u2013 nous r\u00e9alisons \u00e9galement la st\u00e9rilisation ANOXI des tapis\" \/>\n<meta property=\"og:url\" content=\"https:\/\/www.perzijskepreproge.si\/fr\/services\/sterilisation-des-tapis\/\" \/>\n<meta property=\"og:site_name\" content=\"Perzijske preproge Farzad\" \/>\n<meta property=\"article:modified_time\" content=\"2025-05-07T08:05:09+00:00\" \/>\n<meta property=\"og:image\" content=\"https:\/\/www.perzijskepreproge.si\/wp-content\/uploads\/2025\/03\/sterilizacija-preprog-galerija-farzad.jpg\" \/>\n<meta name=\"twitter:card\" content=\"summary_large_image\" \/>\n<meta name=\"twitter:label1\" content=\"Dur\u00e9e de lecture estim\u00e9e\" \/>\n\t<meta name=\"twitter:data1\" content=\"2 minutes\" \/>\n<script type=\"application\/ld+json\" class=\"yoast-schema-graph\">{\"@context\":\"https:\\\/\\\/schema.org\",\"@graph\":[{\"@type\":\"WebPage\",\"@id\":\"https:\\\/\\\/www.perzijskepreproge.si\\\/fr\\\/services\\\/sterilisation-des-tapis\\\/\",\"url\":\"https:\\\/\\\/www.perzijskepreproge.si\\\/fr\\\/services\\\/sterilisation-des-tapis\\\/\",\"name\":\"St\u00e9rilisation des tapis - Perzijske preproge Farzad\",\"isPartOf\":{\"@id\":\"https:\\\/\\\/www.perzijskepreproge.si\\\/fr\\\/#website\"},\"primaryImageOfPage\":{\"@id\":\"https:\\\/\\\/www.perzijskepreproge.si\\\/fr\\\/services\\\/sterilisation-des-tapis\\\/#primaryimage\"},\"image\":{\"@id\":\"https:\\\/\\\/www.perzijskepreproge.si\\\/fr\\\/services\\\/sterilisation-des-tapis\\\/#primaryimage\"},\"thumbnailUrl\":\"https:\\\/\\\/www.perzijskepreproge.si\\\/wp-content\\\/uploads\\\/2025\\\/03\\\/sterilizacija-preprog-galerija-farzad.jpg\",\"datePublished\":\"2020-01-24T14:25:44+00:00\",\"dateModified\":\"2025-05-07T08:05:09+00:00\",\"breadcrumb\":{\"@id\":\"https:\\\/\\\/www.perzijskepreproge.si\\\/fr\\\/services\\\/sterilisation-des-tapis\\\/#breadcrumb\"},\"inLanguage\":\"fr-FR\",\"potentialAction\":[{\"@type\":\"ReadAction\",\"target\":[\"https:\\\/\\\/www.perzijskepreproge.si\\\/fr\\\/services\\\/sterilisation-des-tapis\\\/\"]}]},{\"@type\":\"ImageObject\",\"inLanguage\":\"fr-FR\",\"@id\":\"https:\\\/\\\/www.perzijskepreproge.si\\\/fr\\\/services\\\/sterilisation-des-tapis\\\/#primaryimage\",\"url\":\"https:\\\/\\\/www.perzijskepreproge.si\\\/wp-content\\\/uploads\\\/2025\\\/03\\\/sterilizacija-preprog-galerija-farzad.jpg\",\"contentUrl\":\"https:\\\/\\\/www.perzijskepreproge.si\\\/wp-content\\\/uploads\\\/2025\\\/03\\\/sterilizacija-preprog-galerija-farzad.jpg\"},{\"@type\":\"BreadcrumbList\",\"@id\":\"https:\\\/\\\/www.perzijskepreproge.si\\\/fr\\\/services\\\/sterilisation-des-tapis\\\/#breadcrumb\",\"itemListElement\":[{\"@type\":\"ListItem\",\"position\":1,\"name\":\"Maison\",\"item\":\"https:\\\/\\\/www.perzijskepreproge.si\\\/fr\\\/tapis-persans-farzad\\\/\"},{\"@type\":\"ListItem\",\"position\":2,\"name\":\"Services\",\"item\":\"https:\\\/\\\/www.perzijskepreproge.si\\\/fr\\\/storitve\\\/\"},{\"@type\":\"ListItem\",\"position\":3,\"name\":\"St\u00e9rilisation des tapis\"}]},{\"@type\":\"WebSite\",\"@id\":\"https:\\\/\\\/www.perzijskepreproge.si\\\/fr\\\/#website\",\"url\":\"https:\\\/\\\/www.perzijskepreproge.si\\\/fr\\\/\",\"name\":\"Perzijske preproge Farzad\",\"description\":\"Perzijske preproge,  preprog in \u010di\u0161\u010denje preprog\",\"potentialAction\":[{\"@type\":\"SearchAction\",\"target\":{\"@type\":\"EntryPoint\",\"urlTemplate\":\"https:\\\/\\\/www.perzijskepreproge.si\\\/fr\\\/?s={search_term_string}\"},\"query-input\":{\"@type\":\"PropertyValueSpecification\",\"valueRequired\":true,\"valueName\":\"search_term_string\"}}],\"inLanguage\":\"fr-FR\"}]}<\/script>\n<!-- \/ Yoast SEO plugin. -->","yoast_head_json":{"title":"St\u00e9rilisation des tapis - Perzijske preproge Farzad","robots":{"index":"index","follow":"follow","max-snippet":"max-snippet:-1","max-image-preview":"max-image-preview:large","max-video-preview":"max-video-preview:-1"},"canonical":"https:\/\/www.perzijskepreproge.si\/fr\/services\/sterilisation-des-tapis\/","og_locale":"fr_FR","og_type":"article","og_title":"St\u00e9rilisation des tapis - Perzijske preproge Farzad","og_description":"St\u00e9rilisation des tapis En collaboration avec ZVKDS \u2013 Centre de Conservation \u2013 nous r\u00e9alisons \u00e9galement la st\u00e9rilisation ANOXI des tapis","og_url":"https:\/\/www.perzijskepreproge.si\/fr\/services\/sterilisation-des-tapis\/","og_site_name":"Perzijske preproge Farzad","article_modified_time":"2025-05-07T08:05:09+00:00","og_image":[{"url":"https:\/\/www.perzijskepreproge.si\/wp-content\/uploads\/2025\/03\/sterilizacija-preprog-galerija-farzad.jpg","type":"","width":"","height":""}],"twitter_card":"summary_large_image","twitter_misc":{"Dur\u00e9e de lecture estim\u00e9e":"2 minutes"},"schema":{"@context":"https:\/\/schema.org","@graph":[{"@type":"WebPage","@id":"https:\/\/www.perzijskepreproge.si\/fr\/services\/sterilisation-des-tapis\/","url":"https:\/\/www.perzijskepreproge.si\/fr\/services\/sterilisation-des-tapis\/","name":"St\u00e9rilisation des tapis - Perzijske preproge Farzad","isPartOf":{"@id":"https:\/\/www.perzijskepreproge.si\/fr\/#website"},"primaryImageOfPage":{"@id":"https:\/\/www.perzijskepreproge.si\/fr\/services\/sterilisation-des-tapis\/#primaryimage"},"image":{"@id":"https:\/\/www.perzijskepreproge.si\/fr\/services\/sterilisation-des-tapis\/#primaryimage"},"thumbnailUrl":"https:\/\/www.perzijskepreproge.si\/wp-content\/uploads\/2025\/03\/sterilizacija-preprog-galerija-farzad.jpg","datePublished":"2020-01-24T14:25:44+00:00","dateModified":"2025-05-07T08:05:09+00:00","breadcrumb":{"@id":"https:\/\/www.perzijskepreproge.si\/fr\/services\/sterilisation-des-tapis\/#breadcrumb"},"inLanguage":"fr-FR","potentialAction":[{"@type":"ReadAction","target":["https:\/\/www.perzijskepreproge.si\/fr\/services\/sterilisation-des-tapis\/"]}]},{"@type":"ImageObject","inLanguage":"fr-FR","@id":"https:\/\/www.perzijskepreproge.si\/fr\/services\/sterilisation-des-tapis\/#primaryimage","url":"https:\/\/www.perzijskepreproge.si\/wp-content\/uploads\/2025\/03\/sterilizacija-preprog-galerija-farzad.jpg","contentUrl":"https:\/\/www.perzijskepreproge.si\/wp-content\/uploads\/2025\/03\/sterilizacija-preprog-galerija-farzad.jpg"},{"@type":"BreadcrumbList","@id":"https:\/\/www.perzijskepreproge.si\/fr\/services\/sterilisation-des-tapis\/#breadcrumb","itemListElement":[{"@type":"ListItem","position":1,"name":"Maison","item":"https:\/\/www.perzijskepreproge.si\/fr\/tapis-persans-farzad\/"},{"@type":"ListItem","position":2,"name":"Services","item":"https:\/\/www.perzijskepreproge.si\/fr\/storitve\/"},{"@type":"ListItem","position":3,"name":"St\u00e9rilisation des tapis"}]},{"@type":"WebSite","@id":"https:\/\/www.perzijskepreproge.si\/fr\/#website","url":"https:\/\/www.perzijskepreproge.si\/fr\/","name":"Perzijske preproge Farzad","description":"Perzijske preproge,  preprog in \u010di\u0161\u010denje preprog","potentialAction":[{"@type":"SearchAction","target":{"@type":"EntryPoint","urlTemplate":"https:\/\/www.perzijskepreproge.si\/fr\/?s={search_term_string}"},"query-input":{"@type":"PropertyValueSpecification","valueRequired":true,"valueName":"search_term_string"}}],"inLanguage":"fr-FR"}]}},"_links":{"self":[{"href":"https:\/\/www.perzijskepreproge.si\/fr\/wp-json\/wp\/v2\/pages\/25316","targetHints":{"allow":["GET"]}}],"collection":[{"href":"https:\/\/www.perzijskepreproge.si\/fr\/wp-json\/wp\/v2\/pages"}],"about":[{"href":"https:\/\/www.perzijskepreproge.si\/fr\/wp-json\/wp\/v2\/types\/page"}],"author":[{"embeddable":true,"href":"https:\/\/www.perzijskepreproge.si\/fr\/wp-json\/wp\/v2\/users\/2"}],"replies":[{"embeddable":true,"href":"https:\/\/www.perzijskepreproge.si\/fr\/wp-json\/wp\/v2\/comments?post=25316"}],"version-history":[{"count":4,"href":"https:\/\/www.perzijskepreproge.si\/fr\/wp-json\/wp\/v2\/pages\/25316\/revisions"}],"predecessor-version":[{"id":26069,"href":"https:\/\/www.perzijskepreproge.si\/fr\/wp-json\/wp\/v2\/pages\/25316\/revisions\/26069"}],"up":[{"embeddable":true,"href":"https:\/\/www.perzijskepreproge.si\/fr\/wp-json\/wp\/v2\/pages\/25038"}],"wp:attachment":[{"href":"https:\/\/www.perzijskepreproge.si\/fr\/wp-json\/wp\/v2\/media?parent=25316"}],"curies":[{"name":"wp","href":"https:\/\/api.w.org\/{rel}","templated":true}]}}