{"id":25065,"date":"2017-01-09T09:49:17","date_gmt":"2017-01-09T08:49:17","guid":{"rendered":"https:\/\/www.perzijskepreproge.si\/izdelek\/tapis-persan-ardabil-tapis-persan-ardabil-2\/"},"modified":"2026-04-13T12:56:49","modified_gmt":"2026-04-13T10:56:49","slug":"tapis-persan-ardabil-tapis-persan-ardabil-2","status":"publish","type":"product","link":"https:\/\/www.perzijskepreproge.si\/fr\/produit\/tapis-persan-ardabil-tapis-persan-ardabil-2\/","title":{"rendered":"Tapis persan Ardabil \/ Persian carpet Ardabil"},"content":{"rendered":"<p style=\"text-align: left;\">La ville d&rsquo;Ardabil est situ\u00e9e \u00e0 1 200 m\u00e8tres d&rsquo;altitude dans le nord-ouest de l&rsquo;Iran, dans la province d&rsquo;Ardabil. Son nom d\u00e9rive du mot zoroastrien Artavil, d\u00e9signant une ville sainte. La ville est d\u00e9j\u00e0 mentionn\u00e9e dans l&rsquo;Avesta, l&rsquo;\u00e9criture sainte zoroastrienne, o\u00f9 il est dit que Zoroastre est n\u00e9 pr\u00e8s de la rivi\u00e8re Aras et aurait \u00e9crit ses textes dans les montagnes de Salaban. L&rsquo;une des principales attractions d&rsquo;Ardabil est le tombeau du souverain Safi al-Din Ardabili, d\u00e9c\u00e9d\u00e9 en 1334. \u00c0 son \u00e9poque, il \u00e9tait le chef des soufis, qui le suivaient dans la pratique du soufisme mystique. L&rsquo;un de ses successeurs, le Shah Ismail, a r\u00e9unifi\u00e9 l&rsquo;Iran apr\u00e8s plusieurs si\u00e8cles de domination \u00e9trang\u00e8re et a introduit le chiisme comme religion d&rsquo;\u00c9tat. Il fut le fondateur de la dynastie safavide, sous laquelle l&rsquo;Iran connut un nouvel \u00e9panouissement artistique. En 1530, le fils d&rsquo;Ismail, le Shah Tahmasp, agrandit le sanctuaire avec le tombeau, et c&rsquo;est \u00e0 cette \u00e9poque que les c\u00e9l\u00e8bres tapis d&rsquo;Ardabil furent fabriqu\u00e9s pour cet espace. Selon deux voyageurs britanniques, les tapis \u00e9taient encore \u00e0 leur place en 1843, mais 30 ans plus tard, un tremblement de terre endommagea gravement le tombeau, et ils furent vendus pour collecter des fonds pour la restauration. Une entreprise britannique les acheta, et comme ils \u00e9taient endommag\u00e9s, certaines parties de l&rsquo;un des tapis furent utilis\u00e9es pour restaurer l&rsquo;autre, ce qui se manifesta par l&rsquo;absence de bordure sur l&rsquo;un des tapis. En 1892, le plus grand tapis fut mis aux ench\u00e8res \u00e0 Londres, o\u00f9 le designer William Morris fut enthousiasm\u00e9 et convainquit la direction du mus\u00e9e de l&rsquo;acqu\u00e9rir pour 2 000 livres de l&rsquo;\u00e9poque. Le plus petit fut vendu \u00e0 un collectionneur am\u00e9ricain et se trouve maintenant dans un mus\u00e9e de Los Angeles. Aujourd&rsquo;hui, Ardabil et ses villages environnants sont un centre important pour la fabrication et la vente de tapis. Par leur fabrication, leurs couleurs et leurs motifs, ils peuvent \u00eatre consid\u00e9r\u00e9s comme des tapis caucasiens, en particulier ceux qui imitent le style kazakh. Ils ont g\u00e9n\u00e9ralement deux fils tiss\u00e9s entre deux rang\u00e9es de n\u0153uds sur une base en coton, un n\u0153ud sym\u00e9trique, des motifs g\u00e9om\u00e9triques, et les couleurs sont calmes et harmonieuses. Cependant, les tapis de la r\u00e9gion \u00e9largie de la province d&rsquo;Ardabil peuvent \u00eatre tr\u00e8s diff\u00e9rents les uns des autres, car des peuples tels que les Afshars, les Kurdes, les Baharlu et les Shahsavans y vivent, chacun ayant sa propre tradition de fabrication de tapis. Les Shahsavans sont une sorte de conf\u00e9d\u00e9ration de tribus, fond\u00e9e sous la direction du Shah Abbas au XVIIe si\u00e8cle, pour d\u00e9fendre les fronti\u00e8res de l&rsquo;Iran avec son arm\u00e9e. Ceux qui ne se sont pas encore s\u00e9dentaris\u00e9s passent encore l&rsquo;\u00e9t\u00e9 dans les montagnes le long de la mer Caspienne et migrent en hiver vers les plateaux au sud de T\u00e9h\u00e9ran et \u00e0 l&rsquo;est d&rsquo;Hamadan.                 <\/p>\n","protected":false},"excerpt":{"rendered":"<p>N\u00b0 d&rsquo;enregistrement 744<\/p>\n<p>Taille \/ Size : 273 x 122 cm<\/p>\n<p>Composition \/ Velours : laine<\/p>\n<p>Base \/ Base : coton \/ cotton<\/p>\n<p>Couleurs \/ Colours : v\u00e9g\u00e9tales \/ plants<\/p>\n<p>Design : g\u00e9om\u00e9trique, figuratif \/ geometrical, figurative<\/p>\n<p>Densit\u00e9 de n\u0153uds : 200 000 m\/2<\/p>\n<p>Origine : Iran<\/p>\n","protected":false},"featured_media":21505,"template":"","meta":{"iawp_total_views":4},"product_brand":[],"product_cat":[284,276,282],"product_tag":[],"class_list":{"0":"post-25065","1":"product","2":"type-product","3":"status-publish","4":"has-post-thumbnail","6":"product_cat-grands-tapis","7":"product_cat-offre-speciale","8":"product_cat-tapis-nomade","9":"pa_barva-osnovna-rouge-bordeaux","10":"pa_material-laine","11":"pa_oblika-coureurs","12":"pa_velikost-cca-coureur","14":"first","15":"instock","16":"sale","17":"sold-individually","18":"taxable","19":"shipping-taxable","20":"purchasable","21":"product-type-simple"},"yoast_head":"<!-- This site is optimized with the Yoast SEO plugin v27.3 - https:\/\/yoast.com\/product\/yoast-seo-wordpress\/ -->\n<title>Tapis persan Ardabil \/ Persian carpet Ardabil - Perzijske preproge Farzad<\/title>\n<meta name=\"robots\" content=\"index, follow, max-snippet:-1, max-image-preview:large, max-video-preview:-1\" \/>\n<link rel=\"canonical\" href=\"https:\/\/www.perzijskepreproge.si\/fr\/produit\/tapis-persan-ardabil-tapis-persan-ardabil-2\/\" \/>\n<meta property=\"og:locale\" content=\"fr_FR\" \/>\n<meta property=\"og:type\" content=\"article\" \/>\n<meta property=\"og:title\" content=\"Tapis persan Ardabil \/ Persian carpet Ardabil - Perzijske preproge Farzad\" \/>\n<meta property=\"og:description\" content=\"N\u00b0 d&#039;enregistrement 744 Taille \/ Size : 273 x 122 cm Composition \/ Velours : laine Base \/ Base : coton \/ cotton Couleurs \/ Colours : v\u00e9g\u00e9tales \/ plants Design : g\u00e9om\u00e9trique, figuratif \/ geometrical, figurative Densit\u00e9 de n\u0153uds : 200 000 m\/2 Origine : Iran\" \/>\n<meta property=\"og:url\" content=\"https:\/\/www.perzijskepreproge.si\/fr\/produit\/tapis-persan-ardabil-tapis-persan-ardabil-2\/\" \/>\n<meta property=\"og:site_name\" content=\"Perzijske preproge Farzad\" \/>\n<meta property=\"article:modified_time\" content=\"2026-04-13T10:56:49+00:00\" \/>\n<meta property=\"og:image\" content=\"https:\/\/www.perzijskepreproge.si\/wp-content\/uploads\/2017\/01\/DSCF7857.webp\" \/>\n\t<meta property=\"og:image:width\" content=\"428\" \/>\n\t<meta property=\"og:image:height\" content=\"900\" \/>\n\t<meta property=\"og:image:type\" content=\"image\/jpeg\" \/>\n<meta name=\"twitter:card\" content=\"summary_large_image\" \/>\n<meta name=\"twitter:label1\" content=\"Dur\u00e9e de lecture estim\u00e9e\" \/>\n\t<meta name=\"twitter:data1\" content=\"3 minutes\" \/>\n<script type=\"application\/ld+json\" class=\"yoast-schema-graph\">{\"@context\":\"https:\\\/\\\/schema.org\",\"@graph\":[{\"@type\":\"WebPage\",\"@id\":\"https:\\\/\\\/www.perzijskepreproge.si\\\/fr\\\/produit\\\/tapis-persan-ardabil-tapis-persan-ardabil-2\\\/\",\"url\":\"https:\\\/\\\/www.perzijskepreproge.si\\\/fr\\\/produit\\\/tapis-persan-ardabil-tapis-persan-ardabil-2\\\/\",\"name\":\"Tapis persan Ardabil \\\/ Persian carpet Ardabil - Perzijske preproge Farzad\",\"isPartOf\":{\"@id\":\"https:\\\/\\\/www.perzijskepreproge.si\\\/fr\\\/#website\"},\"primaryImageOfPage\":{\"@id\":\"https:\\\/\\\/www.perzijskepreproge.si\\\/fr\\\/produit\\\/tapis-persan-ardabil-tapis-persan-ardabil-2\\\/#primaryimage\"},\"image\":{\"@id\":\"https:\\\/\\\/www.perzijskepreproge.si\\\/fr\\\/produit\\\/tapis-persan-ardabil-tapis-persan-ardabil-2\\\/#primaryimage\"},\"thumbnailUrl\":\"https:\\\/\\\/www.perzijskepreproge.si\\\/wp-content\\\/uploads\\\/2017\\\/01\\\/DSCF7857.jpg\",\"datePublished\":\"2017-01-09T08:49:17+00:00\",\"dateModified\":\"2026-04-13T10:56:49+00:00\",\"breadcrumb\":{\"@id\":\"https:\\\/\\\/www.perzijskepreproge.si\\\/fr\\\/produit\\\/tapis-persan-ardabil-tapis-persan-ardabil-2\\\/#breadcrumb\"},\"inLanguage\":\"fr-FR\",\"potentialAction\":[{\"@type\":\"ReadAction\",\"target\":[\"https:\\\/\\\/www.perzijskepreproge.si\\\/fr\\\/produit\\\/tapis-persan-ardabil-tapis-persan-ardabil-2\\\/\"]}]},{\"@type\":\"ImageObject\",\"inLanguage\":\"fr-FR\",\"@id\":\"https:\\\/\\\/www.perzijskepreproge.si\\\/fr\\\/produit\\\/tapis-persan-ardabil-tapis-persan-ardabil-2\\\/#primaryimage\",\"url\":\"https:\\\/\\\/www.perzijskepreproge.si\\\/wp-content\\\/uploads\\\/2017\\\/01\\\/DSCF7857.jpg\",\"contentUrl\":\"https:\\\/\\\/www.perzijskepreproge.si\\\/wp-content\\\/uploads\\\/2017\\\/01\\\/DSCF7857.jpg\",\"width\":428,\"height\":900,\"caption\":\"Tapis Ardabil\"},{\"@type\":\"BreadcrumbList\",\"@id\":\"https:\\\/\\\/www.perzijskepreproge.si\\\/fr\\\/produit\\\/tapis-persan-ardabil-tapis-persan-ardabil-2\\\/#breadcrumb\",\"itemListElement\":[{\"@type\":\"ListItem\",\"position\":1,\"name\":\"Maison\",\"item\":\"https:\\\/\\\/www.perzijskepreproge.si\\\/fr\\\/tapis-persans-farzad\\\/\"},{\"@type\":\"ListItem\",\"position\":2,\"name\":\"Boutique\",\"item\":\"https:\\\/\\\/www.perzijskepreproge.si\\\/fr\\\/boutique\\\/\"},{\"@type\":\"ListItem\",\"position\":3,\"name\":\"Tapis persan Ardabil \\\/ Persian carpet Ardabil\"}]},{\"@type\":\"WebSite\",\"@id\":\"https:\\\/\\\/www.perzijskepreproge.si\\\/fr\\\/#website\",\"url\":\"https:\\\/\\\/www.perzijskepreproge.si\\\/fr\\\/\",\"name\":\"Perzijske preproge Farzad\",\"description\":\"Perzijske preproge,  preprog in \u010di\u0161\u010denje preprog\",\"potentialAction\":[{\"@type\":\"SearchAction\",\"target\":{\"@type\":\"EntryPoint\",\"urlTemplate\":\"https:\\\/\\\/www.perzijskepreproge.si\\\/fr\\\/?s={search_term_string}\"},\"query-input\":{\"@type\":\"PropertyValueSpecification\",\"valueRequired\":true,\"valueName\":\"search_term_string\"}}],\"inLanguage\":\"fr-FR\"}]}<\/script>\n<!-- \/ Yoast SEO plugin. -->","yoast_head_json":{"title":"Tapis persan Ardabil \/ Persian carpet Ardabil - Perzijske preproge Farzad","robots":{"index":"index","follow":"follow","max-snippet":"max-snippet:-1","max-image-preview":"max-image-preview:large","max-video-preview":"max-video-preview:-1"},"canonical":"https:\/\/www.perzijskepreproge.si\/fr\/produit\/tapis-persan-ardabil-tapis-persan-ardabil-2\/","og_locale":"fr_FR","og_type":"article","og_title":"Tapis persan Ardabil \/ Persian carpet Ardabil - Perzijske preproge Farzad","og_description":"N\u00b0 d'enregistrement 744 Taille \/ Size : 273 x 122 cm Composition \/ Velours : laine Base \/ Base : coton \/ cotton Couleurs \/ Colours : v\u00e9g\u00e9tales \/ plants Design : g\u00e9om\u00e9trique, figuratif \/ geometrical, figurative Densit\u00e9 de n\u0153uds : 200 000 m\/2 Origine : Iran","og_url":"https:\/\/www.perzijskepreproge.si\/fr\/produit\/tapis-persan-ardabil-tapis-persan-ardabil-2\/","og_site_name":"Perzijske preproge Farzad","article_modified_time":"2026-04-13T10:56:49+00:00","og_image":[{"width":428,"height":900,"url":"https:\/\/www.perzijskepreproge.si\/wp-content\/uploads\/2017\/01\/DSCF7857.webp","type":"image\/jpeg"}],"twitter_card":"summary_large_image","twitter_misc":{"Dur\u00e9e de lecture estim\u00e9e":"3 minutes"},"schema":{"@context":"https:\/\/schema.org","@graph":[{"@type":"WebPage","@id":"https:\/\/www.perzijskepreproge.si\/fr\/produit\/tapis-persan-ardabil-tapis-persan-ardabil-2\/","url":"https:\/\/www.perzijskepreproge.si\/fr\/produit\/tapis-persan-ardabil-tapis-persan-ardabil-2\/","name":"Tapis persan Ardabil \/ Persian carpet Ardabil - Perzijske preproge Farzad","isPartOf":{"@id":"https:\/\/www.perzijskepreproge.si\/fr\/#website"},"primaryImageOfPage":{"@id":"https:\/\/www.perzijskepreproge.si\/fr\/produit\/tapis-persan-ardabil-tapis-persan-ardabil-2\/#primaryimage"},"image":{"@id":"https:\/\/www.perzijskepreproge.si\/fr\/produit\/tapis-persan-ardabil-tapis-persan-ardabil-2\/#primaryimage"},"thumbnailUrl":"https:\/\/www.perzijskepreproge.si\/wp-content\/uploads\/2017\/01\/DSCF7857.jpg","datePublished":"2017-01-09T08:49:17+00:00","dateModified":"2026-04-13T10:56:49+00:00","breadcrumb":{"@id":"https:\/\/www.perzijskepreproge.si\/fr\/produit\/tapis-persan-ardabil-tapis-persan-ardabil-2\/#breadcrumb"},"inLanguage":"fr-FR","potentialAction":[{"@type":"ReadAction","target":["https:\/\/www.perzijskepreproge.si\/fr\/produit\/tapis-persan-ardabil-tapis-persan-ardabil-2\/"]}]},{"@type":"ImageObject","inLanguage":"fr-FR","@id":"https:\/\/www.perzijskepreproge.si\/fr\/produit\/tapis-persan-ardabil-tapis-persan-ardabil-2\/#primaryimage","url":"https:\/\/www.perzijskepreproge.si\/wp-content\/uploads\/2017\/01\/DSCF7857.jpg","contentUrl":"https:\/\/www.perzijskepreproge.si\/wp-content\/uploads\/2017\/01\/DSCF7857.jpg","width":428,"height":900,"caption":"Tapis Ardabil"},{"@type":"BreadcrumbList","@id":"https:\/\/www.perzijskepreproge.si\/fr\/produit\/tapis-persan-ardabil-tapis-persan-ardabil-2\/#breadcrumb","itemListElement":[{"@type":"ListItem","position":1,"name":"Maison","item":"https:\/\/www.perzijskepreproge.si\/fr\/tapis-persans-farzad\/"},{"@type":"ListItem","position":2,"name":"Boutique","item":"https:\/\/www.perzijskepreproge.si\/fr\/boutique\/"},{"@type":"ListItem","position":3,"name":"Tapis persan Ardabil \/ Persian carpet Ardabil"}]},{"@type":"WebSite","@id":"https:\/\/www.perzijskepreproge.si\/fr\/#website","url":"https:\/\/www.perzijskepreproge.si\/fr\/","name":"Perzijske preproge Farzad","description":"Perzijske preproge,  preprog in \u010di\u0161\u010denje preprog","potentialAction":[{"@type":"SearchAction","target":{"@type":"EntryPoint","urlTemplate":"https:\/\/www.perzijskepreproge.si\/fr\/?s={search_term_string}"},"query-input":{"@type":"PropertyValueSpecification","valueRequired":true,"valueName":"search_term_string"}}],"inLanguage":"fr-FR"}]}},"_links":{"self":[{"href":"https:\/\/www.perzijskepreproge.si\/fr\/wp-json\/wp\/v2\/product\/25065","targetHints":{"allow":["GET"]}}],"collection":[{"href":"https:\/\/www.perzijskepreproge.si\/fr\/wp-json\/wp\/v2\/product"}],"about":[{"href":"https:\/\/www.perzijskepreproge.si\/fr\/wp-json\/wp\/v2\/types\/product"}],"version-history":[{"count":1,"href":"https:\/\/www.perzijskepreproge.si\/fr\/wp-json\/wp\/v2\/product\/25065\/revisions"}],"predecessor-version":[{"id":29293,"href":"https:\/\/www.perzijskepreproge.si\/fr\/wp-json\/wp\/v2\/product\/25065\/revisions\/29293"}],"wp:featuredmedia":[{"embeddable":true,"href":"https:\/\/www.perzijskepreproge.si\/fr\/wp-json\/wp\/v2\/media\/21505"}],"wp:attachment":[{"href":"https:\/\/www.perzijskepreproge.si\/fr\/wp-json\/wp\/v2\/media?parent=25065"}],"wp:term":[{"taxonomy":"product_brand","embeddable":true,"href":"https:\/\/www.perzijskepreproge.si\/fr\/wp-json\/wp\/v2\/product_brand?post=25065"},{"taxonomy":"product_cat","embeddable":true,"href":"https:\/\/www.perzijskepreproge.si\/fr\/wp-json\/wp\/v2\/product_cat?post=25065"},{"taxonomy":"product_tag","embeddable":true,"href":"https:\/\/www.perzijskepreproge.si\/fr\/wp-json\/wp\/v2\/product_tag?post=25065"}],"curies":[{"name":"wp","href":"https:\/\/api.w.org\/{rel}","templated":true}]}}