{"id":25208,"date":"2017-03-09T15:04:32","date_gmt":"2017-03-09T14:04:32","guid":{"rendered":"https:\/\/www.perzijskepreproge.si\/izdelek\/tapis-persan-mahal-tapis-persan-mahal\/"},"modified":"2026-04-13T13:09:36","modified_gmt":"2026-04-13T11:09:36","slug":"tapis-persan-mahal-tapis-persan-mahal","status":"publish","type":"product","link":"https:\/\/www.perzijskepreproge.si\/fr\/produit\/tapis-persan-mahal-tapis-persan-mahal\/","title":{"rendered":"Tapis persan Mahal \/ Persian carpet Mahal"},"content":{"rendered":"<p data-start=\"0\" data-end=\"337\">Ce tapis persan Mahal (\u00e9galement Mahallat), nou\u00e9 main en Iran central, rayonne de chaleur, de confort et de la richesse d&rsquo;un design traditionnel caract\u00e9ristique de la r\u00e9gion de Sarough-Mahal. Son esth\u00e9tique est \u00e9quilibr\u00e9e, agr\u00e9able et accessible, ce qui assure depuis longtemps aux tapis Mahal leur popularit\u00e9 aupr\u00e8s des collectionneurs et amateurs de tapis orientaux. <\/p>\n<p data-start=\"339\" data-end=\"797\">Le champ principal du tapis est orn\u00e9 d&rsquo;un riche motif <strong data-start=\"373\" data-end=\"385\">all-over<\/strong> qui se r\u00e9p\u00e8te sur toute la surface, sans m\u00e9daillon central. La couleur de fond bleu fonc\u00e9 offre une base profonde et contrast\u00e9e sur laquelle les motifs floraux aux tons chauds \u2013 rouge, corail, beige, ocre, bleu et vert clair \u2013 resplendissent avec \u00e9clat. Les motifs sont fortement inspir\u00e9s de la nature et comprennent des fleurs stylis\u00e9es, des palmettes et des rosettes de feuilles, reli\u00e9es dans un r\u00e9seau g\u00e9om\u00e9trique qui cr\u00e9e une sensation d&rsquo;ordre et de rythme.  <\/p>\n<p data-start=\"799\" data-end=\"1102\">La bordure du tapis est classique et multicouche. La large bordure principale de couleur rouge vif est richement orn\u00e9e de motifs v\u00e9g\u00e9taux et de d\u00e9tails minutieux qui s&rsquo;harmonisent parfaitement avec le champ int\u00e9rieur. Les bandes int\u00e9rieures et ext\u00e9rieures en beige et tons plus fonc\u00e9s cr\u00e9ent des transitions douces et encadrent l&rsquo;ensemble de la composition.  <\/p>\n<p data-start=\"1104\" data-end=\"1552\" data-is-last-node=\"\" data-is-only-node=\"\">Les tapis Mahal sont r\u00e9put\u00e9s pour leur nouage en laine l\u00e9g\u00e8rement plus \u00e9pais et souple, et sont connus pour leur durabilit\u00e9 et leur praticit\u00e9. Gr\u00e2ce \u00e0 son spectre de couleurs chaudes et \u00e0 son motif reconnaissable mais discret, ce tapis s&rsquo;int\u00e8gre parfaitement dans les int\u00e9rieurs traditionnels, rustiques ou classiques, mais peut \u00e9galement apporter un contraste int\u00e9ressant \u00e0 un environnement plus contemporain. Il s&rsquo;agit d&rsquo;un authentique tapis oriental au caract\u00e8re affirm\u00e9, qui apporte une riche histoire et une esth\u00e9tique intemporelle \u00e0 chaque espace.  <\/p>\n","protected":false},"excerpt":{"rendered":"<p>N\u00ba d&rsquo;enregistrement : 985<\/p>\n<p>Dimensions \/ Size : 316 x 207 cm<\/p>\n<p>Composition \/ Velours : laine<\/p>\n<p>Base \/ Base : coton \/ cotton<\/p>\n<p>Couleurs \/ Colours : v\u00e9g\u00e9tales \/ plants<\/p>\n<p>Design \/ Design : floral \/ floral<\/p>\n<p>Technique de tissage \/ Weaving technique : tapis nou\u00e9 main \/ handmade pile carpet<\/p>\n<p>Densit\u00e9 de nouage \/ Knot density : 120 000 m\/2<\/p>\n<p>Origine : Iran<\/p>\n<p>&nbsp;<\/p>\n","protected":false},"featured_media":20758,"template":"","meta":{"iawp_total_views":1},"product_brand":[],"product_cat":[333,310],"product_tag":[],"class_list":{"0":"post-25208","1":"product","2":"type-product","3":"status-publish","4":"has-post-thumbnail","6":"product_cat-grands-tapis-fr","7":"product_cat-tapis-classiques","8":"pa_barva-osnovna-rouge-bordeaux","9":"pa_material-laine","10":"pa_oblika-rectangulaire","11":"pa_tip-preproge-classique-de-maitre","12":"pa_velikost-cca-300x200","14":"first","15":"instock","16":"featured","17":"sold-individually","18":"taxable","19":"shipping-taxable","20":"purchasable","21":"product-type-simple"},"yoast_head":"<!-- This site is optimized with the Yoast SEO plugin v27.3 - https:\/\/yoast.com\/product\/yoast-seo-wordpress\/ -->\n<title>Tapis persan Mahal \/ Persian carpet Mahal - Perzijske preproge Farzad<\/title>\n<meta name=\"robots\" content=\"index, follow, max-snippet:-1, max-image-preview:large, max-video-preview:-1\" \/>\n<link rel=\"canonical\" href=\"https:\/\/www.perzijskepreproge.si\/fr\/produit\/tapis-persan-mahal-tapis-persan-mahal\/\" \/>\n<meta property=\"og:locale\" content=\"fr_FR\" \/>\n<meta property=\"og:type\" content=\"article\" \/>\n<meta property=\"og:title\" content=\"Tapis persan Mahal \/ Persian carpet Mahal - Perzijske preproge Farzad\" \/>\n<meta property=\"og:description\" content=\"N\u00ba d&#039;enregistrement : 985 Dimensions \/ Size : 316 x 207 cm Composition \/ Velours : laine Base \/ Base : coton \/ cotton Couleurs \/ Colours : v\u00e9g\u00e9tales \/ plants Design \/ Design : floral \/ floral Technique de tissage \/ Weaving technique : tapis nou\u00e9 main \/ handmade pile carpet Densit\u00e9 de nouage \/ Knot density : 120 000 m\/2 Origine : Iran &nbsp;\" \/>\n<meta property=\"og:url\" content=\"https:\/\/www.perzijskepreproge.si\/fr\/produit\/tapis-persan-mahal-tapis-persan-mahal\/\" \/>\n<meta property=\"og:site_name\" content=\"Perzijske preproge Farzad\" \/>\n<meta property=\"article:modified_time\" content=\"2026-04-13T11:09:36+00:00\" \/>\n<meta property=\"og:image\" content=\"https:\/\/www.perzijskepreproge.si\/wp-content\/uploads\/2017\/03\/DSCF6982.webp\" \/>\n\t<meta property=\"og:image:width\" content=\"502\" \/>\n\t<meta property=\"og:image:height\" content=\"900\" \/>\n\t<meta property=\"og:image:type\" content=\"image\/jpeg\" \/>\n<meta name=\"twitter:card\" content=\"summary_large_image\" \/>\n<meta name=\"twitter:label1\" content=\"Dur\u00e9e de lecture estim\u00e9e\" \/>\n\t<meta name=\"twitter:data1\" content=\"2 minutes\" \/>\n<script type=\"application\/ld+json\" class=\"yoast-schema-graph\">{\"@context\":\"https:\\\/\\\/schema.org\",\"@graph\":[{\"@type\":\"WebPage\",\"@id\":\"https:\\\/\\\/www.perzijskepreproge.si\\\/fr\\\/produit\\\/tapis-persan-mahal-tapis-persan-mahal\\\/\",\"url\":\"https:\\\/\\\/www.perzijskepreproge.si\\\/fr\\\/produit\\\/tapis-persan-mahal-tapis-persan-mahal\\\/\",\"name\":\"Tapis persan Mahal \\\/ Persian carpet Mahal - Perzijske preproge Farzad\",\"isPartOf\":{\"@id\":\"https:\\\/\\\/www.perzijskepreproge.si\\\/fr\\\/#website\"},\"primaryImageOfPage\":{\"@id\":\"https:\\\/\\\/www.perzijskepreproge.si\\\/fr\\\/produit\\\/tapis-persan-mahal-tapis-persan-mahal\\\/#primaryimage\"},\"image\":{\"@id\":\"https:\\\/\\\/www.perzijskepreproge.si\\\/fr\\\/produit\\\/tapis-persan-mahal-tapis-persan-mahal\\\/#primaryimage\"},\"thumbnailUrl\":\"https:\\\/\\\/www.perzijskepreproge.si\\\/wp-content\\\/uploads\\\/2017\\\/03\\\/DSCF6982.jpg\",\"datePublished\":\"2017-03-09T14:04:32+00:00\",\"dateModified\":\"2026-04-13T11:09:36+00:00\",\"breadcrumb\":{\"@id\":\"https:\\\/\\\/www.perzijskepreproge.si\\\/fr\\\/produit\\\/tapis-persan-mahal-tapis-persan-mahal\\\/#breadcrumb\"},\"inLanguage\":\"fr-FR\",\"potentialAction\":[{\"@type\":\"ReadAction\",\"target\":[\"https:\\\/\\\/www.perzijskepreproge.si\\\/fr\\\/produit\\\/tapis-persan-mahal-tapis-persan-mahal\\\/\"]}]},{\"@type\":\"ImageObject\",\"inLanguage\":\"fr-FR\",\"@id\":\"https:\\\/\\\/www.perzijskepreproge.si\\\/fr\\\/produit\\\/tapis-persan-mahal-tapis-persan-mahal\\\/#primaryimage\",\"url\":\"https:\\\/\\\/www.perzijskepreproge.si\\\/wp-content\\\/uploads\\\/2017\\\/03\\\/DSCF6982.jpg\",\"contentUrl\":\"https:\\\/\\\/www.perzijskepreproge.si\\\/wp-content\\\/uploads\\\/2017\\\/03\\\/DSCF6982.jpg\",\"width\":502,\"height\":900,\"caption\":\"tapis Mahal\"},{\"@type\":\"BreadcrumbList\",\"@id\":\"https:\\\/\\\/www.perzijskepreproge.si\\\/fr\\\/produit\\\/tapis-persan-mahal-tapis-persan-mahal\\\/#breadcrumb\",\"itemListElement\":[{\"@type\":\"ListItem\",\"position\":1,\"name\":\"Maison\",\"item\":\"https:\\\/\\\/www.perzijskepreproge.si\\\/fr\\\/tapis-persans-farzad\\\/\"},{\"@type\":\"ListItem\",\"position\":2,\"name\":\"Boutique\",\"item\":\"https:\\\/\\\/www.perzijskepreproge.si\\\/fr\\\/boutique\\\/\"},{\"@type\":\"ListItem\",\"position\":3,\"name\":\"Tapis persan Mahal \\\/ Persian carpet Mahal\"}]},{\"@type\":\"WebSite\",\"@id\":\"https:\\\/\\\/www.perzijskepreproge.si\\\/fr\\\/#website\",\"url\":\"https:\\\/\\\/www.perzijskepreproge.si\\\/fr\\\/\",\"name\":\"Perzijske preproge Farzad\",\"description\":\"Perzijske preproge,  preprog in \u010di\u0161\u010denje preprog\",\"potentialAction\":[{\"@type\":\"SearchAction\",\"target\":{\"@type\":\"EntryPoint\",\"urlTemplate\":\"https:\\\/\\\/www.perzijskepreproge.si\\\/fr\\\/?s={search_term_string}\"},\"query-input\":{\"@type\":\"PropertyValueSpecification\",\"valueRequired\":true,\"valueName\":\"search_term_string\"}}],\"inLanguage\":\"fr-FR\"}]}<\/script>\n<!-- \/ Yoast SEO plugin. -->","yoast_head_json":{"title":"Tapis persan Mahal \/ Persian carpet Mahal - Perzijske preproge Farzad","robots":{"index":"index","follow":"follow","max-snippet":"max-snippet:-1","max-image-preview":"max-image-preview:large","max-video-preview":"max-video-preview:-1"},"canonical":"https:\/\/www.perzijskepreproge.si\/fr\/produit\/tapis-persan-mahal-tapis-persan-mahal\/","og_locale":"fr_FR","og_type":"article","og_title":"Tapis persan Mahal \/ Persian carpet Mahal - Perzijske preproge Farzad","og_description":"N\u00ba d'enregistrement : 985 Dimensions \/ Size : 316 x 207 cm Composition \/ Velours : laine Base \/ Base : coton \/ cotton Couleurs \/ Colours : v\u00e9g\u00e9tales \/ plants Design \/ Design : floral \/ floral Technique de tissage \/ Weaving technique : tapis nou\u00e9 main \/ handmade pile carpet Densit\u00e9 de nouage \/ Knot density : 120 000 m\/2 Origine : Iran &nbsp;","og_url":"https:\/\/www.perzijskepreproge.si\/fr\/produit\/tapis-persan-mahal-tapis-persan-mahal\/","og_site_name":"Perzijske preproge Farzad","article_modified_time":"2026-04-13T11:09:36+00:00","og_image":[{"width":502,"height":900,"url":"https:\/\/www.perzijskepreproge.si\/wp-content\/uploads\/2017\/03\/DSCF6982.webp","type":"image\/jpeg"}],"twitter_card":"summary_large_image","twitter_misc":{"Dur\u00e9e de lecture estim\u00e9e":"2 minutes"},"schema":{"@context":"https:\/\/schema.org","@graph":[{"@type":"WebPage","@id":"https:\/\/www.perzijskepreproge.si\/fr\/produit\/tapis-persan-mahal-tapis-persan-mahal\/","url":"https:\/\/www.perzijskepreproge.si\/fr\/produit\/tapis-persan-mahal-tapis-persan-mahal\/","name":"Tapis persan Mahal \/ Persian carpet Mahal - Perzijske preproge Farzad","isPartOf":{"@id":"https:\/\/www.perzijskepreproge.si\/fr\/#website"},"primaryImageOfPage":{"@id":"https:\/\/www.perzijskepreproge.si\/fr\/produit\/tapis-persan-mahal-tapis-persan-mahal\/#primaryimage"},"image":{"@id":"https:\/\/www.perzijskepreproge.si\/fr\/produit\/tapis-persan-mahal-tapis-persan-mahal\/#primaryimage"},"thumbnailUrl":"https:\/\/www.perzijskepreproge.si\/wp-content\/uploads\/2017\/03\/DSCF6982.jpg","datePublished":"2017-03-09T14:04:32+00:00","dateModified":"2026-04-13T11:09:36+00:00","breadcrumb":{"@id":"https:\/\/www.perzijskepreproge.si\/fr\/produit\/tapis-persan-mahal-tapis-persan-mahal\/#breadcrumb"},"inLanguage":"fr-FR","potentialAction":[{"@type":"ReadAction","target":["https:\/\/www.perzijskepreproge.si\/fr\/produit\/tapis-persan-mahal-tapis-persan-mahal\/"]}]},{"@type":"ImageObject","inLanguage":"fr-FR","@id":"https:\/\/www.perzijskepreproge.si\/fr\/produit\/tapis-persan-mahal-tapis-persan-mahal\/#primaryimage","url":"https:\/\/www.perzijskepreproge.si\/wp-content\/uploads\/2017\/03\/DSCF6982.jpg","contentUrl":"https:\/\/www.perzijskepreproge.si\/wp-content\/uploads\/2017\/03\/DSCF6982.jpg","width":502,"height":900,"caption":"tapis Mahal"},{"@type":"BreadcrumbList","@id":"https:\/\/www.perzijskepreproge.si\/fr\/produit\/tapis-persan-mahal-tapis-persan-mahal\/#breadcrumb","itemListElement":[{"@type":"ListItem","position":1,"name":"Maison","item":"https:\/\/www.perzijskepreproge.si\/fr\/tapis-persans-farzad\/"},{"@type":"ListItem","position":2,"name":"Boutique","item":"https:\/\/www.perzijskepreproge.si\/fr\/boutique\/"},{"@type":"ListItem","position":3,"name":"Tapis persan Mahal \/ Persian carpet Mahal"}]},{"@type":"WebSite","@id":"https:\/\/www.perzijskepreproge.si\/fr\/#website","url":"https:\/\/www.perzijskepreproge.si\/fr\/","name":"Perzijske preproge Farzad","description":"Perzijske preproge,  preprog in \u010di\u0161\u010denje preprog","potentialAction":[{"@type":"SearchAction","target":{"@type":"EntryPoint","urlTemplate":"https:\/\/www.perzijskepreproge.si\/fr\/?s={search_term_string}"},"query-input":{"@type":"PropertyValueSpecification","valueRequired":true,"valueName":"search_term_string"}}],"inLanguage":"fr-FR"}]}},"_links":{"self":[{"href":"https:\/\/www.perzijskepreproge.si\/fr\/wp-json\/wp\/v2\/product\/25208","targetHints":{"allow":["GET"]}}],"collection":[{"href":"https:\/\/www.perzijskepreproge.si\/fr\/wp-json\/wp\/v2\/product"}],"about":[{"href":"https:\/\/www.perzijskepreproge.si\/fr\/wp-json\/wp\/v2\/types\/product"}],"version-history":[{"count":1,"href":"https:\/\/www.perzijskepreproge.si\/fr\/wp-json\/wp\/v2\/product\/25208\/revisions"}],"predecessor-version":[{"id":29393,"href":"https:\/\/www.perzijskepreproge.si\/fr\/wp-json\/wp\/v2\/product\/25208\/revisions\/29393"}],"wp:featuredmedia":[{"embeddable":true,"href":"https:\/\/www.perzijskepreproge.si\/fr\/wp-json\/wp\/v2\/media\/20758"}],"wp:attachment":[{"href":"https:\/\/www.perzijskepreproge.si\/fr\/wp-json\/wp\/v2\/media?parent=25208"}],"wp:term":[{"taxonomy":"product_brand","embeddable":true,"href":"https:\/\/www.perzijskepreproge.si\/fr\/wp-json\/wp\/v2\/product_brand?post=25208"},{"taxonomy":"product_cat","embeddable":true,"href":"https:\/\/www.perzijskepreproge.si\/fr\/wp-json\/wp\/v2\/product_cat?post=25208"},{"taxonomy":"product_tag","embeddable":true,"href":"https:\/\/www.perzijskepreproge.si\/fr\/wp-json\/wp\/v2\/product_tag?post=25208"}],"curies":[{"name":"wp","href":"https:\/\/api.w.org\/{rel}","templated":true}]}}