{"id":25219,"date":"2017-03-08T15:47:34","date_gmt":"2017-03-08T14:47:34","guid":{"rendered":"https:\/\/www.perzijskepreproge.si\/izdelek\/tapis-persan-heriz-tapis-persan-heriz\/"},"modified":"2026-04-13T13:09:03","modified_gmt":"2026-04-13T11:09:03","slug":"tapis-persan-heriz-tapis-persan-heriz","status":"publish","type":"product","link":"https:\/\/www.perzijskepreproge.si\/fr\/produit\/tapis-persan-heriz-tapis-persan-heriz\/","title":{"rendered":"Tapis persan Heriz \/ Persian carpet Heriz"},"content":{"rendered":"<p data-start=\"241\" data-end=\"577\">Les tapis de la r\u00e9gion de Heriz, au nord-ouest de l&rsquo;Iran, comptent parmi les tapis persans les plus reconnaissables, connus pour leur structure robuste, leurs motifs g\u00e9om\u00e9triques et leur pr\u00e9sence imposante dans l&rsquo;espace. Contrairement aux motifs floraux plus d\u00e9licats caract\u00e9ristiques de la Perse centrale, les tapis Heriz expriment la force, la stabilit\u00e9 et une harmonie naturelle. <\/p>\n<p data-start=\"579\" data-end=\"997\">Leur <strong data-start=\"586\" data-end=\"616\">m\u00e9daillon central caract\u00e9ristique<\/strong>, souvent avec des lignes nettes et sym\u00e9triques, est plac\u00e9 sur un fond riche de motifs g\u00e9om\u00e9triques et v\u00e9g\u00e9taux stylis\u00e9s. La palette de couleurs est chaude et terreuse \u2013 rouge, bleu fonc\u00e9, ocre, beige et parfois de d\u00e9licats tons verts ou turquoises. Gr\u00e2ce \u00e0 leur <strong data-start=\"866\" data-end=\"894\">composition \u00e9quilibr\u00e9e<\/strong>, les tapis Heriz sont id\u00e9aux pour les espaces o\u00f9 l&rsquo;on souhaite allier tradition et esth\u00e9tique moderne.  <\/p>\n<p data-start=\"999\" data-end=\"1352\">Les tapis Heriz sont nou\u00e9s \u00e0 la main \u00e0 partir de <strong data-start=\"1034\" data-end=\"1057\">100 % de laine naturelle<\/strong>, r\u00e9put\u00e9e pour sa solidit\u00e9 et son \u00e9lasticit\u00e9. Le support (cha\u00eene et trame) est g\u00e9n\u00e9ralement en coton robuste, ce qui augmente encore la stabilit\u00e9 du tissage. La laine est teinte avec des colorants naturels issus de plantes, de racines et de min\u00e9raux, garantissant des couleurs profondes et durables qui ne font que gagner en caract\u00e8re avec le temps.  <\/p>\n<p data-start=\"1354\" data-end=\"1580\">Gr\u00e2ce \u00e0 leur durabilit\u00e9 et \u00e0 leur nouage dense, les tapis Heriz conviennent \u00e9galement tr\u00e8s bien aux zones \u00e0 fort passage \u2013 salles \u00e0 manger, salons, et m\u00eame couloirs. En m\u00eame temps, ils apportent \u00e0 l&rsquo;espace un <strong data-start=\"1531\" data-end=\"1579\">sentiment de chaleur, de puissance et de beaut\u00e9 intemporelle<\/strong>. <\/p>\n","protected":false},"excerpt":{"rendered":"<p>N\u00b0 d&rsquo;enregistrement : 984<\/p>\n<p>Dimensions : 294 x 256 cm<\/p>\n<p>Composition \/ Velours : laine<\/p>\n<p>Base \/ Base : coton \/ cotton<\/p>\n<p>Couleurs \/ Colours : v\u00e9g\u00e9tales \/ plants<\/p>\n<p>Design : g\u00e9om\u00e9trique avec m\u00e9daillon<\/p>\n<p>Technique de tissage \/ Weaving technique : tapis nou\u00e9 main \/ handmade pile carpet<\/p>\n<p>Densit\u00e9 de nouage : 250 000 m\/2<\/p>\n<p>Origine : Iran<\/p>\n<p>&nbsp;<\/p>\n","protected":false},"featured_media":27132,"template":"","meta":{"iawp_total_views":7},"product_brand":[],"product_cat":[333,276,310],"product_tag":[],"class_list":{"0":"post-25219","1":"product","2":"type-product","3":"status-publish","4":"has-post-thumbnail","6":"product_cat-grands-tapis-fr","7":"product_cat-offre-speciale","8":"product_cat-tapis-classiques","9":"pa_barva-osnovna-brique-cuivre","10":"pa_material-laine","11":"pa_oblika-rectangulaire","12":"pa_tip-preproge-classique-de-maitre","13":"pa_velikost-cca-300x200","15":"first","16":"instock","17":"sale","18":"featured","19":"sold-individually","20":"taxable","21":"shipping-taxable","22":"purchasable","23":"product-type-simple"},"yoast_head":"<!-- This site is optimized with the Yoast SEO plugin v27.3 - https:\/\/yoast.com\/product\/yoast-seo-wordpress\/ -->\n<title>Tapis persan Heriz \/ Persian carpet Heriz - Perzijske preproge Farzad<\/title>\n<meta name=\"robots\" content=\"index, follow, max-snippet:-1, max-image-preview:large, max-video-preview:-1\" \/>\n<link rel=\"canonical\" href=\"https:\/\/www.perzijskepreproge.si\/fr\/produit\/tapis-persan-heriz-tapis-persan-heriz\/\" \/>\n<meta property=\"og:locale\" content=\"fr_FR\" \/>\n<meta property=\"og:type\" content=\"article\" \/>\n<meta property=\"og:title\" content=\"Tapis persan Heriz \/ Persian carpet Heriz - Perzijske preproge Farzad\" \/>\n<meta property=\"og:description\" content=\"N\u00b0 d&#039;enregistrement : 984 Dimensions : 294 x 256 cm Composition \/ Velours : laine Base \/ Base : coton \/ cotton Couleurs \/ Colours : v\u00e9g\u00e9tales \/ plants Design : g\u00e9om\u00e9trique avec m\u00e9daillon Technique de tissage \/ Weaving technique : tapis nou\u00e9 main \/ handmade pile carpet Densit\u00e9 de nouage : 250 000 m\/2 Origine : Iran &nbsp;\" \/>\n<meta property=\"og:url\" content=\"https:\/\/www.perzijskepreproge.si\/fr\/produit\/tapis-persan-heriz-tapis-persan-heriz\/\" \/>\n<meta property=\"og:site_name\" content=\"Perzijske preproge Farzad\" \/>\n<meta property=\"article:modified_time\" content=\"2026-04-13T11:09:03+00:00\" \/>\n<meta property=\"og:image\" content=\"https:\/\/www.perzijskepreproge.si\/wp-content\/uploads\/2017\/03\/jpg.webp\" \/>\n\t<meta property=\"og:image:width\" content=\"801\" \/>\n\t<meta property=\"og:image:height\" content=\"1200\" \/>\n\t<meta property=\"og:image:type\" content=\"image\/jpeg\" \/>\n<meta name=\"twitter:card\" content=\"summary_large_image\" \/>\n<meta name=\"twitter:label1\" content=\"Dur\u00e9e de lecture estim\u00e9e\" \/>\n\t<meta name=\"twitter:data1\" content=\"1 minute\" \/>\n<script type=\"application\/ld+json\" class=\"yoast-schema-graph\">{\"@context\":\"https:\\\/\\\/schema.org\",\"@graph\":[{\"@type\":\"WebPage\",\"@id\":\"https:\\\/\\\/www.perzijskepreproge.si\\\/fr\\\/produit\\\/tapis-persan-heriz-tapis-persan-heriz\\\/\",\"url\":\"https:\\\/\\\/www.perzijskepreproge.si\\\/fr\\\/produit\\\/tapis-persan-heriz-tapis-persan-heriz\\\/\",\"name\":\"Tapis persan Heriz \\\/ Persian carpet Heriz - Perzijske preproge Farzad\",\"isPartOf\":{\"@id\":\"https:\\\/\\\/www.perzijskepreproge.si\\\/fr\\\/#website\"},\"primaryImageOfPage\":{\"@id\":\"https:\\\/\\\/www.perzijskepreproge.si\\\/fr\\\/produit\\\/tapis-persan-heriz-tapis-persan-heriz\\\/#primaryimage\"},\"image\":{\"@id\":\"https:\\\/\\\/www.perzijskepreproge.si\\\/fr\\\/produit\\\/tapis-persan-heriz-tapis-persan-heriz\\\/#primaryimage\"},\"thumbnailUrl\":\"https:\\\/\\\/www.perzijskepreproge.si\\\/wp-content\\\/uploads\\\/2017\\\/03\\\/jpg.jpg\",\"datePublished\":\"2017-03-08T14:47:34+00:00\",\"dateModified\":\"2026-04-13T11:09:03+00:00\",\"breadcrumb\":{\"@id\":\"https:\\\/\\\/www.perzijskepreproge.si\\\/fr\\\/produit\\\/tapis-persan-heriz-tapis-persan-heriz\\\/#breadcrumb\"},\"inLanguage\":\"fr-FR\",\"potentialAction\":[{\"@type\":\"ReadAction\",\"target\":[\"https:\\\/\\\/www.perzijskepreproge.si\\\/fr\\\/produit\\\/tapis-persan-heriz-tapis-persan-heriz\\\/\"]}]},{\"@type\":\"ImageObject\",\"inLanguage\":\"fr-FR\",\"@id\":\"https:\\\/\\\/www.perzijskepreproge.si\\\/fr\\\/produit\\\/tapis-persan-heriz-tapis-persan-heriz\\\/#primaryimage\",\"url\":\"https:\\\/\\\/www.perzijskepreproge.si\\\/wp-content\\\/uploads\\\/2017\\\/03\\\/jpg.jpg\",\"contentUrl\":\"https:\\\/\\\/www.perzijskepreproge.si\\\/wp-content\\\/uploads\\\/2017\\\/03\\\/jpg.jpg\",\"width\":801,\"height\":1200},{\"@type\":\"BreadcrumbList\",\"@id\":\"https:\\\/\\\/www.perzijskepreproge.si\\\/fr\\\/produit\\\/tapis-persan-heriz-tapis-persan-heriz\\\/#breadcrumb\",\"itemListElement\":[{\"@type\":\"ListItem\",\"position\":1,\"name\":\"Maison\",\"item\":\"https:\\\/\\\/www.perzijskepreproge.si\\\/fr\\\/tapis-persans-farzad\\\/\"},{\"@type\":\"ListItem\",\"position\":2,\"name\":\"Boutique\",\"item\":\"https:\\\/\\\/www.perzijskepreproge.si\\\/fr\\\/boutique\\\/\"},{\"@type\":\"ListItem\",\"position\":3,\"name\":\"Tapis persan Heriz \\\/ Persian carpet Heriz\"}]},{\"@type\":\"WebSite\",\"@id\":\"https:\\\/\\\/www.perzijskepreproge.si\\\/fr\\\/#website\",\"url\":\"https:\\\/\\\/www.perzijskepreproge.si\\\/fr\\\/\",\"name\":\"Perzijske preproge Farzad\",\"description\":\"Perzijske preproge,  preprog in \u010di\u0161\u010denje preprog\",\"potentialAction\":[{\"@type\":\"SearchAction\",\"target\":{\"@type\":\"EntryPoint\",\"urlTemplate\":\"https:\\\/\\\/www.perzijskepreproge.si\\\/fr\\\/?s={search_term_string}\"},\"query-input\":{\"@type\":\"PropertyValueSpecification\",\"valueRequired\":true,\"valueName\":\"search_term_string\"}}],\"inLanguage\":\"fr-FR\"}]}<\/script>\n<!-- \/ Yoast SEO plugin. -->","yoast_head_json":{"title":"Tapis persan Heriz \/ Persian carpet Heriz - Perzijske preproge Farzad","robots":{"index":"index","follow":"follow","max-snippet":"max-snippet:-1","max-image-preview":"max-image-preview:large","max-video-preview":"max-video-preview:-1"},"canonical":"https:\/\/www.perzijskepreproge.si\/fr\/produit\/tapis-persan-heriz-tapis-persan-heriz\/","og_locale":"fr_FR","og_type":"article","og_title":"Tapis persan Heriz \/ Persian carpet Heriz - Perzijske preproge Farzad","og_description":"N\u00b0 d'enregistrement : 984 Dimensions : 294 x 256 cm Composition \/ Velours : laine Base \/ Base : coton \/ cotton Couleurs \/ Colours : v\u00e9g\u00e9tales \/ plants Design : g\u00e9om\u00e9trique avec m\u00e9daillon Technique de tissage \/ Weaving technique : tapis nou\u00e9 main \/ handmade pile carpet Densit\u00e9 de nouage : 250 000 m\/2 Origine : Iran &nbsp;","og_url":"https:\/\/www.perzijskepreproge.si\/fr\/produit\/tapis-persan-heriz-tapis-persan-heriz\/","og_site_name":"Perzijske preproge Farzad","article_modified_time":"2026-04-13T11:09:03+00:00","og_image":[{"width":801,"height":1200,"url":"https:\/\/www.perzijskepreproge.si\/wp-content\/uploads\/2017\/03\/jpg.webp","type":"image\/jpeg"}],"twitter_card":"summary_large_image","twitter_misc":{"Dur\u00e9e de lecture estim\u00e9e":"1 minute"},"schema":{"@context":"https:\/\/schema.org","@graph":[{"@type":"WebPage","@id":"https:\/\/www.perzijskepreproge.si\/fr\/produit\/tapis-persan-heriz-tapis-persan-heriz\/","url":"https:\/\/www.perzijskepreproge.si\/fr\/produit\/tapis-persan-heriz-tapis-persan-heriz\/","name":"Tapis persan Heriz \/ Persian carpet Heriz - Perzijske preproge Farzad","isPartOf":{"@id":"https:\/\/www.perzijskepreproge.si\/fr\/#website"},"primaryImageOfPage":{"@id":"https:\/\/www.perzijskepreproge.si\/fr\/produit\/tapis-persan-heriz-tapis-persan-heriz\/#primaryimage"},"image":{"@id":"https:\/\/www.perzijskepreproge.si\/fr\/produit\/tapis-persan-heriz-tapis-persan-heriz\/#primaryimage"},"thumbnailUrl":"https:\/\/www.perzijskepreproge.si\/wp-content\/uploads\/2017\/03\/jpg.jpg","datePublished":"2017-03-08T14:47:34+00:00","dateModified":"2026-04-13T11:09:03+00:00","breadcrumb":{"@id":"https:\/\/www.perzijskepreproge.si\/fr\/produit\/tapis-persan-heriz-tapis-persan-heriz\/#breadcrumb"},"inLanguage":"fr-FR","potentialAction":[{"@type":"ReadAction","target":["https:\/\/www.perzijskepreproge.si\/fr\/produit\/tapis-persan-heriz-tapis-persan-heriz\/"]}]},{"@type":"ImageObject","inLanguage":"fr-FR","@id":"https:\/\/www.perzijskepreproge.si\/fr\/produit\/tapis-persan-heriz-tapis-persan-heriz\/#primaryimage","url":"https:\/\/www.perzijskepreproge.si\/wp-content\/uploads\/2017\/03\/jpg.jpg","contentUrl":"https:\/\/www.perzijskepreproge.si\/wp-content\/uploads\/2017\/03\/jpg.jpg","width":801,"height":1200},{"@type":"BreadcrumbList","@id":"https:\/\/www.perzijskepreproge.si\/fr\/produit\/tapis-persan-heriz-tapis-persan-heriz\/#breadcrumb","itemListElement":[{"@type":"ListItem","position":1,"name":"Maison","item":"https:\/\/www.perzijskepreproge.si\/fr\/tapis-persans-farzad\/"},{"@type":"ListItem","position":2,"name":"Boutique","item":"https:\/\/www.perzijskepreproge.si\/fr\/boutique\/"},{"@type":"ListItem","position":3,"name":"Tapis persan Heriz \/ Persian carpet Heriz"}]},{"@type":"WebSite","@id":"https:\/\/www.perzijskepreproge.si\/fr\/#website","url":"https:\/\/www.perzijskepreproge.si\/fr\/","name":"Perzijske preproge Farzad","description":"Perzijske preproge,  preprog in \u010di\u0161\u010denje preprog","potentialAction":[{"@type":"SearchAction","target":{"@type":"EntryPoint","urlTemplate":"https:\/\/www.perzijskepreproge.si\/fr\/?s={search_term_string}"},"query-input":{"@type":"PropertyValueSpecification","valueRequired":true,"valueName":"search_term_string"}}],"inLanguage":"fr-FR"}]}},"_links":{"self":[{"href":"https:\/\/www.perzijskepreproge.si\/fr\/wp-json\/wp\/v2\/product\/25219","targetHints":{"allow":["GET"]}}],"collection":[{"href":"https:\/\/www.perzijskepreproge.si\/fr\/wp-json\/wp\/v2\/product"}],"about":[{"href":"https:\/\/www.perzijskepreproge.si\/fr\/wp-json\/wp\/v2\/types\/product"}],"version-history":[{"count":1,"href":"https:\/\/www.perzijskepreproge.si\/fr\/wp-json\/wp\/v2\/product\/25219\/revisions"}],"predecessor-version":[{"id":29389,"href":"https:\/\/www.perzijskepreproge.si\/fr\/wp-json\/wp\/v2\/product\/25219\/revisions\/29389"}],"wp:featuredmedia":[{"embeddable":true,"href":"https:\/\/www.perzijskepreproge.si\/fr\/wp-json\/wp\/v2\/media\/27132"}],"wp:attachment":[{"href":"https:\/\/www.perzijskepreproge.si\/fr\/wp-json\/wp\/v2\/media?parent=25219"}],"wp:term":[{"taxonomy":"product_brand","embeddable":true,"href":"https:\/\/www.perzijskepreproge.si\/fr\/wp-json\/wp\/v2\/product_brand?post=25219"},{"taxonomy":"product_cat","embeddable":true,"href":"https:\/\/www.perzijskepreproge.si\/fr\/wp-json\/wp\/v2\/product_cat?post=25219"},{"taxonomy":"product_tag","embeddable":true,"href":"https:\/\/www.perzijskepreproge.si\/fr\/wp-json\/wp\/v2\/product_tag?post=25219"}],"curies":[{"name":"wp","href":"https:\/\/api.w.org\/{rel}","templated":true}]}}