{"id":25238,"date":"2017-02-28T14:48:00","date_gmt":"2017-02-28T13:48:00","guid":{"rendered":"https:\/\/www.perzijskepreproge.si\/izdelek\/tapis-persan-kerman-tapis-persan-kerman\/"},"modified":"2026-04-13T13:14:59","modified_gmt":"2026-04-13T11:14:59","slug":"tapis-persan-kerman-tapis-persan-kerman","status":"publish","type":"product","link":"https:\/\/www.perzijskepreproge.si\/fr\/produit\/tapis-persan-kerman-tapis-persan-kerman\/","title":{"rendered":"Tapis persan Kerman"},"content":{"rendered":"<p data-start=\"0\" data-end=\"313\">Ce magnifique tapis persan de la ville de Kerman (ou Kirman) est un excellent exemple du tissage persan traditionnel, r\u00e9put\u00e9 pour sa coordination chromatique exceptionnelle, la densit\u00e9 de ses d\u00e9tails et sa composition artistique raffin\u00e9e. Esth\u00e9tiquement, le tapis est tr\u00e8s vivant, dynamique et vari\u00e9, tout en \u00e9tant harmonieux et \u00e9quilibr\u00e9. <\/p>\n<p data-start=\"315\" data-end=\"866\">Son centre est orn\u00e9 d&rsquo;un motif dense de fleurs et de feuilles qui s&rsquo;\u00e9tend sur toute la surface, sans m\u00e9daillon central prononc\u00e9, ce qui est une des particularit\u00e9s de nombreux tapis de Kerman. L&rsquo;ensemble du design \u00e9voque un riche jardin persan \u2013 un jardin en pleine floraison, o\u00f9 les couleurs et les formes se fondent dans un effet presque kal\u00e9idoscopique. La palette de couleurs est riche et vibrante : un rouge profond pr\u00e9domine, formant la base du champ dans lequel s&rsquo;entrelacent des motifs en bleu clair, beige dor\u00e9, turquoise, bleu fonc\u00e9 et vert, avec des touches d&rsquo;orange, de blanc et de noir.  <\/p>\n<p data-start=\"868\" data-end=\"1192\">La bordure du tapis est large et compos\u00e9e de plusieurs bandes. Le bord principal est d&rsquo;un bleu fonc\u00e9 contrastant, richement parsem\u00e9 de motifs floraux dans des tons clairs, cr\u00e9ant une belle transition et un cadre visuel. Des bandes int\u00e9rieures et ext\u00e9rieures suppl\u00e9mentaires avec des motifs ornementaux plus fins compl\u00e8tent la composition et lui conf\u00e8rent un sentiment de perfection.  <\/p>\n<p data-start=\"1194\" data-end=\"1661\" data-is-last-node=\"\" data-is-only-node=\"\">Le design du tapis est nettement sym\u00e9trique selon l&rsquo;axe diagonal et d\u00e9gage la philosophie esth\u00e9tique persane classique \u2013 ordre, abondance, beaut\u00e9 et symbolisme de la nature. Gr\u00e2ce \u00e0 sa vivacit\u00e9 chromatique et sa complexit\u00e9 artistique, ce tapis est id\u00e9al pour les espaces o\u00f9 vous souhaitez cr\u00e9er une ambiance chaleureuse, riche et culturellement inspir\u00e9e. Il s&rsquo;harmonise parfaitement avec les int\u00e9rieurs en bois et classiques, et ajoute du caract\u00e8re \u00e0 toute pi\u00e8ce, qu&rsquo;il s&rsquo;agisse d&rsquo;un salon, d&rsquo;une biblioth\u00e8que ou d&rsquo;un salon de r\u00e9ception.  <\/p>\n","protected":false},"excerpt":{"rendered":"<p>N\u00b0 d&rsquo;enregistrement : 1019<\/p>\n<p>Dimensions : 427 x 294 cm<\/p>\n<p>Composition \/ Velours : laine<\/p>\n<p>Base \/ Base : coton \/ cotton<\/p>\n<p>Couleurs \/ Colours : v\u00e9g\u00e9tales \/ plants<\/p>\n<p>Design \/ Design : floral \/ floral<\/p>\n<p>Technique de tissage \/ Weaving technique : tapis nou\u00e9 main \/ handmade pile carpet<\/p>\n<p>Densit\u00e9 de n\u0153uds : 360 000 m\u00b2<\/p>\n<p>Origine : Iran<\/p>\n<p>&nbsp;<\/p>\n","protected":false},"featured_media":20350,"template":"","meta":{"iawp_total_views":2},"product_brand":[],"product_cat":[333,310],"product_tag":[],"class_list":{"0":"post-25238","1":"product","2":"type-product","3":"status-publish","4":"has-post-thumbnail","6":"product_cat-grands-tapis-fr","7":"product_cat-tapis-classiques","8":"pa_barva-osnovna-rouge-bordeaux","9":"pa_material-laine","10":"pa_oblika-rectangulaire","11":"pa_tip-preproge-classique-de-maitre","12":"pa_velikost-cca-400x300","14":"first","15":"instock","16":"sold-individually","17":"taxable","18":"shipping-taxable","19":"purchasable","20":"product-type-simple"},"yoast_head":"<!-- This site is optimized with the Yoast SEO plugin v27.3 - https:\/\/yoast.com\/product\/yoast-seo-wordpress\/ -->\n<title>Tapis persan Kerman - Perzijske preproge Farzad<\/title>\n<meta name=\"robots\" content=\"index, follow, max-snippet:-1, max-image-preview:large, max-video-preview:-1\" \/>\n<link rel=\"canonical\" href=\"https:\/\/www.perzijskepreproge.si\/fr\/produit\/tapis-persan-kerman-tapis-persan-kerman\/\" \/>\n<meta property=\"og:locale\" content=\"fr_FR\" \/>\n<meta property=\"og:type\" content=\"article\" \/>\n<meta property=\"og:title\" content=\"Tapis persan Kerman - Perzijske preproge Farzad\" \/>\n<meta property=\"og:description\" content=\"N\u00b0 d&#039;enregistrement : 1019 Dimensions : 427 x 294 cm Composition \/ Velours : laine Base \/ Base : coton \/ cotton Couleurs \/ Colours : v\u00e9g\u00e9tales \/ plants Design \/ Design : floral \/ floral Technique de tissage \/ Weaving technique : tapis nou\u00e9 main \/ handmade pile carpet Densit\u00e9 de n\u0153uds : 360 000 m\u00b2 Origine : Iran &nbsp;\" \/>\n<meta property=\"og:url\" content=\"https:\/\/www.perzijskepreproge.si\/fr\/produit\/tapis-persan-kerman-tapis-persan-kerman\/\" \/>\n<meta property=\"og:site_name\" content=\"Perzijske preproge Farzad\" \/>\n<meta property=\"article:modified_time\" content=\"2026-04-13T11:14:59+00:00\" \/>\n<meta property=\"og:image\" content=\"https:\/\/www.perzijskepreproge.si\/wp-content\/uploads\/2017\/02\/DSCF6652.webp\" \/>\n\t<meta property=\"og:image:width\" content=\"900\" \/>\n\t<meta property=\"og:image:height\" content=\"600\" \/>\n\t<meta property=\"og:image:type\" content=\"image\/jpeg\" \/>\n<meta name=\"twitter:card\" content=\"summary_large_image\" \/>\n<meta name=\"twitter:label1\" content=\"Dur\u00e9e de lecture estim\u00e9e\" \/>\n\t<meta name=\"twitter:data1\" content=\"2 minutes\" \/>\n<script type=\"application\/ld+json\" class=\"yoast-schema-graph\">{\"@context\":\"https:\\\/\\\/schema.org\",\"@graph\":[{\"@type\":\"WebPage\",\"@id\":\"https:\\\/\\\/www.perzijskepreproge.si\\\/fr\\\/produit\\\/tapis-persan-kerman-tapis-persan-kerman\\\/\",\"url\":\"https:\\\/\\\/www.perzijskepreproge.si\\\/fr\\\/produit\\\/tapis-persan-kerman-tapis-persan-kerman\\\/\",\"name\":\"Tapis persan Kerman - Perzijske preproge Farzad\",\"isPartOf\":{\"@id\":\"https:\\\/\\\/www.perzijskepreproge.si\\\/fr\\\/#website\"},\"primaryImageOfPage\":{\"@id\":\"https:\\\/\\\/www.perzijskepreproge.si\\\/fr\\\/produit\\\/tapis-persan-kerman-tapis-persan-kerman\\\/#primaryimage\"},\"image\":{\"@id\":\"https:\\\/\\\/www.perzijskepreproge.si\\\/fr\\\/produit\\\/tapis-persan-kerman-tapis-persan-kerman\\\/#primaryimage\"},\"thumbnailUrl\":\"https:\\\/\\\/www.perzijskepreproge.si\\\/wp-content\\\/uploads\\\/2017\\\/02\\\/DSCF6652.jpg\",\"datePublished\":\"2017-02-28T13:48:00+00:00\",\"dateModified\":\"2026-04-13T11:14:59+00:00\",\"breadcrumb\":{\"@id\":\"https:\\\/\\\/www.perzijskepreproge.si\\\/fr\\\/produit\\\/tapis-persan-kerman-tapis-persan-kerman\\\/#breadcrumb\"},\"inLanguage\":\"fr-FR\",\"potentialAction\":[{\"@type\":\"ReadAction\",\"target\":[\"https:\\\/\\\/www.perzijskepreproge.si\\\/fr\\\/produit\\\/tapis-persan-kerman-tapis-persan-kerman\\\/\"]}]},{\"@type\":\"ImageObject\",\"inLanguage\":\"fr-FR\",\"@id\":\"https:\\\/\\\/www.perzijskepreproge.si\\\/fr\\\/produit\\\/tapis-persan-kerman-tapis-persan-kerman\\\/#primaryimage\",\"url\":\"https:\\\/\\\/www.perzijskepreproge.si\\\/wp-content\\\/uploads\\\/2017\\\/02\\\/DSCF6652.jpg\",\"contentUrl\":\"https:\\\/\\\/www.perzijskepreproge.si\\\/wp-content\\\/uploads\\\/2017\\\/02\\\/DSCF6652.jpg\",\"width\":900,\"height\":600,\"caption\":\"tapis Kerman\"},{\"@type\":\"BreadcrumbList\",\"@id\":\"https:\\\/\\\/www.perzijskepreproge.si\\\/fr\\\/produit\\\/tapis-persan-kerman-tapis-persan-kerman\\\/#breadcrumb\",\"itemListElement\":[{\"@type\":\"ListItem\",\"position\":1,\"name\":\"Maison\",\"item\":\"https:\\\/\\\/www.perzijskepreproge.si\\\/fr\\\/tapis-persans-farzad\\\/\"},{\"@type\":\"ListItem\",\"position\":2,\"name\":\"Boutique\",\"item\":\"https:\\\/\\\/www.perzijskepreproge.si\\\/fr\\\/boutique\\\/\"},{\"@type\":\"ListItem\",\"position\":3,\"name\":\"Tapis persan Kerman\"}]},{\"@type\":\"WebSite\",\"@id\":\"https:\\\/\\\/www.perzijskepreproge.si\\\/fr\\\/#website\",\"url\":\"https:\\\/\\\/www.perzijskepreproge.si\\\/fr\\\/\",\"name\":\"Perzijske preproge Farzad\",\"description\":\"Perzijske preproge,  preprog in \u010di\u0161\u010denje preprog\",\"potentialAction\":[{\"@type\":\"SearchAction\",\"target\":{\"@type\":\"EntryPoint\",\"urlTemplate\":\"https:\\\/\\\/www.perzijskepreproge.si\\\/fr\\\/?s={search_term_string}\"},\"query-input\":{\"@type\":\"PropertyValueSpecification\",\"valueRequired\":true,\"valueName\":\"search_term_string\"}}],\"inLanguage\":\"fr-FR\"}]}<\/script>\n<!-- \/ Yoast SEO plugin. -->","yoast_head_json":{"title":"Tapis persan Kerman - Perzijske preproge Farzad","robots":{"index":"index","follow":"follow","max-snippet":"max-snippet:-1","max-image-preview":"max-image-preview:large","max-video-preview":"max-video-preview:-1"},"canonical":"https:\/\/www.perzijskepreproge.si\/fr\/produit\/tapis-persan-kerman-tapis-persan-kerman\/","og_locale":"fr_FR","og_type":"article","og_title":"Tapis persan Kerman - Perzijske preproge Farzad","og_description":"N\u00b0 d'enregistrement : 1019 Dimensions : 427 x 294 cm Composition \/ Velours : laine Base \/ Base : coton \/ cotton Couleurs \/ Colours : v\u00e9g\u00e9tales \/ plants Design \/ Design : floral \/ floral Technique de tissage \/ Weaving technique : tapis nou\u00e9 main \/ handmade pile carpet Densit\u00e9 de n\u0153uds : 360 000 m\u00b2 Origine : Iran &nbsp;","og_url":"https:\/\/www.perzijskepreproge.si\/fr\/produit\/tapis-persan-kerman-tapis-persan-kerman\/","og_site_name":"Perzijske preproge Farzad","article_modified_time":"2026-04-13T11:14:59+00:00","og_image":[{"width":900,"height":600,"url":"https:\/\/www.perzijskepreproge.si\/wp-content\/uploads\/2017\/02\/DSCF6652.webp","type":"image\/jpeg"}],"twitter_card":"summary_large_image","twitter_misc":{"Dur\u00e9e de lecture estim\u00e9e":"2 minutes"},"schema":{"@context":"https:\/\/schema.org","@graph":[{"@type":"WebPage","@id":"https:\/\/www.perzijskepreproge.si\/fr\/produit\/tapis-persan-kerman-tapis-persan-kerman\/","url":"https:\/\/www.perzijskepreproge.si\/fr\/produit\/tapis-persan-kerman-tapis-persan-kerman\/","name":"Tapis persan Kerman - Perzijske preproge Farzad","isPartOf":{"@id":"https:\/\/www.perzijskepreproge.si\/fr\/#website"},"primaryImageOfPage":{"@id":"https:\/\/www.perzijskepreproge.si\/fr\/produit\/tapis-persan-kerman-tapis-persan-kerman\/#primaryimage"},"image":{"@id":"https:\/\/www.perzijskepreproge.si\/fr\/produit\/tapis-persan-kerman-tapis-persan-kerman\/#primaryimage"},"thumbnailUrl":"https:\/\/www.perzijskepreproge.si\/wp-content\/uploads\/2017\/02\/DSCF6652.jpg","datePublished":"2017-02-28T13:48:00+00:00","dateModified":"2026-04-13T11:14:59+00:00","breadcrumb":{"@id":"https:\/\/www.perzijskepreproge.si\/fr\/produit\/tapis-persan-kerman-tapis-persan-kerman\/#breadcrumb"},"inLanguage":"fr-FR","potentialAction":[{"@type":"ReadAction","target":["https:\/\/www.perzijskepreproge.si\/fr\/produit\/tapis-persan-kerman-tapis-persan-kerman\/"]}]},{"@type":"ImageObject","inLanguage":"fr-FR","@id":"https:\/\/www.perzijskepreproge.si\/fr\/produit\/tapis-persan-kerman-tapis-persan-kerman\/#primaryimage","url":"https:\/\/www.perzijskepreproge.si\/wp-content\/uploads\/2017\/02\/DSCF6652.jpg","contentUrl":"https:\/\/www.perzijskepreproge.si\/wp-content\/uploads\/2017\/02\/DSCF6652.jpg","width":900,"height":600,"caption":"tapis Kerman"},{"@type":"BreadcrumbList","@id":"https:\/\/www.perzijskepreproge.si\/fr\/produit\/tapis-persan-kerman-tapis-persan-kerman\/#breadcrumb","itemListElement":[{"@type":"ListItem","position":1,"name":"Maison","item":"https:\/\/www.perzijskepreproge.si\/fr\/tapis-persans-farzad\/"},{"@type":"ListItem","position":2,"name":"Boutique","item":"https:\/\/www.perzijskepreproge.si\/fr\/boutique\/"},{"@type":"ListItem","position":3,"name":"Tapis persan Kerman"}]},{"@type":"WebSite","@id":"https:\/\/www.perzijskepreproge.si\/fr\/#website","url":"https:\/\/www.perzijskepreproge.si\/fr\/","name":"Perzijske preproge Farzad","description":"Perzijske preproge,  preprog in \u010di\u0161\u010denje preprog","potentialAction":[{"@type":"SearchAction","target":{"@type":"EntryPoint","urlTemplate":"https:\/\/www.perzijskepreproge.si\/fr\/?s={search_term_string}"},"query-input":{"@type":"PropertyValueSpecification","valueRequired":true,"valueName":"search_term_string"}}],"inLanguage":"fr-FR"}]}},"_links":{"self":[{"href":"https:\/\/www.perzijskepreproge.si\/fr\/wp-json\/wp\/v2\/product\/25238","targetHints":{"allow":["GET"]}}],"collection":[{"href":"https:\/\/www.perzijskepreproge.si\/fr\/wp-json\/wp\/v2\/product"}],"about":[{"href":"https:\/\/www.perzijskepreproge.si\/fr\/wp-json\/wp\/v2\/types\/product"}],"version-history":[{"count":1,"href":"https:\/\/www.perzijskepreproge.si\/fr\/wp-json\/wp\/v2\/product\/25238\/revisions"}],"predecessor-version":[{"id":29434,"href":"https:\/\/www.perzijskepreproge.si\/fr\/wp-json\/wp\/v2\/product\/25238\/revisions\/29434"}],"wp:featuredmedia":[{"embeddable":true,"href":"https:\/\/www.perzijskepreproge.si\/fr\/wp-json\/wp\/v2\/media\/20350"}],"wp:attachment":[{"href":"https:\/\/www.perzijskepreproge.si\/fr\/wp-json\/wp\/v2\/media?parent=25238"}],"wp:term":[{"taxonomy":"product_brand","embeddable":true,"href":"https:\/\/www.perzijskepreproge.si\/fr\/wp-json\/wp\/v2\/product_brand?post=25238"},{"taxonomy":"product_cat","embeddable":true,"href":"https:\/\/www.perzijskepreproge.si\/fr\/wp-json\/wp\/v2\/product_cat?post=25238"},{"taxonomy":"product_tag","embeddable":true,"href":"https:\/\/www.perzijskepreproge.si\/fr\/wp-json\/wp\/v2\/product_tag?post=25238"}],"curies":[{"name":"wp","href":"https:\/\/api.w.org\/{rel}","templated":true}]}}