{"id":25250,"date":"2017-01-16T14:12:25","date_gmt":"2017-01-16T13:12:25","guid":{"rendered":"https:\/\/www.perzijskepreproge.si\/izdelek\/kilim-persan-shiraz-kilim-persan-shiraz\/"},"modified":"2026-04-13T13:15:28","modified_gmt":"2026-04-13T11:15:28","slug":"kilim-persan-shiraz-kilim-persan-shiraz","status":"publish","type":"product","link":"https:\/\/www.perzijskepreproge.si\/fr\/produit\/kilim-persan-shiraz-kilim-persan-shiraz\/","title":{"rendered":"Kilim persan de Shiraz \/ Persian kilim Shiraz"},"content":{"rendered":"<p data-start=\"0\" data-end=\"263\">L\u2019image montre un objet textile d\u00e9coratif nomade traditionnel d\u2019Iran, tr\u00e8s probablement un <strong data-start=\"85\" data-end=\"102\">ornement de cheval<\/strong> (en persan : <em data-start=\"145\" data-end=\"154\">khorjin<\/em> ou <em data-start=\"159\" data-end=\"170\">asb-afraz<\/em>), typique de tribus nomades telles que les <strong data-start=\"210\" data-end=\"221\">Kashgai<\/strong>, <strong data-start=\"223\" data-end=\"231\">Luri<\/strong>, <strong data-start=\"233\" data-end=\"246\">Bakhtiari<\/strong> ou <strong data-start=\"251\" data-end=\"262\">Qashqai<\/strong>.<\/p>\n<p data-start=\"265\" data-end=\"498\">La partie sup\u00e9rieure pr\u00e9sente une <strong data-start=\"287\" data-end=\"322\">bordure g\u00e9om\u00e9trique tiss\u00e9e \u00e0 la main<\/strong> avec des losanges et des motifs en croix aux couleurs vives \u2013 rouge, orange, violet et jaune. Cette bande sert d\u2019accent esth\u00e9tique, mettant en valeur le savoir-faire de la tisserande et l\u2019identit\u00e9 de la tribu. <\/p>\n<p data-start=\"500\" data-end=\"891\">En dessous pendent plusieurs rang\u00e9es de <strong data-start=\"523\" data-end=\"548\">pompons et franges denses<\/strong> dans des tons naturels et chauds : brun, orange, ocre, vert olive et cr\u00e8me. Ces pompons ont plusieurs fonctions : ils ne sont pas seulement d\u00e9coratifs, mais ont aussi une <strong data-start=\"691\" data-end=\"712\">fonction protectrice<\/strong> contre le mauvais \u0153il et un r\u00f4le symbolique dans les rituels. Leur disposition en couches cr\u00e9e un effet riche et textur\u00e9, qui bouge au pas de l\u2019animal et renforce ainsi l\u2019impact visuel.  <\/p>\n<p data-start=\"893\" data-end=\"1210\">Cet objet \u00e9tait tr\u00e8s probablement fix\u00e9 <strong data-start=\"934\" data-end=\"977\">sur le dos d\u2019un cheval, d\u2019une mule ou d\u2019un chameau<\/strong>, notamment lors de f\u00eates, mariages ou migrations, lorsque les animaux sont particuli\u00e8rement par\u00e9s. Il peut aussi s\u2019agir d\u2019un \u00e9l\u00e9ment de <strong data-start=\"1078\" data-end=\"1101\">mobilier de tente<\/strong>, suspendu comme rideau d\u00e9coratif ou comme partie de l\u2019am\u00e9nagement int\u00e9rieur d\u2019une tente nomade (<em data-start=\"1183\" data-end=\"1195\">black tent<\/em> ou <em data-start=\"1200\" data-end=\"1208\">chador<\/em>). <\/p>\n<p data-start=\"1212\" data-end=\"1439\" data-is-last-node=\"\" data-is-only-node=\"\">Dans l\u2019ensemble, il s\u2019agit d\u2019un <strong data-start=\"1237\" data-end=\"1261\">artefact ethnographique<\/strong> caract\u00e9ristique, riche en symbolique, li\u00e9 au mode de vie mobile, \u00e0 l\u2019identit\u00e9 tribale et \u00e0 une signification rituelle. De tels objets sont aujourd\u2019hui pr\u00e9cieux tant sur le plan esth\u00e9tique qu\u2019anthropologique. <\/p><\/p>\n","protected":false},"excerpt":{"rendered":"<p>N\u00b0 d\u2019enreg. : 616<\/p>\n<p>Dimensions \/ Size : 130 \u00d7 19 cm<\/p>\n<p>Mat\u00e9riau \/ Pile : laine \/ wool<\/p>\n<p>Cha\u00eene \/ Base : laine \/ wool<\/p>\n<p>Couleurs \/ Colours : v\u00e9g\u00e9tales \/ plants<\/p>\n<p>Motif \/ Design : g\u00e9om\u00e9trique \/ geometrical<\/p>\n<p>Technique de tissage \/ Weaving technique : kilim tiss\u00e9 \u00e0 la main \/ handmade flatweave<\/p>\n<p>Origine \/ Origin : Iran<\/p>\n<p>&nbsp;<\/p>\n","protected":false},"featured_media":20284,"template":"","meta":{"iawp_total_views":1},"product_brand":[],"product_cat":[362,368],"product_tag":[],"class_list":{"0":"post-25250","1":"product","2":"type-product","3":"status-publish","4":"has-post-thumbnail","6":"product_cat-kilims-fr","7":"product_cat-petits-tapis","8":"pa_barva-osnovna-multicolore","9":"pa_material-laine","10":"pa_oblika-rectangulaire","11":"pa_tip-preproge-kilim","12":"pa_velikost-cca-100x60","14":"first","15":"instock","16":"featured","17":"sold-individually","18":"taxable","19":"shipping-taxable","20":"purchasable","21":"product-type-simple"},"yoast_head":"<!-- This site is optimized with the Yoast SEO plugin v27.3 - https:\/\/yoast.com\/product\/yoast-seo-wordpress\/ -->\n<title>Kilim persan de Shiraz \/ Persian kilim Shiraz - Perzijske preproge Farzad<\/title>\n<meta name=\"robots\" content=\"index, follow, max-snippet:-1, max-image-preview:large, max-video-preview:-1\" \/>\n<link rel=\"canonical\" href=\"https:\/\/www.perzijskepreproge.si\/fr\/produit\/kilim-persan-shiraz-kilim-persan-shiraz\/\" \/>\n<meta property=\"og:locale\" content=\"fr_FR\" \/>\n<meta property=\"og:type\" content=\"article\" \/>\n<meta property=\"og:title\" content=\"Kilim persan de Shiraz \/ Persian kilim Shiraz - Perzijske preproge Farzad\" \/>\n<meta property=\"og:description\" content=\"N\u00b0 d\u2019enreg. : 616 Dimensions \/ Size : 130 \u00d7 19 cm Mat\u00e9riau \/ Pile : laine \/ wool Cha\u00eene \/ Base : laine \/ wool Couleurs \/ Colours : v\u00e9g\u00e9tales \/ plants Motif \/ Design : g\u00e9om\u00e9trique \/ geometrical Technique de tissage \/ Weaving technique : kilim tiss\u00e9 \u00e0 la main \/ handmade flatweave Origine \/ Origin : Iran &nbsp;\" \/>\n<meta property=\"og:url\" content=\"https:\/\/www.perzijskepreproge.si\/fr\/produit\/kilim-persan-shiraz-kilim-persan-shiraz\/\" \/>\n<meta property=\"og:site_name\" content=\"Perzijske preproge Farzad\" \/>\n<meta property=\"article:modified_time\" content=\"2026-04-13T11:15:28+00:00\" \/>\n<meta property=\"og:image\" content=\"https:\/\/www.perzijskepreproge.si\/wp-content\/uploads\/2017\/01\/DSCF6608.jpg\" \/>\n\t<meta property=\"og:image:width\" content=\"657\" \/>\n\t<meta property=\"og:image:height\" content=\"900\" \/>\n\t<meta property=\"og:image:type\" content=\"image\/jpeg\" \/>\n<meta name=\"twitter:card\" content=\"summary_large_image\" \/>\n<meta name=\"twitter:label1\" content=\"Dur\u00e9e de lecture estim\u00e9e\" \/>\n\t<meta name=\"twitter:data1\" content=\"1 minute\" \/>\n<script type=\"application\/ld+json\" class=\"yoast-schema-graph\">{\"@context\":\"https:\\\/\\\/schema.org\",\"@graph\":[{\"@type\":\"WebPage\",\"@id\":\"https:\\\/\\\/www.perzijskepreproge.si\\\/fr\\\/produit\\\/kilim-persan-shiraz-kilim-persan-shiraz\\\/\",\"url\":\"https:\\\/\\\/www.perzijskepreproge.si\\\/fr\\\/produit\\\/kilim-persan-shiraz-kilim-persan-shiraz\\\/\",\"name\":\"Kilim persan de Shiraz \\\/ Persian kilim Shiraz - Perzijske preproge Farzad\",\"isPartOf\":{\"@id\":\"https:\\\/\\\/www.perzijskepreproge.si\\\/fr\\\/#website\"},\"primaryImageOfPage\":{\"@id\":\"https:\\\/\\\/www.perzijskepreproge.si\\\/fr\\\/produit\\\/kilim-persan-shiraz-kilim-persan-shiraz\\\/#primaryimage\"},\"image\":{\"@id\":\"https:\\\/\\\/www.perzijskepreproge.si\\\/fr\\\/produit\\\/kilim-persan-shiraz-kilim-persan-shiraz\\\/#primaryimage\"},\"thumbnailUrl\":\"https:\\\/\\\/www.perzijskepreproge.si\\\/wp-content\\\/uploads\\\/2017\\\/01\\\/DSCF6608.jpg\",\"datePublished\":\"2017-01-16T13:12:25+00:00\",\"dateModified\":\"2026-04-13T11:15:28+00:00\",\"breadcrumb\":{\"@id\":\"https:\\\/\\\/www.perzijskepreproge.si\\\/fr\\\/produit\\\/kilim-persan-shiraz-kilim-persan-shiraz\\\/#breadcrumb\"},\"inLanguage\":\"fr-FR\",\"potentialAction\":[{\"@type\":\"ReadAction\",\"target\":[\"https:\\\/\\\/www.perzijskepreproge.si\\\/fr\\\/produit\\\/kilim-persan-shiraz-kilim-persan-shiraz\\\/\"]}]},{\"@type\":\"ImageObject\",\"inLanguage\":\"fr-FR\",\"@id\":\"https:\\\/\\\/www.perzijskepreproge.si\\\/fr\\\/produit\\\/kilim-persan-shiraz-kilim-persan-shiraz\\\/#primaryimage\",\"url\":\"https:\\\/\\\/www.perzijskepreproge.si\\\/wp-content\\\/uploads\\\/2017\\\/01\\\/DSCF6608.jpg\",\"contentUrl\":\"https:\\\/\\\/www.perzijskepreproge.si\\\/wp-content\\\/uploads\\\/2017\\\/01\\\/DSCF6608.jpg\",\"width\":657,\"height\":900,\"caption\":\"kilim Shiraz\"},{\"@type\":\"BreadcrumbList\",\"@id\":\"https:\\\/\\\/www.perzijskepreproge.si\\\/fr\\\/produit\\\/kilim-persan-shiraz-kilim-persan-shiraz\\\/#breadcrumb\",\"itemListElement\":[{\"@type\":\"ListItem\",\"position\":1,\"name\":\"Maison\",\"item\":\"https:\\\/\\\/www.perzijskepreproge.si\\\/fr\\\/tapis-persans-farzad\\\/\"},{\"@type\":\"ListItem\",\"position\":2,\"name\":\"Boutique\",\"item\":\"https:\\\/\\\/www.perzijskepreproge.si\\\/fr\\\/boutique\\\/\"},{\"@type\":\"ListItem\",\"position\":3,\"name\":\"Kilim persan de Shiraz \\\/ Persian kilim Shiraz\"}]},{\"@type\":\"WebSite\",\"@id\":\"https:\\\/\\\/www.perzijskepreproge.si\\\/fr\\\/#website\",\"url\":\"https:\\\/\\\/www.perzijskepreproge.si\\\/fr\\\/\",\"name\":\"Perzijske preproge Farzad\",\"description\":\"Perzijske preproge,  preprog in \u010di\u0161\u010denje preprog\",\"potentialAction\":[{\"@type\":\"SearchAction\",\"target\":{\"@type\":\"EntryPoint\",\"urlTemplate\":\"https:\\\/\\\/www.perzijskepreproge.si\\\/fr\\\/?s={search_term_string}\"},\"query-input\":{\"@type\":\"PropertyValueSpecification\",\"valueRequired\":true,\"valueName\":\"search_term_string\"}}],\"inLanguage\":\"fr-FR\"}]}<\/script>\n<!-- \/ Yoast SEO plugin. -->","yoast_head_json":{"title":"Kilim persan de Shiraz \/ Persian kilim Shiraz - Perzijske preproge Farzad","robots":{"index":"index","follow":"follow","max-snippet":"max-snippet:-1","max-image-preview":"max-image-preview:large","max-video-preview":"max-video-preview:-1"},"canonical":"https:\/\/www.perzijskepreproge.si\/fr\/produit\/kilim-persan-shiraz-kilim-persan-shiraz\/","og_locale":"fr_FR","og_type":"article","og_title":"Kilim persan de Shiraz \/ Persian kilim Shiraz - Perzijske preproge Farzad","og_description":"N\u00b0 d\u2019enreg. : 616 Dimensions \/ Size : 130 \u00d7 19 cm Mat\u00e9riau \/ Pile : laine \/ wool Cha\u00eene \/ Base : laine \/ wool Couleurs \/ Colours : v\u00e9g\u00e9tales \/ plants Motif \/ Design : g\u00e9om\u00e9trique \/ geometrical Technique de tissage \/ Weaving technique : kilim tiss\u00e9 \u00e0 la main \/ handmade flatweave Origine \/ Origin : Iran &nbsp;","og_url":"https:\/\/www.perzijskepreproge.si\/fr\/produit\/kilim-persan-shiraz-kilim-persan-shiraz\/","og_site_name":"Perzijske preproge Farzad","article_modified_time":"2026-04-13T11:15:28+00:00","og_image":[{"width":657,"height":900,"url":"https:\/\/www.perzijskepreproge.si\/wp-content\/uploads\/2017\/01\/DSCF6608.jpg","type":"image\/jpeg"}],"twitter_card":"summary_large_image","twitter_misc":{"Dur\u00e9e de lecture estim\u00e9e":"1 minute"},"schema":{"@context":"https:\/\/schema.org","@graph":[{"@type":"WebPage","@id":"https:\/\/www.perzijskepreproge.si\/fr\/produit\/kilim-persan-shiraz-kilim-persan-shiraz\/","url":"https:\/\/www.perzijskepreproge.si\/fr\/produit\/kilim-persan-shiraz-kilim-persan-shiraz\/","name":"Kilim persan de Shiraz \/ Persian kilim Shiraz - Perzijske preproge Farzad","isPartOf":{"@id":"https:\/\/www.perzijskepreproge.si\/fr\/#website"},"primaryImageOfPage":{"@id":"https:\/\/www.perzijskepreproge.si\/fr\/produit\/kilim-persan-shiraz-kilim-persan-shiraz\/#primaryimage"},"image":{"@id":"https:\/\/www.perzijskepreproge.si\/fr\/produit\/kilim-persan-shiraz-kilim-persan-shiraz\/#primaryimage"},"thumbnailUrl":"https:\/\/www.perzijskepreproge.si\/wp-content\/uploads\/2017\/01\/DSCF6608.jpg","datePublished":"2017-01-16T13:12:25+00:00","dateModified":"2026-04-13T11:15:28+00:00","breadcrumb":{"@id":"https:\/\/www.perzijskepreproge.si\/fr\/produit\/kilim-persan-shiraz-kilim-persan-shiraz\/#breadcrumb"},"inLanguage":"fr-FR","potentialAction":[{"@type":"ReadAction","target":["https:\/\/www.perzijskepreproge.si\/fr\/produit\/kilim-persan-shiraz-kilim-persan-shiraz\/"]}]},{"@type":"ImageObject","inLanguage":"fr-FR","@id":"https:\/\/www.perzijskepreproge.si\/fr\/produit\/kilim-persan-shiraz-kilim-persan-shiraz\/#primaryimage","url":"https:\/\/www.perzijskepreproge.si\/wp-content\/uploads\/2017\/01\/DSCF6608.jpg","contentUrl":"https:\/\/www.perzijskepreproge.si\/wp-content\/uploads\/2017\/01\/DSCF6608.jpg","width":657,"height":900,"caption":"kilim Shiraz"},{"@type":"BreadcrumbList","@id":"https:\/\/www.perzijskepreproge.si\/fr\/produit\/kilim-persan-shiraz-kilim-persan-shiraz\/#breadcrumb","itemListElement":[{"@type":"ListItem","position":1,"name":"Maison","item":"https:\/\/www.perzijskepreproge.si\/fr\/tapis-persans-farzad\/"},{"@type":"ListItem","position":2,"name":"Boutique","item":"https:\/\/www.perzijskepreproge.si\/fr\/boutique\/"},{"@type":"ListItem","position":3,"name":"Kilim persan de Shiraz \/ Persian kilim Shiraz"}]},{"@type":"WebSite","@id":"https:\/\/www.perzijskepreproge.si\/fr\/#website","url":"https:\/\/www.perzijskepreproge.si\/fr\/","name":"Perzijske preproge Farzad","description":"Perzijske preproge,  preprog in \u010di\u0161\u010denje preprog","potentialAction":[{"@type":"SearchAction","target":{"@type":"EntryPoint","urlTemplate":"https:\/\/www.perzijskepreproge.si\/fr\/?s={search_term_string}"},"query-input":{"@type":"PropertyValueSpecification","valueRequired":true,"valueName":"search_term_string"}}],"inLanguage":"fr-FR"}]}},"_links":{"self":[{"href":"https:\/\/www.perzijskepreproge.si\/fr\/wp-json\/wp\/v2\/product\/25250","targetHints":{"allow":["GET"]}}],"collection":[{"href":"https:\/\/www.perzijskepreproge.si\/fr\/wp-json\/wp\/v2\/product"}],"about":[{"href":"https:\/\/www.perzijskepreproge.si\/fr\/wp-json\/wp\/v2\/types\/product"}],"version-history":[{"count":1,"href":"https:\/\/www.perzijskepreproge.si\/fr\/wp-json\/wp\/v2\/product\/25250\/revisions"}],"predecessor-version":[{"id":29437,"href":"https:\/\/www.perzijskepreproge.si\/fr\/wp-json\/wp\/v2\/product\/25250\/revisions\/29437"}],"wp:featuredmedia":[{"embeddable":true,"href":"https:\/\/www.perzijskepreproge.si\/fr\/wp-json\/wp\/v2\/media\/20284"}],"wp:attachment":[{"href":"https:\/\/www.perzijskepreproge.si\/fr\/wp-json\/wp\/v2\/media?parent=25250"}],"wp:term":[{"taxonomy":"product_brand","embeddable":true,"href":"https:\/\/www.perzijskepreproge.si\/fr\/wp-json\/wp\/v2\/product_brand?post=25250"},{"taxonomy":"product_cat","embeddable":true,"href":"https:\/\/www.perzijskepreproge.si\/fr\/wp-json\/wp\/v2\/product_cat?post=25250"},{"taxonomy":"product_tag","embeddable":true,"href":"https:\/\/www.perzijskepreproge.si\/fr\/wp-json\/wp\/v2\/product_tag?post=25250"}],"curies":[{"name":"wp","href":"https:\/\/api.w.org\/{rel}","templated":true}]}}