{"id":25260,"date":"2017-01-12T10:23:02","date_gmt":"2017-01-12T09:23:02","guid":{"rendered":"https:\/\/www.perzijskepreproge.si\/izdelek\/kilim-persan-azari-kilim-persan-azari\/"},"modified":"2026-04-13T13:00:18","modified_gmt":"2026-04-13T11:00:18","slug":"kilim-persan-azari-kilim-persan-azari","status":"publish","type":"product","link":"https:\/\/www.perzijskepreproge.si\/fr\/produit\/kilim-persan-azari-kilim-persan-azari\/","title":{"rendered":"Kilim persan Azari \/ Persian kilim Azari"},"content":{"rendered":"<p>Depuis des mill\u00e9naires, les tapis sont des compagnons fid\u00e8les et \u00e9prouv\u00e9s des peuples nomades : ils servent \u00e0 couvrir le sol, en guise de mobilier, comme d\u00e9coration, pour la selle du cheval, pour dormir, comme tente de voyage, pour la m\u00e9ditation, comme couverture pour le dernier adieu au monde\u2026 Des tapis particuliers sont r\u00e9alis\u00e9s pour des rituels de gu\u00e9rison et des c\u00e9r\u00e9monies de mariage. Les tapis sont riches en symbolique ; ils permettent une communication \u00e0 travers le temps et l\u2019espace, et les messages s\u2019expriment au moyen de diff\u00e9rentes structures de composition, des couleurs et des motifs qui les habitent.   Les Az\u00e9ris, qui vivent depuis des si\u00e8cles et des mill\u00e9naires dans le nord de l\u2019Iran et en Azerba\u00efdjan, fabriquent des tapis selon une m\u00e9thode authentique, inchang\u00e9e. La technique de fabrication et les motifs traditionnels se transmettent de g\u00e9n\u00e9ration en g\u00e9n\u00e9ration, mais l\u2019aspect final du tapis d\u00e9pend avant tout de la touche personnelle de l\u2019artisan. Les m\u00e8res apprennent aux filles \u00e0 filer et \u00e0 travailler la laine, tandis que les p\u00e8res transmettent aux fils le savoir de la teinture de la laine et de la fabrication des m\u00e9tiers \u00e0 tisser. Les motifs repr\u00e9sent\u00e9s s\u2019inspirent de l\u2019environnement, des traditions locales et de leur vie. Ainsi, on peut y retrouver aussi bien des \u00e9toiles que des formes m\u00e9sopotamiennes archa\u00efques.     Sous des doigts habiles sont n\u00e9es de magnifiques combinaisons, gr\u00e2ce \u00e0 des teintes v\u00e9g\u00e9tales aux tons terreux et \u00e0 des motifs archa\u00efques. <\/p>\n","protected":false},"excerpt":{"rendered":"<p>N\u00b0 d\u2019enreg. : 347<\/p>\n<p>Dimensions \/ Size : 336 \u00d7 142 cm<\/p>\n<p>Mat\u00e9riau \/ Pile : laine \/ wool<\/p>\n<p>Base \/ Base : coton \/ cotton<\/p>\n<p>Couleurs \/ Colours : v\u00e9g\u00e9tales \/ plants<\/p>\n<p>Design \/ Design : g\u00e9om\u00e9trique \/ geometrical<\/p>\n<p>Technique de tissage \/ Weaving technique : tapis tiss\u00e9 \u00e0 la main \/ handmade flatweave<\/p>\n<p>Origine \/ Origin : Iran<\/p>\n<p>&nbsp;<\/p>\n","protected":false},"featured_media":20224,"template":"","meta":{"iawp_total_views":1},"product_brand":[],"product_cat":[372,362],"product_tag":[],"class_list":{"0":"post-25260","1":"product","2":"type-product","3":"status-publish","4":"has-post-thumbnail","6":"product_cat-grands-tapis-fr-2","7":"product_cat-kilims-fr","8":"pa_barva-osnovna-rouge-bordeaux","9":"pa_material-laine","10":"pa_oblika-rectangulaire","11":"pa_tip-preproge-kilim","12":"pa_velikost-cca-300x200","14":"first","15":"instock","16":"sold-individually","17":"taxable","18":"shipping-taxable","19":"purchasable","20":"product-type-simple"},"yoast_head":"<!-- This site is optimized with the Yoast SEO plugin v27.3 - https:\/\/yoast.com\/product\/yoast-seo-wordpress\/ -->\n<title>Kilim persan Azari \/ Persian kilim Azari - Perzijske preproge Farzad<\/title>\n<meta name=\"robots\" content=\"index, follow, max-snippet:-1, max-image-preview:large, max-video-preview:-1\" \/>\n<link rel=\"canonical\" href=\"https:\/\/www.perzijskepreproge.si\/fr\/produit\/kilim-persan-azari-kilim-persan-azari\/\" \/>\n<meta property=\"og:locale\" content=\"fr_FR\" \/>\n<meta property=\"og:type\" content=\"article\" \/>\n<meta property=\"og:title\" content=\"Kilim persan Azari \/ Persian kilim Azari - Perzijske preproge Farzad\" \/>\n<meta property=\"og:description\" content=\"N\u00b0 d\u2019enreg. : 347 Dimensions \/ Size : 336 \u00d7 142 cm Mat\u00e9riau \/ Pile : laine \/ wool Base \/ Base : coton \/ cotton Couleurs \/ Colours : v\u00e9g\u00e9tales \/ plants Design \/ Design : g\u00e9om\u00e9trique \/ geometrical Technique de tissage \/ Weaving technique : tapis tiss\u00e9 \u00e0 la main \/ handmade flatweave Origine \/ Origin : Iran &nbsp;\" \/>\n<meta property=\"og:url\" content=\"https:\/\/www.perzijskepreproge.si\/fr\/produit\/kilim-persan-azari-kilim-persan-azari\/\" \/>\n<meta property=\"og:site_name\" content=\"Perzijske preproge Farzad\" \/>\n<meta property=\"article:modified_time\" content=\"2026-04-13T11:00:18+00:00\" \/>\n<meta property=\"og:image\" content=\"https:\/\/www.perzijskepreproge.si\/wp-content\/uploads\/2017\/01\/kilim.jpg\" \/>\n\t<meta property=\"og:image:width\" content=\"408\" \/>\n\t<meta property=\"og:image:height\" content=\"922\" \/>\n\t<meta property=\"og:image:type\" content=\"image\/jpeg\" \/>\n<meta name=\"twitter:card\" content=\"summary_large_image\" \/>\n<meta name=\"twitter:label1\" content=\"Dur\u00e9e de lecture estim\u00e9e\" \/>\n\t<meta name=\"twitter:data1\" content=\"1 minute\" \/>\n<script type=\"application\/ld+json\" class=\"yoast-schema-graph\">{\"@context\":\"https:\\\/\\\/schema.org\",\"@graph\":[{\"@type\":\"WebPage\",\"@id\":\"https:\\\/\\\/www.perzijskepreproge.si\\\/fr\\\/produit\\\/kilim-persan-azari-kilim-persan-azari\\\/\",\"url\":\"https:\\\/\\\/www.perzijskepreproge.si\\\/fr\\\/produit\\\/kilim-persan-azari-kilim-persan-azari\\\/\",\"name\":\"Kilim persan Azari \\\/ Persian kilim Azari - Perzijske preproge Farzad\",\"isPartOf\":{\"@id\":\"https:\\\/\\\/www.perzijskepreproge.si\\\/fr\\\/#website\"},\"primaryImageOfPage\":{\"@id\":\"https:\\\/\\\/www.perzijskepreproge.si\\\/fr\\\/produit\\\/kilim-persan-azari-kilim-persan-azari\\\/#primaryimage\"},\"image\":{\"@id\":\"https:\\\/\\\/www.perzijskepreproge.si\\\/fr\\\/produit\\\/kilim-persan-azari-kilim-persan-azari\\\/#primaryimage\"},\"thumbnailUrl\":\"https:\\\/\\\/www.perzijskepreproge.si\\\/wp-content\\\/uploads\\\/2017\\\/01\\\/kilim.jpg\",\"datePublished\":\"2017-01-12T09:23:02+00:00\",\"dateModified\":\"2026-04-13T11:00:18+00:00\",\"breadcrumb\":{\"@id\":\"https:\\\/\\\/www.perzijskepreproge.si\\\/fr\\\/produit\\\/kilim-persan-azari-kilim-persan-azari\\\/#breadcrumb\"},\"inLanguage\":\"fr-FR\",\"potentialAction\":[{\"@type\":\"ReadAction\",\"target\":[\"https:\\\/\\\/www.perzijskepreproge.si\\\/fr\\\/produit\\\/kilim-persan-azari-kilim-persan-azari\\\/\"]}]},{\"@type\":\"ImageObject\",\"inLanguage\":\"fr-FR\",\"@id\":\"https:\\\/\\\/www.perzijskepreproge.si\\\/fr\\\/produit\\\/kilim-persan-azari-kilim-persan-azari\\\/#primaryimage\",\"url\":\"https:\\\/\\\/www.perzijskepreproge.si\\\/wp-content\\\/uploads\\\/2017\\\/01\\\/kilim.jpg\",\"contentUrl\":\"https:\\\/\\\/www.perzijskepreproge.si\\\/wp-content\\\/uploads\\\/2017\\\/01\\\/kilim.jpg\",\"width\":408,\"height\":922,\"caption\":\"kilim\"},{\"@type\":\"BreadcrumbList\",\"@id\":\"https:\\\/\\\/www.perzijskepreproge.si\\\/fr\\\/produit\\\/kilim-persan-azari-kilim-persan-azari\\\/#breadcrumb\",\"itemListElement\":[{\"@type\":\"ListItem\",\"position\":1,\"name\":\"Maison\",\"item\":\"https:\\\/\\\/www.perzijskepreproge.si\\\/fr\\\/tapis-persans-farzad\\\/\"},{\"@type\":\"ListItem\",\"position\":2,\"name\":\"Boutique\",\"item\":\"https:\\\/\\\/www.perzijskepreproge.si\\\/fr\\\/boutique\\\/\"},{\"@type\":\"ListItem\",\"position\":3,\"name\":\"Kilim persan Azari \\\/ Persian kilim Azari\"}]},{\"@type\":\"WebSite\",\"@id\":\"https:\\\/\\\/www.perzijskepreproge.si\\\/fr\\\/#website\",\"url\":\"https:\\\/\\\/www.perzijskepreproge.si\\\/fr\\\/\",\"name\":\"Perzijske preproge Farzad\",\"description\":\"Perzijske preproge,  preprog in \u010di\u0161\u010denje preprog\",\"potentialAction\":[{\"@type\":\"SearchAction\",\"target\":{\"@type\":\"EntryPoint\",\"urlTemplate\":\"https:\\\/\\\/www.perzijskepreproge.si\\\/fr\\\/?s={search_term_string}\"},\"query-input\":{\"@type\":\"PropertyValueSpecification\",\"valueRequired\":true,\"valueName\":\"search_term_string\"}}],\"inLanguage\":\"fr-FR\"}]}<\/script>\n<!-- \/ Yoast SEO plugin. -->","yoast_head_json":{"title":"Kilim persan Azari \/ Persian kilim Azari - Perzijske preproge Farzad","robots":{"index":"index","follow":"follow","max-snippet":"max-snippet:-1","max-image-preview":"max-image-preview:large","max-video-preview":"max-video-preview:-1"},"canonical":"https:\/\/www.perzijskepreproge.si\/fr\/produit\/kilim-persan-azari-kilim-persan-azari\/","og_locale":"fr_FR","og_type":"article","og_title":"Kilim persan Azari \/ Persian kilim Azari - Perzijske preproge Farzad","og_description":"N\u00b0 d\u2019enreg. : 347 Dimensions \/ Size : 336 \u00d7 142 cm Mat\u00e9riau \/ Pile : laine \/ wool Base \/ Base : coton \/ cotton Couleurs \/ Colours : v\u00e9g\u00e9tales \/ plants Design \/ Design : g\u00e9om\u00e9trique \/ geometrical Technique de tissage \/ Weaving technique : tapis tiss\u00e9 \u00e0 la main \/ handmade flatweave Origine \/ Origin : Iran &nbsp;","og_url":"https:\/\/www.perzijskepreproge.si\/fr\/produit\/kilim-persan-azari-kilim-persan-azari\/","og_site_name":"Perzijske preproge Farzad","article_modified_time":"2026-04-13T11:00:18+00:00","og_image":[{"width":408,"height":922,"url":"https:\/\/www.perzijskepreproge.si\/wp-content\/uploads\/2017\/01\/kilim.jpg","type":"image\/jpeg"}],"twitter_card":"summary_large_image","twitter_misc":{"Dur\u00e9e de lecture estim\u00e9e":"1 minute"},"schema":{"@context":"https:\/\/schema.org","@graph":[{"@type":"WebPage","@id":"https:\/\/www.perzijskepreproge.si\/fr\/produit\/kilim-persan-azari-kilim-persan-azari\/","url":"https:\/\/www.perzijskepreproge.si\/fr\/produit\/kilim-persan-azari-kilim-persan-azari\/","name":"Kilim persan Azari \/ Persian kilim Azari - Perzijske preproge Farzad","isPartOf":{"@id":"https:\/\/www.perzijskepreproge.si\/fr\/#website"},"primaryImageOfPage":{"@id":"https:\/\/www.perzijskepreproge.si\/fr\/produit\/kilim-persan-azari-kilim-persan-azari\/#primaryimage"},"image":{"@id":"https:\/\/www.perzijskepreproge.si\/fr\/produit\/kilim-persan-azari-kilim-persan-azari\/#primaryimage"},"thumbnailUrl":"https:\/\/www.perzijskepreproge.si\/wp-content\/uploads\/2017\/01\/kilim.jpg","datePublished":"2017-01-12T09:23:02+00:00","dateModified":"2026-04-13T11:00:18+00:00","breadcrumb":{"@id":"https:\/\/www.perzijskepreproge.si\/fr\/produit\/kilim-persan-azari-kilim-persan-azari\/#breadcrumb"},"inLanguage":"fr-FR","potentialAction":[{"@type":"ReadAction","target":["https:\/\/www.perzijskepreproge.si\/fr\/produit\/kilim-persan-azari-kilim-persan-azari\/"]}]},{"@type":"ImageObject","inLanguage":"fr-FR","@id":"https:\/\/www.perzijskepreproge.si\/fr\/produit\/kilim-persan-azari-kilim-persan-azari\/#primaryimage","url":"https:\/\/www.perzijskepreproge.si\/wp-content\/uploads\/2017\/01\/kilim.jpg","contentUrl":"https:\/\/www.perzijskepreproge.si\/wp-content\/uploads\/2017\/01\/kilim.jpg","width":408,"height":922,"caption":"kilim"},{"@type":"BreadcrumbList","@id":"https:\/\/www.perzijskepreproge.si\/fr\/produit\/kilim-persan-azari-kilim-persan-azari\/#breadcrumb","itemListElement":[{"@type":"ListItem","position":1,"name":"Maison","item":"https:\/\/www.perzijskepreproge.si\/fr\/tapis-persans-farzad\/"},{"@type":"ListItem","position":2,"name":"Boutique","item":"https:\/\/www.perzijskepreproge.si\/fr\/boutique\/"},{"@type":"ListItem","position":3,"name":"Kilim persan Azari \/ Persian kilim Azari"}]},{"@type":"WebSite","@id":"https:\/\/www.perzijskepreproge.si\/fr\/#website","url":"https:\/\/www.perzijskepreproge.si\/fr\/","name":"Perzijske preproge Farzad","description":"Perzijske preproge,  preprog in \u010di\u0161\u010denje preprog","potentialAction":[{"@type":"SearchAction","target":{"@type":"EntryPoint","urlTemplate":"https:\/\/www.perzijskepreproge.si\/fr\/?s={search_term_string}"},"query-input":{"@type":"PropertyValueSpecification","valueRequired":true,"valueName":"search_term_string"}}],"inLanguage":"fr-FR"}]}},"_links":{"self":[{"href":"https:\/\/www.perzijskepreproge.si\/fr\/wp-json\/wp\/v2\/product\/25260","targetHints":{"allow":["GET"]}}],"collection":[{"href":"https:\/\/www.perzijskepreproge.si\/fr\/wp-json\/wp\/v2\/product"}],"about":[{"href":"https:\/\/www.perzijskepreproge.si\/fr\/wp-json\/wp\/v2\/types\/product"}],"version-history":[{"count":1,"href":"https:\/\/www.perzijskepreproge.si\/fr\/wp-json\/wp\/v2\/product\/25260\/revisions"}],"predecessor-version":[{"id":29323,"href":"https:\/\/www.perzijskepreproge.si\/fr\/wp-json\/wp\/v2\/product\/25260\/revisions\/29323"}],"wp:featuredmedia":[{"embeddable":true,"href":"https:\/\/www.perzijskepreproge.si\/fr\/wp-json\/wp\/v2\/media\/20224"}],"wp:attachment":[{"href":"https:\/\/www.perzijskepreproge.si\/fr\/wp-json\/wp\/v2\/media?parent=25260"}],"wp:term":[{"taxonomy":"product_brand","embeddable":true,"href":"https:\/\/www.perzijskepreproge.si\/fr\/wp-json\/wp\/v2\/product_brand?post=25260"},{"taxonomy":"product_cat","embeddable":true,"href":"https:\/\/www.perzijskepreproge.si\/fr\/wp-json\/wp\/v2\/product_cat?post=25260"},{"taxonomy":"product_tag","embeddable":true,"href":"https:\/\/www.perzijskepreproge.si\/fr\/wp-json\/wp\/v2\/product_tag?post=25260"}],"curies":[{"name":"wp","href":"https:\/\/api.w.org\/{rel}","templated":true}]}}