{"id":25261,"date":"2017-01-12T10:40:12","date_gmt":"2017-01-12T09:40:12","guid":{"rendered":"https:\/\/www.perzijskepreproge.si\/izdelek\/kilim-persan-jajim-kilim-persan-jajim\/"},"modified":"2026-04-13T13:14:30","modified_gmt":"2026-04-13T11:14:30","slug":"kilim-persan-jajim-kilim-persan-jajim","status":"publish","type":"product","link":"https:\/\/www.perzijskepreproge.si\/fr\/produit\/kilim-persan-jajim-kilim-persan-jajim\/","title":{"rendered":"Kilim persan (Jajim)"},"content":{"rendered":"<p>Depuis des mill\u00e9naires, les tapis sont les compagnons fid\u00e8les et \u00e9prouv\u00e9s des peuples nomades, qui les utilisent pour recouvrir le sol, en guise de mobilier, comme d\u00e9coration, pour les selles de chevaux, pour dormir, pour les tentes de voyage, pour la m\u00e9ditation, ou encore comme linceul pour l\u2019ultime adieu au monde&#8230; Des tapis sp\u00e9ciaux sont confectionn\u00e9s pour les rituels de gu\u00e9rison et de mariage. Les tapis sont impr\u00e9gn\u00e9s d\u2019une riche symbolique, permettant une communication \u00e0 travers le temps et l\u2019espace, o\u00f9 les messages s\u2019expriment par diverses structures de composition, par les couleurs et les motifs qui les habitent.   Les Az\u00e9ris, qui vivent dans le nord de l\u2019Iran et en Azerba\u00efdjan, fabriquent depuis des si\u00e8cles et des mill\u00e9naires des tapis de mani\u00e8re originelle et immuable. La technique de fabrication et les motifs traditionnels se transmettent de g\u00e9n\u00e9ration en g\u00e9n\u00e9ration, mais l\u2019aspect final du tapis d\u00e9pend avant tout de l\u2019empreinte personnelle de son cr\u00e9ateur. Les m\u00e8res enseignent \u00e0 leurs filles comment filer et utiliser la laine, tandis que les p\u00e8res transmettent \u00e0 leurs fils le savoir-faire li\u00e9 \u00e0 la teinture de la laine et \u00e0 la fabrication des m\u00e9tiers \u00e0 tisser. Les motifs repr\u00e9sent\u00e9s sont puis\u00e9s dans l\u2019environnement, les traditions locales et leur propre vie. Ainsi, on peut retrouver dans les tapis tout un univers allant des \u00e9toiles aux formes archa\u00efques m\u00e9sopotamiennes. Sous des doigts agiles, de magnifiques combinaisons ont vu le jour gr\u00e2ce \u00e0 l\u2019utilisation de teintures v\u00e9g\u00e9tales terrestres et de motifs archa\u00efques.      <\/p>\n","protected":false},"excerpt":{"rendered":"<p>N\u00b0 d\u2019enreg. : 171<\/p>\n<p>Dimensions : 356 x 176 cm<\/p>\n<p>Mati\u00e8re : laine<\/p>\n<p>Cha\u00eene : laine<\/p>\n<p>Couleurs : v\u00e9g\u00e9tales<\/p>\n<p>Dessin : g\u00e9om\u00e9trique<\/p>\n<p>Technique de fabrication : tiss\u00e9 main (flatweave)<\/p>\n<p>Origine : Iran<\/p>\n<p>&nbsp;<\/p>\n","protected":false},"featured_media":20227,"template":"","meta":{"iawp_total_views":3},"product_brand":[],"product_cat":[372,362],"product_tag":[],"class_list":{"0":"post-25261","1":"product","2":"type-product","3":"status-publish","4":"has-post-thumbnail","6":"product_cat-grands-tapis-fr-2","7":"product_cat-kilims-fr","8":"pa_barva-osnovna-rouge-bordeaux","9":"pa_material-laine","10":"pa_oblika-rectangulaire","11":"pa_tip-preproge-kilim","12":"pa_velikost-cca-300x200","14":"first","15":"instock","16":"sold-individually","17":"taxable","18":"shipping-taxable","19":"purchasable","20":"product-type-simple"},"yoast_head":"<!-- This site is optimized with the Yoast SEO plugin v27.3 - https:\/\/yoast.com\/product\/yoast-seo-wordpress\/ -->\n<title>Kilim persan (Jajim) - Perzijske preproge Farzad<\/title>\n<meta name=\"robots\" content=\"index, follow, max-snippet:-1, max-image-preview:large, max-video-preview:-1\" \/>\n<link rel=\"canonical\" href=\"https:\/\/www.perzijskepreproge.si\/fr\/produit\/kilim-persan-jajim-kilim-persan-jajim\/\" \/>\n<meta property=\"og:locale\" content=\"fr_FR\" \/>\n<meta property=\"og:type\" content=\"article\" \/>\n<meta property=\"og:title\" content=\"Kilim persan (Jajim) - Perzijske preproge Farzad\" \/>\n<meta property=\"og:description\" content=\"N\u00b0 d\u2019enreg. : 171 Dimensions : 356 x 176 cm Mati\u00e8re : laine Cha\u00eene : laine Couleurs : v\u00e9g\u00e9tales Dessin : g\u00e9om\u00e9trique Technique de fabrication : tiss\u00e9 main (flatweave) Origine : Iran &nbsp;\" \/>\n<meta property=\"og:url\" content=\"https:\/\/www.perzijskepreproge.si\/fr\/produit\/kilim-persan-jajim-kilim-persan-jajim\/\" \/>\n<meta property=\"og:site_name\" content=\"Perzijske preproge Farzad\" \/>\n<meta property=\"article:modified_time\" content=\"2026-04-13T11:14:30+00:00\" \/>\n<meta property=\"og:image\" content=\"https:\/\/www.perzijskepreproge.si\/wp-content\/uploads\/2017\/01\/kilim3.jpg\" \/>\n\t<meta property=\"og:image:width\" content=\"681\" \/>\n\t<meta property=\"og:image:height\" content=\"1024\" \/>\n\t<meta property=\"og:image:type\" content=\"image\/jpeg\" \/>\n<meta name=\"twitter:card\" content=\"summary_large_image\" \/>\n<meta name=\"twitter:label1\" content=\"Dur\u00e9e de lecture estim\u00e9e\" \/>\n\t<meta name=\"twitter:data1\" content=\"1 minute\" \/>\n<script type=\"application\/ld+json\" class=\"yoast-schema-graph\">{\"@context\":\"https:\\\/\\\/schema.org\",\"@graph\":[{\"@type\":\"WebPage\",\"@id\":\"https:\\\/\\\/www.perzijskepreproge.si\\\/fr\\\/produit\\\/kilim-persan-jajim-kilim-persan-jajim\\\/\",\"url\":\"https:\\\/\\\/www.perzijskepreproge.si\\\/fr\\\/produit\\\/kilim-persan-jajim-kilim-persan-jajim\\\/\",\"name\":\"Kilim persan (Jajim) - Perzijske preproge Farzad\",\"isPartOf\":{\"@id\":\"https:\\\/\\\/www.perzijskepreproge.si\\\/fr\\\/#website\"},\"primaryImageOfPage\":{\"@id\":\"https:\\\/\\\/www.perzijskepreproge.si\\\/fr\\\/produit\\\/kilim-persan-jajim-kilim-persan-jajim\\\/#primaryimage\"},\"image\":{\"@id\":\"https:\\\/\\\/www.perzijskepreproge.si\\\/fr\\\/produit\\\/kilim-persan-jajim-kilim-persan-jajim\\\/#primaryimage\"},\"thumbnailUrl\":\"https:\\\/\\\/www.perzijskepreproge.si\\\/wp-content\\\/uploads\\\/2017\\\/01\\\/kilim3.jpg\",\"datePublished\":\"2017-01-12T09:40:12+00:00\",\"dateModified\":\"2026-04-13T11:14:30+00:00\",\"breadcrumb\":{\"@id\":\"https:\\\/\\\/www.perzijskepreproge.si\\\/fr\\\/produit\\\/kilim-persan-jajim-kilim-persan-jajim\\\/#breadcrumb\"},\"inLanguage\":\"fr-FR\",\"potentialAction\":[{\"@type\":\"ReadAction\",\"target\":[\"https:\\\/\\\/www.perzijskepreproge.si\\\/fr\\\/produit\\\/kilim-persan-jajim-kilim-persan-jajim\\\/\"]}]},{\"@type\":\"ImageObject\",\"inLanguage\":\"fr-FR\",\"@id\":\"https:\\\/\\\/www.perzijskepreproge.si\\\/fr\\\/produit\\\/kilim-persan-jajim-kilim-persan-jajim\\\/#primaryimage\",\"url\":\"https:\\\/\\\/www.perzijskepreproge.si\\\/wp-content\\\/uploads\\\/2017\\\/01\\\/kilim3.jpg\",\"contentUrl\":\"https:\\\/\\\/www.perzijskepreproge.si\\\/wp-content\\\/uploads\\\/2017\\\/01\\\/kilim3.jpg\",\"width\":681,\"height\":1024},{\"@type\":\"BreadcrumbList\",\"@id\":\"https:\\\/\\\/www.perzijskepreproge.si\\\/fr\\\/produit\\\/kilim-persan-jajim-kilim-persan-jajim\\\/#breadcrumb\",\"itemListElement\":[{\"@type\":\"ListItem\",\"position\":1,\"name\":\"Maison\",\"item\":\"https:\\\/\\\/www.perzijskepreproge.si\\\/fr\\\/tapis-persans-farzad\\\/\"},{\"@type\":\"ListItem\",\"position\":2,\"name\":\"Boutique\",\"item\":\"https:\\\/\\\/www.perzijskepreproge.si\\\/fr\\\/boutique\\\/\"},{\"@type\":\"ListItem\",\"position\":3,\"name\":\"Kilim persan (Jajim)\"}]},{\"@type\":\"WebSite\",\"@id\":\"https:\\\/\\\/www.perzijskepreproge.si\\\/fr\\\/#website\",\"url\":\"https:\\\/\\\/www.perzijskepreproge.si\\\/fr\\\/\",\"name\":\"Perzijske preproge Farzad\",\"description\":\"Perzijske preproge,  preprog in \u010di\u0161\u010denje preprog\",\"potentialAction\":[{\"@type\":\"SearchAction\",\"target\":{\"@type\":\"EntryPoint\",\"urlTemplate\":\"https:\\\/\\\/www.perzijskepreproge.si\\\/fr\\\/?s={search_term_string}\"},\"query-input\":{\"@type\":\"PropertyValueSpecification\",\"valueRequired\":true,\"valueName\":\"search_term_string\"}}],\"inLanguage\":\"fr-FR\"}]}<\/script>\n<!-- \/ Yoast SEO plugin. -->","yoast_head_json":{"title":"Kilim persan (Jajim) - Perzijske preproge Farzad","robots":{"index":"index","follow":"follow","max-snippet":"max-snippet:-1","max-image-preview":"max-image-preview:large","max-video-preview":"max-video-preview:-1"},"canonical":"https:\/\/www.perzijskepreproge.si\/fr\/produit\/kilim-persan-jajim-kilim-persan-jajim\/","og_locale":"fr_FR","og_type":"article","og_title":"Kilim persan (Jajim) - Perzijske preproge Farzad","og_description":"N\u00b0 d\u2019enreg. : 171 Dimensions : 356 x 176 cm Mati\u00e8re : laine Cha\u00eene : laine Couleurs : v\u00e9g\u00e9tales Dessin : g\u00e9om\u00e9trique Technique de fabrication : tiss\u00e9 main (flatweave) Origine : Iran &nbsp;","og_url":"https:\/\/www.perzijskepreproge.si\/fr\/produit\/kilim-persan-jajim-kilim-persan-jajim\/","og_site_name":"Perzijske preproge Farzad","article_modified_time":"2026-04-13T11:14:30+00:00","og_image":[{"width":681,"height":1024,"url":"https:\/\/www.perzijskepreproge.si\/wp-content\/uploads\/2017\/01\/kilim3.jpg","type":"image\/jpeg"}],"twitter_card":"summary_large_image","twitter_misc":{"Dur\u00e9e de lecture estim\u00e9e":"1 minute"},"schema":{"@context":"https:\/\/schema.org","@graph":[{"@type":"WebPage","@id":"https:\/\/www.perzijskepreproge.si\/fr\/produit\/kilim-persan-jajim-kilim-persan-jajim\/","url":"https:\/\/www.perzijskepreproge.si\/fr\/produit\/kilim-persan-jajim-kilim-persan-jajim\/","name":"Kilim persan (Jajim) - Perzijske preproge Farzad","isPartOf":{"@id":"https:\/\/www.perzijskepreproge.si\/fr\/#website"},"primaryImageOfPage":{"@id":"https:\/\/www.perzijskepreproge.si\/fr\/produit\/kilim-persan-jajim-kilim-persan-jajim\/#primaryimage"},"image":{"@id":"https:\/\/www.perzijskepreproge.si\/fr\/produit\/kilim-persan-jajim-kilim-persan-jajim\/#primaryimage"},"thumbnailUrl":"https:\/\/www.perzijskepreproge.si\/wp-content\/uploads\/2017\/01\/kilim3.jpg","datePublished":"2017-01-12T09:40:12+00:00","dateModified":"2026-04-13T11:14:30+00:00","breadcrumb":{"@id":"https:\/\/www.perzijskepreproge.si\/fr\/produit\/kilim-persan-jajim-kilim-persan-jajim\/#breadcrumb"},"inLanguage":"fr-FR","potentialAction":[{"@type":"ReadAction","target":["https:\/\/www.perzijskepreproge.si\/fr\/produit\/kilim-persan-jajim-kilim-persan-jajim\/"]}]},{"@type":"ImageObject","inLanguage":"fr-FR","@id":"https:\/\/www.perzijskepreproge.si\/fr\/produit\/kilim-persan-jajim-kilim-persan-jajim\/#primaryimage","url":"https:\/\/www.perzijskepreproge.si\/wp-content\/uploads\/2017\/01\/kilim3.jpg","contentUrl":"https:\/\/www.perzijskepreproge.si\/wp-content\/uploads\/2017\/01\/kilim3.jpg","width":681,"height":1024},{"@type":"BreadcrumbList","@id":"https:\/\/www.perzijskepreproge.si\/fr\/produit\/kilim-persan-jajim-kilim-persan-jajim\/#breadcrumb","itemListElement":[{"@type":"ListItem","position":1,"name":"Maison","item":"https:\/\/www.perzijskepreproge.si\/fr\/tapis-persans-farzad\/"},{"@type":"ListItem","position":2,"name":"Boutique","item":"https:\/\/www.perzijskepreproge.si\/fr\/boutique\/"},{"@type":"ListItem","position":3,"name":"Kilim persan (Jajim)"}]},{"@type":"WebSite","@id":"https:\/\/www.perzijskepreproge.si\/fr\/#website","url":"https:\/\/www.perzijskepreproge.si\/fr\/","name":"Perzijske preproge Farzad","description":"Perzijske preproge,  preprog in \u010di\u0161\u010denje preprog","potentialAction":[{"@type":"SearchAction","target":{"@type":"EntryPoint","urlTemplate":"https:\/\/www.perzijskepreproge.si\/fr\/?s={search_term_string}"},"query-input":{"@type":"PropertyValueSpecification","valueRequired":true,"valueName":"search_term_string"}}],"inLanguage":"fr-FR"}]}},"_links":{"self":[{"href":"https:\/\/www.perzijskepreproge.si\/fr\/wp-json\/wp\/v2\/product\/25261","targetHints":{"allow":["GET"]}}],"collection":[{"href":"https:\/\/www.perzijskepreproge.si\/fr\/wp-json\/wp\/v2\/product"}],"about":[{"href":"https:\/\/www.perzijskepreproge.si\/fr\/wp-json\/wp\/v2\/types\/product"}],"version-history":[{"count":1,"href":"https:\/\/www.perzijskepreproge.si\/fr\/wp-json\/wp\/v2\/product\/25261\/revisions"}],"predecessor-version":[{"id":29430,"href":"https:\/\/www.perzijskepreproge.si\/fr\/wp-json\/wp\/v2\/product\/25261\/revisions\/29430"}],"wp:featuredmedia":[{"embeddable":true,"href":"https:\/\/www.perzijskepreproge.si\/fr\/wp-json\/wp\/v2\/media\/20227"}],"wp:attachment":[{"href":"https:\/\/www.perzijskepreproge.si\/fr\/wp-json\/wp\/v2\/media?parent=25261"}],"wp:term":[{"taxonomy":"product_brand","embeddable":true,"href":"https:\/\/www.perzijskepreproge.si\/fr\/wp-json\/wp\/v2\/product_brand?post=25261"},{"taxonomy":"product_cat","embeddable":true,"href":"https:\/\/www.perzijskepreproge.si\/fr\/wp-json\/wp\/v2\/product_cat?post=25261"},{"taxonomy":"product_tag","embeddable":true,"href":"https:\/\/www.perzijskepreproge.si\/fr\/wp-json\/wp\/v2\/product_tag?post=25261"}],"curies":[{"name":"wp","href":"https:\/\/api.w.org\/{rel}","templated":true}]}}