{"id":25292,"date":"2017-01-10T12:02:25","date_gmt":"2017-01-10T11:02:25","guid":{"rendered":"https:\/\/www.perzijskepreproge.si\/izdelek\/tapis-persan-guchan-tapis-persan-guchan\/"},"modified":"2017-01-10T12:02:25","modified_gmt":"2017-01-10T11:02:25","slug":"tapis-persan-guchan-tapis-persan-guchan","status":"publish","type":"product","link":"https:\/\/www.perzijskepreproge.si\/fr\/produit\/tapis-persan-guchan-tapis-persan-guchan\/","title":{"rendered":"Tapis persan Guchan \/ Tapis persan Guchan"},"content":{"rendered":"<p style=\"text-align: left;\">Cette r\u00e9gion du nord-est de l&rsquo;Iran, \u00e0 la fronti\u00e8re avec l&rsquo;Afghanistan et l&rsquo;Asie centrale, abrite des Baloutches, des Turkm\u00e8nes et \u00e9galement des Kurdes. Ces Kurdes ont \u00e9t\u00e9 d\u00e9plac\u00e9s de leur patrie dans la r\u00e9gion du Caucase et du Kurdistan au XVIe si\u00e8cle, lorsque les Turcs ottomans r\u00e9gnaient. Ils furent install\u00e9s l\u00e0 pour d\u00e9fendre la r\u00e9gion perse contre les Ouzbeks d\u00e9cha\u00een\u00e9s venus d&rsquo;Asie centrale.  <\/p>\n<p style=\"text-align: left;\">Les Kurdes fabriquent de grands kilims en brocart rouge fonc\u00e9 et bleu, ainsi que des sacs magnifiquement d\u00e9cor\u00e9s. Il est souvent difficile de distinguer leurs chefs-d\u2019\u0153uvre des tapis des peuples voisins. De nombreux Turkm\u00e8nes de la r\u00e9gion du Khorasan sont membres des peuples Tekke et Yomut, qui ont \u00e9migr\u00e9 de ce qui \u00e9tait alors la Russie au XIXe si\u00e8cle. Leurs kilims sont reconnaissables \u00e0 leur couleur rouge fonc\u00e9 avec des motifs floraux stylis\u00e9s caract\u00e9ristiques. Ils fabriquent \u00e9galement de grands sacs et des rideaux de porte.    <\/p>\n<p style=\"text-align: left;\">La r\u00e9gion du Khorasan abrite \u00e9galement des groupes de Baloutches arriv\u00e9s ici aux XIe et XIIe si\u00e8cles avant les invasions des Turcs. Le peuple baloutche qui s&rsquo;est install\u00e9 dans la zone frontali\u00e8re de l&rsquo;Iran avec l&rsquo;Afghanistan est connu sous le nom de Rukhshani et fabrique des kilims consid\u00e9r\u00e9s comme des kilims baloutches. <\/p>\n<p>&nbsp;<\/p>\n<p style=\"text-align: left;\">\n","protected":false},"excerpt":{"rendered":"<p>R\u00e9g. n\u00b0 : 1000<\/p>\n<p>Dimensions : 254 x 104 cm<\/p>\n<p>Mati\u00e8re \/ Poil : laine<\/p>\n<p>Base : coton<\/p>\n<p>Couleurs : plantes<\/p>\n<p>Conception : g\u00e9om\u00e9trique<\/p>\n<p>Technique de tissage : tapis \u00e0 poils fait main<\/p>\n<p>Densit\u00e9 de n\u0153uds : 160 000 m\/2<\/p>\n<p>Origine : Iran<\/p>\n<p>&nbsp;<\/p>\n","protected":false},"featured_media":20185,"template":"","meta":{"iawp_total_views":3},"product_brand":[],"product_cat":[274,276],"product_tag":[],"class_list":{"0":"post-25292","1":"product","2":"type-product","3":"status-publish","4":"has-post-thumbnail","6":"product_cat-coureurs","7":"product_cat-offre-speciale","8":"pa_barva-osnovna-rouge-bordeaux","9":"pa_material-laine","10":"pa_oblika-coureurs","11":"pa_velikost-cca-coureur","13":"first","14":"instock","15":"sale","16":"sold-individually","17":"taxable","18":"shipping-taxable","19":"purchasable","20":"product-type-simple"},"yoast_head":"<!-- This site is optimized with the Yoast SEO plugin v27.3 - https:\/\/yoast.com\/product\/yoast-seo-wordpress\/ -->\n<title>Tapis persan Guchan \/ Tapis persan Guchan - Perzijske preproge Farzad<\/title>\n<meta name=\"robots\" content=\"index, follow, max-snippet:-1, max-image-preview:large, max-video-preview:-1\" \/>\n<link rel=\"canonical\" href=\"https:\/\/www.perzijskepreproge.si\/fr\/produit\/tapis-persan-guchan-tapis-persan-guchan\/\" \/>\n<meta property=\"og:locale\" content=\"fr_FR\" \/>\n<meta property=\"og:type\" content=\"article\" \/>\n<meta property=\"og:title\" content=\"Tapis persan Guchan \/ Tapis persan Guchan - Perzijske preproge Farzad\" \/>\n<meta property=\"og:description\" content=\"R\u00e9g. n\u00b0 : 1000 Dimensions : 254 x 104 cm Mati\u00e8re \/ Poil : laine Base : coton Couleurs : plantes Conception : g\u00e9om\u00e9trique Technique de tissage : tapis \u00e0 poils fait main Densit\u00e9 de n\u0153uds : 160 000 m\/2 Origine : Iran &nbsp;\" \/>\n<meta property=\"og:url\" content=\"https:\/\/www.perzijskepreproge.si\/fr\/produit\/tapis-persan-guchan-tapis-persan-guchan\/\" \/>\n<meta property=\"og:site_name\" content=\"Perzijske preproge Farzad\" \/>\n<meta property=\"og:image\" content=\"https:\/\/www.perzijskepreproge.si\/wp-content\/uploads\/2017\/01\/DSCF9159.jpg\" \/>\n\t<meta property=\"og:image:width\" content=\"696\" \/>\n\t<meta property=\"og:image:height\" content=\"900\" \/>\n\t<meta property=\"og:image:type\" content=\"image\/jpeg\" \/>\n<meta name=\"twitter:card\" content=\"summary_large_image\" \/>\n<meta name=\"twitter:label1\" content=\"Dur\u00e9e de lecture estim\u00e9e\" \/>\n\t<meta name=\"twitter:data1\" content=\"1 minute\" \/>\n<script type=\"application\/ld+json\" class=\"yoast-schema-graph\">{\"@context\":\"https:\\\/\\\/schema.org\",\"@graph\":[{\"@type\":\"WebPage\",\"@id\":\"https:\\\/\\\/www.perzijskepreproge.si\\\/fr\\\/produit\\\/tapis-persan-guchan-tapis-persan-guchan\\\/\",\"url\":\"https:\\\/\\\/www.perzijskepreproge.si\\\/fr\\\/produit\\\/tapis-persan-guchan-tapis-persan-guchan\\\/\",\"name\":\"Tapis persan Guchan \\\/ Tapis persan Guchan - Perzijske preproge Farzad\",\"isPartOf\":{\"@id\":\"https:\\\/\\\/www.perzijskepreproge.si\\\/fr\\\/#website\"},\"primaryImageOfPage\":{\"@id\":\"https:\\\/\\\/www.perzijskepreproge.si\\\/fr\\\/produit\\\/tapis-persan-guchan-tapis-persan-guchan\\\/#primaryimage\"},\"image\":{\"@id\":\"https:\\\/\\\/www.perzijskepreproge.si\\\/fr\\\/produit\\\/tapis-persan-guchan-tapis-persan-guchan\\\/#primaryimage\"},\"thumbnailUrl\":\"https:\\\/\\\/www.perzijskepreproge.si\\\/wp-content\\\/uploads\\\/2017\\\/01\\\/DSCF9159.jpg\",\"datePublished\":\"2017-01-10T11:02:25+00:00\",\"breadcrumb\":{\"@id\":\"https:\\\/\\\/www.perzijskepreproge.si\\\/fr\\\/produit\\\/tapis-persan-guchan-tapis-persan-guchan\\\/#breadcrumb\"},\"inLanguage\":\"fr-FR\",\"potentialAction\":[{\"@type\":\"ReadAction\",\"target\":[\"https:\\\/\\\/www.perzijskepreproge.si\\\/fr\\\/produit\\\/tapis-persan-guchan-tapis-persan-guchan\\\/\"]}]},{\"@type\":\"ImageObject\",\"inLanguage\":\"fr-FR\",\"@id\":\"https:\\\/\\\/www.perzijskepreproge.si\\\/fr\\\/produit\\\/tapis-persan-guchan-tapis-persan-guchan\\\/#primaryimage\",\"url\":\"https:\\\/\\\/www.perzijskepreproge.si\\\/wp-content\\\/uploads\\\/2017\\\/01\\\/DSCF9159.jpg\",\"contentUrl\":\"https:\\\/\\\/www.perzijskepreproge.si\\\/wp-content\\\/uploads\\\/2017\\\/01\\\/DSCF9159.jpg\",\"width\":696,\"height\":900},{\"@type\":\"BreadcrumbList\",\"@id\":\"https:\\\/\\\/www.perzijskepreproge.si\\\/fr\\\/produit\\\/tapis-persan-guchan-tapis-persan-guchan\\\/#breadcrumb\",\"itemListElement\":[{\"@type\":\"ListItem\",\"position\":1,\"name\":\"Maison\",\"item\":\"https:\\\/\\\/www.perzijskepreproge.si\\\/fr\\\/tapis-persans-farzad\\\/\"},{\"@type\":\"ListItem\",\"position\":2,\"name\":\"Boutique\",\"item\":\"https:\\\/\\\/www.perzijskepreproge.si\\\/fr\\\/boutique\\\/\"},{\"@type\":\"ListItem\",\"position\":3,\"name\":\"Tapis persan Guchan \\\/ Tapis persan Guchan\"}]},{\"@type\":\"WebSite\",\"@id\":\"https:\\\/\\\/www.perzijskepreproge.si\\\/fr\\\/#website\",\"url\":\"https:\\\/\\\/www.perzijskepreproge.si\\\/fr\\\/\",\"name\":\"Perzijske preproge Farzad\",\"description\":\"Perzijske preproge,  preprog in \u010di\u0161\u010denje preprog\",\"potentialAction\":[{\"@type\":\"SearchAction\",\"target\":{\"@type\":\"EntryPoint\",\"urlTemplate\":\"https:\\\/\\\/www.perzijskepreproge.si\\\/fr\\\/?s={search_term_string}\"},\"query-input\":{\"@type\":\"PropertyValueSpecification\",\"valueRequired\":true,\"valueName\":\"search_term_string\"}}],\"inLanguage\":\"fr-FR\"}]}<\/script>\n<!-- \/ Yoast SEO plugin. -->","yoast_head_json":{"title":"Tapis persan Guchan \/ Tapis persan Guchan - Perzijske preproge Farzad","robots":{"index":"index","follow":"follow","max-snippet":"max-snippet:-1","max-image-preview":"max-image-preview:large","max-video-preview":"max-video-preview:-1"},"canonical":"https:\/\/www.perzijskepreproge.si\/fr\/produit\/tapis-persan-guchan-tapis-persan-guchan\/","og_locale":"fr_FR","og_type":"article","og_title":"Tapis persan Guchan \/ Tapis persan Guchan - Perzijske preproge Farzad","og_description":"R\u00e9g. n\u00b0 : 1000 Dimensions : 254 x 104 cm Mati\u00e8re \/ Poil : laine Base : coton Couleurs : plantes Conception : g\u00e9om\u00e9trique Technique de tissage : tapis \u00e0 poils fait main Densit\u00e9 de n\u0153uds : 160 000 m\/2 Origine : Iran &nbsp;","og_url":"https:\/\/www.perzijskepreproge.si\/fr\/produit\/tapis-persan-guchan-tapis-persan-guchan\/","og_site_name":"Perzijske preproge Farzad","og_image":[{"width":696,"height":900,"url":"https:\/\/www.perzijskepreproge.si\/wp-content\/uploads\/2017\/01\/DSCF9159.jpg","type":"image\/jpeg"}],"twitter_card":"summary_large_image","twitter_misc":{"Dur\u00e9e de lecture estim\u00e9e":"1 minute"},"schema":{"@context":"https:\/\/schema.org","@graph":[{"@type":"WebPage","@id":"https:\/\/www.perzijskepreproge.si\/fr\/produit\/tapis-persan-guchan-tapis-persan-guchan\/","url":"https:\/\/www.perzijskepreproge.si\/fr\/produit\/tapis-persan-guchan-tapis-persan-guchan\/","name":"Tapis persan Guchan \/ Tapis persan Guchan - Perzijske preproge Farzad","isPartOf":{"@id":"https:\/\/www.perzijskepreproge.si\/fr\/#website"},"primaryImageOfPage":{"@id":"https:\/\/www.perzijskepreproge.si\/fr\/produit\/tapis-persan-guchan-tapis-persan-guchan\/#primaryimage"},"image":{"@id":"https:\/\/www.perzijskepreproge.si\/fr\/produit\/tapis-persan-guchan-tapis-persan-guchan\/#primaryimage"},"thumbnailUrl":"https:\/\/www.perzijskepreproge.si\/wp-content\/uploads\/2017\/01\/DSCF9159.jpg","datePublished":"2017-01-10T11:02:25+00:00","breadcrumb":{"@id":"https:\/\/www.perzijskepreproge.si\/fr\/produit\/tapis-persan-guchan-tapis-persan-guchan\/#breadcrumb"},"inLanguage":"fr-FR","potentialAction":[{"@type":"ReadAction","target":["https:\/\/www.perzijskepreproge.si\/fr\/produit\/tapis-persan-guchan-tapis-persan-guchan\/"]}]},{"@type":"ImageObject","inLanguage":"fr-FR","@id":"https:\/\/www.perzijskepreproge.si\/fr\/produit\/tapis-persan-guchan-tapis-persan-guchan\/#primaryimage","url":"https:\/\/www.perzijskepreproge.si\/wp-content\/uploads\/2017\/01\/DSCF9159.jpg","contentUrl":"https:\/\/www.perzijskepreproge.si\/wp-content\/uploads\/2017\/01\/DSCF9159.jpg","width":696,"height":900},{"@type":"BreadcrumbList","@id":"https:\/\/www.perzijskepreproge.si\/fr\/produit\/tapis-persan-guchan-tapis-persan-guchan\/#breadcrumb","itemListElement":[{"@type":"ListItem","position":1,"name":"Maison","item":"https:\/\/www.perzijskepreproge.si\/fr\/tapis-persans-farzad\/"},{"@type":"ListItem","position":2,"name":"Boutique","item":"https:\/\/www.perzijskepreproge.si\/fr\/boutique\/"},{"@type":"ListItem","position":3,"name":"Tapis persan Guchan \/ Tapis persan Guchan"}]},{"@type":"WebSite","@id":"https:\/\/www.perzijskepreproge.si\/fr\/#website","url":"https:\/\/www.perzijskepreproge.si\/fr\/","name":"Perzijske preproge Farzad","description":"Perzijske preproge,  preprog in \u010di\u0161\u010denje preprog","potentialAction":[{"@type":"SearchAction","target":{"@type":"EntryPoint","urlTemplate":"https:\/\/www.perzijskepreproge.si\/fr\/?s={search_term_string}"},"query-input":{"@type":"PropertyValueSpecification","valueRequired":true,"valueName":"search_term_string"}}],"inLanguage":"fr-FR"}]}},"_links":{"self":[{"href":"https:\/\/www.perzijskepreproge.si\/fr\/wp-json\/wp\/v2\/product\/25292","targetHints":{"allow":["GET"]}}],"collection":[{"href":"https:\/\/www.perzijskepreproge.si\/fr\/wp-json\/wp\/v2\/product"}],"about":[{"href":"https:\/\/www.perzijskepreproge.si\/fr\/wp-json\/wp\/v2\/types\/product"}],"version-history":[{"count":0,"href":"https:\/\/www.perzijskepreproge.si\/fr\/wp-json\/wp\/v2\/product\/25292\/revisions"}],"wp:featuredmedia":[{"embeddable":true,"href":"https:\/\/www.perzijskepreproge.si\/fr\/wp-json\/wp\/v2\/media\/20185"}],"wp:attachment":[{"href":"https:\/\/www.perzijskepreproge.si\/fr\/wp-json\/wp\/v2\/media?parent=25292"}],"wp:term":[{"taxonomy":"product_brand","embeddable":true,"href":"https:\/\/www.perzijskepreproge.si\/fr\/wp-json\/wp\/v2\/product_brand?post=25292"},{"taxonomy":"product_cat","embeddable":true,"href":"https:\/\/www.perzijskepreproge.si\/fr\/wp-json\/wp\/v2\/product_cat?post=25292"},{"taxonomy":"product_tag","embeddable":true,"href":"https:\/\/www.perzijskepreproge.si\/fr\/wp-json\/wp\/v2\/product_tag?post=25292"}],"curies":[{"name":"wp","href":"https:\/\/api.w.org\/{rel}","templated":true}]}}