{"id":25372,"date":"2022-08-22T15:15:35","date_gmt":"2022-08-22T13:15:35","guid":{"rendered":"https:\/\/www.perzijskepreproge.si\/izdelek\/kilim-persan-azari-kilim-persan-azari-5\/"},"modified":"2026-04-13T13:23:03","modified_gmt":"2026-04-13T11:23:03","slug":"kilim-persan-azari-kilim-persan-azari-5","status":"publish","type":"product","link":"https:\/\/www.perzijskepreproge.si\/fr\/produit\/kilim-persan-azari-kilim-persan-azari-5\/","title":{"rendered":"Kilim persan Azari"},"content":{"rendered":"<p>Pour les peuples nomades, les tapis sont depuis des mill\u00e9naires des compagnons fid\u00e8les et \u00e9prouv\u00e9s, utilis\u00e9s pour couvrir le sol, en guise de mobilier, comme ornement, pour la selle d&rsquo;un cheval, pour dormir, comme tente de voyage, pour la m\u00e9ditation, comme linceul pour le dernier adieu au monde&#8230; Des tapis sp\u00e9ciaux sont fabriqu\u00e9s pour les rituels de gu\u00e9rison et de mariage. Les tapis sont riches en symbolisme, ils communiquent \u00e0 travers le temps et l&rsquo;espace, et leurs messages sont exprim\u00e9s par diverses structures compositionnelles, par les couleurs et par les motifs qu&rsquo;ils contiennent.   Les Az\u00e9ris, qui vivent dans le nord de l&rsquo;Iran et en Azerba\u00efdjan, fabriquent des tapis de mani\u00e8re originale et inchang\u00e9e depuis des si\u00e8cles et des mill\u00e9naires. La technique de fabrication et les motifs traditionnels se transmettent de g\u00e9n\u00e9ration en g\u00e9n\u00e9ration, mais l&rsquo;aspect final du tapis d\u00e9pend avant tout de la touche personnelle du fabricant. Les m\u00e8res enseignent \u00e0 leurs filles comment filer et utiliser la laine, tandis que les p\u00e8res transmettent \u00e0 leurs fils les connaissances sur la teinture de la laine et la fabrication des m\u00e9tiers \u00e0 tisser. Les motifs qu&rsquo;ils repr\u00e9sentent sont tir\u00e9s de leur environnement, de la tradition locale et de leur vie. Ainsi, vous pouvez trouver dans les tapis tout, des \u00e9toiles aux formes archa\u00efques m\u00e9sopotamiennes. Les figures stylis\u00e9es caract\u00e9ristiques (diamant en escalier et \u00e9toiles) conf\u00e8rent une gaiet\u00e9 particuli\u00e8re \u00e0 ce kilim Az\u00e9ri. Sous des doigts habiles, de magnifiques combinaisons ont \u00e9t\u00e9 cr\u00e9\u00e9es \u00e0 l&rsquo;aide de couleurs v\u00e9g\u00e9tales naturelles et de motifs archa\u00efques.       <\/p>\n","protected":false},"excerpt":{"rendered":"<p>N\u00b0 d&rsquo;enregistrement : 1075<\/p>\n<p>Dimensions : 318 x 119 cm<\/p>\n<p>Mati\u00e8re du velours : laine<\/p>\n<p>Cha\u00eene : laine<\/p>\n<p>Couleurs : v\u00e9g\u00e9tales<\/p>\n<p>Motif : g\u00e9om\u00e9trique<\/p>\n<p>Technique de tissage : tissage plat fait main<\/p>\n<p>Origine : Iran<\/p>\n<p>&nbsp;<\/p>\n","protected":false},"featured_media":23626,"template":"","meta":{"iawp_total_views":2},"product_brand":[],"product_cat":[372,362],"product_tag":[],"class_list":{"0":"post-25372","1":"product","2":"type-product","3":"status-publish","4":"has-post-thumbnail","6":"product_cat-grands-tapis-fr-2","7":"product_cat-kilims-fr","8":"pa_barva-osnovna-brun-terreux","9":"pa_barva-osnovna-orange-curcuma","10":"pa_barva-osnovna-rouge-bordeaux","11":"pa_material-laine","12":"pa_oblika-coureurs","13":"pa_oblika-rectangulaire","14":"pa_tip-preproge-kilim","15":"pa_velikost-cca-coureur","17":"first","18":"instock","19":"featured","20":"sold-individually","21":"taxable","22":"shipping-taxable","23":"purchasable","24":"product-type-simple"},"yoast_head":"<!-- This site is optimized with the Yoast SEO plugin v27.3 - https:\/\/yoast.com\/product\/yoast-seo-wordpress\/ -->\n<title>Kilim persan Azari - Perzijske preproge Farzad<\/title>\n<meta name=\"robots\" content=\"index, follow, max-snippet:-1, max-image-preview:large, max-video-preview:-1\" \/>\n<link rel=\"canonical\" href=\"https:\/\/www.perzijskepreproge.si\/fr\/produit\/kilim-persan-azari-kilim-persan-azari-5\/\" \/>\n<meta property=\"og:locale\" content=\"fr_FR\" \/>\n<meta property=\"og:type\" content=\"article\" \/>\n<meta property=\"og:title\" content=\"Kilim persan Azari - Perzijske preproge Farzad\" \/>\n<meta property=\"og:description\" content=\"N\u00b0 d&#039;enregistrement : 1075 Dimensions : 318 x 119 cm Mati\u00e8re du velours : laine Cha\u00eene : laine Couleurs : v\u00e9g\u00e9tales Motif : g\u00e9om\u00e9trique Technique de tissage : tissage plat fait main Origine : Iran &nbsp;\" \/>\n<meta property=\"og:url\" content=\"https:\/\/www.perzijskepreproge.si\/fr\/produit\/kilim-persan-azari-kilim-persan-azari-5\/\" \/>\n<meta property=\"og:site_name\" content=\"Perzijske preproge Farzad\" \/>\n<meta property=\"article:modified_time\" content=\"2026-04-13T11:23:03+00:00\" \/>\n<meta property=\"og:image\" content=\"https:\/\/www.perzijskepreproge.si\/wp-content\/uploads\/2022\/08\/IMG_20220822_151836JPG.webp\" \/>\n\t<meta property=\"og:image:width\" content=\"453\" \/>\n\t<meta property=\"og:image:height\" content=\"1000\" \/>\n\t<meta property=\"og:image:type\" content=\"image\/jpeg\" \/>\n<meta name=\"twitter:card\" content=\"summary_large_image\" \/>\n<meta name=\"twitter:label1\" content=\"Dur\u00e9e de lecture estim\u00e9e\" \/>\n\t<meta name=\"twitter:data1\" content=\"1 minute\" \/>\n<script type=\"application\/ld+json\" class=\"yoast-schema-graph\">{\"@context\":\"https:\\\/\\\/schema.org\",\"@graph\":[{\"@type\":\"WebPage\",\"@id\":\"https:\\\/\\\/www.perzijskepreproge.si\\\/fr\\\/produit\\\/kilim-persan-azari-kilim-persan-azari-5\\\/\",\"url\":\"https:\\\/\\\/www.perzijskepreproge.si\\\/fr\\\/produit\\\/kilim-persan-azari-kilim-persan-azari-5\\\/\",\"name\":\"Kilim persan Azari - Perzijske preproge Farzad\",\"isPartOf\":{\"@id\":\"https:\\\/\\\/www.perzijskepreproge.si\\\/fr\\\/#website\"},\"primaryImageOfPage\":{\"@id\":\"https:\\\/\\\/www.perzijskepreproge.si\\\/fr\\\/produit\\\/kilim-persan-azari-kilim-persan-azari-5\\\/#primaryimage\"},\"image\":{\"@id\":\"https:\\\/\\\/www.perzijskepreproge.si\\\/fr\\\/produit\\\/kilim-persan-azari-kilim-persan-azari-5\\\/#primaryimage\"},\"thumbnailUrl\":\"https:\\\/\\\/www.perzijskepreproge.si\\\/wp-content\\\/uploads\\\/2022\\\/08\\\/IMG_20220822_151836JPG.jpg\",\"datePublished\":\"2022-08-22T13:15:35+00:00\",\"dateModified\":\"2026-04-13T11:23:03+00:00\",\"breadcrumb\":{\"@id\":\"https:\\\/\\\/www.perzijskepreproge.si\\\/fr\\\/produit\\\/kilim-persan-azari-kilim-persan-azari-5\\\/#breadcrumb\"},\"inLanguage\":\"fr-FR\",\"potentialAction\":[{\"@type\":\"ReadAction\",\"target\":[\"https:\\\/\\\/www.perzijskepreproge.si\\\/fr\\\/produit\\\/kilim-persan-azari-kilim-persan-azari-5\\\/\"]}]},{\"@type\":\"ImageObject\",\"inLanguage\":\"fr-FR\",\"@id\":\"https:\\\/\\\/www.perzijskepreproge.si\\\/fr\\\/produit\\\/kilim-persan-azari-kilim-persan-azari-5\\\/#primaryimage\",\"url\":\"https:\\\/\\\/www.perzijskepreproge.si\\\/wp-content\\\/uploads\\\/2022\\\/08\\\/IMG_20220822_151836JPG.jpg\",\"contentUrl\":\"https:\\\/\\\/www.perzijskepreproge.si\\\/wp-content\\\/uploads\\\/2022\\\/08\\\/IMG_20220822_151836JPG.jpg\",\"width\":453,\"height\":1000},{\"@type\":\"BreadcrumbList\",\"@id\":\"https:\\\/\\\/www.perzijskepreproge.si\\\/fr\\\/produit\\\/kilim-persan-azari-kilim-persan-azari-5\\\/#breadcrumb\",\"itemListElement\":[{\"@type\":\"ListItem\",\"position\":1,\"name\":\"Maison\",\"item\":\"https:\\\/\\\/www.perzijskepreproge.si\\\/fr\\\/tapis-persans-farzad\\\/\"},{\"@type\":\"ListItem\",\"position\":2,\"name\":\"Boutique\",\"item\":\"https:\\\/\\\/www.perzijskepreproge.si\\\/fr\\\/boutique\\\/\"},{\"@type\":\"ListItem\",\"position\":3,\"name\":\"Kilim persan Azari\"}]},{\"@type\":\"WebSite\",\"@id\":\"https:\\\/\\\/www.perzijskepreproge.si\\\/fr\\\/#website\",\"url\":\"https:\\\/\\\/www.perzijskepreproge.si\\\/fr\\\/\",\"name\":\"Perzijske preproge Farzad\",\"description\":\"Perzijske preproge,  preprog in \u010di\u0161\u010denje preprog\",\"potentialAction\":[{\"@type\":\"SearchAction\",\"target\":{\"@type\":\"EntryPoint\",\"urlTemplate\":\"https:\\\/\\\/www.perzijskepreproge.si\\\/fr\\\/?s={search_term_string}\"},\"query-input\":{\"@type\":\"PropertyValueSpecification\",\"valueRequired\":true,\"valueName\":\"search_term_string\"}}],\"inLanguage\":\"fr-FR\"}]}<\/script>\n<!-- \/ Yoast SEO plugin. -->","yoast_head_json":{"title":"Kilim persan Azari - Perzijske preproge Farzad","robots":{"index":"index","follow":"follow","max-snippet":"max-snippet:-1","max-image-preview":"max-image-preview:large","max-video-preview":"max-video-preview:-1"},"canonical":"https:\/\/www.perzijskepreproge.si\/fr\/produit\/kilim-persan-azari-kilim-persan-azari-5\/","og_locale":"fr_FR","og_type":"article","og_title":"Kilim persan Azari - Perzijske preproge Farzad","og_description":"N\u00b0 d'enregistrement : 1075 Dimensions : 318 x 119 cm Mati\u00e8re du velours : laine Cha\u00eene : laine Couleurs : v\u00e9g\u00e9tales Motif : g\u00e9om\u00e9trique Technique de tissage : tissage plat fait main Origine : Iran &nbsp;","og_url":"https:\/\/www.perzijskepreproge.si\/fr\/produit\/kilim-persan-azari-kilim-persan-azari-5\/","og_site_name":"Perzijske preproge Farzad","article_modified_time":"2026-04-13T11:23:03+00:00","og_image":[{"width":453,"height":1000,"url":"https:\/\/www.perzijskepreproge.si\/wp-content\/uploads\/2022\/08\/IMG_20220822_151836JPG.webp","type":"image\/jpeg"}],"twitter_card":"summary_large_image","twitter_misc":{"Dur\u00e9e de lecture estim\u00e9e":"1 minute"},"schema":{"@context":"https:\/\/schema.org","@graph":[{"@type":"WebPage","@id":"https:\/\/www.perzijskepreproge.si\/fr\/produit\/kilim-persan-azari-kilim-persan-azari-5\/","url":"https:\/\/www.perzijskepreproge.si\/fr\/produit\/kilim-persan-azari-kilim-persan-azari-5\/","name":"Kilim persan Azari - Perzijske preproge Farzad","isPartOf":{"@id":"https:\/\/www.perzijskepreproge.si\/fr\/#website"},"primaryImageOfPage":{"@id":"https:\/\/www.perzijskepreproge.si\/fr\/produit\/kilim-persan-azari-kilim-persan-azari-5\/#primaryimage"},"image":{"@id":"https:\/\/www.perzijskepreproge.si\/fr\/produit\/kilim-persan-azari-kilim-persan-azari-5\/#primaryimage"},"thumbnailUrl":"https:\/\/www.perzijskepreproge.si\/wp-content\/uploads\/2022\/08\/IMG_20220822_151836JPG.jpg","datePublished":"2022-08-22T13:15:35+00:00","dateModified":"2026-04-13T11:23:03+00:00","breadcrumb":{"@id":"https:\/\/www.perzijskepreproge.si\/fr\/produit\/kilim-persan-azari-kilim-persan-azari-5\/#breadcrumb"},"inLanguage":"fr-FR","potentialAction":[{"@type":"ReadAction","target":["https:\/\/www.perzijskepreproge.si\/fr\/produit\/kilim-persan-azari-kilim-persan-azari-5\/"]}]},{"@type":"ImageObject","inLanguage":"fr-FR","@id":"https:\/\/www.perzijskepreproge.si\/fr\/produit\/kilim-persan-azari-kilim-persan-azari-5\/#primaryimage","url":"https:\/\/www.perzijskepreproge.si\/wp-content\/uploads\/2022\/08\/IMG_20220822_151836JPG.jpg","contentUrl":"https:\/\/www.perzijskepreproge.si\/wp-content\/uploads\/2022\/08\/IMG_20220822_151836JPG.jpg","width":453,"height":1000},{"@type":"BreadcrumbList","@id":"https:\/\/www.perzijskepreproge.si\/fr\/produit\/kilim-persan-azari-kilim-persan-azari-5\/#breadcrumb","itemListElement":[{"@type":"ListItem","position":1,"name":"Maison","item":"https:\/\/www.perzijskepreproge.si\/fr\/tapis-persans-farzad\/"},{"@type":"ListItem","position":2,"name":"Boutique","item":"https:\/\/www.perzijskepreproge.si\/fr\/boutique\/"},{"@type":"ListItem","position":3,"name":"Kilim persan Azari"}]},{"@type":"WebSite","@id":"https:\/\/www.perzijskepreproge.si\/fr\/#website","url":"https:\/\/www.perzijskepreproge.si\/fr\/","name":"Perzijske preproge Farzad","description":"Perzijske preproge,  preprog in \u010di\u0161\u010denje preprog","potentialAction":[{"@type":"SearchAction","target":{"@type":"EntryPoint","urlTemplate":"https:\/\/www.perzijskepreproge.si\/fr\/?s={search_term_string}"},"query-input":{"@type":"PropertyValueSpecification","valueRequired":true,"valueName":"search_term_string"}}],"inLanguage":"fr-FR"}]}},"_links":{"self":[{"href":"https:\/\/www.perzijskepreproge.si\/fr\/wp-json\/wp\/v2\/product\/25372","targetHints":{"allow":["GET"]}}],"collection":[{"href":"https:\/\/www.perzijskepreproge.si\/fr\/wp-json\/wp\/v2\/product"}],"about":[{"href":"https:\/\/www.perzijskepreproge.si\/fr\/wp-json\/wp\/v2\/types\/product"}],"version-history":[{"count":1,"href":"https:\/\/www.perzijskepreproge.si\/fr\/wp-json\/wp\/v2\/product\/25372\/revisions"}],"predecessor-version":[{"id":29540,"href":"https:\/\/www.perzijskepreproge.si\/fr\/wp-json\/wp\/v2\/product\/25372\/revisions\/29540"}],"wp:featuredmedia":[{"embeddable":true,"href":"https:\/\/www.perzijskepreproge.si\/fr\/wp-json\/wp\/v2\/media\/23626"}],"wp:attachment":[{"href":"https:\/\/www.perzijskepreproge.si\/fr\/wp-json\/wp\/v2\/media?parent=25372"}],"wp:term":[{"taxonomy":"product_brand","embeddable":true,"href":"https:\/\/www.perzijskepreproge.si\/fr\/wp-json\/wp\/v2\/product_brand?post=25372"},{"taxonomy":"product_cat","embeddable":true,"href":"https:\/\/www.perzijskepreproge.si\/fr\/wp-json\/wp\/v2\/product_cat?post=25372"},{"taxonomy":"product_tag","embeddable":true,"href":"https:\/\/www.perzijskepreproge.si\/fr\/wp-json\/wp\/v2\/product_tag?post=25372"}],"curies":[{"name":"wp","href":"https:\/\/api.w.org\/{rel}","templated":true}]}}