{"id":25426,"date":"2021-05-22T11:46:24","date_gmt":"2021-05-22T09:46:24","guid":{"rendered":"https:\/\/www.perzijskepreproge.si\/izdelek\/tapis-persan-kashan-tapis-persan-kashan-5\/"},"modified":"2026-04-13T13:13:31","modified_gmt":"2026-04-13T11:13:31","slug":"tapis-persan-kashan-tapis-persan-kashan-5","status":"publish","type":"product","link":"https:\/\/www.perzijskepreproge.si\/fr\/produit\/tapis-persan-kashan-tapis-persan-kashan-5\/","title":{"rendered":"Tapis persan Kashan"},"content":{"rendered":"<p style=\"text-align: left;\">La ville de Kashan est situ\u00e9e \u00e0 250 km au sud de T\u00e9h\u00e9ran, dans une vaste oasis en bordure du d\u00e9sert du Kavir, au centre de l\u2019Iran. Cette r\u00e9gion, habit\u00e9e depuis la pr\u00e9histoire, fut importante sous la dynastie sassanide et apr\u00e8s l\u2019av\u00e8nement de la culture islamique. Les tapis de Kashan sont confectionn\u00e9s \u00e0 partir de la meilleure laine <em>kork<\/em> (provenant du cou des agneaux) selon la technique du nouage asym\u00e9trique (n\u0153ud persan), ce qui les rend extr\u00eamement fins et tr\u00e8s r\u00e9sistants. Ils se caract\u00e9risent par divers motifs floraux, des arabesques, des palmettes et des motifs de feuilles, un design id\u00e9al pour une d\u00e9coration classique.    Ils repr\u00e9sentent l\u2019h\u00e9ritage de l\u2019\u00e2ge d\u2019or de la fabrication de tapis en Iran (XVIe et XVIIe si\u00e8cles), \u00e9poque o\u00f9 le shah Abbas \u00e9tait un grand protecteur de cet art.<\/p>\n<p data-start=\"223\" data-end=\"555\">Les tapis de la ville de <strong data-start=\"241\" data-end=\"251\">Kashan<\/strong>, l\u2019un des centres les plus anciens et les plus pris\u00e9s de l\u2019art du tissage persan, repr\u00e9sentent le summum de l\u2019esth\u00e9tique persane classique. Leur composition ordonn\u00e9e, leur riche symbolisme et leur palette de couleurs raffin\u00e9e expliquent pourquoi ils figurent parmi les choix les plus populaires des amateurs de tapis traditionnels \u00e0 travers le monde. <\/p>\n<p data-start=\"557\" data-end=\"895\">L\u2019<strong data-start=\"557\" data-end=\"585\">esth\u00e9tique du tapis Kashan<\/strong> repose sur l\u2019\u00e9quilibre et l\u2019harmonie ; il est reconnaissable \u00e0 son <strong data-start=\"656\" data-end=\"669\">m\u00e9daillon<\/strong> central aux luxueux ornements floraux qui se d\u00e9ploient sur toute la surface sous forme de vignettes, de feuilles et d\u2019arabesques. Les motifs sont extr\u00eamement d\u00e9taill\u00e9s et r\u00e9alis\u00e9s avec une grande pr\u00e9cision, conf\u00e9rant au tapis un sentiment de d\u00e9licatesse et de noblesse. <\/p>\n<p data-start=\"897\" data-end=\"1220\">La <strong data-start=\"897\" data-end=\"914\">palette de couleurs<\/strong> des tapis Kashan comprend g\u00e9n\u00e9ralement des rouges profonds, des bleus fonc\u00e9s, de l\u2019ivoire et des tons dor\u00e9s, avec parfois des nuances bleut\u00e9es ou pastelles plus douces. Les couleurs sont issues de <strong data-start=\"1087\" data-end=\"1106\">teintures naturelles<\/strong> telles que l\u2019indigo, les racines de rhubarbe, la grenade ou les \u00e9corces de noix, ce qui leur conf\u00e8re une douceur et une chaleur particuli\u00e8res. <\/p>\n","protected":false},"excerpt":{"rendered":"<p>N\u00b0 de r\u00e9g. : 1043<\/p>\n<p>Dimensions : 391 x 296 cm<\/p>\n<p>Composition \/ Velours : laine, soie<\/p>\n<p>Base \/ Base : coton \/ cotton<\/p>\n<p>Couleurs \/ Colours : v\u00e9g\u00e9tales \/ plants<\/p>\n<p>Design \/ Design : floral \/ floral<\/p>\n<p>Technique de tissage \/ Weaving technique : tapis nou\u00e9 main \/ handmade pile carpet<\/p>\n<p>Densit\u00e9 de nouage : 350 000 au m\u00b2<\/p>\n<p>Origine : Iran<\/p>\n<p>&nbsp;<\/p>\n","protected":false},"featured_media":23263,"template":"","meta":{"iawp_total_views":3},"product_brand":[],"product_cat":[333,310],"product_tag":[],"class_list":{"0":"post-25426","1":"product","2":"type-product","3":"status-publish","4":"has-post-thumbnail","6":"product_cat-grands-tapis-fr","7":"product_cat-tapis-classiques","8":"pa_barva-osnovna-blanc-beige","9":"pa_material-laine-soie","10":"pa_oblika-rectangulaire","11":"pa_tip-preproge-classique-de-maitre","12":"pa_velikost-cca-400x300","14":"first","15":"instock","16":"sold-individually","17":"taxable","18":"shipping-taxable","19":"purchasable","20":"product-type-simple"},"yoast_head":"<!-- This site is optimized with the Yoast SEO plugin v27.3 - https:\/\/yoast.com\/product\/yoast-seo-wordpress\/ -->\n<title>Tapis persan Kashan - Perzijske preproge Farzad<\/title>\n<meta name=\"robots\" content=\"index, follow, max-snippet:-1, max-image-preview:large, max-video-preview:-1\" \/>\n<link rel=\"canonical\" href=\"https:\/\/www.perzijskepreproge.si\/fr\/produit\/tapis-persan-kashan-tapis-persan-kashan-5\/\" \/>\n<meta property=\"og:locale\" content=\"fr_FR\" \/>\n<meta property=\"og:type\" content=\"article\" \/>\n<meta property=\"og:title\" content=\"Tapis persan Kashan - Perzijske preproge Farzad\" \/>\n<meta property=\"og:description\" content=\"N\u00b0 de r\u00e9g. : 1043 Dimensions : 391 x 296 cm Composition \/ Velours : laine, soie Base \/ Base : coton \/ cotton Couleurs \/ Colours : v\u00e9g\u00e9tales \/ plants Design \/ Design : floral \/ floral Technique de tissage \/ Weaving technique : tapis nou\u00e9 main \/ handmade pile carpet Densit\u00e9 de nouage : 350 000 au m\u00b2 Origine : Iran &nbsp;\" \/>\n<meta property=\"og:url\" content=\"https:\/\/www.perzijskepreproge.si\/fr\/produit\/tapis-persan-kashan-tapis-persan-kashan-5\/\" \/>\n<meta property=\"og:site_name\" content=\"Perzijske preproge Farzad\" \/>\n<meta property=\"article:modified_time\" content=\"2026-04-13T11:13:31+00:00\" \/>\n<meta property=\"og:image\" content=\"https:\/\/www.perzijskepreproge.si\/wp-content\/uploads\/2021\/05\/IMG_20210428_124238jpg.webp\" \/>\n\t<meta property=\"og:image:width\" content=\"1168\" \/>\n\t<meta property=\"og:image:height\" content=\"1200\" \/>\n\t<meta property=\"og:image:type\" content=\"image\/jpeg\" \/>\n<meta name=\"twitter:card\" content=\"summary_large_image\" \/>\n<meta name=\"twitter:label1\" content=\"Dur\u00e9e de lecture estim\u00e9e\" \/>\n\t<meta name=\"twitter:data1\" content=\"2 minutes\" \/>\n<script type=\"application\/ld+json\" class=\"yoast-schema-graph\">{\"@context\":\"https:\\\/\\\/schema.org\",\"@graph\":[{\"@type\":\"WebPage\",\"@id\":\"https:\\\/\\\/www.perzijskepreproge.si\\\/fr\\\/produit\\\/tapis-persan-kashan-tapis-persan-kashan-5\\\/\",\"url\":\"https:\\\/\\\/www.perzijskepreproge.si\\\/fr\\\/produit\\\/tapis-persan-kashan-tapis-persan-kashan-5\\\/\",\"name\":\"Tapis persan Kashan - Perzijske preproge Farzad\",\"isPartOf\":{\"@id\":\"https:\\\/\\\/www.perzijskepreproge.si\\\/fr\\\/#website\"},\"primaryImageOfPage\":{\"@id\":\"https:\\\/\\\/www.perzijskepreproge.si\\\/fr\\\/produit\\\/tapis-persan-kashan-tapis-persan-kashan-5\\\/#primaryimage\"},\"image\":{\"@id\":\"https:\\\/\\\/www.perzijskepreproge.si\\\/fr\\\/produit\\\/tapis-persan-kashan-tapis-persan-kashan-5\\\/#primaryimage\"},\"thumbnailUrl\":\"https:\\\/\\\/www.perzijskepreproge.si\\\/wp-content\\\/uploads\\\/2021\\\/05\\\/IMG_20210428_124238jpg.jpg\",\"datePublished\":\"2021-05-22T09:46:24+00:00\",\"dateModified\":\"2026-04-13T11:13:31+00:00\",\"breadcrumb\":{\"@id\":\"https:\\\/\\\/www.perzijskepreproge.si\\\/fr\\\/produit\\\/tapis-persan-kashan-tapis-persan-kashan-5\\\/#breadcrumb\"},\"inLanguage\":\"fr-FR\",\"potentialAction\":[{\"@type\":\"ReadAction\",\"target\":[\"https:\\\/\\\/www.perzijskepreproge.si\\\/fr\\\/produit\\\/tapis-persan-kashan-tapis-persan-kashan-5\\\/\"]}]},{\"@type\":\"ImageObject\",\"inLanguage\":\"fr-FR\",\"@id\":\"https:\\\/\\\/www.perzijskepreproge.si\\\/fr\\\/produit\\\/tapis-persan-kashan-tapis-persan-kashan-5\\\/#primaryimage\",\"url\":\"https:\\\/\\\/www.perzijskepreproge.si\\\/wp-content\\\/uploads\\\/2021\\\/05\\\/IMG_20210428_124238jpg.jpg\",\"contentUrl\":\"https:\\\/\\\/www.perzijskepreproge.si\\\/wp-content\\\/uploads\\\/2021\\\/05\\\/IMG_20210428_124238jpg.jpg\",\"width\":1168,\"height\":1200},{\"@type\":\"BreadcrumbList\",\"@id\":\"https:\\\/\\\/www.perzijskepreproge.si\\\/fr\\\/produit\\\/tapis-persan-kashan-tapis-persan-kashan-5\\\/#breadcrumb\",\"itemListElement\":[{\"@type\":\"ListItem\",\"position\":1,\"name\":\"Maison\",\"item\":\"https:\\\/\\\/www.perzijskepreproge.si\\\/fr\\\/tapis-persans-farzad\\\/\"},{\"@type\":\"ListItem\",\"position\":2,\"name\":\"Boutique\",\"item\":\"https:\\\/\\\/www.perzijskepreproge.si\\\/fr\\\/boutique\\\/\"},{\"@type\":\"ListItem\",\"position\":3,\"name\":\"Tapis persan Kashan\"}]},{\"@type\":\"WebSite\",\"@id\":\"https:\\\/\\\/www.perzijskepreproge.si\\\/fr\\\/#website\",\"url\":\"https:\\\/\\\/www.perzijskepreproge.si\\\/fr\\\/\",\"name\":\"Perzijske preproge Farzad\",\"description\":\"Perzijske preproge,  preprog in \u010di\u0161\u010denje preprog\",\"potentialAction\":[{\"@type\":\"SearchAction\",\"target\":{\"@type\":\"EntryPoint\",\"urlTemplate\":\"https:\\\/\\\/www.perzijskepreproge.si\\\/fr\\\/?s={search_term_string}\"},\"query-input\":{\"@type\":\"PropertyValueSpecification\",\"valueRequired\":true,\"valueName\":\"search_term_string\"}}],\"inLanguage\":\"fr-FR\"}]}<\/script>\n<!-- \/ Yoast SEO plugin. -->","yoast_head_json":{"title":"Tapis persan Kashan - Perzijske preproge Farzad","robots":{"index":"index","follow":"follow","max-snippet":"max-snippet:-1","max-image-preview":"max-image-preview:large","max-video-preview":"max-video-preview:-1"},"canonical":"https:\/\/www.perzijskepreproge.si\/fr\/produit\/tapis-persan-kashan-tapis-persan-kashan-5\/","og_locale":"fr_FR","og_type":"article","og_title":"Tapis persan Kashan - Perzijske preproge Farzad","og_description":"N\u00b0 de r\u00e9g. : 1043 Dimensions : 391 x 296 cm Composition \/ Velours : laine, soie Base \/ Base : coton \/ cotton Couleurs \/ Colours : v\u00e9g\u00e9tales \/ plants Design \/ Design : floral \/ floral Technique de tissage \/ Weaving technique : tapis nou\u00e9 main \/ handmade pile carpet Densit\u00e9 de nouage : 350 000 au m\u00b2 Origine : Iran &nbsp;","og_url":"https:\/\/www.perzijskepreproge.si\/fr\/produit\/tapis-persan-kashan-tapis-persan-kashan-5\/","og_site_name":"Perzijske preproge Farzad","article_modified_time":"2026-04-13T11:13:31+00:00","og_image":[{"width":1168,"height":1200,"url":"https:\/\/www.perzijskepreproge.si\/wp-content\/uploads\/2021\/05\/IMG_20210428_124238jpg.webp","type":"image\/jpeg"}],"twitter_card":"summary_large_image","twitter_misc":{"Dur\u00e9e de lecture estim\u00e9e":"2 minutes"},"schema":{"@context":"https:\/\/schema.org","@graph":[{"@type":"WebPage","@id":"https:\/\/www.perzijskepreproge.si\/fr\/produit\/tapis-persan-kashan-tapis-persan-kashan-5\/","url":"https:\/\/www.perzijskepreproge.si\/fr\/produit\/tapis-persan-kashan-tapis-persan-kashan-5\/","name":"Tapis persan Kashan - Perzijske preproge Farzad","isPartOf":{"@id":"https:\/\/www.perzijskepreproge.si\/fr\/#website"},"primaryImageOfPage":{"@id":"https:\/\/www.perzijskepreproge.si\/fr\/produit\/tapis-persan-kashan-tapis-persan-kashan-5\/#primaryimage"},"image":{"@id":"https:\/\/www.perzijskepreproge.si\/fr\/produit\/tapis-persan-kashan-tapis-persan-kashan-5\/#primaryimage"},"thumbnailUrl":"https:\/\/www.perzijskepreproge.si\/wp-content\/uploads\/2021\/05\/IMG_20210428_124238jpg.jpg","datePublished":"2021-05-22T09:46:24+00:00","dateModified":"2026-04-13T11:13:31+00:00","breadcrumb":{"@id":"https:\/\/www.perzijskepreproge.si\/fr\/produit\/tapis-persan-kashan-tapis-persan-kashan-5\/#breadcrumb"},"inLanguage":"fr-FR","potentialAction":[{"@type":"ReadAction","target":["https:\/\/www.perzijskepreproge.si\/fr\/produit\/tapis-persan-kashan-tapis-persan-kashan-5\/"]}]},{"@type":"ImageObject","inLanguage":"fr-FR","@id":"https:\/\/www.perzijskepreproge.si\/fr\/produit\/tapis-persan-kashan-tapis-persan-kashan-5\/#primaryimage","url":"https:\/\/www.perzijskepreproge.si\/wp-content\/uploads\/2021\/05\/IMG_20210428_124238jpg.jpg","contentUrl":"https:\/\/www.perzijskepreproge.si\/wp-content\/uploads\/2021\/05\/IMG_20210428_124238jpg.jpg","width":1168,"height":1200},{"@type":"BreadcrumbList","@id":"https:\/\/www.perzijskepreproge.si\/fr\/produit\/tapis-persan-kashan-tapis-persan-kashan-5\/#breadcrumb","itemListElement":[{"@type":"ListItem","position":1,"name":"Maison","item":"https:\/\/www.perzijskepreproge.si\/fr\/tapis-persans-farzad\/"},{"@type":"ListItem","position":2,"name":"Boutique","item":"https:\/\/www.perzijskepreproge.si\/fr\/boutique\/"},{"@type":"ListItem","position":3,"name":"Tapis persan Kashan"}]},{"@type":"WebSite","@id":"https:\/\/www.perzijskepreproge.si\/fr\/#website","url":"https:\/\/www.perzijskepreproge.si\/fr\/","name":"Perzijske preproge Farzad","description":"Perzijske preproge,  preprog in \u010di\u0161\u010denje preprog","potentialAction":[{"@type":"SearchAction","target":{"@type":"EntryPoint","urlTemplate":"https:\/\/www.perzijskepreproge.si\/fr\/?s={search_term_string}"},"query-input":{"@type":"PropertyValueSpecification","valueRequired":true,"valueName":"search_term_string"}}],"inLanguage":"fr-FR"}]}},"_links":{"self":[{"href":"https:\/\/www.perzijskepreproge.si\/fr\/wp-json\/wp\/v2\/product\/25426","targetHints":{"allow":["GET"]}}],"collection":[{"href":"https:\/\/www.perzijskepreproge.si\/fr\/wp-json\/wp\/v2\/product"}],"about":[{"href":"https:\/\/www.perzijskepreproge.si\/fr\/wp-json\/wp\/v2\/types\/product"}],"version-history":[{"count":1,"href":"https:\/\/www.perzijskepreproge.si\/fr\/wp-json\/wp\/v2\/product\/25426\/revisions"}],"predecessor-version":[{"id":29422,"href":"https:\/\/www.perzijskepreproge.si\/fr\/wp-json\/wp\/v2\/product\/25426\/revisions\/29422"}],"wp:featuredmedia":[{"embeddable":true,"href":"https:\/\/www.perzijskepreproge.si\/fr\/wp-json\/wp\/v2\/media\/23263"}],"wp:attachment":[{"href":"https:\/\/www.perzijskepreproge.si\/fr\/wp-json\/wp\/v2\/media?parent=25426"}],"wp:term":[{"taxonomy":"product_brand","embeddable":true,"href":"https:\/\/www.perzijskepreproge.si\/fr\/wp-json\/wp\/v2\/product_brand?post=25426"},{"taxonomy":"product_cat","embeddable":true,"href":"https:\/\/www.perzijskepreproge.si\/fr\/wp-json\/wp\/v2\/product_cat?post=25426"},{"taxonomy":"product_tag","embeddable":true,"href":"https:\/\/www.perzijskepreproge.si\/fr\/wp-json\/wp\/v2\/product_tag?post=25426"}],"curies":[{"name":"wp","href":"https:\/\/api.w.org\/{rel}","templated":true}]}}