{"id":25435,"date":"2021-04-21T15:37:38","date_gmt":"2021-04-21T13:37:38","guid":{"rendered":"https:\/\/www.perzijskepreproge.si\/izdelek\/kilim-persan-shiraz-kilim-persan-shiraz-2\/"},"modified":"2026-04-13T13:14:16","modified_gmt":"2026-04-13T11:14:16","slug":"kilim-persan-shiraz-kilim-persan-shiraz-2","status":"publish","type":"product","link":"https:\/\/www.perzijskepreproge.si\/fr\/produit\/kilim-persan-shiraz-kilim-persan-shiraz-2\/","title":{"rendered":"Kilim persan de Shiraz \/ Persian kilim Shiraz"},"content":{"rendered":"<div class=\"qode-single-product-summary\">\n<div class=\"summary entry-summary\">\n<div class=\"clearfix\">\n<div class=\"q_accordion_holder toggle boxed woocommerce-accordion accordion ui-accordion ui-accordion-icons ui-widget ui-helper-reset\">\n<div class=\"accordion_content ui-accordion-content ui-helper-reset ui-widget-content ui-corner-bottom ui-accordion-content-active\">\n<div class=\"accordion_content_inner\">\n<p><strong>Les tapis ont depuis toujours jou\u00e9 un r\u00f4le important au sein de la famille, comme moyen de dot ou de prix de la mari\u00e9e. Le mariage repr\u00e9sentait bien plus que la simple union d\u2019un mari et d\u2019une femme. La jeune fille \u00e0 qui l\u2019on trouvait un futur \u00e9poux d\u00e8s son plus jeune \u00e2ge devenait une sorte de lien d\u2019alliance entre deux familles. L\u2019union des deux familles \u00e9tait, en pratique, confirm\u00e9e par l\u2019offrande de tapis, de bijoux et d\u2019autres biens. La dot pouvait aussi inclure des animaux, des p\u00e2turages et des ressources en eau. En apprenant aupr\u00e8s de sa m\u00e8re et des autres membres de la famille, la jeune fille commen\u00e7ait rapidement \u00e0 fabriquer ses propres tapis et d\u2019autres ouvrages. Chaque pi\u00e8ce incarnait l\u2019h\u00e9ritage familial et le folklore de son peuple. Le statut de la famille \u00e9tait \u00e9troitement li\u00e9 \u00e0 la qualit\u00e9 et \u00e0 la quantit\u00e9 de la dot de la mari\u00e9e. C\u2019est pourquoi les tapis \u00e9taient r\u00e9alis\u00e9s avec beaucoup d\u2019efforts, d\u2019amour et de cr\u00e9ativit\u00e9, m\u00eame s\u2019ils n\u2019\u00e9taient pas destin\u00e9s \u00e0 \u00eatre vendus au bazar.        <\/strong><\/p>\n<p><strong> Le peuple nomade qashqai du sud-ouest de l\u2019Iran (r\u00e9gion de Shiraz) est bien connu pour ses tapis traditionnels. Au XVIe si\u00e8cle, ils sont arriv\u00e9s d\u2019Asie centrale avec d\u2019autres groupes turcs. C\u2019est pourquoi l\u2019on retrouve, dans les motifs des tapis qashqai, des liens avec ceux de la r\u00e9gion du Caucase. Autrefois, ces nomades \u00e9taient r\u00e9put\u00e9s pour leur longue et \u00e9prouvante migration annuelle, des quartiers d\u2019hiver au bord du golfe Persique jusqu\u2019aux p\u00e2turages d\u2019\u00e9t\u00e9 dans le massif du Zagros. Depuis 1925, ils ont beaucoup souffert des politiques r\u00e9pressives des autorit\u00e9s perses.    <\/strong><\/p>\n<p><strong> Les Qashqai fabriquent des tapis lorsqu\u2019ils ne sont pas en route ou lors des haltes interm\u00e9diaires. On observe d\u2019int\u00e9ressants changements soudains dans les motifs et les couleurs, car ils ne peuvent transporter que de petites quantit\u00e9s de fil teint. Les m\u00e9tiers \u00e0 tisser au sol sont souvent d\u00e9mont\u00e9s alors que le tapis n\u2019est pas encore termin\u00e9, puis ils reprennent la route. Dans le camp suivant, ils les remontent et poursuivent le travail, d\u2019o\u00f9 ces variations de motifs.  <\/strong><\/p>\n<p><strong> <\/strong><\/p>\n<p><strong> <\/strong><\/p>\n<\/div>\n<\/div>\n<\/div>\n<\/div>\n<\/div>\n<\/div>\n<div class=\"related products\">\n<h4 class=\"qode-related-upsells-title\"><\/h4>\n<\/div>\n<p>&nbsp;<\/p>\n","protected":false},"excerpt":{"rendered":"<p>N\u00b0 d\u2019enreg. : 963<\/p>\n<p>Dimensions \/ Size : 460 \u00d7 140 cm<\/p>\n<p>Mat\u00e9riau \/ Pile : laine \/ wool<\/p>\n<p>Cha\u00eene \/ Base : laine \/ wool<\/p>\n<p>Couleurs \/ Colours : v\u00e9g\u00e9tales \/ plants<\/p>\n<p>Design \/ Design : g\u00e9om\u00e9trique \/ geometrical<\/p>\n<p>Technique de tissage \/ Weaving technique : tapis tiss\u00e9 \u00e0 la main \/ handmade flatweave<\/p>\n<p>Origine \/ Origin : Iran<\/p>\n<p>&nbsp;<\/p>\n","protected":false},"featured_media":23239,"template":"","meta":{"iawp_total_views":1},"product_brand":[],"product_cat":[372,362,276],"product_tag":[],"class_list":{"0":"post-25435","1":"product","2":"type-product","3":"status-publish","4":"has-post-thumbnail","6":"product_cat-grands-tapis-fr-2","7":"product_cat-kilims-fr","8":"product_cat-offre-speciale","9":"pa_barva-osnovna-multicolore","10":"pa_material-laine","11":"pa_oblika-coureurs","12":"pa_oblika-rectangulaire","13":"pa_tip-preproge-kilim","14":"pa_velikost-cca-coureur","16":"first","17":"instock","18":"sale","19":"featured","20":"sold-individually","21":"taxable","22":"shipping-taxable","23":"purchasable","24":"product-type-simple"},"yoast_head":"<!-- This site is optimized with the Yoast SEO plugin v27.3 - https:\/\/yoast.com\/product\/yoast-seo-wordpress\/ -->\n<title>Kilim persan de Shiraz \/ Persian kilim Shiraz - Perzijske preproge Farzad<\/title>\n<meta name=\"robots\" content=\"index, follow, max-snippet:-1, max-image-preview:large, max-video-preview:-1\" \/>\n<link rel=\"canonical\" href=\"https:\/\/www.perzijskepreproge.si\/fr\/produit\/kilim-persan-shiraz-kilim-persan-shiraz-2\/\" \/>\n<meta property=\"og:locale\" content=\"fr_FR\" \/>\n<meta property=\"og:type\" content=\"article\" \/>\n<meta property=\"og:title\" content=\"Kilim persan de Shiraz \/ Persian kilim Shiraz - Perzijske preproge Farzad\" \/>\n<meta property=\"og:description\" content=\"N\u00b0 d\u2019enreg. : 963 Dimensions \/ Size : 460 \u00d7 140 cm Mat\u00e9riau \/ Pile : laine \/ wool Cha\u00eene \/ Base : laine \/ wool Couleurs \/ Colours : v\u00e9g\u00e9tales \/ plants Design \/ Design : g\u00e9om\u00e9trique \/ geometrical Technique de tissage \/ Weaving technique : tapis tiss\u00e9 \u00e0 la main \/ handmade flatweave Origine \/ Origin : Iran &nbsp;\" \/>\n<meta property=\"og:url\" content=\"https:\/\/www.perzijskepreproge.si\/fr\/produit\/kilim-persan-shiraz-kilim-persan-shiraz-2\/\" \/>\n<meta property=\"og:site_name\" content=\"Perzijske preproge Farzad\" \/>\n<meta property=\"article:modified_time\" content=\"2026-04-13T11:14:16+00:00\" \/>\n<meta property=\"og:image\" content=\"https:\/\/www.perzijskepreproge.si\/wp-content\/uploads\/2017\/01\/DSCF1516jpg.jpg\" \/>\n\t<meta property=\"og:image:width\" content=\"394\" \/>\n\t<meta property=\"og:image:height\" content=\"700\" \/>\n\t<meta property=\"og:image:type\" content=\"image\/jpeg\" \/>\n<meta name=\"twitter:card\" content=\"summary_large_image\" \/>\n<meta name=\"twitter:label1\" content=\"Dur\u00e9e de lecture estim\u00e9e\" \/>\n\t<meta name=\"twitter:data1\" content=\"2 minutes\" \/>\n<script type=\"application\/ld+json\" class=\"yoast-schema-graph\">{\"@context\":\"https:\\\/\\\/schema.org\",\"@graph\":[{\"@type\":\"WebPage\",\"@id\":\"https:\\\/\\\/www.perzijskepreproge.si\\\/fr\\\/produit\\\/kilim-persan-shiraz-kilim-persan-shiraz-2\\\/\",\"url\":\"https:\\\/\\\/www.perzijskepreproge.si\\\/fr\\\/produit\\\/kilim-persan-shiraz-kilim-persan-shiraz-2\\\/\",\"name\":\"Kilim persan de Shiraz \\\/ Persian kilim Shiraz - Perzijske preproge Farzad\",\"isPartOf\":{\"@id\":\"https:\\\/\\\/www.perzijskepreproge.si\\\/fr\\\/#website\"},\"primaryImageOfPage\":{\"@id\":\"https:\\\/\\\/www.perzijskepreproge.si\\\/fr\\\/produit\\\/kilim-persan-shiraz-kilim-persan-shiraz-2\\\/#primaryimage\"},\"image\":{\"@id\":\"https:\\\/\\\/www.perzijskepreproge.si\\\/fr\\\/produit\\\/kilim-persan-shiraz-kilim-persan-shiraz-2\\\/#primaryimage\"},\"thumbnailUrl\":\"https:\\\/\\\/www.perzijskepreproge.si\\\/wp-content\\\/uploads\\\/2017\\\/01\\\/DSCF1516jpg.jpg\",\"datePublished\":\"2021-04-21T13:37:38+00:00\",\"dateModified\":\"2026-04-13T11:14:16+00:00\",\"breadcrumb\":{\"@id\":\"https:\\\/\\\/www.perzijskepreproge.si\\\/fr\\\/produit\\\/kilim-persan-shiraz-kilim-persan-shiraz-2\\\/#breadcrumb\"},\"inLanguage\":\"fr-FR\",\"potentialAction\":[{\"@type\":\"ReadAction\",\"target\":[\"https:\\\/\\\/www.perzijskepreproge.si\\\/fr\\\/produit\\\/kilim-persan-shiraz-kilim-persan-shiraz-2\\\/\"]}]},{\"@type\":\"ImageObject\",\"inLanguage\":\"fr-FR\",\"@id\":\"https:\\\/\\\/www.perzijskepreproge.si\\\/fr\\\/produit\\\/kilim-persan-shiraz-kilim-persan-shiraz-2\\\/#primaryimage\",\"url\":\"https:\\\/\\\/www.perzijskepreproge.si\\\/wp-content\\\/uploads\\\/2017\\\/01\\\/DSCF1516jpg.jpg\",\"contentUrl\":\"https:\\\/\\\/www.perzijskepreproge.si\\\/wp-content\\\/uploads\\\/2017\\\/01\\\/DSCF1516jpg.jpg\",\"width\":394,\"height\":700},{\"@type\":\"BreadcrumbList\",\"@id\":\"https:\\\/\\\/www.perzijskepreproge.si\\\/fr\\\/produit\\\/kilim-persan-shiraz-kilim-persan-shiraz-2\\\/#breadcrumb\",\"itemListElement\":[{\"@type\":\"ListItem\",\"position\":1,\"name\":\"Maison\",\"item\":\"https:\\\/\\\/www.perzijskepreproge.si\\\/fr\\\/tapis-persans-farzad\\\/\"},{\"@type\":\"ListItem\",\"position\":2,\"name\":\"Boutique\",\"item\":\"https:\\\/\\\/www.perzijskepreproge.si\\\/fr\\\/boutique\\\/\"},{\"@type\":\"ListItem\",\"position\":3,\"name\":\"Kilim persan de Shiraz \\\/ Persian kilim Shiraz\"}]},{\"@type\":\"WebSite\",\"@id\":\"https:\\\/\\\/www.perzijskepreproge.si\\\/fr\\\/#website\",\"url\":\"https:\\\/\\\/www.perzijskepreproge.si\\\/fr\\\/\",\"name\":\"Perzijske preproge Farzad\",\"description\":\"Perzijske preproge,  preprog in \u010di\u0161\u010denje preprog\",\"potentialAction\":[{\"@type\":\"SearchAction\",\"target\":{\"@type\":\"EntryPoint\",\"urlTemplate\":\"https:\\\/\\\/www.perzijskepreproge.si\\\/fr\\\/?s={search_term_string}\"},\"query-input\":{\"@type\":\"PropertyValueSpecification\",\"valueRequired\":true,\"valueName\":\"search_term_string\"}}],\"inLanguage\":\"fr-FR\"}]}<\/script>\n<!-- \/ Yoast SEO plugin. -->","yoast_head_json":{"title":"Kilim persan de Shiraz \/ Persian kilim Shiraz - Perzijske preproge Farzad","robots":{"index":"index","follow":"follow","max-snippet":"max-snippet:-1","max-image-preview":"max-image-preview:large","max-video-preview":"max-video-preview:-1"},"canonical":"https:\/\/www.perzijskepreproge.si\/fr\/produit\/kilim-persan-shiraz-kilim-persan-shiraz-2\/","og_locale":"fr_FR","og_type":"article","og_title":"Kilim persan de Shiraz \/ Persian kilim Shiraz - Perzijske preproge Farzad","og_description":"N\u00b0 d\u2019enreg. : 963 Dimensions \/ Size : 460 \u00d7 140 cm Mat\u00e9riau \/ Pile : laine \/ wool Cha\u00eene \/ Base : laine \/ wool Couleurs \/ Colours : v\u00e9g\u00e9tales \/ plants Design \/ Design : g\u00e9om\u00e9trique \/ geometrical Technique de tissage \/ Weaving technique : tapis tiss\u00e9 \u00e0 la main \/ handmade flatweave Origine \/ Origin : Iran &nbsp;","og_url":"https:\/\/www.perzijskepreproge.si\/fr\/produit\/kilim-persan-shiraz-kilim-persan-shiraz-2\/","og_site_name":"Perzijske preproge Farzad","article_modified_time":"2026-04-13T11:14:16+00:00","og_image":[{"width":394,"height":700,"url":"https:\/\/www.perzijskepreproge.si\/wp-content\/uploads\/2017\/01\/DSCF1516jpg.jpg","type":"image\/jpeg"}],"twitter_card":"summary_large_image","twitter_misc":{"Dur\u00e9e de lecture estim\u00e9e":"2 minutes"},"schema":{"@context":"https:\/\/schema.org","@graph":[{"@type":"WebPage","@id":"https:\/\/www.perzijskepreproge.si\/fr\/produit\/kilim-persan-shiraz-kilim-persan-shiraz-2\/","url":"https:\/\/www.perzijskepreproge.si\/fr\/produit\/kilim-persan-shiraz-kilim-persan-shiraz-2\/","name":"Kilim persan de Shiraz \/ Persian kilim Shiraz - Perzijske preproge Farzad","isPartOf":{"@id":"https:\/\/www.perzijskepreproge.si\/fr\/#website"},"primaryImageOfPage":{"@id":"https:\/\/www.perzijskepreproge.si\/fr\/produit\/kilim-persan-shiraz-kilim-persan-shiraz-2\/#primaryimage"},"image":{"@id":"https:\/\/www.perzijskepreproge.si\/fr\/produit\/kilim-persan-shiraz-kilim-persan-shiraz-2\/#primaryimage"},"thumbnailUrl":"https:\/\/www.perzijskepreproge.si\/wp-content\/uploads\/2017\/01\/DSCF1516jpg.jpg","datePublished":"2021-04-21T13:37:38+00:00","dateModified":"2026-04-13T11:14:16+00:00","breadcrumb":{"@id":"https:\/\/www.perzijskepreproge.si\/fr\/produit\/kilim-persan-shiraz-kilim-persan-shiraz-2\/#breadcrumb"},"inLanguage":"fr-FR","potentialAction":[{"@type":"ReadAction","target":["https:\/\/www.perzijskepreproge.si\/fr\/produit\/kilim-persan-shiraz-kilim-persan-shiraz-2\/"]}]},{"@type":"ImageObject","inLanguage":"fr-FR","@id":"https:\/\/www.perzijskepreproge.si\/fr\/produit\/kilim-persan-shiraz-kilim-persan-shiraz-2\/#primaryimage","url":"https:\/\/www.perzijskepreproge.si\/wp-content\/uploads\/2017\/01\/DSCF1516jpg.jpg","contentUrl":"https:\/\/www.perzijskepreproge.si\/wp-content\/uploads\/2017\/01\/DSCF1516jpg.jpg","width":394,"height":700},{"@type":"BreadcrumbList","@id":"https:\/\/www.perzijskepreproge.si\/fr\/produit\/kilim-persan-shiraz-kilim-persan-shiraz-2\/#breadcrumb","itemListElement":[{"@type":"ListItem","position":1,"name":"Maison","item":"https:\/\/www.perzijskepreproge.si\/fr\/tapis-persans-farzad\/"},{"@type":"ListItem","position":2,"name":"Boutique","item":"https:\/\/www.perzijskepreproge.si\/fr\/boutique\/"},{"@type":"ListItem","position":3,"name":"Kilim persan de Shiraz \/ Persian kilim Shiraz"}]},{"@type":"WebSite","@id":"https:\/\/www.perzijskepreproge.si\/fr\/#website","url":"https:\/\/www.perzijskepreproge.si\/fr\/","name":"Perzijske preproge Farzad","description":"Perzijske preproge,  preprog in \u010di\u0161\u010denje preprog","potentialAction":[{"@type":"SearchAction","target":{"@type":"EntryPoint","urlTemplate":"https:\/\/www.perzijskepreproge.si\/fr\/?s={search_term_string}"},"query-input":{"@type":"PropertyValueSpecification","valueRequired":true,"valueName":"search_term_string"}}],"inLanguage":"fr-FR"}]}},"_links":{"self":[{"href":"https:\/\/www.perzijskepreproge.si\/fr\/wp-json\/wp\/v2\/product\/25435","targetHints":{"allow":["GET"]}}],"collection":[{"href":"https:\/\/www.perzijskepreproge.si\/fr\/wp-json\/wp\/v2\/product"}],"about":[{"href":"https:\/\/www.perzijskepreproge.si\/fr\/wp-json\/wp\/v2\/types\/product"}],"version-history":[{"count":1,"href":"https:\/\/www.perzijskepreproge.si\/fr\/wp-json\/wp\/v2\/product\/25435\/revisions"}],"predecessor-version":[{"id":29428,"href":"https:\/\/www.perzijskepreproge.si\/fr\/wp-json\/wp\/v2\/product\/25435\/revisions\/29428"}],"wp:featuredmedia":[{"embeddable":true,"href":"https:\/\/www.perzijskepreproge.si\/fr\/wp-json\/wp\/v2\/media\/23239"}],"wp:attachment":[{"href":"https:\/\/www.perzijskepreproge.si\/fr\/wp-json\/wp\/v2\/media?parent=25435"}],"wp:term":[{"taxonomy":"product_brand","embeddable":true,"href":"https:\/\/www.perzijskepreproge.si\/fr\/wp-json\/wp\/v2\/product_brand?post=25435"},{"taxonomy":"product_cat","embeddable":true,"href":"https:\/\/www.perzijskepreproge.si\/fr\/wp-json\/wp\/v2\/product_cat?post=25435"},{"taxonomy":"product_tag","embeddable":true,"href":"https:\/\/www.perzijskepreproge.si\/fr\/wp-json\/wp\/v2\/product_tag?post=25435"}],"curies":[{"name":"wp","href":"https:\/\/api.w.org\/{rel}","templated":true}]}}