{"id":25527,"date":"2017-04-26T16:36:42","date_gmt":"2017-04-26T14:36:42","guid":{"rendered":"https:\/\/www.perzijskepreproge.si\/izdelek\/tapis-persan-shiraz-tapis-persan-shiraz-2\/"},"modified":"2017-04-26T16:36:42","modified_gmt":"2017-04-26T14:36:42","slug":"tapis-persan-shiraz-tapis-persan-shiraz-2","status":"publish","type":"product","link":"https:\/\/www.perzijskepreproge.si\/fr\/produit\/tapis-persan-shiraz-tapis-persan-shiraz-2\/","title":{"rendered":"Tapis persan Shiraz \/ Tapis persan Shiraz"},"content":{"rendered":"<p><strong>  Les tapis ont toujours jou\u00e9 un r\u00f4le important dans la famille comme moyen de paiement du mariage ou de dot. Le mariage repr\u00e9sentait bien plus que la simple union d\u2019un mari et d\u2019une femme. Une jeune fille qui trouvait son futur mari \u00e0 un jeune \u00e2ge devenait en quelque sorte un lien dans l\u2019alliance entre deux familles. Le lien entre les deux familles a \u00e9t\u00e9 confirm\u00e9 dans la pratique par le don de tapis, de bijoux et d\u2019autres biens. La dot pourrait \u00e9galement inclure des animaux, des p\u00e2turages et des sources d\u2019eau. Apprenant de sa m\u00e8re et d\u2019autres membres de la famille, la jeune fille a rapidement commenc\u00e9 \u00e0 fabriquer ses propres tapis et autres produits. Chaque produit repr\u00e9sentait la tradition familiale et le folklore de son peuple. Le statut d\u2019une famille \u00e9tait \u00e9troitement li\u00e9 \u00e0 la qualit\u00e9 et \u00e0 la quantit\u00e9 de la dot de la mari\u00e9e. C&rsquo;est pourquoi les tapis ont \u00e9t\u00e9 fabriqu\u00e9s avec beaucoup d&rsquo;efforts, d&rsquo;amour et de cr\u00e9ativit\u00e9, m\u00eame s&rsquo;ils n&rsquo;\u00e9taient pas destin\u00e9s \u00e0 \u00eatre vendus au bazar.        <\/strong><\/p>\n<p><strong>  Le peuple nomade Qashqai du sud-ouest de l&rsquo;Iran (autour de Shiraz) est bien connu pour ses tapis traditionnels. Au XVIe si\u00e8cle, ils sont venus d&rsquo;Asie centrale, avec d&rsquo;autres groupes turcs. On peut donc trouver un lien entre les motifs Qashqai sur les tapis et ceux de la r\u00e9gion du Caucase. Ces nomades \u00e9taient autrefois c\u00e9l\u00e8bres pour leur longue et p\u00e9nible route migratoire annuelle depuis les zones d&rsquo;hivernage le long du golfe Persique jusqu&rsquo;aux p\u00e2turages d&rsquo;\u00e9t\u00e9 des montagnes du Zagros. Depuis 1925, ils ont consid\u00e9rablement souffert des politiques r\u00e9pressives des autorit\u00e9s persanes.       <\/strong><\/p>\n<p><strong>  Les Qashqai font des tapis lorsqu&rsquo;ils ne sont pas sur la route ou aux arr\u00eats de repos interm\u00e9diaires. Des inversions soudaines et int\u00e9ressantes dans les motifs et les couleurs sont perceptibles, car ils ne peuvent transporter que de petites quantit\u00e9s de fil color\u00e9. Les m\u00e9tiers \u00e0 tisser au sol sont souvent pli\u00e9s avant que le tapis ne soit termin\u00e9 et mis en route. Au camp suivant, ils les expliquent \u00e0 nouveau et continuent \u00e0 travailler, il n&rsquo;est donc pas surprenant que les mod\u00e8les changent.   <\/strong><\/p>\n<p><strong> <\/strong><\/p>\n<p><strong> <\/strong><\/p>\n","protected":false},"excerpt":{"rendered":"<p>R\u00e9g. n\u00b0 : 699<\/p>\n<p>Dimensions : 252 x 120 cm<\/p>\n<p>Mati\u00e8re \/ Poil : laine<\/p>\n<p>Base : laine<\/p>\n<p>Couleurs : plantes<\/p>\n<p>Conception : g\u00e9om\u00e9trique<\/p>\n<p>Technique de tissage : tapis \u00e0 poils fait main<\/p>\n<p>Densit\u00e9 de n\u0153uds : 90 000 m\/2<\/p>\n<p>Origine : Iran<\/p>\n<p>&nbsp;<\/p>\n","protected":false},"featured_media":22384,"template":"","meta":{"iawp_total_views":1},"product_brand":[],"product_cat":[399,282],"product_tag":[],"class_list":{"0":"post-25527","1":"product","2":"type-product","3":"status-publish","4":"has-post-thumbnail","6":"product_cat-tapis-moyens-fr-2","7":"product_cat-tapis-nomade","8":"pa_barva-osnovna-brun-terreux","9":"pa_material-laine","10":"pa_oblika-rectangulaire","11":"pa_velikost-cca-200x200","13":"first","14":"instock","15":"sold-individually","16":"taxable","17":"shipping-taxable","18":"purchasable","19":"product-type-simple"},"yoast_head":"<!-- This site is optimized with the Yoast SEO plugin v27.3 - https:\/\/yoast.com\/product\/yoast-seo-wordpress\/ -->\n<title>Tapis persan Shiraz \/ Tapis persan Shiraz - Perzijske preproge Farzad<\/title>\n<meta name=\"robots\" content=\"index, follow, max-snippet:-1, max-image-preview:large, max-video-preview:-1\" \/>\n<link rel=\"canonical\" href=\"https:\/\/www.perzijskepreproge.si\/fr\/produit\/tapis-persan-shiraz-tapis-persan-shiraz-2\/\" \/>\n<meta property=\"og:locale\" content=\"fr_FR\" \/>\n<meta property=\"og:type\" content=\"article\" \/>\n<meta property=\"og:title\" content=\"Tapis persan Shiraz \/ Tapis persan Shiraz - Perzijske preproge Farzad\" \/>\n<meta property=\"og:description\" content=\"R\u00e9g. n\u00b0 : 699 Dimensions : 252 x 120 cm Mati\u00e8re \/ Poil : laine Base : laine Couleurs : plantes Conception : g\u00e9om\u00e9trique Technique de tissage : tapis \u00e0 poils fait main Densit\u00e9 de n\u0153uds : 90 000 m\/2 Origine : Iran &nbsp;\" \/>\n<meta property=\"og:url\" content=\"https:\/\/www.perzijskepreproge.si\/fr\/produit\/tapis-persan-shiraz-tapis-persan-shiraz-2\/\" \/>\n<meta property=\"og:site_name\" content=\"Perzijske preproge Farzad\" \/>\n<meta property=\"og:image\" content=\"https:\/\/www.perzijskepreproge.si\/wp-content\/uploads\/2017\/04\/DSCF8103.jpg\" \/>\n\t<meta property=\"og:image:width\" content=\"450\" \/>\n\t<meta property=\"og:image:height\" content=\"900\" \/>\n\t<meta property=\"og:image:type\" content=\"image\/jpeg\" \/>\n<meta name=\"twitter:card\" content=\"summary_large_image\" \/>\n<meta name=\"twitter:label1\" content=\"Dur\u00e9e de lecture estim\u00e9e\" \/>\n\t<meta name=\"twitter:data1\" content=\"2 minutes\" \/>\n<script type=\"application\/ld+json\" class=\"yoast-schema-graph\">{\"@context\":\"https:\\\/\\\/schema.org\",\"@graph\":[{\"@type\":\"WebPage\",\"@id\":\"https:\\\/\\\/www.perzijskepreproge.si\\\/fr\\\/produit\\\/tapis-persan-shiraz-tapis-persan-shiraz-2\\\/\",\"url\":\"https:\\\/\\\/www.perzijskepreproge.si\\\/fr\\\/produit\\\/tapis-persan-shiraz-tapis-persan-shiraz-2\\\/\",\"name\":\"Tapis persan Shiraz \\\/ Tapis persan Shiraz - Perzijske preproge Farzad\",\"isPartOf\":{\"@id\":\"https:\\\/\\\/www.perzijskepreproge.si\\\/fr\\\/#website\"},\"primaryImageOfPage\":{\"@id\":\"https:\\\/\\\/www.perzijskepreproge.si\\\/fr\\\/produit\\\/tapis-persan-shiraz-tapis-persan-shiraz-2\\\/#primaryimage\"},\"image\":{\"@id\":\"https:\\\/\\\/www.perzijskepreproge.si\\\/fr\\\/produit\\\/tapis-persan-shiraz-tapis-persan-shiraz-2\\\/#primaryimage\"},\"thumbnailUrl\":\"https:\\\/\\\/www.perzijskepreproge.si\\\/wp-content\\\/uploads\\\/2017\\\/04\\\/DSCF8103.jpg\",\"datePublished\":\"2017-04-26T14:36:42+00:00\",\"breadcrumb\":{\"@id\":\"https:\\\/\\\/www.perzijskepreproge.si\\\/fr\\\/produit\\\/tapis-persan-shiraz-tapis-persan-shiraz-2\\\/#breadcrumb\"},\"inLanguage\":\"fr-FR\",\"potentialAction\":[{\"@type\":\"ReadAction\",\"target\":[\"https:\\\/\\\/www.perzijskepreproge.si\\\/fr\\\/produit\\\/tapis-persan-shiraz-tapis-persan-shiraz-2\\\/\"]}]},{\"@type\":\"ImageObject\",\"inLanguage\":\"fr-FR\",\"@id\":\"https:\\\/\\\/www.perzijskepreproge.si\\\/fr\\\/produit\\\/tapis-persan-shiraz-tapis-persan-shiraz-2\\\/#primaryimage\",\"url\":\"https:\\\/\\\/www.perzijskepreproge.si\\\/wp-content\\\/uploads\\\/2017\\\/04\\\/DSCF8103.jpg\",\"contentUrl\":\"https:\\\/\\\/www.perzijskepreproge.si\\\/wp-content\\\/uploads\\\/2017\\\/04\\\/DSCF8103.jpg\",\"width\":450,\"height\":900},{\"@type\":\"BreadcrumbList\",\"@id\":\"https:\\\/\\\/www.perzijskepreproge.si\\\/fr\\\/produit\\\/tapis-persan-shiraz-tapis-persan-shiraz-2\\\/#breadcrumb\",\"itemListElement\":[{\"@type\":\"ListItem\",\"position\":1,\"name\":\"Maison\",\"item\":\"https:\\\/\\\/www.perzijskepreproge.si\\\/fr\\\/tapis-persans-farzad\\\/\"},{\"@type\":\"ListItem\",\"position\":2,\"name\":\"Boutique\",\"item\":\"https:\\\/\\\/www.perzijskepreproge.si\\\/fr\\\/boutique\\\/\"},{\"@type\":\"ListItem\",\"position\":3,\"name\":\"Tapis persan Shiraz \\\/ Tapis persan Shiraz\"}]},{\"@type\":\"WebSite\",\"@id\":\"https:\\\/\\\/www.perzijskepreproge.si\\\/fr\\\/#website\",\"url\":\"https:\\\/\\\/www.perzijskepreproge.si\\\/fr\\\/\",\"name\":\"Perzijske preproge Farzad\",\"description\":\"Perzijske preproge,  preprog in \u010di\u0161\u010denje preprog\",\"potentialAction\":[{\"@type\":\"SearchAction\",\"target\":{\"@type\":\"EntryPoint\",\"urlTemplate\":\"https:\\\/\\\/www.perzijskepreproge.si\\\/fr\\\/?s={search_term_string}\"},\"query-input\":{\"@type\":\"PropertyValueSpecification\",\"valueRequired\":true,\"valueName\":\"search_term_string\"}}],\"inLanguage\":\"fr-FR\"}]}<\/script>\n<!-- \/ Yoast SEO plugin. -->","yoast_head_json":{"title":"Tapis persan Shiraz \/ Tapis persan Shiraz - Perzijske preproge Farzad","robots":{"index":"index","follow":"follow","max-snippet":"max-snippet:-1","max-image-preview":"max-image-preview:large","max-video-preview":"max-video-preview:-1"},"canonical":"https:\/\/www.perzijskepreproge.si\/fr\/produit\/tapis-persan-shiraz-tapis-persan-shiraz-2\/","og_locale":"fr_FR","og_type":"article","og_title":"Tapis persan Shiraz \/ Tapis persan Shiraz - Perzijske preproge Farzad","og_description":"R\u00e9g. n\u00b0 : 699 Dimensions : 252 x 120 cm Mati\u00e8re \/ Poil : laine Base : laine Couleurs : plantes Conception : g\u00e9om\u00e9trique Technique de tissage : tapis \u00e0 poils fait main Densit\u00e9 de n\u0153uds : 90 000 m\/2 Origine : Iran &nbsp;","og_url":"https:\/\/www.perzijskepreproge.si\/fr\/produit\/tapis-persan-shiraz-tapis-persan-shiraz-2\/","og_site_name":"Perzijske preproge Farzad","og_image":[{"width":450,"height":900,"url":"https:\/\/www.perzijskepreproge.si\/wp-content\/uploads\/2017\/04\/DSCF8103.jpg","type":"image\/jpeg"}],"twitter_card":"summary_large_image","twitter_misc":{"Dur\u00e9e de lecture estim\u00e9e":"2 minutes"},"schema":{"@context":"https:\/\/schema.org","@graph":[{"@type":"WebPage","@id":"https:\/\/www.perzijskepreproge.si\/fr\/produit\/tapis-persan-shiraz-tapis-persan-shiraz-2\/","url":"https:\/\/www.perzijskepreproge.si\/fr\/produit\/tapis-persan-shiraz-tapis-persan-shiraz-2\/","name":"Tapis persan Shiraz \/ Tapis persan Shiraz - Perzijske preproge Farzad","isPartOf":{"@id":"https:\/\/www.perzijskepreproge.si\/fr\/#website"},"primaryImageOfPage":{"@id":"https:\/\/www.perzijskepreproge.si\/fr\/produit\/tapis-persan-shiraz-tapis-persan-shiraz-2\/#primaryimage"},"image":{"@id":"https:\/\/www.perzijskepreproge.si\/fr\/produit\/tapis-persan-shiraz-tapis-persan-shiraz-2\/#primaryimage"},"thumbnailUrl":"https:\/\/www.perzijskepreproge.si\/wp-content\/uploads\/2017\/04\/DSCF8103.jpg","datePublished":"2017-04-26T14:36:42+00:00","breadcrumb":{"@id":"https:\/\/www.perzijskepreproge.si\/fr\/produit\/tapis-persan-shiraz-tapis-persan-shiraz-2\/#breadcrumb"},"inLanguage":"fr-FR","potentialAction":[{"@type":"ReadAction","target":["https:\/\/www.perzijskepreproge.si\/fr\/produit\/tapis-persan-shiraz-tapis-persan-shiraz-2\/"]}]},{"@type":"ImageObject","inLanguage":"fr-FR","@id":"https:\/\/www.perzijskepreproge.si\/fr\/produit\/tapis-persan-shiraz-tapis-persan-shiraz-2\/#primaryimage","url":"https:\/\/www.perzijskepreproge.si\/wp-content\/uploads\/2017\/04\/DSCF8103.jpg","contentUrl":"https:\/\/www.perzijskepreproge.si\/wp-content\/uploads\/2017\/04\/DSCF8103.jpg","width":450,"height":900},{"@type":"BreadcrumbList","@id":"https:\/\/www.perzijskepreproge.si\/fr\/produit\/tapis-persan-shiraz-tapis-persan-shiraz-2\/#breadcrumb","itemListElement":[{"@type":"ListItem","position":1,"name":"Maison","item":"https:\/\/www.perzijskepreproge.si\/fr\/tapis-persans-farzad\/"},{"@type":"ListItem","position":2,"name":"Boutique","item":"https:\/\/www.perzijskepreproge.si\/fr\/boutique\/"},{"@type":"ListItem","position":3,"name":"Tapis persan Shiraz \/ Tapis persan Shiraz"}]},{"@type":"WebSite","@id":"https:\/\/www.perzijskepreproge.si\/fr\/#website","url":"https:\/\/www.perzijskepreproge.si\/fr\/","name":"Perzijske preproge Farzad","description":"Perzijske preproge,  preprog in \u010di\u0161\u010denje preprog","potentialAction":[{"@type":"SearchAction","target":{"@type":"EntryPoint","urlTemplate":"https:\/\/www.perzijskepreproge.si\/fr\/?s={search_term_string}"},"query-input":{"@type":"PropertyValueSpecification","valueRequired":true,"valueName":"search_term_string"}}],"inLanguage":"fr-FR"}]}},"_links":{"self":[{"href":"https:\/\/www.perzijskepreproge.si\/fr\/wp-json\/wp\/v2\/product\/25527","targetHints":{"allow":["GET"]}}],"collection":[{"href":"https:\/\/www.perzijskepreproge.si\/fr\/wp-json\/wp\/v2\/product"}],"about":[{"href":"https:\/\/www.perzijskepreproge.si\/fr\/wp-json\/wp\/v2\/types\/product"}],"version-history":[{"count":0,"href":"https:\/\/www.perzijskepreproge.si\/fr\/wp-json\/wp\/v2\/product\/25527\/revisions"}],"wp:featuredmedia":[{"embeddable":true,"href":"https:\/\/www.perzijskepreproge.si\/fr\/wp-json\/wp\/v2\/media\/22384"}],"wp:attachment":[{"href":"https:\/\/www.perzijskepreproge.si\/fr\/wp-json\/wp\/v2\/media?parent=25527"}],"wp:term":[{"taxonomy":"product_brand","embeddable":true,"href":"https:\/\/www.perzijskepreproge.si\/fr\/wp-json\/wp\/v2\/product_brand?post=25527"},{"taxonomy":"product_cat","embeddable":true,"href":"https:\/\/www.perzijskepreproge.si\/fr\/wp-json\/wp\/v2\/product_cat?post=25527"},{"taxonomy":"product_tag","embeddable":true,"href":"https:\/\/www.perzijskepreproge.si\/fr\/wp-json\/wp\/v2\/product_tag?post=25527"}],"curies":[{"name":"wp","href":"https:\/\/api.w.org\/{rel}","templated":true}]}}