{"id":25546,"date":"2017-04-14T16:52:29","date_gmt":"2017-04-14T14:52:29","guid":{"rendered":"https:\/\/www.perzijskepreproge.si\/izdelek\/tapis-persan-hamedan-tapis-persan-hamedan-7\/"},"modified":"2017-04-14T16:52:29","modified_gmt":"2017-04-14T14:52:29","slug":"tapis-persan-hamedan-tapis-persan-hamedan-7","status":"publish","type":"product","link":"https:\/\/www.perzijskepreproge.si\/fr\/produit\/tapis-persan-hamedan-tapis-persan-hamedan-7\/","title":{"rendered":"Tapis persan Hamedan \/ Tapis persan Hamedan"},"content":{"rendered":"<p style=\"text-align: left;\">Hamadan est l\u2019une des plus anciennes villes du monde et a \u00e9t\u00e9 un important centre commercial et administratif de l\u2019Iran pendant de nombreux si\u00e8cles. Au 6e si\u00e8cle avant J.-C. \u00e9tait la capitale du royaume m\u00e8de sous le nom d&rsquo;Ecbatane et plus tard la r\u00e9sidence d&rsquo;\u00e9t\u00e9 de la dynastie perse ach\u00e9m\u00e9nide. La ville se trouve sur un vaste plateau \u00e0 une altitude de 1 800 m\u00e8tres au pied du mont Alvand, le climat y est donc domin\u00e9 par des \u00e9t\u00e9s doux et des hivers froids. En raison de son emplacement strat\u00e9gique entre l&rsquo;ancienne Perse et la M\u00e9sopotamie, la ville \u00e9tait souvent la cible de diverses arm\u00e9es. Elle fut d\u00e9j\u00e0 conquise par Alexandre le Grand, et plus tard au XIe si\u00e8cle, les Seldjoukides occup\u00e8rent toute la r\u00e9gion de Hamadan et l&rsquo;Azerba\u00efdjan voisin. Malgr\u00e9 le fait que toute la r\u00e9gion ait \u00e9t\u00e9 marqu\u00e9e par l&rsquo;influence culturelle des peuples turco-alta\u00efques, la langue persane (farsi) est encore parl\u00e9e aujourd&rsquo;hui \u00e0 Hamadan, contrairement \u00e0 la campagne environnante o\u00f9 le dialecte turc domine le discours. Des tapis provenant de plus de 600 villages \u00e0 l&rsquo;ouest et au nord de Hamedan attendent les acheteurs au bazar de Hamedan. La population de ces villages est \u00e9galement compos\u00e9e de nombreux Kurdes, par l&rsquo;interm\u00e9diaire desquels les tapis de Bijar et de Sanandaj parviennent \u00e9galement aux bazars, ce qui entra\u00eene une confusion dans la d\u00e9termination de l&rsquo;origine du tapis. Il y a quelques d\u00e9cennies, chaque village avait une combinaison distinctive de motifs et de couleurs pour ses tapis, de sorte que les marchands des bazars de Hamadan pouvaient rapidement reconna\u00eetre un vrai tapis de Hamadan. Une caract\u00e9ristique des tapis Hamadan est qu&rsquo;ils ont un fil de coton transversal entre deux rang\u00e9es de n\u0153uds, les n\u0153uds sont sym\u00e9triques et la structure de base est toujours en coton, \u00e0 l&rsquo;exception de certains tapis tr\u00e8s anciens. Les peuples nomades Baloutches et Bakhtiari utilisent \u00e9galement cette technique de production, mais ils en diff\u00e8rent par le type de laine. Les zones de fabrication de tapis les plus importantes sont Dergazin, Mehriban, Khamseh, Borchalou, et il peut y avoir plus de 40 villages dans une seule zone. Au XVIe si\u00e8cle, le Shah Tahmasp safavide a offert un tapis de la r\u00e9gion de Dergazin au sultan ottoman Soliman le Magnifique, ce qui signifie qu&rsquo;en plus des tapis traditionnels, ils savaient \u00e9galement fabriquer des tapis plus fins pour les cours.<\/p>\n","protected":false},"excerpt":{"rendered":"<p>R\u00e9g. n\u00b0 : 874<\/p>\n<p>Dimensions : 210 x 148 cm<\/p>\n<p>Mati\u00e8re \/ Poil : laine<\/p>\n<p>Base : coton<\/p>\n<p>Couleurs : plantes<\/p>\n<p>Conception : g\u00e9om\u00e9trique<\/p>\n<p>Technique de tissage : tapis \u00e0 poils fait main<\/p>\n<p>Densit\u00e9 de n\u0153uds : 160 000 m\/2<\/p>\n<p>Origine : Iran<\/p>\n<p>&nbsp;<\/p>\n","protected":false},"featured_media":21850,"template":"","meta":{"iawp_total_views":2},"product_brand":[],"product_cat":[399,282],"product_tag":[],"class_list":{"0":"post-25546","1":"product","2":"type-product","3":"status-publish","4":"has-post-thumbnail","6":"product_cat-tapis-moyens-fr-2","7":"product_cat-tapis-nomade","8":"pa_barva-osnovna-noir-bleu-fonce","9":"pa_material-laine","10":"pa_oblika-rectangulaire","11":"pa_velikost-cca-200x150","13":"first","14":"instock","15":"sold-individually","16":"taxable","17":"shipping-taxable","18":"purchasable","19":"product-type-simple"},"yoast_head":"<!-- This site is optimized with the Yoast SEO plugin v27.3 - https:\/\/yoast.com\/product\/yoast-seo-wordpress\/ -->\n<title>Tapis persan Hamedan \/ Tapis persan Hamedan - Perzijske preproge Farzad<\/title>\n<meta name=\"robots\" content=\"index, follow, max-snippet:-1, max-image-preview:large, max-video-preview:-1\" \/>\n<link rel=\"canonical\" href=\"https:\/\/www.perzijskepreproge.si\/fr\/produit\/tapis-persan-hamedan-tapis-persan-hamedan-7\/\" \/>\n<meta property=\"og:locale\" content=\"fr_FR\" \/>\n<meta property=\"og:type\" content=\"article\" \/>\n<meta property=\"og:title\" content=\"Tapis persan Hamedan \/ Tapis persan Hamedan - Perzijske preproge Farzad\" \/>\n<meta property=\"og:description\" content=\"R\u00e9g. n\u00b0 : 874 Dimensions : 210 x 148 cm Mati\u00e8re \/ Poil : laine Base : coton Couleurs : plantes Conception : g\u00e9om\u00e9trique Technique de tissage : tapis \u00e0 poils fait main Densit\u00e9 de n\u0153uds : 160 000 m\/2 Origine : Iran &nbsp;\" \/>\n<meta property=\"og:url\" content=\"https:\/\/www.perzijskepreproge.si\/fr\/produit\/tapis-persan-hamedan-tapis-persan-hamedan-7\/\" \/>\n<meta property=\"og:site_name\" content=\"Perzijske preproge Farzad\" \/>\n<meta property=\"og:image\" content=\"https:\/\/www.perzijskepreproge.si\/wp-content\/uploads\/2017\/04\/DSCF7789.jpg\" \/>\n\t<meta property=\"og:image:width\" content=\"565\" \/>\n\t<meta property=\"og:image:height\" content=\"900\" \/>\n\t<meta property=\"og:image:type\" content=\"image\/jpeg\" \/>\n<meta name=\"twitter:card\" content=\"summary_large_image\" \/>\n<meta name=\"twitter:label1\" content=\"Dur\u00e9e de lecture estim\u00e9e\" \/>\n\t<meta name=\"twitter:data1\" content=\"2 minutes\" \/>\n<script type=\"application\/ld+json\" class=\"yoast-schema-graph\">{\"@context\":\"https:\\\/\\\/schema.org\",\"@graph\":[{\"@type\":\"WebPage\",\"@id\":\"https:\\\/\\\/www.perzijskepreproge.si\\\/fr\\\/produit\\\/tapis-persan-hamedan-tapis-persan-hamedan-7\\\/\",\"url\":\"https:\\\/\\\/www.perzijskepreproge.si\\\/fr\\\/produit\\\/tapis-persan-hamedan-tapis-persan-hamedan-7\\\/\",\"name\":\"Tapis persan Hamedan \\\/ Tapis persan Hamedan - Perzijske preproge Farzad\",\"isPartOf\":{\"@id\":\"https:\\\/\\\/www.perzijskepreproge.si\\\/fr\\\/#website\"},\"primaryImageOfPage\":{\"@id\":\"https:\\\/\\\/www.perzijskepreproge.si\\\/fr\\\/produit\\\/tapis-persan-hamedan-tapis-persan-hamedan-7\\\/#primaryimage\"},\"image\":{\"@id\":\"https:\\\/\\\/www.perzijskepreproge.si\\\/fr\\\/produit\\\/tapis-persan-hamedan-tapis-persan-hamedan-7\\\/#primaryimage\"},\"thumbnailUrl\":\"https:\\\/\\\/www.perzijskepreproge.si\\\/wp-content\\\/uploads\\\/2017\\\/04\\\/DSCF7789.jpg\",\"datePublished\":\"2017-04-14T14:52:29+00:00\",\"breadcrumb\":{\"@id\":\"https:\\\/\\\/www.perzijskepreproge.si\\\/fr\\\/produit\\\/tapis-persan-hamedan-tapis-persan-hamedan-7\\\/#breadcrumb\"},\"inLanguage\":\"fr-FR\",\"potentialAction\":[{\"@type\":\"ReadAction\",\"target\":[\"https:\\\/\\\/www.perzijskepreproge.si\\\/fr\\\/produit\\\/tapis-persan-hamedan-tapis-persan-hamedan-7\\\/\"]}]},{\"@type\":\"ImageObject\",\"inLanguage\":\"fr-FR\",\"@id\":\"https:\\\/\\\/www.perzijskepreproge.si\\\/fr\\\/produit\\\/tapis-persan-hamedan-tapis-persan-hamedan-7\\\/#primaryimage\",\"url\":\"https:\\\/\\\/www.perzijskepreproge.si\\\/wp-content\\\/uploads\\\/2017\\\/04\\\/DSCF7789.jpg\",\"contentUrl\":\"https:\\\/\\\/www.perzijskepreproge.si\\\/wp-content\\\/uploads\\\/2017\\\/04\\\/DSCF7789.jpg\",\"width\":565,\"height\":900},{\"@type\":\"BreadcrumbList\",\"@id\":\"https:\\\/\\\/www.perzijskepreproge.si\\\/fr\\\/produit\\\/tapis-persan-hamedan-tapis-persan-hamedan-7\\\/#breadcrumb\",\"itemListElement\":[{\"@type\":\"ListItem\",\"position\":1,\"name\":\"Maison\",\"item\":\"https:\\\/\\\/www.perzijskepreproge.si\\\/fr\\\/tapis-persans-farzad\\\/\"},{\"@type\":\"ListItem\",\"position\":2,\"name\":\"Boutique\",\"item\":\"https:\\\/\\\/www.perzijskepreproge.si\\\/fr\\\/boutique\\\/\"},{\"@type\":\"ListItem\",\"position\":3,\"name\":\"Tapis persan Hamedan \\\/ Tapis persan Hamedan\"}]},{\"@type\":\"WebSite\",\"@id\":\"https:\\\/\\\/www.perzijskepreproge.si\\\/fr\\\/#website\",\"url\":\"https:\\\/\\\/www.perzijskepreproge.si\\\/fr\\\/\",\"name\":\"Perzijske preproge Farzad\",\"description\":\"Perzijske preproge,  preprog in \u010di\u0161\u010denje preprog\",\"potentialAction\":[{\"@type\":\"SearchAction\",\"target\":{\"@type\":\"EntryPoint\",\"urlTemplate\":\"https:\\\/\\\/www.perzijskepreproge.si\\\/fr\\\/?s={search_term_string}\"},\"query-input\":{\"@type\":\"PropertyValueSpecification\",\"valueRequired\":true,\"valueName\":\"search_term_string\"}}],\"inLanguage\":\"fr-FR\"}]}<\/script>\n<!-- \/ Yoast SEO plugin. -->","yoast_head_json":{"title":"Tapis persan Hamedan \/ Tapis persan Hamedan - Perzijske preproge Farzad","robots":{"index":"index","follow":"follow","max-snippet":"max-snippet:-1","max-image-preview":"max-image-preview:large","max-video-preview":"max-video-preview:-1"},"canonical":"https:\/\/www.perzijskepreproge.si\/fr\/produit\/tapis-persan-hamedan-tapis-persan-hamedan-7\/","og_locale":"fr_FR","og_type":"article","og_title":"Tapis persan Hamedan \/ Tapis persan Hamedan - Perzijske preproge Farzad","og_description":"R\u00e9g. n\u00b0 : 874 Dimensions : 210 x 148 cm Mati\u00e8re \/ Poil : laine Base : coton Couleurs : plantes Conception : g\u00e9om\u00e9trique Technique de tissage : tapis \u00e0 poils fait main Densit\u00e9 de n\u0153uds : 160 000 m\/2 Origine : Iran &nbsp;","og_url":"https:\/\/www.perzijskepreproge.si\/fr\/produit\/tapis-persan-hamedan-tapis-persan-hamedan-7\/","og_site_name":"Perzijske preproge Farzad","og_image":[{"width":565,"height":900,"url":"https:\/\/www.perzijskepreproge.si\/wp-content\/uploads\/2017\/04\/DSCF7789.jpg","type":"image\/jpeg"}],"twitter_card":"summary_large_image","twitter_misc":{"Dur\u00e9e de lecture estim\u00e9e":"2 minutes"},"schema":{"@context":"https:\/\/schema.org","@graph":[{"@type":"WebPage","@id":"https:\/\/www.perzijskepreproge.si\/fr\/produit\/tapis-persan-hamedan-tapis-persan-hamedan-7\/","url":"https:\/\/www.perzijskepreproge.si\/fr\/produit\/tapis-persan-hamedan-tapis-persan-hamedan-7\/","name":"Tapis persan Hamedan \/ Tapis persan Hamedan - Perzijske preproge Farzad","isPartOf":{"@id":"https:\/\/www.perzijskepreproge.si\/fr\/#website"},"primaryImageOfPage":{"@id":"https:\/\/www.perzijskepreproge.si\/fr\/produit\/tapis-persan-hamedan-tapis-persan-hamedan-7\/#primaryimage"},"image":{"@id":"https:\/\/www.perzijskepreproge.si\/fr\/produit\/tapis-persan-hamedan-tapis-persan-hamedan-7\/#primaryimage"},"thumbnailUrl":"https:\/\/www.perzijskepreproge.si\/wp-content\/uploads\/2017\/04\/DSCF7789.jpg","datePublished":"2017-04-14T14:52:29+00:00","breadcrumb":{"@id":"https:\/\/www.perzijskepreproge.si\/fr\/produit\/tapis-persan-hamedan-tapis-persan-hamedan-7\/#breadcrumb"},"inLanguage":"fr-FR","potentialAction":[{"@type":"ReadAction","target":["https:\/\/www.perzijskepreproge.si\/fr\/produit\/tapis-persan-hamedan-tapis-persan-hamedan-7\/"]}]},{"@type":"ImageObject","inLanguage":"fr-FR","@id":"https:\/\/www.perzijskepreproge.si\/fr\/produit\/tapis-persan-hamedan-tapis-persan-hamedan-7\/#primaryimage","url":"https:\/\/www.perzijskepreproge.si\/wp-content\/uploads\/2017\/04\/DSCF7789.jpg","contentUrl":"https:\/\/www.perzijskepreproge.si\/wp-content\/uploads\/2017\/04\/DSCF7789.jpg","width":565,"height":900},{"@type":"BreadcrumbList","@id":"https:\/\/www.perzijskepreproge.si\/fr\/produit\/tapis-persan-hamedan-tapis-persan-hamedan-7\/#breadcrumb","itemListElement":[{"@type":"ListItem","position":1,"name":"Maison","item":"https:\/\/www.perzijskepreproge.si\/fr\/tapis-persans-farzad\/"},{"@type":"ListItem","position":2,"name":"Boutique","item":"https:\/\/www.perzijskepreproge.si\/fr\/boutique\/"},{"@type":"ListItem","position":3,"name":"Tapis persan Hamedan \/ Tapis persan Hamedan"}]},{"@type":"WebSite","@id":"https:\/\/www.perzijskepreproge.si\/fr\/#website","url":"https:\/\/www.perzijskepreproge.si\/fr\/","name":"Perzijske preproge Farzad","description":"Perzijske preproge,  preprog in \u010di\u0161\u010denje preprog","potentialAction":[{"@type":"SearchAction","target":{"@type":"EntryPoint","urlTemplate":"https:\/\/www.perzijskepreproge.si\/fr\/?s={search_term_string}"},"query-input":{"@type":"PropertyValueSpecification","valueRequired":true,"valueName":"search_term_string"}}],"inLanguage":"fr-FR"}]}},"_links":{"self":[{"href":"https:\/\/www.perzijskepreproge.si\/fr\/wp-json\/wp\/v2\/product\/25546","targetHints":{"allow":["GET"]}}],"collection":[{"href":"https:\/\/www.perzijskepreproge.si\/fr\/wp-json\/wp\/v2\/product"}],"about":[{"href":"https:\/\/www.perzijskepreproge.si\/fr\/wp-json\/wp\/v2\/types\/product"}],"version-history":[{"count":0,"href":"https:\/\/www.perzijskepreproge.si\/fr\/wp-json\/wp\/v2\/product\/25546\/revisions"}],"wp:featuredmedia":[{"embeddable":true,"href":"https:\/\/www.perzijskepreproge.si\/fr\/wp-json\/wp\/v2\/media\/21850"}],"wp:attachment":[{"href":"https:\/\/www.perzijskepreproge.si\/fr\/wp-json\/wp\/v2\/media?parent=25546"}],"wp:term":[{"taxonomy":"product_brand","embeddable":true,"href":"https:\/\/www.perzijskepreproge.si\/fr\/wp-json\/wp\/v2\/product_brand?post=25546"},{"taxonomy":"product_cat","embeddable":true,"href":"https:\/\/www.perzijskepreproge.si\/fr\/wp-json\/wp\/v2\/product_cat?post=25546"},{"taxonomy":"product_tag","embeddable":true,"href":"https:\/\/www.perzijskepreproge.si\/fr\/wp-json\/wp\/v2\/product_tag?post=25546"}],"curies":[{"name":"wp","href":"https:\/\/api.w.org\/{rel}","templated":true}]}}