{"id":25597,"date":"2017-04-06T11:23:07","date_gmt":"2017-04-06T09:23:07","guid":{"rendered":"https:\/\/www.perzijskepreproge.si\/izdelek\/tapis-persan-nain-tapis-persan-nain-20\/"},"modified":"2017-04-06T11:23:07","modified_gmt":"2017-04-06T09:23:07","slug":"tapis-persan-nain-tapis-persan-nain-20","status":"publish","type":"product","link":"https:\/\/www.perzijskepreproge.si\/fr\/produit\/tapis-persan-nain-tapis-persan-nain-20\/","title":{"rendered":"Tapis persan Nain \/ Tapis persan Nain"},"content":{"rendered":"<p>Nain est une ville au bord du d\u00e9sert et est tr\u00e8s c\u00e9l\u00e8bre pour sa production de tapis persans fins, notamment classiques. Ils sont g\u00e9n\u00e9ralement constitu\u00e9s de cha\u00eene de coton (franges), de laine et de soie tr\u00e8s fines et douces avec beaucoup de lanoline. La lanoline (cire) assure la long\u00e9vit\u00e9 de la laine, ainsi les tapis de qualit\u00e9 sont transmis de g\u00e9n\u00e9ration en g\u00e9n\u00e9ration et constituent de merveilleux h\u00e9ritages familiaux.  <\/p>\n<p>Le grand connaisseur et amateur de tapis Alexander A. Loos a \u00e9crit un jour : \u00ab Il n&rsquo;y a pas de plus belle connexion entre un objet d&rsquo;art et un produit utile que ce v\u00e9ritable tapis oriental, une \u0153uvre d&rsquo;art unique avec l&rsquo;utilit\u00e9 la plus concentr\u00e9e de tous les produits de la cr\u00e9ation humaine. \u00bb<\/p>\n<p>Les tapis classiques comprennent les tapis fabriqu\u00e9s dans des villes telles que Tabriz, Ispahan, <strong>Nain<\/strong> , Qum, Mashhad, Kashmar, Kerman, Ardabil&#8230; Ils sont fabriqu\u00e9s selon des mod\u00e8les graphiques (persan \u2013 Talim), o\u00f9 vous pouvez voir tous les d\u00e9tails et les couleurs pour chaque chariot utilis\u00e9. Gr\u00e2ce \u00e0 cela, ils peuvent fabriquer plusieurs tapis avec un design similaire. Ces tapis sont fabriqu\u00e9s dans des ateliers de ma\u00eetres et les motifs sont l&rsquo;\u0153uvre de cr\u00e9ateurs de tapis et de peintres reconnus. Les motifs les plus courants sont des fleurs, des arabesques, des animaux, des jardins, des sc\u00e8nes de chasse et diverses repr\u00e9sentations du riche tr\u00e9sor de la mythologie persane. Ces tapis sont les porteurs de la tradition de fabrication de tapis pour les cours persanes, qui a atteint son apog\u00e9e au XVIe si\u00e8cle sous la dynastie safavide.     <\/p>\n","protected":false},"excerpt":{"rendered":"<p>R\u00e9g. n\u00b0 : 927<\/p>\n<p>Dimensions : 206 x 199 cm<\/p>\n<p>Mati\u00e8re \/ Poil : laine, soie<\/p>\n<p>Base : coton<\/p>\n<p>Couleurs : plantes<\/p>\n<p>Motif : floral (m\u00e9daillon \u2013 tour)<\/p>\n<p>Technique de tissage : tapis \u00e0 poils fait main<\/p>\n<p>Densit\u00e9 de n\u0153uds : 250 000 m\/2<\/p>\n<p>Origine : Iran<\/p>\n<p>&nbsp;<\/p>\n","protected":false},"featured_media":21283,"template":"","meta":{"iawp_total_views":2},"product_brand":[],"product_cat":[310,311],"product_tag":[],"class_list":{"0":"post-25597","1":"product","2":"type-product","3":"status-publish","4":"has-post-thumbnail","6":"product_cat-tapis-classiques","7":"product_cat-tapis-moyens","8":"pa_barva-osnovna-or-jaune","9":"pa_material-laine-soie","10":"pa_oblika-carre","11":"pa_velikost-cca-200x200","13":"first","14":"instock","15":"sold-individually","16":"taxable","17":"shipping-taxable","18":"purchasable","19":"product-type-simple"},"yoast_head":"<!-- This site is optimized with the Yoast SEO plugin v27.3 - https:\/\/yoast.com\/product\/yoast-seo-wordpress\/ -->\n<title>Tapis persan Nain \/ Tapis persan Nain - Perzijske preproge Farzad<\/title>\n<meta name=\"robots\" content=\"index, follow, max-snippet:-1, max-image-preview:large, max-video-preview:-1\" \/>\n<link rel=\"canonical\" href=\"https:\/\/www.perzijskepreproge.si\/fr\/produit\/tapis-persan-nain-tapis-persan-nain-20\/\" \/>\n<meta property=\"og:locale\" content=\"fr_FR\" \/>\n<meta property=\"og:type\" content=\"article\" \/>\n<meta property=\"og:title\" content=\"Tapis persan Nain \/ Tapis persan Nain - Perzijske preproge Farzad\" \/>\n<meta property=\"og:description\" content=\"R\u00e9g. n\u00b0 : 927 Dimensions : 206 x 199 cm Mati\u00e8re \/ Poil : laine, soie Base : coton Couleurs : plantes Motif : floral (m\u00e9daillon - tour) Technique de tissage : tapis \u00e0 poils fait main Densit\u00e9 de n\u0153uds : 250 000 m\/2 Origine : Iran &nbsp;\" \/>\n<meta property=\"og:url\" content=\"https:\/\/www.perzijskepreproge.si\/fr\/produit\/tapis-persan-nain-tapis-persan-nain-20\/\" \/>\n<meta property=\"og:site_name\" content=\"Perzijske preproge Farzad\" \/>\n<meta property=\"og:image\" content=\"https:\/\/www.perzijskepreproge.si\/wp-content\/uploads\/2017\/04\/DSCF7281.jpg\" \/>\n\t<meta property=\"og:image:width\" content=\"756\" \/>\n\t<meta property=\"og:image:height\" content=\"900\" \/>\n\t<meta property=\"og:image:type\" content=\"image\/jpeg\" \/>\n<meta name=\"twitter:card\" content=\"summary_large_image\" \/>\n<meta name=\"twitter:label1\" content=\"Dur\u00e9e de lecture estim\u00e9e\" \/>\n\t<meta name=\"twitter:data1\" content=\"1 minute\" \/>\n<script type=\"application\/ld+json\" class=\"yoast-schema-graph\">{\"@context\":\"https:\\\/\\\/schema.org\",\"@graph\":[{\"@type\":\"WebPage\",\"@id\":\"https:\\\/\\\/www.perzijskepreproge.si\\\/fr\\\/produit\\\/tapis-persan-nain-tapis-persan-nain-20\\\/\",\"url\":\"https:\\\/\\\/www.perzijskepreproge.si\\\/fr\\\/produit\\\/tapis-persan-nain-tapis-persan-nain-20\\\/\",\"name\":\"Tapis persan Nain \\\/ Tapis persan Nain - Perzijske preproge Farzad\",\"isPartOf\":{\"@id\":\"https:\\\/\\\/www.perzijskepreproge.si\\\/fr\\\/#website\"},\"primaryImageOfPage\":{\"@id\":\"https:\\\/\\\/www.perzijskepreproge.si\\\/fr\\\/produit\\\/tapis-persan-nain-tapis-persan-nain-20\\\/#primaryimage\"},\"image\":{\"@id\":\"https:\\\/\\\/www.perzijskepreproge.si\\\/fr\\\/produit\\\/tapis-persan-nain-tapis-persan-nain-20\\\/#primaryimage\"},\"thumbnailUrl\":\"https:\\\/\\\/www.perzijskepreproge.si\\\/wp-content\\\/uploads\\\/2017\\\/04\\\/DSCF7281.jpg\",\"datePublished\":\"2017-04-06T09:23:07+00:00\",\"breadcrumb\":{\"@id\":\"https:\\\/\\\/www.perzijskepreproge.si\\\/fr\\\/produit\\\/tapis-persan-nain-tapis-persan-nain-20\\\/#breadcrumb\"},\"inLanguage\":\"fr-FR\",\"potentialAction\":[{\"@type\":\"ReadAction\",\"target\":[\"https:\\\/\\\/www.perzijskepreproge.si\\\/fr\\\/produit\\\/tapis-persan-nain-tapis-persan-nain-20\\\/\"]}]},{\"@type\":\"ImageObject\",\"inLanguage\":\"fr-FR\",\"@id\":\"https:\\\/\\\/www.perzijskepreproge.si\\\/fr\\\/produit\\\/tapis-persan-nain-tapis-persan-nain-20\\\/#primaryimage\",\"url\":\"https:\\\/\\\/www.perzijskepreproge.si\\\/wp-content\\\/uploads\\\/2017\\\/04\\\/DSCF7281.jpg\",\"contentUrl\":\"https:\\\/\\\/www.perzijskepreproge.si\\\/wp-content\\\/uploads\\\/2017\\\/04\\\/DSCF7281.jpg\",\"width\":756,\"height\":900},{\"@type\":\"BreadcrumbList\",\"@id\":\"https:\\\/\\\/www.perzijskepreproge.si\\\/fr\\\/produit\\\/tapis-persan-nain-tapis-persan-nain-20\\\/#breadcrumb\",\"itemListElement\":[{\"@type\":\"ListItem\",\"position\":1,\"name\":\"Maison\",\"item\":\"https:\\\/\\\/www.perzijskepreproge.si\\\/fr\\\/tapis-persans-farzad\\\/\"},{\"@type\":\"ListItem\",\"position\":2,\"name\":\"Boutique\",\"item\":\"https:\\\/\\\/www.perzijskepreproge.si\\\/fr\\\/boutique\\\/\"},{\"@type\":\"ListItem\",\"position\":3,\"name\":\"Tapis persan Nain \\\/ Tapis persan Nain\"}]},{\"@type\":\"WebSite\",\"@id\":\"https:\\\/\\\/www.perzijskepreproge.si\\\/fr\\\/#website\",\"url\":\"https:\\\/\\\/www.perzijskepreproge.si\\\/fr\\\/\",\"name\":\"Perzijske preproge Farzad\",\"description\":\"Perzijske preproge,  preprog in \u010di\u0161\u010denje preprog\",\"potentialAction\":[{\"@type\":\"SearchAction\",\"target\":{\"@type\":\"EntryPoint\",\"urlTemplate\":\"https:\\\/\\\/www.perzijskepreproge.si\\\/fr\\\/?s={search_term_string}\"},\"query-input\":{\"@type\":\"PropertyValueSpecification\",\"valueRequired\":true,\"valueName\":\"search_term_string\"}}],\"inLanguage\":\"fr-FR\"}]}<\/script>\n<!-- \/ Yoast SEO plugin. -->","yoast_head_json":{"title":"Tapis persan Nain \/ Tapis persan Nain - Perzijske preproge Farzad","robots":{"index":"index","follow":"follow","max-snippet":"max-snippet:-1","max-image-preview":"max-image-preview:large","max-video-preview":"max-video-preview:-1"},"canonical":"https:\/\/www.perzijskepreproge.si\/fr\/produit\/tapis-persan-nain-tapis-persan-nain-20\/","og_locale":"fr_FR","og_type":"article","og_title":"Tapis persan Nain \/ Tapis persan Nain - Perzijske preproge Farzad","og_description":"R\u00e9g. n\u00b0 : 927 Dimensions : 206 x 199 cm Mati\u00e8re \/ Poil : laine, soie Base : coton Couleurs : plantes Motif : floral (m\u00e9daillon - tour) Technique de tissage : tapis \u00e0 poils fait main Densit\u00e9 de n\u0153uds : 250 000 m\/2 Origine : Iran &nbsp;","og_url":"https:\/\/www.perzijskepreproge.si\/fr\/produit\/tapis-persan-nain-tapis-persan-nain-20\/","og_site_name":"Perzijske preproge Farzad","og_image":[{"width":756,"height":900,"url":"https:\/\/www.perzijskepreproge.si\/wp-content\/uploads\/2017\/04\/DSCF7281.jpg","type":"image\/jpeg"}],"twitter_card":"summary_large_image","twitter_misc":{"Dur\u00e9e de lecture estim\u00e9e":"1 minute"},"schema":{"@context":"https:\/\/schema.org","@graph":[{"@type":"WebPage","@id":"https:\/\/www.perzijskepreproge.si\/fr\/produit\/tapis-persan-nain-tapis-persan-nain-20\/","url":"https:\/\/www.perzijskepreproge.si\/fr\/produit\/tapis-persan-nain-tapis-persan-nain-20\/","name":"Tapis persan Nain \/ Tapis persan Nain - Perzijske preproge Farzad","isPartOf":{"@id":"https:\/\/www.perzijskepreproge.si\/fr\/#website"},"primaryImageOfPage":{"@id":"https:\/\/www.perzijskepreproge.si\/fr\/produit\/tapis-persan-nain-tapis-persan-nain-20\/#primaryimage"},"image":{"@id":"https:\/\/www.perzijskepreproge.si\/fr\/produit\/tapis-persan-nain-tapis-persan-nain-20\/#primaryimage"},"thumbnailUrl":"https:\/\/www.perzijskepreproge.si\/wp-content\/uploads\/2017\/04\/DSCF7281.jpg","datePublished":"2017-04-06T09:23:07+00:00","breadcrumb":{"@id":"https:\/\/www.perzijskepreproge.si\/fr\/produit\/tapis-persan-nain-tapis-persan-nain-20\/#breadcrumb"},"inLanguage":"fr-FR","potentialAction":[{"@type":"ReadAction","target":["https:\/\/www.perzijskepreproge.si\/fr\/produit\/tapis-persan-nain-tapis-persan-nain-20\/"]}]},{"@type":"ImageObject","inLanguage":"fr-FR","@id":"https:\/\/www.perzijskepreproge.si\/fr\/produit\/tapis-persan-nain-tapis-persan-nain-20\/#primaryimage","url":"https:\/\/www.perzijskepreproge.si\/wp-content\/uploads\/2017\/04\/DSCF7281.jpg","contentUrl":"https:\/\/www.perzijskepreproge.si\/wp-content\/uploads\/2017\/04\/DSCF7281.jpg","width":756,"height":900},{"@type":"BreadcrumbList","@id":"https:\/\/www.perzijskepreproge.si\/fr\/produit\/tapis-persan-nain-tapis-persan-nain-20\/#breadcrumb","itemListElement":[{"@type":"ListItem","position":1,"name":"Maison","item":"https:\/\/www.perzijskepreproge.si\/fr\/tapis-persans-farzad\/"},{"@type":"ListItem","position":2,"name":"Boutique","item":"https:\/\/www.perzijskepreproge.si\/fr\/boutique\/"},{"@type":"ListItem","position":3,"name":"Tapis persan Nain \/ Tapis persan Nain"}]},{"@type":"WebSite","@id":"https:\/\/www.perzijskepreproge.si\/fr\/#website","url":"https:\/\/www.perzijskepreproge.si\/fr\/","name":"Perzijske preproge Farzad","description":"Perzijske preproge,  preprog in \u010di\u0161\u010denje preprog","potentialAction":[{"@type":"SearchAction","target":{"@type":"EntryPoint","urlTemplate":"https:\/\/www.perzijskepreproge.si\/fr\/?s={search_term_string}"},"query-input":{"@type":"PropertyValueSpecification","valueRequired":true,"valueName":"search_term_string"}}],"inLanguage":"fr-FR"}]}},"_links":{"self":[{"href":"https:\/\/www.perzijskepreproge.si\/fr\/wp-json\/wp\/v2\/product\/25597","targetHints":{"allow":["GET"]}}],"collection":[{"href":"https:\/\/www.perzijskepreproge.si\/fr\/wp-json\/wp\/v2\/product"}],"about":[{"href":"https:\/\/www.perzijskepreproge.si\/fr\/wp-json\/wp\/v2\/types\/product"}],"version-history":[{"count":0,"href":"https:\/\/www.perzijskepreproge.si\/fr\/wp-json\/wp\/v2\/product\/25597\/revisions"}],"wp:featuredmedia":[{"embeddable":true,"href":"https:\/\/www.perzijskepreproge.si\/fr\/wp-json\/wp\/v2\/media\/21283"}],"wp:attachment":[{"href":"https:\/\/www.perzijskepreproge.si\/fr\/wp-json\/wp\/v2\/media?parent=25597"}],"wp:term":[{"taxonomy":"product_brand","embeddable":true,"href":"https:\/\/www.perzijskepreproge.si\/fr\/wp-json\/wp\/v2\/product_brand?post=25597"},{"taxonomy":"product_cat","embeddable":true,"href":"https:\/\/www.perzijskepreproge.si\/fr\/wp-json\/wp\/v2\/product_cat?post=25597"},{"taxonomy":"product_tag","embeddable":true,"href":"https:\/\/www.perzijskepreproge.si\/fr\/wp-json\/wp\/v2\/product_tag?post=25597"}],"curies":[{"name":"wp","href":"https:\/\/api.w.org\/{rel}","templated":true}]}}