{"id":25629,"date":"2025-02-24T12:42:04","date_gmt":"2025-02-24T11:42:04","guid":{"rendered":"https:\/\/www.perzijskepreproge.si\/izdelek\/tapis-persan-mud-tapis-persan-mood-5\/"},"modified":"2026-04-13T13:24:22","modified_gmt":"2026-04-13T11:24:22","slug":"tapis-persan-mud-tapis-persan-mood-5","status":"publish","type":"product","link":"https:\/\/www.perzijskepreproge.si\/fr\/produit\/tapis-persan-mud-tapis-persan-mood-5\/","title":{"rendered":"Tapis persan Moud"},"content":{"rendered":"<p data-start=\"0\" data-end=\"366\">Le tapis persan <strong data-start=\"22\" data-end=\"30\">Moud<\/strong> (\u00e9galement orthographi\u00e9 \u00ab Mood \u00bb) provient de l&rsquo;est de l&rsquo;Iran, de la r\u00e9gion au sud de la ville de Birjand. Il est un excellent exemple d&rsquo;un \u00e9quilibre parfait entre \u00e9l\u00e9gance, raffinement et sym\u00e9trie persane traditionnelle. Il est r\u00e9put\u00e9 pour l&rsquo;extr\u00eame pr\u00e9cision de ses motifs, sa laine fine et sa structure claire et r\u00e9p\u00e9titive, ce qui lui conf\u00e8re un effet visuel presque hypnotique. <\/p>\n<p data-start=\"368\" data-end=\"796\">Le champ central du tapis est recouvert d&rsquo;un fin <strong data-start=\"412\" data-end=\"430\">motif H\u00e9rati<\/strong>, qui se r\u00e9p\u00e8te rythmiquement sur toute la surface. Ce motif g\u00e9om\u00e9trico-floral, compos\u00e9 de formes rhombo\u00efdales, de p\u00e9tales et de poissons stylis\u00e9s, cr\u00e9e une sensation de sym\u00e9trie et d&rsquo;ordre parfaits. Le fond ressemble presque \u00e0 un tissu, dens\u00e9ment parsem\u00e9 de d\u00e9tails d\u00e9licats dans des tons chauds et froids \u2013 les nuances de bleu, de rouge fonc\u00e9, de beige pr\u00e9dominent, avec des touches de bleu clair et d&rsquo;or.  <\/p>\n<p data-start=\"798\" data-end=\"1253\">La bordure du tapis est multicouche, avec un riche liser\u00e9 ext\u00e9rieur o\u00f9 de plus grands motifs floraux dans des tons pastel et bleus encadrent d\u00e9licatement le champ int\u00e9rieur. Ce cadre se marie harmonieusement avec la composition centrale et souligne davantage la pr\u00e9cision de l&rsquo;ensemble du design. Gr\u00e2ce \u00e0 son \u00e9quilibre et \u00e0 sa palette de couleurs apaisante, le tapis Moud est tr\u00e8s polyvalent \u2013 il convient aussi bien aux int\u00e9rieurs classiques qu&rsquo;aux espaces plus contemporains, o\u00f9 l&rsquo;on recherche un \u00e9l\u00e9ment d\u00e9coratif \u00e9l\u00e9gant mais non dominant.  <\/p>\n<p data-start=\"1255\" data-end=\"1582\" data-is-last-node=\"\" data-is-only-node=\"\">Les tapis Moud sont g\u00e9n\u00e9ralement tiss\u00e9s \u00e0 partir de laine de haute qualit\u00e9, souvent avec des accents de soie, ce qui leur conf\u00e8re un \u00e9clat subtil. La densit\u00e9 des n\u0153uds est \u00e9lev\u00e9e, t\u00e9moignant de la ma\u00eetrise et de la pr\u00e9cision de la fabrication. Ce tapis n&rsquo;est pas seulement un rev\u00eatement de sol, mais une expression artistique du patrimoine culturel persan \u2013 subtil, raffin\u00e9 et exceptionnellement durable.  <\/p>\n<p><span style=\"border-radius: 2px; text-indent: 20px; width: auto; padding: 0px 4px 0px 0px; text-align: center; font: bold 11px\/20px 'Helvetica Neue',Helvetica,sans-serif; color: #ffffff; background: #bd081c no-repeat scroll 3px 50% \/ 14px 14px; position: absolute; opacity: 1; z-index: 8675309; display: none; cursor: pointer;\">Enregistrer<\/span><\/p>\n<p><span style=\"border-radius: 2px; text-indent: 20px; width: auto; padding: 0px 4px 0px 0px; text-align: center; font: bold 11px\/20px 'Helvetica Neue',Helvetica,sans-serif; color: #ffffff; background: #bd081c no-repeat scroll 3px 50% \/ 14px 14px; position: absolute; opacity: 1; z-index: 8675309; display: none; cursor: pointer; top: 604px; left: 20px;\">Enregistrer<\/span><\/p>\n<p><span style=\"border-radius: 2px; text-indent: 20px; width: auto; padding: 0px 4px 0px 0px; text-align: center; font: bold 11px\/20px 'Helvetica Neue',Helvetica,sans-serif; color: #ffffff; background: #bd081c no-repeat scroll 3px 50% \/ 14px 14px; position: absolute; opacity: 1; z-index: 8675309; display: none; cursor: pointer; top: 604px; left: 20px;\">Enregistrer<\/span><\/p>\n","protected":false},"excerpt":{"rendered":"<p>N\u00b0 d&rsquo;enregistrement : 1047<\/p>\n<p>Dimensions : 294 x 198 cm<\/p>\n<p>Mat\u00e9riau \/ Pile : laine, soie \/ wool, silk<\/p>\n<p>Base \/ Base : coton \/ cotton<\/p>\n<p>Couleurs \/ Colours : v\u00e9g\u00e9tales \/ plants<\/p>\n<p>Design : floral (mahi-herati)<\/p>\n<p>Technique de tissage \/ Weaving technique : tapis nou\u00e9 main \/ handmade pile carpet<\/p>\n<p>Densit\u00e9 de n\u0153uds : 300 000 m\/2<\/p>\n<p>Origine : Iran<\/p>\n<p>&nbsp;<\/p>\n","protected":false},"featured_media":24953,"template":"","meta":{"iawp_total_views":2},"product_brand":[],"product_cat":[333,310],"product_tag":[],"class_list":{"0":"post-25629","1":"product","2":"type-product","3":"status-publish","4":"has-post-thumbnail","6":"product_cat-grands-tapis-fr","7":"product_cat-tapis-classiques","8":"pa_barva-osnovna-blanc-beige","9":"pa_material-laine-soie","10":"pa_oblika-rectangulaire","11":"pa_tip-preproge-classique-de-maitre","12":"pa_velikost-cca-300x200","14":"first","15":"instock","16":"sold-individually","17":"taxable","18":"shipping-taxable","19":"purchasable","20":"product-type-simple"},"yoast_head":"<!-- This site is optimized with the Yoast SEO plugin v27.3 - https:\/\/yoast.com\/product\/yoast-seo-wordpress\/ -->\n<title>Tapis persan Moud - Perzijske preproge Farzad<\/title>\n<meta name=\"robots\" content=\"index, follow, max-snippet:-1, max-image-preview:large, max-video-preview:-1\" \/>\n<link rel=\"canonical\" href=\"https:\/\/www.perzijskepreproge.si\/fr\/produit\/tapis-persan-mud-tapis-persan-mood-5\/\" \/>\n<meta property=\"og:locale\" content=\"fr_FR\" \/>\n<meta property=\"og:type\" content=\"article\" \/>\n<meta property=\"og:title\" content=\"Tapis persan Moud - Perzijske preproge Farzad\" \/>\n<meta property=\"og:description\" content=\"N\u00b0 d&#039;enregistrement : 1047 Dimensions : 294 x 198 cm Mat\u00e9riau \/ Pile : laine, soie \/ wool, silk Base \/ Base : coton \/ cotton Couleurs \/ Colours : v\u00e9g\u00e9tales \/ plants Design : floral (mahi-herati) Technique de tissage \/ Weaving technique : tapis nou\u00e9 main \/ handmade pile carpet Densit\u00e9 de n\u0153uds : 300 000 m\/2 Origine : Iran &nbsp;\" \/>\n<meta property=\"og:url\" content=\"https:\/\/www.perzijskepreproge.si\/fr\/produit\/tapis-persan-mud-tapis-persan-mood-5\/\" \/>\n<meta property=\"og:site_name\" content=\"Perzijske preproge Farzad\" \/>\n<meta property=\"article:modified_time\" content=\"2026-04-13T11:24:22+00:00\" \/>\n<meta property=\"og:image\" content=\"https:\/\/www.perzijskepreproge.si\/wp-content\/uploads\/2025\/02\/DSC02987jpg.webp\" \/>\n\t<meta property=\"og:image:width\" content=\"1020\" \/>\n\t<meta property=\"og:image:height\" content=\"1200\" \/>\n\t<meta property=\"og:image:type\" content=\"image\/jpeg\" \/>\n<meta name=\"twitter:card\" content=\"summary_large_image\" \/>\n<meta name=\"twitter:label1\" content=\"Dur\u00e9e de lecture estim\u00e9e\" \/>\n\t<meta name=\"twitter:data1\" content=\"2 minutes\" \/>\n<script type=\"application\/ld+json\" class=\"yoast-schema-graph\">{\"@context\":\"https:\\\/\\\/schema.org\",\"@graph\":[{\"@type\":\"WebPage\",\"@id\":\"https:\\\/\\\/www.perzijskepreproge.si\\\/fr\\\/produit\\\/tapis-persan-mud-tapis-persan-mood-5\\\/\",\"url\":\"https:\\\/\\\/www.perzijskepreproge.si\\\/fr\\\/produit\\\/tapis-persan-mud-tapis-persan-mood-5\\\/\",\"name\":\"Tapis persan Moud - Perzijske preproge Farzad\",\"isPartOf\":{\"@id\":\"https:\\\/\\\/www.perzijskepreproge.si\\\/fr\\\/#website\"},\"primaryImageOfPage\":{\"@id\":\"https:\\\/\\\/www.perzijskepreproge.si\\\/fr\\\/produit\\\/tapis-persan-mud-tapis-persan-mood-5\\\/#primaryimage\"},\"image\":{\"@id\":\"https:\\\/\\\/www.perzijskepreproge.si\\\/fr\\\/produit\\\/tapis-persan-mud-tapis-persan-mood-5\\\/#primaryimage\"},\"thumbnailUrl\":\"https:\\\/\\\/www.perzijskepreproge.si\\\/wp-content\\\/uploads\\\/2025\\\/02\\\/DSC02987jpg.jpg\",\"datePublished\":\"2025-02-24T11:42:04+00:00\",\"dateModified\":\"2026-04-13T11:24:22+00:00\",\"breadcrumb\":{\"@id\":\"https:\\\/\\\/www.perzijskepreproge.si\\\/fr\\\/produit\\\/tapis-persan-mud-tapis-persan-mood-5\\\/#breadcrumb\"},\"inLanguage\":\"fr-FR\",\"potentialAction\":[{\"@type\":\"ReadAction\",\"target\":[\"https:\\\/\\\/www.perzijskepreproge.si\\\/fr\\\/produit\\\/tapis-persan-mud-tapis-persan-mood-5\\\/\"]}]},{\"@type\":\"ImageObject\",\"inLanguage\":\"fr-FR\",\"@id\":\"https:\\\/\\\/www.perzijskepreproge.si\\\/fr\\\/produit\\\/tapis-persan-mud-tapis-persan-mood-5\\\/#primaryimage\",\"url\":\"https:\\\/\\\/www.perzijskepreproge.si\\\/wp-content\\\/uploads\\\/2025\\\/02\\\/DSC02987jpg.jpg\",\"contentUrl\":\"https:\\\/\\\/www.perzijskepreproge.si\\\/wp-content\\\/uploads\\\/2025\\\/02\\\/DSC02987jpg.jpg\",\"width\":1020,\"height\":1200},{\"@type\":\"BreadcrumbList\",\"@id\":\"https:\\\/\\\/www.perzijskepreproge.si\\\/fr\\\/produit\\\/tapis-persan-mud-tapis-persan-mood-5\\\/#breadcrumb\",\"itemListElement\":[{\"@type\":\"ListItem\",\"position\":1,\"name\":\"Maison\",\"item\":\"https:\\\/\\\/www.perzijskepreproge.si\\\/fr\\\/tapis-persans-farzad\\\/\"},{\"@type\":\"ListItem\",\"position\":2,\"name\":\"Boutique\",\"item\":\"https:\\\/\\\/www.perzijskepreproge.si\\\/fr\\\/boutique\\\/\"},{\"@type\":\"ListItem\",\"position\":3,\"name\":\"Tapis persan Moud\"}]},{\"@type\":\"WebSite\",\"@id\":\"https:\\\/\\\/www.perzijskepreproge.si\\\/fr\\\/#website\",\"url\":\"https:\\\/\\\/www.perzijskepreproge.si\\\/fr\\\/\",\"name\":\"Perzijske preproge Farzad\",\"description\":\"Perzijske preproge,  preprog in \u010di\u0161\u010denje preprog\",\"potentialAction\":[{\"@type\":\"SearchAction\",\"target\":{\"@type\":\"EntryPoint\",\"urlTemplate\":\"https:\\\/\\\/www.perzijskepreproge.si\\\/fr\\\/?s={search_term_string}\"},\"query-input\":{\"@type\":\"PropertyValueSpecification\",\"valueRequired\":true,\"valueName\":\"search_term_string\"}}],\"inLanguage\":\"fr-FR\"}]}<\/script>\n<!-- \/ Yoast SEO plugin. -->","yoast_head_json":{"title":"Tapis persan Moud - Perzijske preproge Farzad","robots":{"index":"index","follow":"follow","max-snippet":"max-snippet:-1","max-image-preview":"max-image-preview:large","max-video-preview":"max-video-preview:-1"},"canonical":"https:\/\/www.perzijskepreproge.si\/fr\/produit\/tapis-persan-mud-tapis-persan-mood-5\/","og_locale":"fr_FR","og_type":"article","og_title":"Tapis persan Moud - Perzijske preproge Farzad","og_description":"N\u00b0 d'enregistrement : 1047 Dimensions : 294 x 198 cm Mat\u00e9riau \/ Pile : laine, soie \/ wool, silk Base \/ Base : coton \/ cotton Couleurs \/ Colours : v\u00e9g\u00e9tales \/ plants Design : floral (mahi-herati) Technique de tissage \/ Weaving technique : tapis nou\u00e9 main \/ handmade pile carpet Densit\u00e9 de n\u0153uds : 300 000 m\/2 Origine : Iran &nbsp;","og_url":"https:\/\/www.perzijskepreproge.si\/fr\/produit\/tapis-persan-mud-tapis-persan-mood-5\/","og_site_name":"Perzijske preproge Farzad","article_modified_time":"2026-04-13T11:24:22+00:00","og_image":[{"width":1020,"height":1200,"url":"https:\/\/www.perzijskepreproge.si\/wp-content\/uploads\/2025\/02\/DSC02987jpg.webp","type":"image\/jpeg"}],"twitter_card":"summary_large_image","twitter_misc":{"Dur\u00e9e de lecture estim\u00e9e":"2 minutes"},"schema":{"@context":"https:\/\/schema.org","@graph":[{"@type":"WebPage","@id":"https:\/\/www.perzijskepreproge.si\/fr\/produit\/tapis-persan-mud-tapis-persan-mood-5\/","url":"https:\/\/www.perzijskepreproge.si\/fr\/produit\/tapis-persan-mud-tapis-persan-mood-5\/","name":"Tapis persan Moud - Perzijske preproge Farzad","isPartOf":{"@id":"https:\/\/www.perzijskepreproge.si\/fr\/#website"},"primaryImageOfPage":{"@id":"https:\/\/www.perzijskepreproge.si\/fr\/produit\/tapis-persan-mud-tapis-persan-mood-5\/#primaryimage"},"image":{"@id":"https:\/\/www.perzijskepreproge.si\/fr\/produit\/tapis-persan-mud-tapis-persan-mood-5\/#primaryimage"},"thumbnailUrl":"https:\/\/www.perzijskepreproge.si\/wp-content\/uploads\/2025\/02\/DSC02987jpg.jpg","datePublished":"2025-02-24T11:42:04+00:00","dateModified":"2026-04-13T11:24:22+00:00","breadcrumb":{"@id":"https:\/\/www.perzijskepreproge.si\/fr\/produit\/tapis-persan-mud-tapis-persan-mood-5\/#breadcrumb"},"inLanguage":"fr-FR","potentialAction":[{"@type":"ReadAction","target":["https:\/\/www.perzijskepreproge.si\/fr\/produit\/tapis-persan-mud-tapis-persan-mood-5\/"]}]},{"@type":"ImageObject","inLanguage":"fr-FR","@id":"https:\/\/www.perzijskepreproge.si\/fr\/produit\/tapis-persan-mud-tapis-persan-mood-5\/#primaryimage","url":"https:\/\/www.perzijskepreproge.si\/wp-content\/uploads\/2025\/02\/DSC02987jpg.jpg","contentUrl":"https:\/\/www.perzijskepreproge.si\/wp-content\/uploads\/2025\/02\/DSC02987jpg.jpg","width":1020,"height":1200},{"@type":"BreadcrumbList","@id":"https:\/\/www.perzijskepreproge.si\/fr\/produit\/tapis-persan-mud-tapis-persan-mood-5\/#breadcrumb","itemListElement":[{"@type":"ListItem","position":1,"name":"Maison","item":"https:\/\/www.perzijskepreproge.si\/fr\/tapis-persans-farzad\/"},{"@type":"ListItem","position":2,"name":"Boutique","item":"https:\/\/www.perzijskepreproge.si\/fr\/boutique\/"},{"@type":"ListItem","position":3,"name":"Tapis persan Moud"}]},{"@type":"WebSite","@id":"https:\/\/www.perzijskepreproge.si\/fr\/#website","url":"https:\/\/www.perzijskepreproge.si\/fr\/","name":"Perzijske preproge Farzad","description":"Perzijske preproge,  preprog in \u010di\u0161\u010denje preprog","potentialAction":[{"@type":"SearchAction","target":{"@type":"EntryPoint","urlTemplate":"https:\/\/www.perzijskepreproge.si\/fr\/?s={search_term_string}"},"query-input":{"@type":"PropertyValueSpecification","valueRequired":true,"valueName":"search_term_string"}}],"inLanguage":"fr-FR"}]}},"_links":{"self":[{"href":"https:\/\/www.perzijskepreproge.si\/fr\/wp-json\/wp\/v2\/product\/25629","targetHints":{"allow":["GET"]}}],"collection":[{"href":"https:\/\/www.perzijskepreproge.si\/fr\/wp-json\/wp\/v2\/product"}],"about":[{"href":"https:\/\/www.perzijskepreproge.si\/fr\/wp-json\/wp\/v2\/types\/product"}],"version-history":[{"count":1,"href":"https:\/\/www.perzijskepreproge.si\/fr\/wp-json\/wp\/v2\/product\/25629\/revisions"}],"predecessor-version":[{"id":29557,"href":"https:\/\/www.perzijskepreproge.si\/fr\/wp-json\/wp\/v2\/product\/25629\/revisions\/29557"}],"wp:featuredmedia":[{"embeddable":true,"href":"https:\/\/www.perzijskepreproge.si\/fr\/wp-json\/wp\/v2\/media\/24953"}],"wp:attachment":[{"href":"https:\/\/www.perzijskepreproge.si\/fr\/wp-json\/wp\/v2\/media?parent=25629"}],"wp:term":[{"taxonomy":"product_brand","embeddable":true,"href":"https:\/\/www.perzijskepreproge.si\/fr\/wp-json\/wp\/v2\/product_brand?post=25629"},{"taxonomy":"product_cat","embeddable":true,"href":"https:\/\/www.perzijskepreproge.si\/fr\/wp-json\/wp\/v2\/product_cat?post=25629"},{"taxonomy":"product_tag","embeddable":true,"href":"https:\/\/www.perzijskepreproge.si\/fr\/wp-json\/wp\/v2\/product_tag?post=25629"}],"curies":[{"name":"wp","href":"https:\/\/api.w.org\/{rel}","templated":true}]}}