{"id":25690,"date":"2024-11-07T16:02:38","date_gmt":"2024-11-07T15:02:38","guid":{"rendered":"https:\/\/www.perzijskepreproge.si\/izdelek\/tapis-persan-kashan-tapis-persan-kashan-17\/"},"modified":"2026-04-13T13:22:28","modified_gmt":"2026-04-13T11:22:28","slug":"tapis-persan-kashan-tapis-persan-kashan-17","status":"publish","type":"product","link":"https:\/\/www.perzijskepreproge.si\/fr\/produit\/tapis-persan-kashan-tapis-persan-kashan-17\/","title":{"rendered":"Tapis persan Kashan \/ Persian carpet Kashan"},"content":{"rendered":"<p style=\"text-align: left;\">La ville de Kashan se situe \u00e0 250 km au sud de T\u00e9h\u00e9ran, dans une grande oasis bordant le d\u00e9sert de Kavir, en Iran central. Cette r\u00e9gion \u00e9tait habit\u00e9e depuis la pr\u00e9histoire, elle \u00e9tait d\u00e9j\u00e0 importante \u00e0 l&rsquo;\u00e9poque de la dynastie sassanide, ainsi que plus tard apr\u00e8s l&rsquo;arriv\u00e9e de la culture islamique. Les tapis de Kashan sont fabriqu\u00e9s \u00e0 partir de la meilleure laine <em>kork<\/em> (provenant du cou des agneaux), leur fabrication utilise la technique du nouage asym\u00e9trique (n\u0153ud persan), gr\u00e2ce \u00e0 laquelle les tapis sont extr\u00eamement fins et en m\u00eame temps tr\u00e8s r\u00e9sistants. Ils se caract\u00e9risent par des motifs floraux vari\u00e9s, ainsi que par des arabesques, des palmettes, des motifs de feuilles, un tel design \u00e9tant id\u00e9al pour la d\u00e9coration classique des int\u00e9rieurs.    Ils repr\u00e9sentent l&rsquo;h\u00e9ritage de l&rsquo;\u00e2ge d&rsquo;or de la fabrication de tapis en Iran (XVIe et XVIIe si\u00e8cles), lorsque le shah Abbas \u00e9tait un grand m\u00e9c\u00e8ne de cet art.<\/p>\n<p>La ville de Kashan se situe \u00e0 250 km au sud de T\u00e9h\u00e9ran, dans une grande oasis bordant le d\u00e9sert de Kavir, en Iran central. Cette r\u00e9gion \u00e9tait habit\u00e9e depuis la pr\u00e9histoire, elle \u00e9tait d\u00e9j\u00e0 importante \u00e0 l&rsquo;\u00e9poque de la dynastie sassanide, ainsi que plus tard apr\u00e8s l&rsquo;arriv\u00e9e de la culture islamique. Les tapis de Kashan sont fabriqu\u00e9s \u00e0 partir de la meilleure laine <em>kork<\/em> (provenant du cou des agneaux), leur fabrication utilise la technique du nouage asym\u00e9trique (n\u0153ud persan), gr\u00e2ce \u00e0 laquelle les tapis sont extr\u00eamement fins et en m\u00eame temps tr\u00e8s r\u00e9sistants. Ils se caract\u00e9risent par des motifs floraux vari\u00e9s, ainsi que par des arabesques, des palmettes, des motifs de feuilles, un tel design \u00e9tant id\u00e9al pour la d\u00e9coration classique des int\u00e9rieurs.    Ils repr\u00e9sentent l&rsquo;h\u00e9ritage de l&rsquo;\u00e2ge d&rsquo;or de la fabrication de tapis en Iran (XVIe et XVIIe si\u00e8cles), lorsque le shah Abbas \u00e9tait un grand m\u00e9c\u00e8ne de cet art.<\/p>\n<p data-start=\"223\" data-end=\"555\">Les tapis de la ville de <strong data-start=\"241\" data-end=\"251\">Kashan<\/strong>, l&rsquo;un des centres les plus anciens et les plus prestigieux de l&rsquo;art persan du tissage, repr\u00e9sentent le summum de l&rsquo;esth\u00e9tique persane classique. Leur composition ordonn\u00e9e, leur riche symbolique et leur palette de couleurs raffin\u00e9e expliquent qu&rsquo;ils figurent parmi les choix les plus pris\u00e9s des amateurs de tapis traditionnels dans le monde entier. <\/p>\n<p data-start=\"557\" data-end=\"895\">L&rsquo;<strong data-start=\"557\" data-end=\"585\">esth\u00e9tique du tapis Kashan<\/strong> repose sur l&rsquo;\u00e9quilibre et l&rsquo;harmonie \u2013 elle se reconna\u00eet par son <strong data-start=\"656\" data-end=\"669\">m\u00e9daillon<\/strong> central aux somptueux ornements floraux qui se d\u00e9ploient sur toute la surface sous forme de vignettes, de feuilles et d&rsquo;arabesques. Les motifs sont extr\u00eamement d\u00e9taill\u00e9s et r\u00e9alis\u00e9s avec une grande pr\u00e9cision, ce qui conf\u00e8re au tapis une impression de d\u00e9licatesse et de noblesse. <\/p>\n<p data-start=\"897\" data-end=\"1220\">La <strong data-start=\"897\" data-end=\"914\">palette de couleurs<\/strong> des tapis Kashan comprend g\u00e9n\u00e9ralement des rouges profonds, des bleus fonc\u00e9s, des tons ivoire et dor\u00e9s, et parfois des nuances bleut\u00e9es ou pastel plus douces. Les couleurs sont obtenues \u00e0 partir de <strong data-start=\"1087\" data-end=\"1106\">teintures naturelles<\/strong>, telles que l&rsquo;indigo, les racines de rhubarbe, la grenade ou les coques de noix, ce qui leur conf\u00e8re une douceur et une chaleur particuli\u00e8res. <\/p>\n","protected":false},"excerpt":{"rendered":"<p>N\u00ba d&rsquo;enregistrement : 1134<\/p>\n<p>Dimensions \/ Size : 346 x 243 cm<\/p>\n<p>Composition \/ Velours : laine<\/p>\n<p>Base \/ Base : coton \/ cotton<\/p>\n<p>Couleurs \/ Colours : v\u00e9g\u00e9tales \/ plants<\/p>\n<p>Design \/ Design : floral \/ floral<\/p>\n<p>Technique de tissage \/ Weaving technique : tapis nou\u00e9 main \/ handmade pile carpet<\/p>\n<p>Densit\u00e9 de nouage \/ Knot density : 250 000 m\/2<\/p>\n<p>Origine : Iran<\/p>\n<p>&nbsp;<\/p>\n","protected":false},"featured_media":24761,"template":"","meta":{"iawp_total_views":2},"product_brand":[],"product_cat":[333,310],"product_tag":[],"class_list":{"0":"post-25690","1":"product","2":"type-product","3":"status-publish","4":"has-post-thumbnail","6":"product_cat-grands-tapis-fr","7":"product_cat-tapis-classiques","8":"pa_barva-osnovna-noir-bleu-fonce","9":"pa_material-laine","10":"pa_oblika-rectangulaire","11":"pa_tip-preproge-classique-de-maitre","12":"pa_velikost-cca-350x250","14":"first","15":"instock","16":"sold-individually","17":"taxable","18":"shipping-taxable","19":"purchasable","20":"product-type-simple"},"yoast_head":"<!-- This site is optimized with the Yoast SEO plugin v27.3 - https:\/\/yoast.com\/product\/yoast-seo-wordpress\/ -->\n<title>Tapis persan Kashan \/ Persian carpet Kashan - Perzijske preproge Farzad<\/title>\n<meta name=\"robots\" content=\"index, follow, max-snippet:-1, max-image-preview:large, max-video-preview:-1\" \/>\n<link rel=\"canonical\" href=\"https:\/\/www.perzijskepreproge.si\/fr\/produit\/tapis-persan-kashan-tapis-persan-kashan-17\/\" \/>\n<meta property=\"og:locale\" content=\"fr_FR\" \/>\n<meta property=\"og:type\" content=\"article\" \/>\n<meta property=\"og:title\" content=\"Tapis persan Kashan \/ Persian carpet Kashan - Perzijske preproge Farzad\" \/>\n<meta property=\"og:description\" content=\"N\u00ba d&#039;enregistrement : 1134 Dimensions \/ Size : 346 x 243 cm Composition \/ Velours : laine Base \/ Base : coton \/ cotton Couleurs \/ Colours : v\u00e9g\u00e9tales \/ plants Design \/ Design : floral \/ floral Technique de tissage \/ Weaving technique : tapis nou\u00e9 main \/ handmade pile carpet Densit\u00e9 de nouage \/ Knot density : 250 000 m\/2 Origine : Iran &nbsp;\" \/>\n<meta property=\"og:url\" content=\"https:\/\/www.perzijskepreproge.si\/fr\/produit\/tapis-persan-kashan-tapis-persan-kashan-17\/\" \/>\n<meta property=\"og:site_name\" content=\"Perzijske preproge Farzad\" \/>\n<meta property=\"article:modified_time\" content=\"2026-04-13T11:22:28+00:00\" \/>\n<meta property=\"og:image\" content=\"https:\/\/www.perzijskepreproge.si\/wp-content\/uploads\/2024\/11\/IMG_1287jpg.webp\" \/>\n\t<meta property=\"og:image:width\" content=\"1200\" \/>\n\t<meta property=\"og:image:height\" content=\"1106\" \/>\n\t<meta property=\"og:image:type\" content=\"image\/jpeg\" \/>\n<meta name=\"twitter:card\" content=\"summary_large_image\" \/>\n<meta name=\"twitter:label1\" content=\"Dur\u00e9e de lecture estim\u00e9e\" \/>\n\t<meta name=\"twitter:data1\" content=\"3 minutes\" \/>\n<script type=\"application\/ld+json\" class=\"yoast-schema-graph\">{\"@context\":\"https:\\\/\\\/schema.org\",\"@graph\":[{\"@type\":\"WebPage\",\"@id\":\"https:\\\/\\\/www.perzijskepreproge.si\\\/fr\\\/produit\\\/tapis-persan-kashan-tapis-persan-kashan-17\\\/\",\"url\":\"https:\\\/\\\/www.perzijskepreproge.si\\\/fr\\\/produit\\\/tapis-persan-kashan-tapis-persan-kashan-17\\\/\",\"name\":\"Tapis persan Kashan \\\/ Persian carpet Kashan - Perzijske preproge Farzad\",\"isPartOf\":{\"@id\":\"https:\\\/\\\/www.perzijskepreproge.si\\\/fr\\\/#website\"},\"primaryImageOfPage\":{\"@id\":\"https:\\\/\\\/www.perzijskepreproge.si\\\/fr\\\/produit\\\/tapis-persan-kashan-tapis-persan-kashan-17\\\/#primaryimage\"},\"image\":{\"@id\":\"https:\\\/\\\/www.perzijskepreproge.si\\\/fr\\\/produit\\\/tapis-persan-kashan-tapis-persan-kashan-17\\\/#primaryimage\"},\"thumbnailUrl\":\"https:\\\/\\\/www.perzijskepreproge.si\\\/wp-content\\\/uploads\\\/2024\\\/11\\\/IMG_1287jpg.jpg\",\"datePublished\":\"2024-11-07T15:02:38+00:00\",\"dateModified\":\"2026-04-13T11:22:28+00:00\",\"breadcrumb\":{\"@id\":\"https:\\\/\\\/www.perzijskepreproge.si\\\/fr\\\/produit\\\/tapis-persan-kashan-tapis-persan-kashan-17\\\/#breadcrumb\"},\"inLanguage\":\"fr-FR\",\"potentialAction\":[{\"@type\":\"ReadAction\",\"target\":[\"https:\\\/\\\/www.perzijskepreproge.si\\\/fr\\\/produit\\\/tapis-persan-kashan-tapis-persan-kashan-17\\\/\"]}]},{\"@type\":\"ImageObject\",\"inLanguage\":\"fr-FR\",\"@id\":\"https:\\\/\\\/www.perzijskepreproge.si\\\/fr\\\/produit\\\/tapis-persan-kashan-tapis-persan-kashan-17\\\/#primaryimage\",\"url\":\"https:\\\/\\\/www.perzijskepreproge.si\\\/wp-content\\\/uploads\\\/2024\\\/11\\\/IMG_1287jpg.jpg\",\"contentUrl\":\"https:\\\/\\\/www.perzijskepreproge.si\\\/wp-content\\\/uploads\\\/2024\\\/11\\\/IMG_1287jpg.jpg\",\"width\":1200,\"height\":1106},{\"@type\":\"BreadcrumbList\",\"@id\":\"https:\\\/\\\/www.perzijskepreproge.si\\\/fr\\\/produit\\\/tapis-persan-kashan-tapis-persan-kashan-17\\\/#breadcrumb\",\"itemListElement\":[{\"@type\":\"ListItem\",\"position\":1,\"name\":\"Maison\",\"item\":\"https:\\\/\\\/www.perzijskepreproge.si\\\/fr\\\/tapis-persans-farzad\\\/\"},{\"@type\":\"ListItem\",\"position\":2,\"name\":\"Boutique\",\"item\":\"https:\\\/\\\/www.perzijskepreproge.si\\\/fr\\\/boutique\\\/\"},{\"@type\":\"ListItem\",\"position\":3,\"name\":\"Tapis persan Kashan \\\/ Persian carpet Kashan\"}]},{\"@type\":\"WebSite\",\"@id\":\"https:\\\/\\\/www.perzijskepreproge.si\\\/fr\\\/#website\",\"url\":\"https:\\\/\\\/www.perzijskepreproge.si\\\/fr\\\/\",\"name\":\"Perzijske preproge Farzad\",\"description\":\"Perzijske preproge,  preprog in \u010di\u0161\u010denje preprog\",\"potentialAction\":[{\"@type\":\"SearchAction\",\"target\":{\"@type\":\"EntryPoint\",\"urlTemplate\":\"https:\\\/\\\/www.perzijskepreproge.si\\\/fr\\\/?s={search_term_string}\"},\"query-input\":{\"@type\":\"PropertyValueSpecification\",\"valueRequired\":true,\"valueName\":\"search_term_string\"}}],\"inLanguage\":\"fr-FR\"}]}<\/script>\n<!-- \/ Yoast SEO plugin. -->","yoast_head_json":{"title":"Tapis persan Kashan \/ Persian carpet Kashan - Perzijske preproge Farzad","robots":{"index":"index","follow":"follow","max-snippet":"max-snippet:-1","max-image-preview":"max-image-preview:large","max-video-preview":"max-video-preview:-1"},"canonical":"https:\/\/www.perzijskepreproge.si\/fr\/produit\/tapis-persan-kashan-tapis-persan-kashan-17\/","og_locale":"fr_FR","og_type":"article","og_title":"Tapis persan Kashan \/ Persian carpet Kashan - Perzijske preproge Farzad","og_description":"N\u00ba d'enregistrement : 1134 Dimensions \/ Size : 346 x 243 cm Composition \/ Velours : laine Base \/ Base : coton \/ cotton Couleurs \/ Colours : v\u00e9g\u00e9tales \/ plants Design \/ Design : floral \/ floral Technique de tissage \/ Weaving technique : tapis nou\u00e9 main \/ handmade pile carpet Densit\u00e9 de nouage \/ Knot density : 250 000 m\/2 Origine : Iran &nbsp;","og_url":"https:\/\/www.perzijskepreproge.si\/fr\/produit\/tapis-persan-kashan-tapis-persan-kashan-17\/","og_site_name":"Perzijske preproge Farzad","article_modified_time":"2026-04-13T11:22:28+00:00","og_image":[{"width":1200,"height":1106,"url":"https:\/\/www.perzijskepreproge.si\/wp-content\/uploads\/2024\/11\/IMG_1287jpg.webp","type":"image\/jpeg"}],"twitter_card":"summary_large_image","twitter_misc":{"Dur\u00e9e de lecture estim\u00e9e":"3 minutes"},"schema":{"@context":"https:\/\/schema.org","@graph":[{"@type":"WebPage","@id":"https:\/\/www.perzijskepreproge.si\/fr\/produit\/tapis-persan-kashan-tapis-persan-kashan-17\/","url":"https:\/\/www.perzijskepreproge.si\/fr\/produit\/tapis-persan-kashan-tapis-persan-kashan-17\/","name":"Tapis persan Kashan \/ Persian carpet Kashan - Perzijske preproge Farzad","isPartOf":{"@id":"https:\/\/www.perzijskepreproge.si\/fr\/#website"},"primaryImageOfPage":{"@id":"https:\/\/www.perzijskepreproge.si\/fr\/produit\/tapis-persan-kashan-tapis-persan-kashan-17\/#primaryimage"},"image":{"@id":"https:\/\/www.perzijskepreproge.si\/fr\/produit\/tapis-persan-kashan-tapis-persan-kashan-17\/#primaryimage"},"thumbnailUrl":"https:\/\/www.perzijskepreproge.si\/wp-content\/uploads\/2024\/11\/IMG_1287jpg.jpg","datePublished":"2024-11-07T15:02:38+00:00","dateModified":"2026-04-13T11:22:28+00:00","breadcrumb":{"@id":"https:\/\/www.perzijskepreproge.si\/fr\/produit\/tapis-persan-kashan-tapis-persan-kashan-17\/#breadcrumb"},"inLanguage":"fr-FR","potentialAction":[{"@type":"ReadAction","target":["https:\/\/www.perzijskepreproge.si\/fr\/produit\/tapis-persan-kashan-tapis-persan-kashan-17\/"]}]},{"@type":"ImageObject","inLanguage":"fr-FR","@id":"https:\/\/www.perzijskepreproge.si\/fr\/produit\/tapis-persan-kashan-tapis-persan-kashan-17\/#primaryimage","url":"https:\/\/www.perzijskepreproge.si\/wp-content\/uploads\/2024\/11\/IMG_1287jpg.jpg","contentUrl":"https:\/\/www.perzijskepreproge.si\/wp-content\/uploads\/2024\/11\/IMG_1287jpg.jpg","width":1200,"height":1106},{"@type":"BreadcrumbList","@id":"https:\/\/www.perzijskepreproge.si\/fr\/produit\/tapis-persan-kashan-tapis-persan-kashan-17\/#breadcrumb","itemListElement":[{"@type":"ListItem","position":1,"name":"Maison","item":"https:\/\/www.perzijskepreproge.si\/fr\/tapis-persans-farzad\/"},{"@type":"ListItem","position":2,"name":"Boutique","item":"https:\/\/www.perzijskepreproge.si\/fr\/boutique\/"},{"@type":"ListItem","position":3,"name":"Tapis persan Kashan \/ Persian carpet Kashan"}]},{"@type":"WebSite","@id":"https:\/\/www.perzijskepreproge.si\/fr\/#website","url":"https:\/\/www.perzijskepreproge.si\/fr\/","name":"Perzijske preproge Farzad","description":"Perzijske preproge,  preprog in \u010di\u0161\u010denje preprog","potentialAction":[{"@type":"SearchAction","target":{"@type":"EntryPoint","urlTemplate":"https:\/\/www.perzijskepreproge.si\/fr\/?s={search_term_string}"},"query-input":{"@type":"PropertyValueSpecification","valueRequired":true,"valueName":"search_term_string"}}],"inLanguage":"fr-FR"}]}},"_links":{"self":[{"href":"https:\/\/www.perzijskepreproge.si\/fr\/wp-json\/wp\/v2\/product\/25690","targetHints":{"allow":["GET"]}}],"collection":[{"href":"https:\/\/www.perzijskepreproge.si\/fr\/wp-json\/wp\/v2\/product"}],"about":[{"href":"https:\/\/www.perzijskepreproge.si\/fr\/wp-json\/wp\/v2\/types\/product"}],"version-history":[{"count":1,"href":"https:\/\/www.perzijskepreproge.si\/fr\/wp-json\/wp\/v2\/product\/25690\/revisions"}],"predecessor-version":[{"id":29530,"href":"https:\/\/www.perzijskepreproge.si\/fr\/wp-json\/wp\/v2\/product\/25690\/revisions\/29530"}],"wp:featuredmedia":[{"embeddable":true,"href":"https:\/\/www.perzijskepreproge.si\/fr\/wp-json\/wp\/v2\/media\/24761"}],"wp:attachment":[{"href":"https:\/\/www.perzijskepreproge.si\/fr\/wp-json\/wp\/v2\/media?parent=25690"}],"wp:term":[{"taxonomy":"product_brand","embeddable":true,"href":"https:\/\/www.perzijskepreproge.si\/fr\/wp-json\/wp\/v2\/product_brand?post=25690"},{"taxonomy":"product_cat","embeddable":true,"href":"https:\/\/www.perzijskepreproge.si\/fr\/wp-json\/wp\/v2\/product_cat?post=25690"},{"taxonomy":"product_tag","embeddable":true,"href":"https:\/\/www.perzijskepreproge.si\/fr\/wp-json\/wp\/v2\/product_tag?post=25690"}],"curies":[{"name":"wp","href":"https:\/\/api.w.org\/{rel}","templated":true}]}}