{"id":25697,"date":"2024-11-07T15:28:28","date_gmt":"2024-11-07T14:28:28","guid":{"rendered":"https:\/\/www.perzijskepreproge.si\/izdelek\/tapis-persan-kashan-tapis-persan-kashan-18\/"},"modified":"2026-04-13T13:21:57","modified_gmt":"2026-04-13T11:21:57","slug":"tapis-persan-kashan-tapis-persan-kashan-18","status":"publish","type":"product","link":"https:\/\/www.perzijskepreproge.si\/fr\/produit\/tapis-persan-kashan-tapis-persan-kashan-18\/","title":{"rendered":"Tapis persan Kashan \/ Tapis persan Kashan"},"content":{"rendered":"<p style=\"text-align: left;\">La ville de Kashan est situ\u00e9e \u00e0 250 km au sud de T\u00e9h\u00e9ran, dans une grande oasis en bordure du d\u00e9sert du Kavir, au centre de l&rsquo;Iran. Cette r\u00e9gion a \u00e9t\u00e9 habit\u00e9e depuis la pr\u00e9histoire et a jou\u00e9 un r\u00f4le important \u00e0 l&rsquo;\u00e9poque de la dynastie sassanide, ainsi que plus tard apr\u00e8s l&rsquo;arriv\u00e9e de la culture islamique. Les tapis de Kashan sont fabriqu\u00e9s \u00e0 partir de la meilleure laine <em>kork<\/em> (provenant du cou des agneaux), en utilisant la technique du nouage asym\u00e9trique (n\u0153ud persan), ce qui rend les tapis extr\u00eamement fins et en m\u00eame temps tr\u00e8s durables. Ils se caract\u00e9risent par une grande vari\u00e9t\u00e9 de motifs floraux, ainsi que des arabesques, des palmettes et des motifs de feuilles, un design id\u00e9al pour la d\u00e9coration classique des int\u00e9rieurs.    Ils repr\u00e9sentent l&rsquo;h\u00e9ritage de l&rsquo;\u00e2ge d&rsquo;or de la fabrication de tapis en Iran (XVIe et XVIIe si\u00e8cles), lorsque le Shah Abbas \u00e9tait un grand m\u00e9c\u00e8ne de cet art.<\/p>\n<p data-start=\"223\" data-end=\"555\">Les tapis de la ville de <strong data-start=\"241\" data-end=\"251\">Kashan<\/strong>, l&rsquo;un des centres les plus anciens et les plus estim\u00e9s de l&rsquo;art du tissage persan, repr\u00e9sentent le summum de l&rsquo;esth\u00e9tique classique persane. Leur composition ordonn\u00e9e, leur riche symbolisme et leur palette de couleurs raffin\u00e9e en font l&rsquo;un des choix les plus populaires aupr\u00e8s des amateurs de tapis traditionnels du monde entier. <\/p>\n<p data-start=\"557\" data-end=\"895\">L&rsquo;<strong data-start=\"557\" data-end=\"585\">esth\u00e9tique du tapis Kashan<\/strong> repose sur l&rsquo;\u00e9quilibre et l&rsquo;harmonie \u2013 il est reconnaissable \u00e0 son <strong data-start=\"656\" data-end=\"669\">m\u00e9daillon<\/strong> central orn\u00e9 de somptueux motifs floraux qui se d\u00e9ploient sur toute la surface sous forme de vignettes, de feuilles et d&rsquo;arabesques. Les motifs sont extr\u00eamement d\u00e9taill\u00e9s et r\u00e9alis\u00e9s avec une grande pr\u00e9cision, ce qui conf\u00e8re au tapis une sensation de d\u00e9licatesse et de noblesse. <\/p>\n<p data-start=\"897\" data-end=\"1220\">La <strong data-start=\"897\" data-end=\"914\">palette de couleurs<\/strong> des tapis Kashan comprend g\u00e9n\u00e9ralement des nuances de rouge profond, de bleu fonc\u00e9, d&rsquo;ivoire et d&rsquo;or, parfois aussi des tons plus doux de bleu\u00e2tre ou de pastel. Les couleurs sont obtenues \u00e0 partir de <strong data-start=\"1087\" data-end=\"1106\">colorants naturels<\/strong>, tels que l&rsquo;indigo, les racines de rhubarbe, la grenade ou les coques de noix, ce qui leur conf\u00e8re une douceur et une chaleur particuli\u00e8res. <\/p>\n","protected":false},"excerpt":{"rendered":"<p>N\u00b0 d&rsquo;enregistrement : 1163<\/p>\n<p>Dimensions : 335 x 242 cm<\/p>\n<p>Composition \/ Velours : laine<\/p>\n<p>Base \/ Base : coton \/ cotton<\/p>\n<p>Couleurs \/ Colours : v\u00e9g\u00e9tales \/ plants<\/p>\n<p>Design \/ Design : floral \/ floral<\/p>\n<p>Technique de tissage \/ Weaving technique : tapis nou\u00e9 main \/ handmade pile carpet<\/p>\n<p>Densit\u00e9 de nouage : 160 000 m\/2<\/p>\n<p>Origine : Iran<\/p>\n<p>&nbsp;<\/p>\n","protected":false},"featured_media":24749,"template":"","meta":{"iawp_total_views":1},"product_brand":[],"product_cat":[333,310],"product_tag":[],"class_list":{"0":"post-25697","1":"product","2":"type-product","3":"status-publish","4":"has-post-thumbnail","6":"product_cat-grands-tapis-fr","7":"product_cat-tapis-classiques","8":"pa_barva-osnovna-blanc-beige","9":"pa_material-laine-soie","10":"pa_oblika-rectangulaire","11":"pa_tip-preproge-classique-de-maitre","12":"pa_velikost-cca-350x250","14":"first","15":"instock","16":"sold-individually","17":"taxable","18":"shipping-taxable","19":"purchasable","20":"product-type-simple"},"yoast_head":"<!-- This site is optimized with the Yoast SEO plugin v27.3 - https:\/\/yoast.com\/product\/yoast-seo-wordpress\/ -->\n<title>Tapis persan Kashan \/ Tapis persan Kashan - Perzijske preproge Farzad<\/title>\n<meta name=\"robots\" content=\"index, follow, max-snippet:-1, max-image-preview:large, max-video-preview:-1\" \/>\n<link rel=\"canonical\" href=\"https:\/\/www.perzijskepreproge.si\/fr\/produit\/tapis-persan-kashan-tapis-persan-kashan-18\/\" \/>\n<meta property=\"og:locale\" content=\"fr_FR\" \/>\n<meta property=\"og:type\" content=\"article\" \/>\n<meta property=\"og:title\" content=\"Tapis persan Kashan \/ Tapis persan Kashan - Perzijske preproge Farzad\" \/>\n<meta property=\"og:description\" content=\"N\u00b0 d&#039;enregistrement : 1163 Dimensions : 335 x 242 cm Composition \/ Velours : laine Base \/ Base : coton \/ cotton Couleurs \/ Colours : v\u00e9g\u00e9tales \/ plants Design \/ Design : floral \/ floral Technique de tissage \/ Weaving technique : tapis nou\u00e9 main \/ handmade pile carpet Densit\u00e9 de nouage : 160 000 m\/2 Origine : Iran &nbsp;\" \/>\n<meta property=\"og:url\" content=\"https:\/\/www.perzijskepreproge.si\/fr\/produit\/tapis-persan-kashan-tapis-persan-kashan-18\/\" \/>\n<meta property=\"og:site_name\" content=\"Perzijske preproge Farzad\" \/>\n<meta property=\"article:modified_time\" content=\"2026-04-13T11:21:57+00:00\" \/>\n<meta property=\"og:image\" content=\"https:\/\/www.perzijskepreproge.si\/wp-content\/uploads\/2024\/11\/IMG_1268jpg.webp\" \/>\n\t<meta property=\"og:image:width\" content=\"1160\" \/>\n\t<meta property=\"og:image:height\" content=\"1200\" \/>\n\t<meta property=\"og:image:type\" content=\"image\/jpeg\" \/>\n<meta name=\"twitter:card\" content=\"summary_large_image\" \/>\n<meta name=\"twitter:label1\" content=\"Dur\u00e9e de lecture estim\u00e9e\" \/>\n\t<meta name=\"twitter:data1\" content=\"2 minutes\" \/>\n<script type=\"application\/ld+json\" class=\"yoast-schema-graph\">{\"@context\":\"https:\\\/\\\/schema.org\",\"@graph\":[{\"@type\":\"WebPage\",\"@id\":\"https:\\\/\\\/www.perzijskepreproge.si\\\/fr\\\/produit\\\/tapis-persan-kashan-tapis-persan-kashan-18\\\/\",\"url\":\"https:\\\/\\\/www.perzijskepreproge.si\\\/fr\\\/produit\\\/tapis-persan-kashan-tapis-persan-kashan-18\\\/\",\"name\":\"Tapis persan Kashan \\\/ Tapis persan Kashan - Perzijske preproge Farzad\",\"isPartOf\":{\"@id\":\"https:\\\/\\\/www.perzijskepreproge.si\\\/fr\\\/#website\"},\"primaryImageOfPage\":{\"@id\":\"https:\\\/\\\/www.perzijskepreproge.si\\\/fr\\\/produit\\\/tapis-persan-kashan-tapis-persan-kashan-18\\\/#primaryimage\"},\"image\":{\"@id\":\"https:\\\/\\\/www.perzijskepreproge.si\\\/fr\\\/produit\\\/tapis-persan-kashan-tapis-persan-kashan-18\\\/#primaryimage\"},\"thumbnailUrl\":\"https:\\\/\\\/www.perzijskepreproge.si\\\/wp-content\\\/uploads\\\/2024\\\/11\\\/IMG_1268jpg.jpg\",\"datePublished\":\"2024-11-07T14:28:28+00:00\",\"dateModified\":\"2026-04-13T11:21:57+00:00\",\"breadcrumb\":{\"@id\":\"https:\\\/\\\/www.perzijskepreproge.si\\\/fr\\\/produit\\\/tapis-persan-kashan-tapis-persan-kashan-18\\\/#breadcrumb\"},\"inLanguage\":\"fr-FR\",\"potentialAction\":[{\"@type\":\"ReadAction\",\"target\":[\"https:\\\/\\\/www.perzijskepreproge.si\\\/fr\\\/produit\\\/tapis-persan-kashan-tapis-persan-kashan-18\\\/\"]}]},{\"@type\":\"ImageObject\",\"inLanguage\":\"fr-FR\",\"@id\":\"https:\\\/\\\/www.perzijskepreproge.si\\\/fr\\\/produit\\\/tapis-persan-kashan-tapis-persan-kashan-18\\\/#primaryimage\",\"url\":\"https:\\\/\\\/www.perzijskepreproge.si\\\/wp-content\\\/uploads\\\/2024\\\/11\\\/IMG_1268jpg.jpg\",\"contentUrl\":\"https:\\\/\\\/www.perzijskepreproge.si\\\/wp-content\\\/uploads\\\/2024\\\/11\\\/IMG_1268jpg.jpg\",\"width\":1160,\"height\":1200},{\"@type\":\"BreadcrumbList\",\"@id\":\"https:\\\/\\\/www.perzijskepreproge.si\\\/fr\\\/produit\\\/tapis-persan-kashan-tapis-persan-kashan-18\\\/#breadcrumb\",\"itemListElement\":[{\"@type\":\"ListItem\",\"position\":1,\"name\":\"Maison\",\"item\":\"https:\\\/\\\/www.perzijskepreproge.si\\\/fr\\\/tapis-persans-farzad\\\/\"},{\"@type\":\"ListItem\",\"position\":2,\"name\":\"Boutique\",\"item\":\"https:\\\/\\\/www.perzijskepreproge.si\\\/fr\\\/boutique\\\/\"},{\"@type\":\"ListItem\",\"position\":3,\"name\":\"Tapis persan Kashan \\\/ Tapis persan Kashan\"}]},{\"@type\":\"WebSite\",\"@id\":\"https:\\\/\\\/www.perzijskepreproge.si\\\/fr\\\/#website\",\"url\":\"https:\\\/\\\/www.perzijskepreproge.si\\\/fr\\\/\",\"name\":\"Perzijske preproge Farzad\",\"description\":\"Perzijske preproge,  preprog in \u010di\u0161\u010denje preprog\",\"potentialAction\":[{\"@type\":\"SearchAction\",\"target\":{\"@type\":\"EntryPoint\",\"urlTemplate\":\"https:\\\/\\\/www.perzijskepreproge.si\\\/fr\\\/?s={search_term_string}\"},\"query-input\":{\"@type\":\"PropertyValueSpecification\",\"valueRequired\":true,\"valueName\":\"search_term_string\"}}],\"inLanguage\":\"fr-FR\"}]}<\/script>\n<!-- \/ Yoast SEO plugin. -->","yoast_head_json":{"title":"Tapis persan Kashan \/ Tapis persan Kashan - Perzijske preproge Farzad","robots":{"index":"index","follow":"follow","max-snippet":"max-snippet:-1","max-image-preview":"max-image-preview:large","max-video-preview":"max-video-preview:-1"},"canonical":"https:\/\/www.perzijskepreproge.si\/fr\/produit\/tapis-persan-kashan-tapis-persan-kashan-18\/","og_locale":"fr_FR","og_type":"article","og_title":"Tapis persan Kashan \/ Tapis persan Kashan - Perzijske preproge Farzad","og_description":"N\u00b0 d'enregistrement : 1163 Dimensions : 335 x 242 cm Composition \/ Velours : laine Base \/ Base : coton \/ cotton Couleurs \/ Colours : v\u00e9g\u00e9tales \/ plants Design \/ Design : floral \/ floral Technique de tissage \/ Weaving technique : tapis nou\u00e9 main \/ handmade pile carpet Densit\u00e9 de nouage : 160 000 m\/2 Origine : Iran &nbsp;","og_url":"https:\/\/www.perzijskepreproge.si\/fr\/produit\/tapis-persan-kashan-tapis-persan-kashan-18\/","og_site_name":"Perzijske preproge Farzad","article_modified_time":"2026-04-13T11:21:57+00:00","og_image":[{"width":1160,"height":1200,"url":"https:\/\/www.perzijskepreproge.si\/wp-content\/uploads\/2024\/11\/IMG_1268jpg.webp","type":"image\/jpeg"}],"twitter_card":"summary_large_image","twitter_misc":{"Dur\u00e9e de lecture estim\u00e9e":"2 minutes"},"schema":{"@context":"https:\/\/schema.org","@graph":[{"@type":"WebPage","@id":"https:\/\/www.perzijskepreproge.si\/fr\/produit\/tapis-persan-kashan-tapis-persan-kashan-18\/","url":"https:\/\/www.perzijskepreproge.si\/fr\/produit\/tapis-persan-kashan-tapis-persan-kashan-18\/","name":"Tapis persan Kashan \/ Tapis persan Kashan - Perzijske preproge Farzad","isPartOf":{"@id":"https:\/\/www.perzijskepreproge.si\/fr\/#website"},"primaryImageOfPage":{"@id":"https:\/\/www.perzijskepreproge.si\/fr\/produit\/tapis-persan-kashan-tapis-persan-kashan-18\/#primaryimage"},"image":{"@id":"https:\/\/www.perzijskepreproge.si\/fr\/produit\/tapis-persan-kashan-tapis-persan-kashan-18\/#primaryimage"},"thumbnailUrl":"https:\/\/www.perzijskepreproge.si\/wp-content\/uploads\/2024\/11\/IMG_1268jpg.jpg","datePublished":"2024-11-07T14:28:28+00:00","dateModified":"2026-04-13T11:21:57+00:00","breadcrumb":{"@id":"https:\/\/www.perzijskepreproge.si\/fr\/produit\/tapis-persan-kashan-tapis-persan-kashan-18\/#breadcrumb"},"inLanguage":"fr-FR","potentialAction":[{"@type":"ReadAction","target":["https:\/\/www.perzijskepreproge.si\/fr\/produit\/tapis-persan-kashan-tapis-persan-kashan-18\/"]}]},{"@type":"ImageObject","inLanguage":"fr-FR","@id":"https:\/\/www.perzijskepreproge.si\/fr\/produit\/tapis-persan-kashan-tapis-persan-kashan-18\/#primaryimage","url":"https:\/\/www.perzijskepreproge.si\/wp-content\/uploads\/2024\/11\/IMG_1268jpg.jpg","contentUrl":"https:\/\/www.perzijskepreproge.si\/wp-content\/uploads\/2024\/11\/IMG_1268jpg.jpg","width":1160,"height":1200},{"@type":"BreadcrumbList","@id":"https:\/\/www.perzijskepreproge.si\/fr\/produit\/tapis-persan-kashan-tapis-persan-kashan-18\/#breadcrumb","itemListElement":[{"@type":"ListItem","position":1,"name":"Maison","item":"https:\/\/www.perzijskepreproge.si\/fr\/tapis-persans-farzad\/"},{"@type":"ListItem","position":2,"name":"Boutique","item":"https:\/\/www.perzijskepreproge.si\/fr\/boutique\/"},{"@type":"ListItem","position":3,"name":"Tapis persan Kashan \/ Tapis persan Kashan"}]},{"@type":"WebSite","@id":"https:\/\/www.perzijskepreproge.si\/fr\/#website","url":"https:\/\/www.perzijskepreproge.si\/fr\/","name":"Perzijske preproge Farzad","description":"Perzijske preproge,  preprog in \u010di\u0161\u010denje preprog","potentialAction":[{"@type":"SearchAction","target":{"@type":"EntryPoint","urlTemplate":"https:\/\/www.perzijskepreproge.si\/fr\/?s={search_term_string}"},"query-input":{"@type":"PropertyValueSpecification","valueRequired":true,"valueName":"search_term_string"}}],"inLanguage":"fr-FR"}]}},"_links":{"self":[{"href":"https:\/\/www.perzijskepreproge.si\/fr\/wp-json\/wp\/v2\/product\/25697","targetHints":{"allow":["GET"]}}],"collection":[{"href":"https:\/\/www.perzijskepreproge.si\/fr\/wp-json\/wp\/v2\/product"}],"about":[{"href":"https:\/\/www.perzijskepreproge.si\/fr\/wp-json\/wp\/v2\/types\/product"}],"version-history":[{"count":1,"href":"https:\/\/www.perzijskepreproge.si\/fr\/wp-json\/wp\/v2\/product\/25697\/revisions"}],"predecessor-version":[{"id":29524,"href":"https:\/\/www.perzijskepreproge.si\/fr\/wp-json\/wp\/v2\/product\/25697\/revisions\/29524"}],"wp:featuredmedia":[{"embeddable":true,"href":"https:\/\/www.perzijskepreproge.si\/fr\/wp-json\/wp\/v2\/media\/24749"}],"wp:attachment":[{"href":"https:\/\/www.perzijskepreproge.si\/fr\/wp-json\/wp\/v2\/media?parent=25697"}],"wp:term":[{"taxonomy":"product_brand","embeddable":true,"href":"https:\/\/www.perzijskepreproge.si\/fr\/wp-json\/wp\/v2\/product_brand?post=25697"},{"taxonomy":"product_cat","embeddable":true,"href":"https:\/\/www.perzijskepreproge.si\/fr\/wp-json\/wp\/v2\/product_cat?post=25697"},{"taxonomy":"product_tag","embeddable":true,"href":"https:\/\/www.perzijskepreproge.si\/fr\/wp-json\/wp\/v2\/product_tag?post=25697"}],"curies":[{"name":"wp","href":"https:\/\/api.w.org\/{rel}","templated":true}]}}