{"id":25716,"date":"2024-11-05T16:30:50","date_gmt":"2024-11-05T15:30:50","guid":{"rendered":"https:\/\/www.perzijskepreproge.si\/izdelek\/tapis-persan-ziegler-tapis-persan-ziegler\/"},"modified":"2026-04-13T13:20:54","modified_gmt":"2026-04-13T11:20:54","slug":"tapis-persan-ziegler-tapis-persan-ziegler","status":"publish","type":"product","link":"https:\/\/www.perzijskepreproge.si\/fr\/produit\/tapis-persan-ziegler-tapis-persan-ziegler\/","title":{"rendered":"Tapis persan Ziegler \/ Persian carpet Ziegler"},"content":{"rendered":"<p data-start=\"0\" data-end=\"387\">Le tapis que vous voyez sur la photo est un magnifique exemple de <strong data-start=\"57\" data-end=\"95\">tapis persan de style Ziegler<\/strong>, r\u00e9put\u00e9 pour sa composition harmonieuse, sa riche palette de couleurs et son \u00e9quilibre esth\u00e9tique intemporel. Il s\u2019agit d\u2019un tapis nou\u00e9 main en <strong data-start=\"229\" data-end=\"249\">laine de la plus haute qualit\u00e9<\/strong>, qui lui conf\u00e8re une surface velout\u00e9e et une structure douce mais durable, adapt\u00e9e \u00e0 un usage quotidien, tout en conservant un caract\u00e8re artistique raffin\u00e9. <\/p>\n<p data-start=\"389\" data-end=\"798\">Le style Ziegler remonte \u00e0 la fin du XIXe si\u00e8cle, lorsque des commanditaires europ\u00e9ens souhaitaient des tapis persans adapt\u00e9s au go\u00fbt occidental \u2014 plus sobres, aux compositions plus \u00ab ouvertes \u00bb et aux contrastes plus doux. Mais cet exemplaire s\u2019\u00e9carte du minimalisme \u00e9pur\u00e9 du Ziegler classique : le fond rouge profond, rehauss\u00e9 de tons dor\u00e9s et bleus, cr\u00e9e une impression de luxe qui reste \u00e9l\u00e9gante et \u00e9quilibr\u00e9e.  <\/p>\n<p data-start=\"800\" data-end=\"1211\">Au centre du tapis s\u2019\u00e9tend un majestueux <strong data-start=\"846\" data-end=\"868\">motif \u00e0 m\u00e9daillon<\/strong>, encadr\u00e9 d\u2019arabesques et de motifs floraux qui se d\u00e9ploient vers les bords. La conception typique de Ziegler se r\u00e9v\u00e8le dans la mani\u00e8re dont le dessin \u00ab s\u2019ouvre \u00bb, offrant plus d\u2019a\u00e9ration et moins de saturation visuelle, malgr\u00e9 la richesse de l\u2019ornementation. La bordure, avec ses cypr\u00e8s ou arbres de vie g\u00e9om\u00e9triquement stylis\u00e9s, ajoute une profondeur symbolique suppl\u00e9mentaire.  <\/p>\n<p data-start=\"1213\" data-end=\"1760\" data-is-last-node=\"\" data-is-only-node=\"\">Ce tapis agit comme un objet d\u2019art porteur d\u2019un r\u00e9cit \u2014 discret mais pr\u00e9sent, il apporte au lieu du caract\u00e8re, de la chaleur et une noblesse orientale subtile. Dans un int\u00e9rieur classique, il s\u2019\u00e9panouit comme partie int\u00e9grante de la tradition, tandis que dans un espace contemporain, il peut cr\u00e9er un contrepoint saisissant \u2014 un accent chaud et terreux qui \u00e9quilibre la froideur des lignes et des mat\u00e9riaux modernes. Les tapis Ziegler comme celui-ci sont donc tr\u00e8s appr\u00e9ci\u00e9s des connaisseurs comme des architectes d\u2019int\u00e9rieur, car ils allient un savoir-faire artisanal ancestral \u00e0 un sens du go\u00fbt actuel.  <\/p>\n","protected":false},"excerpt":{"rendered":"<p>N\u00b0 d\u2019enreg. : 1072<\/p>\n<p>Dimensions \/ Size : 410 \u00d7 300 cm<\/p>\n<p>Composition \/ Velours : laine<\/p>\n<p>Base \/ Base : coton \/ cotton<\/p>\n<p>Couleurs \/ Colours : v\u00e9g\u00e9tales \/ plants<\/p>\n<p>Design \/ Design : floral \/ floral<\/p>\n<p>Technique de tissage \/ Weaving technique : tapis nou\u00e9 main \/ handmade pile carpet<\/p>\n<p>Densit\u00e9 de nouage \/ Knot density : 250\u202f000\/m\u00b2<\/p>\n<p>Origine : Iran<\/p>\n<p>&nbsp;<\/p>\n","protected":false},"featured_media":24690,"template":"","meta":{"iawp_total_views":3},"product_brand":[],"product_cat":[333,310],"product_tag":[],"class_list":{"0":"post-25716","1":"product","2":"type-product","3":"status-publish","4":"has-post-thumbnail","6":"product_cat-grands-tapis-fr","7":"product_cat-tapis-classiques","8":"pa_barva-osnovna-orange-curcuma","9":"pa_barva-osnovna-rouge-bordeaux","10":"pa_material-laine","11":"pa_oblika-rectangulaire","12":"pa_tip-preproge-classique-de-maitre","13":"pa_velikost-cca-400x300","15":"first","16":"instock","17":"sold-individually","18":"taxable","19":"shipping-taxable","20":"purchasable","21":"product-type-simple"},"yoast_head":"<!-- This site is optimized with the Yoast SEO plugin v27.3 - https:\/\/yoast.com\/product\/yoast-seo-wordpress\/ -->\n<title>Tapis persan Ziegler \/ Persian carpet Ziegler - Perzijske preproge Farzad<\/title>\n<meta name=\"robots\" content=\"index, follow, max-snippet:-1, max-image-preview:large, max-video-preview:-1\" \/>\n<link rel=\"canonical\" href=\"https:\/\/www.perzijskepreproge.si\/fr\/produit\/tapis-persan-ziegler-tapis-persan-ziegler\/\" \/>\n<meta property=\"og:locale\" content=\"fr_FR\" \/>\n<meta property=\"og:type\" content=\"article\" \/>\n<meta property=\"og:title\" content=\"Tapis persan Ziegler \/ Persian carpet Ziegler - Perzijske preproge Farzad\" \/>\n<meta property=\"og:description\" content=\"N\u00b0 d\u2019enreg. : 1072 Dimensions \/ Size : 410 \u00d7 300 cm Composition \/ Velours : laine Base \/ Base : coton \/ cotton Couleurs \/ Colours : v\u00e9g\u00e9tales \/ plants Design \/ Design : floral \/ floral Technique de tissage \/ Weaving technique : tapis nou\u00e9 main \/ handmade pile carpet Densit\u00e9 de nouage \/ Knot density : 250\u202f000\/m\u00b2 Origine : Iran &nbsp;\" \/>\n<meta property=\"og:url\" content=\"https:\/\/www.perzijskepreproge.si\/fr\/produit\/tapis-persan-ziegler-tapis-persan-ziegler\/\" \/>\n<meta property=\"og:site_name\" content=\"Perzijske preproge Farzad\" \/>\n<meta property=\"article:modified_time\" content=\"2026-04-13T11:20:54+00:00\" \/>\n<meta property=\"og:image\" content=\"https:\/\/www.perzijskepreproge.si\/wp-content\/uploads\/2024\/11\/IMG_1180jpg.webp\" \/>\n\t<meta property=\"og:image:width\" content=\"739\" \/>\n\t<meta property=\"og:image:height\" content=\"900\" \/>\n\t<meta property=\"og:image:type\" content=\"image\/jpeg\" \/>\n<meta name=\"twitter:card\" content=\"summary_large_image\" \/>\n<meta name=\"twitter:label1\" content=\"Dur\u00e9e de lecture estim\u00e9e\" \/>\n\t<meta name=\"twitter:data1\" content=\"2 minutes\" \/>\n<script type=\"application\/ld+json\" class=\"yoast-schema-graph\">{\"@context\":\"https:\\\/\\\/schema.org\",\"@graph\":[{\"@type\":\"WebPage\",\"@id\":\"https:\\\/\\\/www.perzijskepreproge.si\\\/fr\\\/produit\\\/tapis-persan-ziegler-tapis-persan-ziegler\\\/\",\"url\":\"https:\\\/\\\/www.perzijskepreproge.si\\\/fr\\\/produit\\\/tapis-persan-ziegler-tapis-persan-ziegler\\\/\",\"name\":\"Tapis persan Ziegler \\\/ Persian carpet Ziegler - Perzijske preproge Farzad\",\"isPartOf\":{\"@id\":\"https:\\\/\\\/www.perzijskepreproge.si\\\/fr\\\/#website\"},\"primaryImageOfPage\":{\"@id\":\"https:\\\/\\\/www.perzijskepreproge.si\\\/fr\\\/produit\\\/tapis-persan-ziegler-tapis-persan-ziegler\\\/#primaryimage\"},\"image\":{\"@id\":\"https:\\\/\\\/www.perzijskepreproge.si\\\/fr\\\/produit\\\/tapis-persan-ziegler-tapis-persan-ziegler\\\/#primaryimage\"},\"thumbnailUrl\":\"https:\\\/\\\/www.perzijskepreproge.si\\\/wp-content\\\/uploads\\\/2024\\\/11\\\/IMG_1180jpg.jpg\",\"datePublished\":\"2024-11-05T15:30:50+00:00\",\"dateModified\":\"2026-04-13T11:20:54+00:00\",\"breadcrumb\":{\"@id\":\"https:\\\/\\\/www.perzijskepreproge.si\\\/fr\\\/produit\\\/tapis-persan-ziegler-tapis-persan-ziegler\\\/#breadcrumb\"},\"inLanguage\":\"fr-FR\",\"potentialAction\":[{\"@type\":\"ReadAction\",\"target\":[\"https:\\\/\\\/www.perzijskepreproge.si\\\/fr\\\/produit\\\/tapis-persan-ziegler-tapis-persan-ziegler\\\/\"]}]},{\"@type\":\"ImageObject\",\"inLanguage\":\"fr-FR\",\"@id\":\"https:\\\/\\\/www.perzijskepreproge.si\\\/fr\\\/produit\\\/tapis-persan-ziegler-tapis-persan-ziegler\\\/#primaryimage\",\"url\":\"https:\\\/\\\/www.perzijskepreproge.si\\\/wp-content\\\/uploads\\\/2024\\\/11\\\/IMG_1180jpg.jpg\",\"contentUrl\":\"https:\\\/\\\/www.perzijskepreproge.si\\\/wp-content\\\/uploads\\\/2024\\\/11\\\/IMG_1180jpg.jpg\",\"width\":739,\"height\":900},{\"@type\":\"BreadcrumbList\",\"@id\":\"https:\\\/\\\/www.perzijskepreproge.si\\\/fr\\\/produit\\\/tapis-persan-ziegler-tapis-persan-ziegler\\\/#breadcrumb\",\"itemListElement\":[{\"@type\":\"ListItem\",\"position\":1,\"name\":\"Maison\",\"item\":\"https:\\\/\\\/www.perzijskepreproge.si\\\/fr\\\/tapis-persans-farzad\\\/\"},{\"@type\":\"ListItem\",\"position\":2,\"name\":\"Boutique\",\"item\":\"https:\\\/\\\/www.perzijskepreproge.si\\\/fr\\\/boutique\\\/\"},{\"@type\":\"ListItem\",\"position\":3,\"name\":\"Tapis persan Ziegler \\\/ Persian carpet Ziegler\"}]},{\"@type\":\"WebSite\",\"@id\":\"https:\\\/\\\/www.perzijskepreproge.si\\\/fr\\\/#website\",\"url\":\"https:\\\/\\\/www.perzijskepreproge.si\\\/fr\\\/\",\"name\":\"Perzijske preproge Farzad\",\"description\":\"Perzijske preproge,  preprog in \u010di\u0161\u010denje preprog\",\"potentialAction\":[{\"@type\":\"SearchAction\",\"target\":{\"@type\":\"EntryPoint\",\"urlTemplate\":\"https:\\\/\\\/www.perzijskepreproge.si\\\/fr\\\/?s={search_term_string}\"},\"query-input\":{\"@type\":\"PropertyValueSpecification\",\"valueRequired\":true,\"valueName\":\"search_term_string\"}}],\"inLanguage\":\"fr-FR\"}]}<\/script>\n<!-- \/ Yoast SEO plugin. -->","yoast_head_json":{"title":"Tapis persan Ziegler \/ Persian carpet Ziegler - Perzijske preproge Farzad","robots":{"index":"index","follow":"follow","max-snippet":"max-snippet:-1","max-image-preview":"max-image-preview:large","max-video-preview":"max-video-preview:-1"},"canonical":"https:\/\/www.perzijskepreproge.si\/fr\/produit\/tapis-persan-ziegler-tapis-persan-ziegler\/","og_locale":"fr_FR","og_type":"article","og_title":"Tapis persan Ziegler \/ Persian carpet Ziegler - Perzijske preproge Farzad","og_description":"N\u00b0 d\u2019enreg. : 1072 Dimensions \/ Size : 410 \u00d7 300 cm Composition \/ Velours : laine Base \/ Base : coton \/ cotton Couleurs \/ Colours : v\u00e9g\u00e9tales \/ plants Design \/ Design : floral \/ floral Technique de tissage \/ Weaving technique : tapis nou\u00e9 main \/ handmade pile carpet Densit\u00e9 de nouage \/ Knot density : 250\u202f000\/m\u00b2 Origine : Iran &nbsp;","og_url":"https:\/\/www.perzijskepreproge.si\/fr\/produit\/tapis-persan-ziegler-tapis-persan-ziegler\/","og_site_name":"Perzijske preproge Farzad","article_modified_time":"2026-04-13T11:20:54+00:00","og_image":[{"width":739,"height":900,"url":"https:\/\/www.perzijskepreproge.si\/wp-content\/uploads\/2024\/11\/IMG_1180jpg.webp","type":"image\/jpeg"}],"twitter_card":"summary_large_image","twitter_misc":{"Dur\u00e9e de lecture estim\u00e9e":"2 minutes"},"schema":{"@context":"https:\/\/schema.org","@graph":[{"@type":"WebPage","@id":"https:\/\/www.perzijskepreproge.si\/fr\/produit\/tapis-persan-ziegler-tapis-persan-ziegler\/","url":"https:\/\/www.perzijskepreproge.si\/fr\/produit\/tapis-persan-ziegler-tapis-persan-ziegler\/","name":"Tapis persan Ziegler \/ Persian carpet Ziegler - Perzijske preproge Farzad","isPartOf":{"@id":"https:\/\/www.perzijskepreproge.si\/fr\/#website"},"primaryImageOfPage":{"@id":"https:\/\/www.perzijskepreproge.si\/fr\/produit\/tapis-persan-ziegler-tapis-persan-ziegler\/#primaryimage"},"image":{"@id":"https:\/\/www.perzijskepreproge.si\/fr\/produit\/tapis-persan-ziegler-tapis-persan-ziegler\/#primaryimage"},"thumbnailUrl":"https:\/\/www.perzijskepreproge.si\/wp-content\/uploads\/2024\/11\/IMG_1180jpg.jpg","datePublished":"2024-11-05T15:30:50+00:00","dateModified":"2026-04-13T11:20:54+00:00","breadcrumb":{"@id":"https:\/\/www.perzijskepreproge.si\/fr\/produit\/tapis-persan-ziegler-tapis-persan-ziegler\/#breadcrumb"},"inLanguage":"fr-FR","potentialAction":[{"@type":"ReadAction","target":["https:\/\/www.perzijskepreproge.si\/fr\/produit\/tapis-persan-ziegler-tapis-persan-ziegler\/"]}]},{"@type":"ImageObject","inLanguage":"fr-FR","@id":"https:\/\/www.perzijskepreproge.si\/fr\/produit\/tapis-persan-ziegler-tapis-persan-ziegler\/#primaryimage","url":"https:\/\/www.perzijskepreproge.si\/wp-content\/uploads\/2024\/11\/IMG_1180jpg.jpg","contentUrl":"https:\/\/www.perzijskepreproge.si\/wp-content\/uploads\/2024\/11\/IMG_1180jpg.jpg","width":739,"height":900},{"@type":"BreadcrumbList","@id":"https:\/\/www.perzijskepreproge.si\/fr\/produit\/tapis-persan-ziegler-tapis-persan-ziegler\/#breadcrumb","itemListElement":[{"@type":"ListItem","position":1,"name":"Maison","item":"https:\/\/www.perzijskepreproge.si\/fr\/tapis-persans-farzad\/"},{"@type":"ListItem","position":2,"name":"Boutique","item":"https:\/\/www.perzijskepreproge.si\/fr\/boutique\/"},{"@type":"ListItem","position":3,"name":"Tapis persan Ziegler \/ Persian carpet Ziegler"}]},{"@type":"WebSite","@id":"https:\/\/www.perzijskepreproge.si\/fr\/#website","url":"https:\/\/www.perzijskepreproge.si\/fr\/","name":"Perzijske preproge Farzad","description":"Perzijske preproge,  preprog in \u010di\u0161\u010denje preprog","potentialAction":[{"@type":"SearchAction","target":{"@type":"EntryPoint","urlTemplate":"https:\/\/www.perzijskepreproge.si\/fr\/?s={search_term_string}"},"query-input":{"@type":"PropertyValueSpecification","valueRequired":true,"valueName":"search_term_string"}}],"inLanguage":"fr-FR"}]}},"_links":{"self":[{"href":"https:\/\/www.perzijskepreproge.si\/fr\/wp-json\/wp\/v2\/product\/25716","targetHints":{"allow":["GET"]}}],"collection":[{"href":"https:\/\/www.perzijskepreproge.si\/fr\/wp-json\/wp\/v2\/product"}],"about":[{"href":"https:\/\/www.perzijskepreproge.si\/fr\/wp-json\/wp\/v2\/types\/product"}],"version-history":[{"count":1,"href":"https:\/\/www.perzijskepreproge.si\/fr\/wp-json\/wp\/v2\/product\/25716\/revisions"}],"predecessor-version":[{"id":29511,"href":"https:\/\/www.perzijskepreproge.si\/fr\/wp-json\/wp\/v2\/product\/25716\/revisions\/29511"}],"wp:featuredmedia":[{"embeddable":true,"href":"https:\/\/www.perzijskepreproge.si\/fr\/wp-json\/wp\/v2\/media\/24690"}],"wp:attachment":[{"href":"https:\/\/www.perzijskepreproge.si\/fr\/wp-json\/wp\/v2\/media?parent=25716"}],"wp:term":[{"taxonomy":"product_brand","embeddable":true,"href":"https:\/\/www.perzijskepreproge.si\/fr\/wp-json\/wp\/v2\/product_brand?post=25716"},{"taxonomy":"product_cat","embeddable":true,"href":"https:\/\/www.perzijskepreproge.si\/fr\/wp-json\/wp\/v2\/product_cat?post=25716"},{"taxonomy":"product_tag","embeddable":true,"href":"https:\/\/www.perzijskepreproge.si\/fr\/wp-json\/wp\/v2\/product_tag?post=25716"}],"curies":[{"name":"wp","href":"https:\/\/api.w.org\/{rel}","templated":true}]}}