{"id":25752,"date":"2024-04-23T16:04:03","date_gmt":"2024-04-23T14:04:03","guid":{"rendered":"https:\/\/www.perzijskepreproge.si\/izdelek\/tapis-persan-tabriz-tapis-persan-tabriz-15\/"},"modified":"2024-04-23T16:04:03","modified_gmt":"2024-04-23T14:04:03","slug":"tapis-persan-tabriz-tapis-persan-tabriz-15","status":"publish","type":"product","link":"https:\/\/www.perzijskepreproge.si\/fr\/produit\/tapis-persan-tabriz-tapis-persan-tabriz-15\/","title":{"rendered":"Tapis persan Tabriz \/ Tapis persan Tabriz"},"content":{"rendered":"<p>La ville de Tabriz est situ\u00e9e \u00e0 600 km \u00e0 l&rsquo;ouest de T\u00e9h\u00e9ran et est la capitale de la province d&rsquo;Azerba\u00efdjan. Les Azars qui y vivent constituent la plus grande minorit\u00e9 ethnique d&rsquo;Iran et parlent un dialecte turc. Tabriz est une ville ancienne qui occupe depuis des si\u00e8cles une position commerciale importante dans la r\u00e9gion frontali\u00e8re. <em>La Mosqu\u00e9e Bleue et le Grand Bazar sont tr\u00e8s c\u00e9l\u00e8bres.<\/em>   <\/p>\n<p>Tabriz abrite des tapis persans de la plus haute qualit\u00e9, raffin\u00e9s et tr\u00e8s pris\u00e9s, dot\u00e9s d&rsquo;une grande valeur artistique. Ces tapis ont g\u00e9n\u00e9ralement des n\u0153uds courts et solides qui sont tr\u00e8s dens\u00e9ment nou\u00e9s. Un motif caract\u00e9ristique est un motif avec un m\u00e9daillon central <em>(persan : toranj)<\/em> entour\u00e9 d&rsquo;arabesques, de vrilles ou de cypr\u00e8s ( <em>motif boteh<\/em> ). Un autre motif bien connu est celui des quatre saisons. Parfois, des vers de po\u00e8tes ou de philosophes persans tels que Sadi, Hafez, Firduzi et Omar Khayam (entre autres, un math\u00e9maticien) sont \u00e9galement tiss\u00e9s dans le tapis.    <\/p>\n<p>Depuis des mill\u00e9naires, Tabriz est un lieu de rencontre de diff\u00e9rentes cultures et son bazar est l&rsquo;un des centres commerciaux les plus importants de l&rsquo;ancienne route de la soie. Le Grand Bazar est situ\u00e9 dans le centre-ville et se compose de plusieurs bazars plus petits tels que Amir Bazar (bijoux, or), Mozzafarieh (tapis) et bien d&rsquo;autres. La ville a atteint sa plus grande prosp\u00e9rit\u00e9 pendant la dynastie safavide au XVIe si\u00e8cle, p\u00e9riode pendant laquelle Tabriz \u00e9tait la capitale du royaume safavide. La dynastie safavide a soutenu les arts et, \u00e0 cette \u00e9poque, des chefs-d&rsquo;\u0153uvre inestimables ont \u00e9t\u00e9 cr\u00e9\u00e9s, qui peuvent aujourd&rsquo;hui \u00eatre vus dans tous les grands mus\u00e9es du monde. (New York, Londres, Paris, Vienne)     <\/p>\n<p>La dynastie safavide, nomm\u00e9e d&rsquo;apr\u00e8s les musulmans soufis et originaire d&rsquo;Ardabil dans le nord-ouest de l&rsquo;Iran, a adopt\u00e9 l&rsquo;islam chiite, a r\u00e9unifi\u00e9 le pays et a encourag\u00e9 le d\u00e9veloppement des arts. Sous leur r\u00e8gne, l\u2019art des Perses connut une v\u00e9ritable renaissance. La calligraphie, la peinture, le travail du cuir, l\u2019architecture et la fabrication de tapis \u00e9taient en plein essor. \u00c0 cette \u00e9poque, les artisans de la cour perse, les peintres et d&rsquo;autres artistes cr\u00e9aient des motifs et des mod\u00e8les int\u00e9ressants pour les tapis qui sont encore imit\u00e9s aujourd&rsquo;hui. Les chefs-d&rsquo;\u0153uvre des fabricants de tapis de la cour safavide \u00e9taient si accomplis et raffin\u00e9s qu&rsquo;\u00e0 ce jour, seuls quelques-uns ont r\u00e9ussi \u00e0 recr\u00e9er avec pr\u00e9cision les motifs safavides originaux. Ces ma\u00eetres ont cr\u00e9\u00e9 environ 1 500 tapis de cour au cours de cette p\u00e9riode, dont beaucoup sont des chefs-d&rsquo;\u0153uvre de renomm\u00e9e mondiale. Les rois safavides tels que Shah Tahmasp et Shah Abbas ont \u00e9tabli des ateliers de fabrication de tapis de cour dans les villes de Kashan, Ispahan, Tabriz, Qazvin, Kerman et dans de nombreuses autres r\u00e9gions de ce qui \u00e9tait alors la Perse.      <\/p>\n","protected":false},"excerpt":{"rendered":"<p>R\u00e9g. n\u00b0 : 1116<\/p>\n<p>Dimensions : 400 x 80 cm<\/p>\n<p>Mati\u00e8re \/ Poil : laine, soie<\/p>\n<p>Base : coton<\/p>\n<p>Couleurs : plantes<\/p>\n<p>Motif : floral<\/p>\n<p>Technique de tissage : tapis \u00e0 poils fait main<\/p>\n<p>Densit\u00e9 de n\u0153uds : 490 000 m\/2<\/p>\n<p>Origine : Iran<\/p>\n<p>&nbsp;<\/p>\n","protected":false},"featured_media":24236,"template":"","meta":{"iawp_total_views":1},"product_brand":[],"product_cat":[274],"product_tag":[],"class_list":{"0":"post-25752","1":"product","2":"type-product","3":"status-publish","4":"has-post-thumbnail","6":"product_cat-coureurs","7":"pa_barva-osnovna-rouge-bordeaux","8":"pa_material-laine","9":"pa_oblika-coureurs","10":"pa_velikost-cca-coureur","12":"first","13":"instock","14":"sold-individually","15":"taxable","16":"shipping-taxable","17":"purchasable","18":"product-type-simple"},"yoast_head":"<!-- This site is optimized with the Yoast SEO plugin v27.3 - https:\/\/yoast.com\/product\/yoast-seo-wordpress\/ -->\n<title>Tapis persan Tabriz \/ Tapis persan Tabriz - Perzijske preproge Farzad<\/title>\n<meta name=\"robots\" content=\"index, follow, max-snippet:-1, max-image-preview:large, max-video-preview:-1\" \/>\n<link rel=\"canonical\" href=\"https:\/\/www.perzijskepreproge.si\/fr\/produit\/tapis-persan-tabriz-tapis-persan-tabriz-15\/\" \/>\n<meta property=\"og:locale\" content=\"fr_FR\" \/>\n<meta property=\"og:type\" content=\"article\" \/>\n<meta property=\"og:title\" content=\"Tapis persan Tabriz \/ Tapis persan Tabriz - Perzijske preproge Farzad\" \/>\n<meta property=\"og:description\" content=\"R\u00e9g. n\u00b0 : 1116 Dimensions : 400 x 80 cm Mati\u00e8re \/ Poil : laine, soie Base : coton Couleurs : plantes Motif : floral Technique de tissage : tapis \u00e0 poils fait main Densit\u00e9 de n\u0153uds : 490 000 m\/2 Origine : Iran &nbsp;\" \/>\n<meta property=\"og:url\" content=\"https:\/\/www.perzijskepreproge.si\/fr\/produit\/tapis-persan-tabriz-tapis-persan-tabriz-15\/\" \/>\n<meta property=\"og:site_name\" content=\"Perzijske preproge Farzad\" \/>\n<meta property=\"og:image\" content=\"https:\/\/www.perzijskepreproge.si\/wp-content\/uploads\/2024\/04\/IMG_20240423_153155_resized_20240423_040448471jpg.jpg\" \/>\n\t<meta property=\"og:image:width\" content=\"950\" \/>\n\t<meta property=\"og:image:height\" content=\"1500\" \/>\n\t<meta property=\"og:image:type\" content=\"image\/jpeg\" \/>\n<meta name=\"twitter:card\" content=\"summary_large_image\" \/>\n<meta name=\"twitter:label1\" content=\"Dur\u00e9e de lecture estim\u00e9e\" \/>\n\t<meta name=\"twitter:data1\" content=\"3 minutes\" \/>\n<script type=\"application\/ld+json\" class=\"yoast-schema-graph\">{\"@context\":\"https:\\\/\\\/schema.org\",\"@graph\":[{\"@type\":\"WebPage\",\"@id\":\"https:\\\/\\\/www.perzijskepreproge.si\\\/fr\\\/produit\\\/tapis-persan-tabriz-tapis-persan-tabriz-15\\\/\",\"url\":\"https:\\\/\\\/www.perzijskepreproge.si\\\/fr\\\/produit\\\/tapis-persan-tabriz-tapis-persan-tabriz-15\\\/\",\"name\":\"Tapis persan Tabriz \\\/ Tapis persan Tabriz - Perzijske preproge Farzad\",\"isPartOf\":{\"@id\":\"https:\\\/\\\/www.perzijskepreproge.si\\\/fr\\\/#website\"},\"primaryImageOfPage\":{\"@id\":\"https:\\\/\\\/www.perzijskepreproge.si\\\/fr\\\/produit\\\/tapis-persan-tabriz-tapis-persan-tabriz-15\\\/#primaryimage\"},\"image\":{\"@id\":\"https:\\\/\\\/www.perzijskepreproge.si\\\/fr\\\/produit\\\/tapis-persan-tabriz-tapis-persan-tabriz-15\\\/#primaryimage\"},\"thumbnailUrl\":\"https:\\\/\\\/www.perzijskepreproge.si\\\/wp-content\\\/uploads\\\/2024\\\/04\\\/IMG_20240423_153155_resized_20240423_040448471jpg.jpg\",\"datePublished\":\"2024-04-23T14:04:03+00:00\",\"breadcrumb\":{\"@id\":\"https:\\\/\\\/www.perzijskepreproge.si\\\/fr\\\/produit\\\/tapis-persan-tabriz-tapis-persan-tabriz-15\\\/#breadcrumb\"},\"inLanguage\":\"fr-FR\",\"potentialAction\":[{\"@type\":\"ReadAction\",\"target\":[\"https:\\\/\\\/www.perzijskepreproge.si\\\/fr\\\/produit\\\/tapis-persan-tabriz-tapis-persan-tabriz-15\\\/\"]}]},{\"@type\":\"ImageObject\",\"inLanguage\":\"fr-FR\",\"@id\":\"https:\\\/\\\/www.perzijskepreproge.si\\\/fr\\\/produit\\\/tapis-persan-tabriz-tapis-persan-tabriz-15\\\/#primaryimage\",\"url\":\"https:\\\/\\\/www.perzijskepreproge.si\\\/wp-content\\\/uploads\\\/2024\\\/04\\\/IMG_20240423_153155_resized_20240423_040448471jpg.jpg\",\"contentUrl\":\"https:\\\/\\\/www.perzijskepreproge.si\\\/wp-content\\\/uploads\\\/2024\\\/04\\\/IMG_20240423_153155_resized_20240423_040448471jpg.jpg\",\"width\":950,\"height\":1500},{\"@type\":\"BreadcrumbList\",\"@id\":\"https:\\\/\\\/www.perzijskepreproge.si\\\/fr\\\/produit\\\/tapis-persan-tabriz-tapis-persan-tabriz-15\\\/#breadcrumb\",\"itemListElement\":[{\"@type\":\"ListItem\",\"position\":1,\"name\":\"Maison\",\"item\":\"https:\\\/\\\/www.perzijskepreproge.si\\\/fr\\\/tapis-persans-farzad\\\/\"},{\"@type\":\"ListItem\",\"position\":2,\"name\":\"Boutique\",\"item\":\"https:\\\/\\\/www.perzijskepreproge.si\\\/fr\\\/boutique\\\/\"},{\"@type\":\"ListItem\",\"position\":3,\"name\":\"Tapis persan Tabriz \\\/ Tapis persan Tabriz\"}]},{\"@type\":\"WebSite\",\"@id\":\"https:\\\/\\\/www.perzijskepreproge.si\\\/fr\\\/#website\",\"url\":\"https:\\\/\\\/www.perzijskepreproge.si\\\/fr\\\/\",\"name\":\"Perzijske preproge Farzad\",\"description\":\"Perzijske preproge,  preprog in \u010di\u0161\u010denje preprog\",\"potentialAction\":[{\"@type\":\"SearchAction\",\"target\":{\"@type\":\"EntryPoint\",\"urlTemplate\":\"https:\\\/\\\/www.perzijskepreproge.si\\\/fr\\\/?s={search_term_string}\"},\"query-input\":{\"@type\":\"PropertyValueSpecification\",\"valueRequired\":true,\"valueName\":\"search_term_string\"}}],\"inLanguage\":\"fr-FR\"}]}<\/script>\n<!-- \/ Yoast SEO plugin. -->","yoast_head_json":{"title":"Tapis persan Tabriz \/ Tapis persan Tabriz - Perzijske preproge Farzad","robots":{"index":"index","follow":"follow","max-snippet":"max-snippet:-1","max-image-preview":"max-image-preview:large","max-video-preview":"max-video-preview:-1"},"canonical":"https:\/\/www.perzijskepreproge.si\/fr\/produit\/tapis-persan-tabriz-tapis-persan-tabriz-15\/","og_locale":"fr_FR","og_type":"article","og_title":"Tapis persan Tabriz \/ Tapis persan Tabriz - Perzijske preproge Farzad","og_description":"R\u00e9g. n\u00b0 : 1116 Dimensions : 400 x 80 cm Mati\u00e8re \/ Poil : laine, soie Base : coton Couleurs : plantes Motif : floral Technique de tissage : tapis \u00e0 poils fait main Densit\u00e9 de n\u0153uds : 490 000 m\/2 Origine : Iran &nbsp;","og_url":"https:\/\/www.perzijskepreproge.si\/fr\/produit\/tapis-persan-tabriz-tapis-persan-tabriz-15\/","og_site_name":"Perzijske preproge Farzad","og_image":[{"width":950,"height":1500,"url":"https:\/\/www.perzijskepreproge.si\/wp-content\/uploads\/2024\/04\/IMG_20240423_153155_resized_20240423_040448471jpg.jpg","type":"image\/jpeg"}],"twitter_card":"summary_large_image","twitter_misc":{"Dur\u00e9e de lecture estim\u00e9e":"3 minutes"},"schema":{"@context":"https:\/\/schema.org","@graph":[{"@type":"WebPage","@id":"https:\/\/www.perzijskepreproge.si\/fr\/produit\/tapis-persan-tabriz-tapis-persan-tabriz-15\/","url":"https:\/\/www.perzijskepreproge.si\/fr\/produit\/tapis-persan-tabriz-tapis-persan-tabriz-15\/","name":"Tapis persan Tabriz \/ Tapis persan Tabriz - Perzijske preproge Farzad","isPartOf":{"@id":"https:\/\/www.perzijskepreproge.si\/fr\/#website"},"primaryImageOfPage":{"@id":"https:\/\/www.perzijskepreproge.si\/fr\/produit\/tapis-persan-tabriz-tapis-persan-tabriz-15\/#primaryimage"},"image":{"@id":"https:\/\/www.perzijskepreproge.si\/fr\/produit\/tapis-persan-tabriz-tapis-persan-tabriz-15\/#primaryimage"},"thumbnailUrl":"https:\/\/www.perzijskepreproge.si\/wp-content\/uploads\/2024\/04\/IMG_20240423_153155_resized_20240423_040448471jpg.jpg","datePublished":"2024-04-23T14:04:03+00:00","breadcrumb":{"@id":"https:\/\/www.perzijskepreproge.si\/fr\/produit\/tapis-persan-tabriz-tapis-persan-tabriz-15\/#breadcrumb"},"inLanguage":"fr-FR","potentialAction":[{"@type":"ReadAction","target":["https:\/\/www.perzijskepreproge.si\/fr\/produit\/tapis-persan-tabriz-tapis-persan-tabriz-15\/"]}]},{"@type":"ImageObject","inLanguage":"fr-FR","@id":"https:\/\/www.perzijskepreproge.si\/fr\/produit\/tapis-persan-tabriz-tapis-persan-tabriz-15\/#primaryimage","url":"https:\/\/www.perzijskepreproge.si\/wp-content\/uploads\/2024\/04\/IMG_20240423_153155_resized_20240423_040448471jpg.jpg","contentUrl":"https:\/\/www.perzijskepreproge.si\/wp-content\/uploads\/2024\/04\/IMG_20240423_153155_resized_20240423_040448471jpg.jpg","width":950,"height":1500},{"@type":"BreadcrumbList","@id":"https:\/\/www.perzijskepreproge.si\/fr\/produit\/tapis-persan-tabriz-tapis-persan-tabriz-15\/#breadcrumb","itemListElement":[{"@type":"ListItem","position":1,"name":"Maison","item":"https:\/\/www.perzijskepreproge.si\/fr\/tapis-persans-farzad\/"},{"@type":"ListItem","position":2,"name":"Boutique","item":"https:\/\/www.perzijskepreproge.si\/fr\/boutique\/"},{"@type":"ListItem","position":3,"name":"Tapis persan Tabriz \/ Tapis persan Tabriz"}]},{"@type":"WebSite","@id":"https:\/\/www.perzijskepreproge.si\/fr\/#website","url":"https:\/\/www.perzijskepreproge.si\/fr\/","name":"Perzijske preproge Farzad","description":"Perzijske preproge,  preprog in \u010di\u0161\u010denje preprog","potentialAction":[{"@type":"SearchAction","target":{"@type":"EntryPoint","urlTemplate":"https:\/\/www.perzijskepreproge.si\/fr\/?s={search_term_string}"},"query-input":{"@type":"PropertyValueSpecification","valueRequired":true,"valueName":"search_term_string"}}],"inLanguage":"fr-FR"}]}},"_links":{"self":[{"href":"https:\/\/www.perzijskepreproge.si\/fr\/wp-json\/wp\/v2\/product\/25752","targetHints":{"allow":["GET"]}}],"collection":[{"href":"https:\/\/www.perzijskepreproge.si\/fr\/wp-json\/wp\/v2\/product"}],"about":[{"href":"https:\/\/www.perzijskepreproge.si\/fr\/wp-json\/wp\/v2\/types\/product"}],"version-history":[{"count":0,"href":"https:\/\/www.perzijskepreproge.si\/fr\/wp-json\/wp\/v2\/product\/25752\/revisions"}],"wp:featuredmedia":[{"embeddable":true,"href":"https:\/\/www.perzijskepreproge.si\/fr\/wp-json\/wp\/v2\/media\/24236"}],"wp:attachment":[{"href":"https:\/\/www.perzijskepreproge.si\/fr\/wp-json\/wp\/v2\/media?parent=25752"}],"wp:term":[{"taxonomy":"product_brand","embeddable":true,"href":"https:\/\/www.perzijskepreproge.si\/fr\/wp-json\/wp\/v2\/product_brand?post=25752"},{"taxonomy":"product_cat","embeddable":true,"href":"https:\/\/www.perzijskepreproge.si\/fr\/wp-json\/wp\/v2\/product_cat?post=25752"},{"taxonomy":"product_tag","embeddable":true,"href":"https:\/\/www.perzijskepreproge.si\/fr\/wp-json\/wp\/v2\/product_tag?post=25752"}],"curies":[{"name":"wp","href":"https:\/\/api.w.org\/{rel}","templated":true}]}}