{"id":25761,"date":"2024-04-23T14:46:40","date_gmt":"2024-04-23T12:46:40","guid":{"rendered":"https:\/\/www.perzijskepreproge.si\/izdelek\/tapis-persan-ardabil-tapis-persan-ardabil-8\/"},"modified":"2024-04-23T14:46:40","modified_gmt":"2024-04-23T12:46:40","slug":"tapis-persan-ardabil-tapis-persan-ardabil-8","status":"publish","type":"product","link":"https:\/\/www.perzijskepreproge.si\/fr\/produit\/tapis-persan-ardabil-tapis-persan-ardabil-8\/","title":{"rendered":"Tapis persan Ardabil \/ Tapis persan Ardabil"},"content":{"rendered":"<p style=\"text-align: left;\"><strong>Ardabil<\/strong> est situ\u00e9 \u00e0 une altitude de 1 200 m\u00e8tres au-dessus du niveau de la mer dans le nord-ouest de l&rsquo;Iran, dans la province d&rsquo;Ardabil. Le nom vient du mot zoroastrien Artavil, qui signifie lieu saint. La ville est d\u00e9j\u00e0 mentionn\u00e9e dans le livre sacr\u00e9 zoroastrien Avesta, qui stipule que Zoroastre est n\u00e9 sur la rivi\u00e8re Aras et aurait \u00e9crit ses \u00e9crits dans les montagnes Salaban. L&rsquo;une des principales attractions d&rsquo;Ardabil est le tombeau du souverain safien Aldin Ardabili, d\u00e9c\u00e9d\u00e9 en 1334. \u00c0 son \u00e9poque, il \u00e9tait un chef des soufis qui le suivaient dans la pratique du soufisme mystique. L\u2019un de ses successeurs, Shah Ismail, a r\u00e9unifi\u00e9 l\u2019Iran apr\u00e8s plusieurs si\u00e8cles de domination \u00e9trang\u00e8re et a introduit le chiisme comme religion d\u2019\u00c9tat. Il fut le fondateur de la dynastie safavide, durant laquelle l&rsquo;Iran connut \u00e0 nouveau un essor artistique. Le fils d&rsquo;Ismail, Shah Tahmasp, agrandit le sanctuaire avec un tombeau en 1530, et les c\u00e9l\u00e8bres tapis Ardabil furent \u00e9galement fabriqu\u00e9s pour cet espace \u00e0 cette \u00e9poque. Selon deux voyageurs britanniques, les tapis \u00e9taient encore en place en 1843, mais 30 ans plus tard, un tremblement de terre a gravement endommag\u00e9 le tombeau et ils ont \u00e9t\u00e9 vendus pour collecter des fonds pour les r\u00e9novations. Ils ont \u00e9t\u00e9 achet\u00e9s par une soci\u00e9t\u00e9 britannique et, comme ils \u00e9taient endommag\u00e9s, certaines parties d&rsquo;un tapis ont \u00e9t\u00e9 utilis\u00e9es pour la restauration de l&rsquo;autre, ce qui \u00e9tait \u00e9vident dans le fait qu&rsquo;il manquait un cadre \u00e0 l&rsquo;un des tapis. En 1892, le plus grand tapis fut mis aux ench\u00e8res \u00e0 Londres, o\u00f9 le cr\u00e9ateur William Morris fut impressionn\u00e9 et convainquit la direction du mus\u00e9e de l&rsquo;acheter pour 2 000 livres \u00e0 l&rsquo;\u00e9poque. Le plus petit a \u00e9t\u00e9 vendu \u00e0 un collectionneur am\u00e9ricain et se trouve maintenant dans un mus\u00e9e de Los Angeles. Aujourd&rsquo;hui, Ardabil et ses villages environnants sont un centre important pour la production et la vente de tapis. En termes de fabrication, de couleurs et de motifs, ils peuvent \u00eatre consid\u00e9r\u00e9s comme des tapis caucasiens, en particulier ceux qui imitent le style kazakh. Ils ont g\u00e9n\u00e9ralement deux fils tiss\u00e9s entre deux rang\u00e9es de n\u0153uds sur une base en coton, un n\u0153ud sym\u00e9trique, des motifs g\u00e9om\u00e9triques et les couleurs sont calmes et harmonieuses. Cependant, les tapis de la r\u00e9gion plus large de la province d&rsquo;Ardabil peuvent \u00eatre tr\u00e8s diff\u00e9rents les uns des autres, car des peuples tels que les Afshars, les Kurdes, les Baharluis, les Shahsavans y vivent, chacun avec ses propres traditions de fabrication de tapis. Les Shahsavans sont une sorte de conf\u00e9d\u00e9ration tribale fond\u00e9e sous la direction de Shah Abbas au XVIIe si\u00e8cle pour d\u00e9fendre les fronti\u00e8res de l&rsquo;Iran avec son arm\u00e9e. Ceux qui ne se sont pas encore install\u00e9s passent encore l&rsquo;\u00e9t\u00e9 dans les montagnes le long de la mer Caspienne, et en hiver ils migrent vers les plateaux au sud de T\u00e9h\u00e9ran et \u00e0 l&rsquo;est de Hamadan.                 <\/p>\n<p style=\"text-align: left;\">\n","protected":false},"excerpt":{"rendered":"<p>R\u00e9g. n\u00b0 : 1174<\/p>\n<p>Dimensions : 220 x 55 cm<\/p>\n<p>Mati\u00e8re \/ Poil : laine<\/p>\n<p>Base : coton<\/p>\n<p>Couleurs : plantes<\/p>\n<p>Conception : g\u00e9om\u00e9trique<\/p>\n<p>Technique de tissage : tapis \u00e0 poils fait main<\/p>\n<p>Densit\u00e9 de n\u0153uds : 160 000 m\/2<\/p>\n<p>Origine : Iran<\/p>\n<p>&nbsp;<\/p>\n","protected":false},"featured_media":24169,"template":"","meta":{"iawp_total_views":1},"product_brand":[],"product_cat":[274],"product_tag":[],"class_list":{"0":"post-25761","1":"product","2":"type-product","3":"status-publish","4":"has-post-thumbnail","6":"product_cat-coureurs","7":"pa_barva-osnovna-rouge-bordeaux","8":"pa_material-laine","9":"pa_oblika-coureurs","10":"pa_velikost-cca-coureur","12":"first","13":"instock","14":"sold-individually","15":"taxable","16":"shipping-taxable","17":"purchasable","18":"product-type-simple"},"yoast_head":"<!-- This site is optimized with the Yoast SEO plugin v27.3 - https:\/\/yoast.com\/product\/yoast-seo-wordpress\/ -->\n<title>Tapis persan Ardabil \/ Tapis persan Ardabil - Perzijske preproge Farzad<\/title>\n<meta name=\"robots\" content=\"index, follow, max-snippet:-1, max-image-preview:large, max-video-preview:-1\" \/>\n<link rel=\"canonical\" href=\"https:\/\/www.perzijskepreproge.si\/fr\/produit\/tapis-persan-ardabil-tapis-persan-ardabil-8\/\" \/>\n<meta property=\"og:locale\" content=\"fr_FR\" \/>\n<meta property=\"og:type\" content=\"article\" \/>\n<meta property=\"og:title\" content=\"Tapis persan Ardabil \/ Tapis persan Ardabil - Perzijske preproge Farzad\" \/>\n<meta property=\"og:description\" content=\"R\u00e9g. n\u00b0 : 1174 Dimensions : 220 x 55 cm Mati\u00e8re \/ Poil : laine Base : coton Couleurs : plantes Conception : g\u00e9om\u00e9trique Technique de tissage : tapis \u00e0 poils fait main Densit\u00e9 de n\u0153uds : 160 000 m\/2 Origine : Iran &nbsp;\" \/>\n<meta property=\"og:url\" content=\"https:\/\/www.perzijskepreproge.si\/fr\/produit\/tapis-persan-ardabil-tapis-persan-ardabil-8\/\" \/>\n<meta property=\"og:site_name\" content=\"Perzijske preproge Farzad\" \/>\n<meta property=\"og:image\" content=\"https:\/\/www.perzijskepreproge.si\/wp-content\/uploads\/2024\/04\/IMG_20240423_144030jpg.jpg\" \/>\n\t<meta property=\"og:image:width\" content=\"454\" \/>\n\t<meta property=\"og:image:height\" content=\"1500\" \/>\n\t<meta property=\"og:image:type\" content=\"image\/jpeg\" \/>\n<meta name=\"twitter:card\" content=\"summary_large_image\" \/>\n<meta name=\"twitter:label1\" content=\"Dur\u00e9e de lecture estim\u00e9e\" \/>\n\t<meta name=\"twitter:data1\" content=\"3 minutes\" \/>\n<script type=\"application\/ld+json\" class=\"yoast-schema-graph\">{\"@context\":\"https:\\\/\\\/schema.org\",\"@graph\":[{\"@type\":\"WebPage\",\"@id\":\"https:\\\/\\\/www.perzijskepreproge.si\\\/fr\\\/produit\\\/tapis-persan-ardabil-tapis-persan-ardabil-8\\\/\",\"url\":\"https:\\\/\\\/www.perzijskepreproge.si\\\/fr\\\/produit\\\/tapis-persan-ardabil-tapis-persan-ardabil-8\\\/\",\"name\":\"Tapis persan Ardabil \\\/ Tapis persan Ardabil - Perzijske preproge Farzad\",\"isPartOf\":{\"@id\":\"https:\\\/\\\/www.perzijskepreproge.si\\\/fr\\\/#website\"},\"primaryImageOfPage\":{\"@id\":\"https:\\\/\\\/www.perzijskepreproge.si\\\/fr\\\/produit\\\/tapis-persan-ardabil-tapis-persan-ardabil-8\\\/#primaryimage\"},\"image\":{\"@id\":\"https:\\\/\\\/www.perzijskepreproge.si\\\/fr\\\/produit\\\/tapis-persan-ardabil-tapis-persan-ardabil-8\\\/#primaryimage\"},\"thumbnailUrl\":\"https:\\\/\\\/www.perzijskepreproge.si\\\/wp-content\\\/uploads\\\/2024\\\/04\\\/IMG_20240423_144030jpg.jpg\",\"datePublished\":\"2024-04-23T12:46:40+00:00\",\"breadcrumb\":{\"@id\":\"https:\\\/\\\/www.perzijskepreproge.si\\\/fr\\\/produit\\\/tapis-persan-ardabil-tapis-persan-ardabil-8\\\/#breadcrumb\"},\"inLanguage\":\"fr-FR\",\"potentialAction\":[{\"@type\":\"ReadAction\",\"target\":[\"https:\\\/\\\/www.perzijskepreproge.si\\\/fr\\\/produit\\\/tapis-persan-ardabil-tapis-persan-ardabil-8\\\/\"]}]},{\"@type\":\"ImageObject\",\"inLanguage\":\"fr-FR\",\"@id\":\"https:\\\/\\\/www.perzijskepreproge.si\\\/fr\\\/produit\\\/tapis-persan-ardabil-tapis-persan-ardabil-8\\\/#primaryimage\",\"url\":\"https:\\\/\\\/www.perzijskepreproge.si\\\/wp-content\\\/uploads\\\/2024\\\/04\\\/IMG_20240423_144030jpg.jpg\",\"contentUrl\":\"https:\\\/\\\/www.perzijskepreproge.si\\\/wp-content\\\/uploads\\\/2024\\\/04\\\/IMG_20240423_144030jpg.jpg\",\"width\":454,\"height\":1500},{\"@type\":\"BreadcrumbList\",\"@id\":\"https:\\\/\\\/www.perzijskepreproge.si\\\/fr\\\/produit\\\/tapis-persan-ardabil-tapis-persan-ardabil-8\\\/#breadcrumb\",\"itemListElement\":[{\"@type\":\"ListItem\",\"position\":1,\"name\":\"Maison\",\"item\":\"https:\\\/\\\/www.perzijskepreproge.si\\\/fr\\\/tapis-persans-farzad\\\/\"},{\"@type\":\"ListItem\",\"position\":2,\"name\":\"Boutique\",\"item\":\"https:\\\/\\\/www.perzijskepreproge.si\\\/fr\\\/boutique\\\/\"},{\"@type\":\"ListItem\",\"position\":3,\"name\":\"Tapis persan Ardabil \\\/ Tapis persan Ardabil\"}]},{\"@type\":\"WebSite\",\"@id\":\"https:\\\/\\\/www.perzijskepreproge.si\\\/fr\\\/#website\",\"url\":\"https:\\\/\\\/www.perzijskepreproge.si\\\/fr\\\/\",\"name\":\"Perzijske preproge Farzad\",\"description\":\"Perzijske preproge,  preprog in \u010di\u0161\u010denje preprog\",\"potentialAction\":[{\"@type\":\"SearchAction\",\"target\":{\"@type\":\"EntryPoint\",\"urlTemplate\":\"https:\\\/\\\/www.perzijskepreproge.si\\\/fr\\\/?s={search_term_string}\"},\"query-input\":{\"@type\":\"PropertyValueSpecification\",\"valueRequired\":true,\"valueName\":\"search_term_string\"}}],\"inLanguage\":\"fr-FR\"}]}<\/script>\n<!-- \/ Yoast SEO plugin. -->","yoast_head_json":{"title":"Tapis persan Ardabil \/ Tapis persan Ardabil - Perzijske preproge Farzad","robots":{"index":"index","follow":"follow","max-snippet":"max-snippet:-1","max-image-preview":"max-image-preview:large","max-video-preview":"max-video-preview:-1"},"canonical":"https:\/\/www.perzijskepreproge.si\/fr\/produit\/tapis-persan-ardabil-tapis-persan-ardabil-8\/","og_locale":"fr_FR","og_type":"article","og_title":"Tapis persan Ardabil \/ Tapis persan Ardabil - Perzijske preproge Farzad","og_description":"R\u00e9g. n\u00b0 : 1174 Dimensions : 220 x 55 cm Mati\u00e8re \/ Poil : laine Base : coton Couleurs : plantes Conception : g\u00e9om\u00e9trique Technique de tissage : tapis \u00e0 poils fait main Densit\u00e9 de n\u0153uds : 160 000 m\/2 Origine : Iran &nbsp;","og_url":"https:\/\/www.perzijskepreproge.si\/fr\/produit\/tapis-persan-ardabil-tapis-persan-ardabil-8\/","og_site_name":"Perzijske preproge Farzad","og_image":[{"width":454,"height":1500,"url":"https:\/\/www.perzijskepreproge.si\/wp-content\/uploads\/2024\/04\/IMG_20240423_144030jpg.jpg","type":"image\/jpeg"}],"twitter_card":"summary_large_image","twitter_misc":{"Dur\u00e9e de lecture estim\u00e9e":"3 minutes"},"schema":{"@context":"https:\/\/schema.org","@graph":[{"@type":"WebPage","@id":"https:\/\/www.perzijskepreproge.si\/fr\/produit\/tapis-persan-ardabil-tapis-persan-ardabil-8\/","url":"https:\/\/www.perzijskepreproge.si\/fr\/produit\/tapis-persan-ardabil-tapis-persan-ardabil-8\/","name":"Tapis persan Ardabil \/ Tapis persan Ardabil - Perzijske preproge Farzad","isPartOf":{"@id":"https:\/\/www.perzijskepreproge.si\/fr\/#website"},"primaryImageOfPage":{"@id":"https:\/\/www.perzijskepreproge.si\/fr\/produit\/tapis-persan-ardabil-tapis-persan-ardabil-8\/#primaryimage"},"image":{"@id":"https:\/\/www.perzijskepreproge.si\/fr\/produit\/tapis-persan-ardabil-tapis-persan-ardabil-8\/#primaryimage"},"thumbnailUrl":"https:\/\/www.perzijskepreproge.si\/wp-content\/uploads\/2024\/04\/IMG_20240423_144030jpg.jpg","datePublished":"2024-04-23T12:46:40+00:00","breadcrumb":{"@id":"https:\/\/www.perzijskepreproge.si\/fr\/produit\/tapis-persan-ardabil-tapis-persan-ardabil-8\/#breadcrumb"},"inLanguage":"fr-FR","potentialAction":[{"@type":"ReadAction","target":["https:\/\/www.perzijskepreproge.si\/fr\/produit\/tapis-persan-ardabil-tapis-persan-ardabil-8\/"]}]},{"@type":"ImageObject","inLanguage":"fr-FR","@id":"https:\/\/www.perzijskepreproge.si\/fr\/produit\/tapis-persan-ardabil-tapis-persan-ardabil-8\/#primaryimage","url":"https:\/\/www.perzijskepreproge.si\/wp-content\/uploads\/2024\/04\/IMG_20240423_144030jpg.jpg","contentUrl":"https:\/\/www.perzijskepreproge.si\/wp-content\/uploads\/2024\/04\/IMG_20240423_144030jpg.jpg","width":454,"height":1500},{"@type":"BreadcrumbList","@id":"https:\/\/www.perzijskepreproge.si\/fr\/produit\/tapis-persan-ardabil-tapis-persan-ardabil-8\/#breadcrumb","itemListElement":[{"@type":"ListItem","position":1,"name":"Maison","item":"https:\/\/www.perzijskepreproge.si\/fr\/tapis-persans-farzad\/"},{"@type":"ListItem","position":2,"name":"Boutique","item":"https:\/\/www.perzijskepreproge.si\/fr\/boutique\/"},{"@type":"ListItem","position":3,"name":"Tapis persan Ardabil \/ Tapis persan Ardabil"}]},{"@type":"WebSite","@id":"https:\/\/www.perzijskepreproge.si\/fr\/#website","url":"https:\/\/www.perzijskepreproge.si\/fr\/","name":"Perzijske preproge Farzad","description":"Perzijske preproge,  preprog in \u010di\u0161\u010denje preprog","potentialAction":[{"@type":"SearchAction","target":{"@type":"EntryPoint","urlTemplate":"https:\/\/www.perzijskepreproge.si\/fr\/?s={search_term_string}"},"query-input":{"@type":"PropertyValueSpecification","valueRequired":true,"valueName":"search_term_string"}}],"inLanguage":"fr-FR"}]}},"_links":{"self":[{"href":"https:\/\/www.perzijskepreproge.si\/fr\/wp-json\/wp\/v2\/product\/25761","targetHints":{"allow":["GET"]}}],"collection":[{"href":"https:\/\/www.perzijskepreproge.si\/fr\/wp-json\/wp\/v2\/product"}],"about":[{"href":"https:\/\/www.perzijskepreproge.si\/fr\/wp-json\/wp\/v2\/types\/product"}],"version-history":[{"count":0,"href":"https:\/\/www.perzijskepreproge.si\/fr\/wp-json\/wp\/v2\/product\/25761\/revisions"}],"wp:featuredmedia":[{"embeddable":true,"href":"https:\/\/www.perzijskepreproge.si\/fr\/wp-json\/wp\/v2\/media\/24169"}],"wp:attachment":[{"href":"https:\/\/www.perzijskepreproge.si\/fr\/wp-json\/wp\/v2\/media?parent=25761"}],"wp:term":[{"taxonomy":"product_brand","embeddable":true,"href":"https:\/\/www.perzijskepreproge.si\/fr\/wp-json\/wp\/v2\/product_brand?post=25761"},{"taxonomy":"product_cat","embeddable":true,"href":"https:\/\/www.perzijskepreproge.si\/fr\/wp-json\/wp\/v2\/product_cat?post=25761"},{"taxonomy":"product_tag","embeddable":true,"href":"https:\/\/www.perzijskepreproge.si\/fr\/wp-json\/wp\/v2\/product_tag?post=25761"}],"curies":[{"name":"wp","href":"https:\/\/api.w.org\/{rel}","templated":true}]}}