{"id":25809,"date":"2023-03-06T10:17:06","date_gmt":"2023-03-06T09:17:06","guid":{"rendered":"https:\/\/www.perzijskepreproge.si\/izdelek\/tapis-persan-gabbeh-tapis-persan-gabbeh-3\/"},"modified":"2023-03-06T10:17:06","modified_gmt":"2023-03-06T09:17:06","slug":"tapis-persan-gabbeh-tapis-persan-gabbeh-3","status":"publish","type":"product","link":"https:\/\/www.perzijskepreproge.si\/fr\/produit\/tapis-persan-gabbeh-tapis-persan-gabbeh-3\/","title":{"rendered":"Tapis persan Gabbeh \/ Tapis persan Gabbeh"},"content":{"rendered":"<p>Gaba, gabeh ( <em>gava<\/em> en dialecte kurde et lori, <em>ker\u015fak<\/em> en dialecte bakhtiari) est un tapis en laine nou\u00e9, reconnaissable \u00e0 ses fils plus longs que ceux typiques des tapis persans. Il se caract\u00e9rise \u00e9galement par un design simple, qui n&rsquo;utilise g\u00e9n\u00e9ralement que quelques couleurs, personnages et ornements, et peut \u00e9galement inclure des figures stylis\u00e9es de personnes ou d&rsquo;animaux. Ces tapis sont fabriqu\u00e9s par les Loris, les Kurdes et les Qashqais dans la cha\u00eene de montagnes du Zagros, qui traverse une grande partie de l&rsquo;Iran. L&rsquo;origine de ces tapis se situerait dans la r\u00e9gion du Lorestan, d&rsquo;o\u00f9 leur utilisation et leur production se sont r\u00e9pandues au nord jusqu&rsquo;aux territoires kurdes et au sud jusqu&rsquo;aux Qashqai.   <\/p>\n<p>La r\u00e9gion montagneuse de l&rsquo;ouest de l&rsquo;Iran abrite les Lor et les Bakhtiari, des peuples fiers dont les membres sont les descendants des premiers colons de l&rsquo;Iran actuel. Les Lori fabriquent des tapis de mani\u00e8re originale et inchang\u00e9e depuis des milliers d&rsquo;ann\u00e9es. La technique de production et les motifs traditionnels sont transmis de g\u00e9n\u00e9ration en g\u00e9n\u00e9ration, mais l&rsquo;apparence finale d\u00e9pend surtout de la touche personnelle du fabricant. Les m\u00e8res apprennent \u00e0 leurs filles \u00e0 filer et \u00e0 utiliser la laine, tandis que les p\u00e8res transmettent \u00e0 leurs fils le savoir-faire de la tonte de la laine et de la fabrication de m\u00e9tiers \u00e0 tisser. Ils puisent les motifs qu\u2019ils repr\u00e9sentent dans l\u2019environnement, la tradition locale et leur propre vie. Dans les tapis, on retrouve de tout, des \u00e9toiles aux formes archa\u00efques m\u00e9sopotamiennes.     <\/p>\n<p>Les gabions traditionnels sont peu nou\u00e9s (faible densit\u00e9 de n\u0153uds par centim\u00e8tre carr\u00e9 ou m\u00e8tre carr\u00e9), mais ont donc des fils assez longs (environ 3-4 cm) et de nombreuses trames (fils crois\u00e9s dans la cha\u00eene) entre les rang\u00e9es de n\u0153uds, ce qui n&rsquo;est pas typique des autres tapis contemporains. La seule exception \u00e0 cette r\u00e8gle sont les vieux <em>gabbeji ye \u0161iri<\/em> avec un motif de lion, fabriqu\u00e9s par la tribu Darra\u0161uri. Les couleurs des gabions sont g\u00e9n\u00e9ralement d&rsquo;origine v\u00e9g\u00e9tale, mais de la laine non teinte est \u00e9galement utilis\u00e9e ( <em>shiri<\/em> \u2013 cr\u00e8me, <em>\u0161etori<\/em> \u2013 marron clair, <em>siah<\/em> \u2013 noir).  <\/p>\n<p>Une femme qui a confectionn\u00e9 un tapis de laine aussi \u00e9pais avant son voyage peut y envelopper <em>un ma\u0161k<\/em> (une bouteille d&rsquo;eau en peau de ch\u00e8vre), un m\u00e9tier \u00e0 tisser pliant, un berceau, une fourrure de valeur ou d&rsquo;autres objets. En raison de sa douceur, le Gaba est \u00e9galement tr\u00e8s utile comme selle et pour dormir. <\/p>\n","protected":false},"excerpt":{"rendered":"<p>R\u00e9g. n\u00b0 : 1121<\/p>\n<p>Dimensions : 181 x 146 cm<\/p>\n<p>Mati\u00e8re \/ Poil : laine<\/p>\n<p>Base : laine<\/p>\n<p>Couleurs : plantes<\/p>\n<p>Conception : g\u00e9om\u00e9trique<\/p>\n<p>Technique de tissage : tapis \u00e0 poils fait main<\/p>\n<p>Densit\u00e9 de n\u0153uds : 150 000 m\/2<\/p>\n<p>Origine : Iran<\/p>\n<p>&nbsp;<\/p>\n","protected":false},"featured_media":23968,"template":"","meta":{"iawp_total_views":1},"product_brand":[],"product_cat":[423],"product_tag":[],"class_list":{"0":"post-25809","1":"product","2":"type-product","3":"status-publish","4":"has-post-thumbnail","6":"product_cat-tapis-modernes","7":"pa_barva-osnovna-blanc-beige","8":"pa_material-laine","9":"pa_oblika-rectangulaire","10":"pa_velikost-cca-200x150","12":"first","13":"instock","14":"sold-individually","15":"taxable","16":"shipping-taxable","17":"purchasable","18":"product-type-simple"},"yoast_head":"<!-- This site is optimized with the Yoast SEO plugin v27.3 - https:\/\/yoast.com\/product\/yoast-seo-wordpress\/ -->\n<title>Tapis persan Gabbeh \/ Tapis persan Gabbeh - Perzijske preproge Farzad<\/title>\n<meta name=\"robots\" content=\"index, follow, max-snippet:-1, max-image-preview:large, max-video-preview:-1\" \/>\n<link rel=\"canonical\" href=\"https:\/\/www.perzijskepreproge.si\/fr\/produit\/tapis-persan-gabbeh-tapis-persan-gabbeh-3\/\" \/>\n<meta property=\"og:locale\" content=\"fr_FR\" \/>\n<meta property=\"og:type\" content=\"article\" \/>\n<meta property=\"og:title\" content=\"Tapis persan Gabbeh \/ Tapis persan Gabbeh - Perzijske preproge Farzad\" \/>\n<meta property=\"og:description\" content=\"R\u00e9g. n\u00b0 : 1121 Dimensions : 181 x 146 cm Mati\u00e8re \/ Poil : laine Base : laine Couleurs : plantes Conception : g\u00e9om\u00e9trique Technique de tissage : tapis \u00e0 poils fait main Densit\u00e9 de n\u0153uds : 150 000 m\/2 Origine : Iran &nbsp;\" \/>\n<meta property=\"og:url\" content=\"https:\/\/www.perzijskepreproge.si\/fr\/produit\/tapis-persan-gabbeh-tapis-persan-gabbeh-3\/\" \/>\n<meta property=\"og:site_name\" content=\"Perzijske preproge Farzad\" \/>\n<meta property=\"og:image\" content=\"https:\/\/www.perzijskepreproge.si\/wp-content\/uploads\/2023\/03\/IMG_20230302_152027jpg.jpg\" \/>\n\t<meta property=\"og:image:width\" content=\"600\" \/>\n\t<meta property=\"og:image:height\" content=\"800\" \/>\n\t<meta property=\"og:image:type\" content=\"image\/jpeg\" \/>\n<meta name=\"twitter:card\" content=\"summary_large_image\" \/>\n<meta name=\"twitter:label1\" content=\"Dur\u00e9e de lecture estim\u00e9e\" \/>\n\t<meta name=\"twitter:data1\" content=\"2 minutes\" \/>\n<script type=\"application\/ld+json\" class=\"yoast-schema-graph\">{\"@context\":\"https:\\\/\\\/schema.org\",\"@graph\":[{\"@type\":\"WebPage\",\"@id\":\"https:\\\/\\\/www.perzijskepreproge.si\\\/fr\\\/produit\\\/tapis-persan-gabbeh-tapis-persan-gabbeh-3\\\/\",\"url\":\"https:\\\/\\\/www.perzijskepreproge.si\\\/fr\\\/produit\\\/tapis-persan-gabbeh-tapis-persan-gabbeh-3\\\/\",\"name\":\"Tapis persan Gabbeh \\\/ Tapis persan Gabbeh - Perzijske preproge Farzad\",\"isPartOf\":{\"@id\":\"https:\\\/\\\/www.perzijskepreproge.si\\\/fr\\\/#website\"},\"primaryImageOfPage\":{\"@id\":\"https:\\\/\\\/www.perzijskepreproge.si\\\/fr\\\/produit\\\/tapis-persan-gabbeh-tapis-persan-gabbeh-3\\\/#primaryimage\"},\"image\":{\"@id\":\"https:\\\/\\\/www.perzijskepreproge.si\\\/fr\\\/produit\\\/tapis-persan-gabbeh-tapis-persan-gabbeh-3\\\/#primaryimage\"},\"thumbnailUrl\":\"https:\\\/\\\/www.perzijskepreproge.si\\\/wp-content\\\/uploads\\\/2023\\\/03\\\/IMG_20230302_152027jpg.jpg\",\"datePublished\":\"2023-03-06T09:17:06+00:00\",\"breadcrumb\":{\"@id\":\"https:\\\/\\\/www.perzijskepreproge.si\\\/fr\\\/produit\\\/tapis-persan-gabbeh-tapis-persan-gabbeh-3\\\/#breadcrumb\"},\"inLanguage\":\"fr-FR\",\"potentialAction\":[{\"@type\":\"ReadAction\",\"target\":[\"https:\\\/\\\/www.perzijskepreproge.si\\\/fr\\\/produit\\\/tapis-persan-gabbeh-tapis-persan-gabbeh-3\\\/\"]}]},{\"@type\":\"ImageObject\",\"inLanguage\":\"fr-FR\",\"@id\":\"https:\\\/\\\/www.perzijskepreproge.si\\\/fr\\\/produit\\\/tapis-persan-gabbeh-tapis-persan-gabbeh-3\\\/#primaryimage\",\"url\":\"https:\\\/\\\/www.perzijskepreproge.si\\\/wp-content\\\/uploads\\\/2023\\\/03\\\/IMG_20230302_152027jpg.jpg\",\"contentUrl\":\"https:\\\/\\\/www.perzijskepreproge.si\\\/wp-content\\\/uploads\\\/2023\\\/03\\\/IMG_20230302_152027jpg.jpg\",\"width\":600,\"height\":800},{\"@type\":\"BreadcrumbList\",\"@id\":\"https:\\\/\\\/www.perzijskepreproge.si\\\/fr\\\/produit\\\/tapis-persan-gabbeh-tapis-persan-gabbeh-3\\\/#breadcrumb\",\"itemListElement\":[{\"@type\":\"ListItem\",\"position\":1,\"name\":\"Maison\",\"item\":\"https:\\\/\\\/www.perzijskepreproge.si\\\/fr\\\/tapis-persans-farzad\\\/\"},{\"@type\":\"ListItem\",\"position\":2,\"name\":\"Boutique\",\"item\":\"https:\\\/\\\/www.perzijskepreproge.si\\\/fr\\\/boutique\\\/\"},{\"@type\":\"ListItem\",\"position\":3,\"name\":\"Tapis persan Gabbeh \\\/ Tapis persan Gabbeh\"}]},{\"@type\":\"WebSite\",\"@id\":\"https:\\\/\\\/www.perzijskepreproge.si\\\/fr\\\/#website\",\"url\":\"https:\\\/\\\/www.perzijskepreproge.si\\\/fr\\\/\",\"name\":\"Perzijske preproge Farzad\",\"description\":\"Perzijske preproge,  preprog in \u010di\u0161\u010denje preprog\",\"potentialAction\":[{\"@type\":\"SearchAction\",\"target\":{\"@type\":\"EntryPoint\",\"urlTemplate\":\"https:\\\/\\\/www.perzijskepreproge.si\\\/fr\\\/?s={search_term_string}\"},\"query-input\":{\"@type\":\"PropertyValueSpecification\",\"valueRequired\":true,\"valueName\":\"search_term_string\"}}],\"inLanguage\":\"fr-FR\"}]}<\/script>\n<!-- \/ Yoast SEO plugin. -->","yoast_head_json":{"title":"Tapis persan Gabbeh \/ Tapis persan Gabbeh - Perzijske preproge Farzad","robots":{"index":"index","follow":"follow","max-snippet":"max-snippet:-1","max-image-preview":"max-image-preview:large","max-video-preview":"max-video-preview:-1"},"canonical":"https:\/\/www.perzijskepreproge.si\/fr\/produit\/tapis-persan-gabbeh-tapis-persan-gabbeh-3\/","og_locale":"fr_FR","og_type":"article","og_title":"Tapis persan Gabbeh \/ Tapis persan Gabbeh - Perzijske preproge Farzad","og_description":"R\u00e9g. n\u00b0 : 1121 Dimensions : 181 x 146 cm Mati\u00e8re \/ Poil : laine Base : laine Couleurs : plantes Conception : g\u00e9om\u00e9trique Technique de tissage : tapis \u00e0 poils fait main Densit\u00e9 de n\u0153uds : 150 000 m\/2 Origine : Iran &nbsp;","og_url":"https:\/\/www.perzijskepreproge.si\/fr\/produit\/tapis-persan-gabbeh-tapis-persan-gabbeh-3\/","og_site_name":"Perzijske preproge Farzad","og_image":[{"width":600,"height":800,"url":"https:\/\/www.perzijskepreproge.si\/wp-content\/uploads\/2023\/03\/IMG_20230302_152027jpg.jpg","type":"image\/jpeg"}],"twitter_card":"summary_large_image","twitter_misc":{"Dur\u00e9e de lecture estim\u00e9e":"2 minutes"},"schema":{"@context":"https:\/\/schema.org","@graph":[{"@type":"WebPage","@id":"https:\/\/www.perzijskepreproge.si\/fr\/produit\/tapis-persan-gabbeh-tapis-persan-gabbeh-3\/","url":"https:\/\/www.perzijskepreproge.si\/fr\/produit\/tapis-persan-gabbeh-tapis-persan-gabbeh-3\/","name":"Tapis persan Gabbeh \/ Tapis persan Gabbeh - Perzijske preproge Farzad","isPartOf":{"@id":"https:\/\/www.perzijskepreproge.si\/fr\/#website"},"primaryImageOfPage":{"@id":"https:\/\/www.perzijskepreproge.si\/fr\/produit\/tapis-persan-gabbeh-tapis-persan-gabbeh-3\/#primaryimage"},"image":{"@id":"https:\/\/www.perzijskepreproge.si\/fr\/produit\/tapis-persan-gabbeh-tapis-persan-gabbeh-3\/#primaryimage"},"thumbnailUrl":"https:\/\/www.perzijskepreproge.si\/wp-content\/uploads\/2023\/03\/IMG_20230302_152027jpg.jpg","datePublished":"2023-03-06T09:17:06+00:00","breadcrumb":{"@id":"https:\/\/www.perzijskepreproge.si\/fr\/produit\/tapis-persan-gabbeh-tapis-persan-gabbeh-3\/#breadcrumb"},"inLanguage":"fr-FR","potentialAction":[{"@type":"ReadAction","target":["https:\/\/www.perzijskepreproge.si\/fr\/produit\/tapis-persan-gabbeh-tapis-persan-gabbeh-3\/"]}]},{"@type":"ImageObject","inLanguage":"fr-FR","@id":"https:\/\/www.perzijskepreproge.si\/fr\/produit\/tapis-persan-gabbeh-tapis-persan-gabbeh-3\/#primaryimage","url":"https:\/\/www.perzijskepreproge.si\/wp-content\/uploads\/2023\/03\/IMG_20230302_152027jpg.jpg","contentUrl":"https:\/\/www.perzijskepreproge.si\/wp-content\/uploads\/2023\/03\/IMG_20230302_152027jpg.jpg","width":600,"height":800},{"@type":"BreadcrumbList","@id":"https:\/\/www.perzijskepreproge.si\/fr\/produit\/tapis-persan-gabbeh-tapis-persan-gabbeh-3\/#breadcrumb","itemListElement":[{"@type":"ListItem","position":1,"name":"Maison","item":"https:\/\/www.perzijskepreproge.si\/fr\/tapis-persans-farzad\/"},{"@type":"ListItem","position":2,"name":"Boutique","item":"https:\/\/www.perzijskepreproge.si\/fr\/boutique\/"},{"@type":"ListItem","position":3,"name":"Tapis persan Gabbeh \/ Tapis persan Gabbeh"}]},{"@type":"WebSite","@id":"https:\/\/www.perzijskepreproge.si\/fr\/#website","url":"https:\/\/www.perzijskepreproge.si\/fr\/","name":"Perzijske preproge Farzad","description":"Perzijske preproge,  preprog in \u010di\u0161\u010denje preprog","potentialAction":[{"@type":"SearchAction","target":{"@type":"EntryPoint","urlTemplate":"https:\/\/www.perzijskepreproge.si\/fr\/?s={search_term_string}"},"query-input":{"@type":"PropertyValueSpecification","valueRequired":true,"valueName":"search_term_string"}}],"inLanguage":"fr-FR"}]}},"_links":{"self":[{"href":"https:\/\/www.perzijskepreproge.si\/fr\/wp-json\/wp\/v2\/product\/25809","targetHints":{"allow":["GET"]}}],"collection":[{"href":"https:\/\/www.perzijskepreproge.si\/fr\/wp-json\/wp\/v2\/product"}],"about":[{"href":"https:\/\/www.perzijskepreproge.si\/fr\/wp-json\/wp\/v2\/types\/product"}],"version-history":[{"count":0,"href":"https:\/\/www.perzijskepreproge.si\/fr\/wp-json\/wp\/v2\/product\/25809\/revisions"}],"wp:featuredmedia":[{"embeddable":true,"href":"https:\/\/www.perzijskepreproge.si\/fr\/wp-json\/wp\/v2\/media\/23968"}],"wp:attachment":[{"href":"https:\/\/www.perzijskepreproge.si\/fr\/wp-json\/wp\/v2\/media?parent=25809"}],"wp:term":[{"taxonomy":"product_brand","embeddable":true,"href":"https:\/\/www.perzijskepreproge.si\/fr\/wp-json\/wp\/v2\/product_brand?post=25809"},{"taxonomy":"product_cat","embeddable":true,"href":"https:\/\/www.perzijskepreproge.si\/fr\/wp-json\/wp\/v2\/product_cat?post=25809"},{"taxonomy":"product_tag","embeddable":true,"href":"https:\/\/www.perzijskepreproge.si\/fr\/wp-json\/wp\/v2\/product_tag?post=25809"}],"curies":[{"name":"wp","href":"https:\/\/api.w.org\/{rel}","templated":true}]}}