{"id":25840,"date":"2023-03-01T15:47:08","date_gmt":"2023-03-01T14:47:08","guid":{"rendered":"https:\/\/www.perzijskepreproge.si\/izdelek\/tapis-persan-malayer-3\/"},"modified":"2023-03-01T15:47:08","modified_gmt":"2023-03-01T14:47:08","slug":"tapis-persan-malayer-3","status":"publish","type":"product","link":"https:\/\/www.perzijskepreproge.si\/fr\/produit\/tapis-persan-malayer-3\/","title":{"rendered":"Tapis persan Malayer"},"content":{"rendered":"<p>Certains des tapis persans les plus beaux et les plus d\u00e9coratifs sont fabriqu\u00e9s \u00e0 Malayer et dans les villages environnants. La richesse des motifs divers tels que <em>le boteh<\/em> (qui signifie parfois une graine germ\u00e9e, symbole de renaissance et de fertilit\u00e9 dans la nature) \u00e9tait l&rsquo;un des motifs les plus populaires des tisserands de tapis (aujourd&rsquo;hui consid\u00e9r\u00e9s comme antiques) dans cette r\u00e9gion. Ils aimaient aussi repr\u00e9senter des oiseaux stylis\u00e9s, des motifs herati (losanges entour\u00e9s de palmettes ou de fleurs) ou des motifs de p\u00e9tales de fleurs. La laine a \u00e9t\u00e9 teinte avec des colorants naturels, principalement v\u00e9g\u00e9taux, et la couleur de base typique des tapis de cette r\u00e9gion est le bleu fonc\u00e9. Comme tous les autres tapis anciens, les tapis malais sont un bon investissement et sont r\u00e9cemment devenus de plus en plus recherch\u00e9s par les collectionneurs de tapis. Les motifs qu\u2019ils repr\u00e9sentent sont tir\u00e9s de l\u2019environnement naturel, des traditions locales et g\u00e9n\u00e9rales et de leur propre vie. Ainsi, dans les tapis persans et aussi dans ce magnifique tapis malais, on retrouve de tout, depuis les \u00e9toiles, les fleurs stylis\u00e9es et les diamants (herati) jusqu&rsquo;aux formes archa\u00efques m\u00e9sopotamiennes (boteh).      <\/p>\n<p>&nbsp;<\/p>\n<p>&nbsp;<\/p>\n<p>&nbsp;<\/p>\n","protected":false},"excerpt":{"rendered":"<p>R\u00e9g. n\u00b0 : 854<\/p>\n<p>Dimensions : 90 x 68 cm<\/p>\n<p>Mati\u00e8re \/ Poil : laine<\/p>\n<p>Base : coton<\/p>\n<p>Couleurs : plantes<\/p>\n<p>Motif : m\u00e9daillon, floral<\/p>\n<p>Technique de tissage : tapis \u00e0 poils fait main<\/p>\n<p>Densit\u00e9 de n\u0153uds : 160 000 m\/2<\/p>\n<p>Origine : Iran<\/p>\n","protected":false},"featured_media":23911,"template":"","meta":{"iawp_total_views":1},"product_brand":[],"product_cat":[393,282],"product_tag":[],"class_list":{"0":"post-25840","1":"product","2":"type-product","3":"status-publish","4":"has-post-thumbnail","6":"product_cat-petits-tapis-fr-2","7":"product_cat-tapis-nomade","8":"pa_barva-osnovna-blanc-beige","9":"pa_material-laine","10":"pa_oblika-rectangulaire","11":"pa_velikost-cca-90-x-60-cm-fr","13":"first","14":"instock","15":"sold-individually","16":"taxable","17":"shipping-taxable","18":"purchasable","19":"product-type-simple"},"yoast_head":"<!-- This site is optimized with the Yoast SEO plugin v27.3 - https:\/\/yoast.com\/product\/yoast-seo-wordpress\/ -->\n<title>Tapis persan Malayer - Perzijske preproge Farzad<\/title>\n<meta name=\"robots\" content=\"index, follow, max-snippet:-1, max-image-preview:large, max-video-preview:-1\" \/>\n<link rel=\"canonical\" href=\"https:\/\/www.perzijskepreproge.si\/fr\/produit\/tapis-persan-malayer-3\/\" \/>\n<meta property=\"og:locale\" content=\"fr_FR\" \/>\n<meta property=\"og:type\" content=\"article\" \/>\n<meta property=\"og:title\" content=\"Tapis persan Malayer - Perzijske preproge Farzad\" \/>\n<meta property=\"og:description\" content=\"R\u00e9g. n\u00b0 : 854 Dimensions : 90 x 68 cm Mati\u00e8re \/ Poil : laine Base : coton Couleurs : plantes Motif : m\u00e9daillon, floral Technique de tissage : tapis \u00e0 poils fait main Densit\u00e9 de n\u0153uds : 160 000 m\/2 Origine : Iran\" \/>\n<meta property=\"og:url\" content=\"https:\/\/www.perzijskepreproge.si\/fr\/produit\/tapis-persan-malayer-3\/\" \/>\n<meta property=\"og:site_name\" content=\"Perzijske preproge Farzad\" \/>\n<meta property=\"og:image\" content=\"https:\/\/www.perzijskepreproge.si\/wp-content\/uploads\/2023\/03\/IMG_0186jpg.jpg\" \/>\n\t<meta property=\"og:image:width\" content=\"680\" \/>\n\t<meta property=\"og:image:height\" content=\"900\" \/>\n\t<meta property=\"og:image:type\" content=\"image\/jpeg\" \/>\n<meta name=\"twitter:card\" content=\"summary_large_image\" \/>\n<meta name=\"twitter:label1\" content=\"Dur\u00e9e de lecture estim\u00e9e\" \/>\n\t<meta name=\"twitter:data1\" content=\"1 minute\" \/>\n<script type=\"application\/ld+json\" class=\"yoast-schema-graph\">{\"@context\":\"https:\\\/\\\/schema.org\",\"@graph\":[{\"@type\":\"WebPage\",\"@id\":\"https:\\\/\\\/www.perzijskepreproge.si\\\/fr\\\/produit\\\/tapis-persan-malayer-3\\\/\",\"url\":\"https:\\\/\\\/www.perzijskepreproge.si\\\/fr\\\/produit\\\/tapis-persan-malayer-3\\\/\",\"name\":\"Tapis persan Malayer - Perzijske preproge Farzad\",\"isPartOf\":{\"@id\":\"https:\\\/\\\/www.perzijskepreproge.si\\\/fr\\\/#website\"},\"primaryImageOfPage\":{\"@id\":\"https:\\\/\\\/www.perzijskepreproge.si\\\/fr\\\/produit\\\/tapis-persan-malayer-3\\\/#primaryimage\"},\"image\":{\"@id\":\"https:\\\/\\\/www.perzijskepreproge.si\\\/fr\\\/produit\\\/tapis-persan-malayer-3\\\/#primaryimage\"},\"thumbnailUrl\":\"https:\\\/\\\/www.perzijskepreproge.si\\\/wp-content\\\/uploads\\\/2023\\\/03\\\/IMG_0186jpg.jpg\",\"datePublished\":\"2023-03-01T14:47:08+00:00\",\"breadcrumb\":{\"@id\":\"https:\\\/\\\/www.perzijskepreproge.si\\\/fr\\\/produit\\\/tapis-persan-malayer-3\\\/#breadcrumb\"},\"inLanguage\":\"fr-FR\",\"potentialAction\":[{\"@type\":\"ReadAction\",\"target\":[\"https:\\\/\\\/www.perzijskepreproge.si\\\/fr\\\/produit\\\/tapis-persan-malayer-3\\\/\"]}]},{\"@type\":\"ImageObject\",\"inLanguage\":\"fr-FR\",\"@id\":\"https:\\\/\\\/www.perzijskepreproge.si\\\/fr\\\/produit\\\/tapis-persan-malayer-3\\\/#primaryimage\",\"url\":\"https:\\\/\\\/www.perzijskepreproge.si\\\/wp-content\\\/uploads\\\/2023\\\/03\\\/IMG_0186jpg.jpg\",\"contentUrl\":\"https:\\\/\\\/www.perzijskepreproge.si\\\/wp-content\\\/uploads\\\/2023\\\/03\\\/IMG_0186jpg.jpg\",\"width\":680,\"height\":900},{\"@type\":\"BreadcrumbList\",\"@id\":\"https:\\\/\\\/www.perzijskepreproge.si\\\/fr\\\/produit\\\/tapis-persan-malayer-3\\\/#breadcrumb\",\"itemListElement\":[{\"@type\":\"ListItem\",\"position\":1,\"name\":\"Maison\",\"item\":\"https:\\\/\\\/www.perzijskepreproge.si\\\/fr\\\/tapis-persans-farzad\\\/\"},{\"@type\":\"ListItem\",\"position\":2,\"name\":\"Boutique\",\"item\":\"https:\\\/\\\/www.perzijskepreproge.si\\\/fr\\\/boutique\\\/\"},{\"@type\":\"ListItem\",\"position\":3,\"name\":\"Tapis persan Malayer\"}]},{\"@type\":\"WebSite\",\"@id\":\"https:\\\/\\\/www.perzijskepreproge.si\\\/fr\\\/#website\",\"url\":\"https:\\\/\\\/www.perzijskepreproge.si\\\/fr\\\/\",\"name\":\"Perzijske preproge Farzad\",\"description\":\"Perzijske preproge,  preprog in \u010di\u0161\u010denje preprog\",\"potentialAction\":[{\"@type\":\"SearchAction\",\"target\":{\"@type\":\"EntryPoint\",\"urlTemplate\":\"https:\\\/\\\/www.perzijskepreproge.si\\\/fr\\\/?s={search_term_string}\"},\"query-input\":{\"@type\":\"PropertyValueSpecification\",\"valueRequired\":true,\"valueName\":\"search_term_string\"}}],\"inLanguage\":\"fr-FR\"}]}<\/script>\n<!-- \/ Yoast SEO plugin. -->","yoast_head_json":{"title":"Tapis persan Malayer - Perzijske preproge Farzad","robots":{"index":"index","follow":"follow","max-snippet":"max-snippet:-1","max-image-preview":"max-image-preview:large","max-video-preview":"max-video-preview:-1"},"canonical":"https:\/\/www.perzijskepreproge.si\/fr\/produit\/tapis-persan-malayer-3\/","og_locale":"fr_FR","og_type":"article","og_title":"Tapis persan Malayer - Perzijske preproge Farzad","og_description":"R\u00e9g. n\u00b0 : 854 Dimensions : 90 x 68 cm Mati\u00e8re \/ Poil : laine Base : coton Couleurs : plantes Motif : m\u00e9daillon, floral Technique de tissage : tapis \u00e0 poils fait main Densit\u00e9 de n\u0153uds : 160 000 m\/2 Origine : Iran","og_url":"https:\/\/www.perzijskepreproge.si\/fr\/produit\/tapis-persan-malayer-3\/","og_site_name":"Perzijske preproge Farzad","og_image":[{"width":680,"height":900,"url":"https:\/\/www.perzijskepreproge.si\/wp-content\/uploads\/2023\/03\/IMG_0186jpg.jpg","type":"image\/jpeg"}],"twitter_card":"summary_large_image","twitter_misc":{"Dur\u00e9e de lecture estim\u00e9e":"1 minute"},"schema":{"@context":"https:\/\/schema.org","@graph":[{"@type":"WebPage","@id":"https:\/\/www.perzijskepreproge.si\/fr\/produit\/tapis-persan-malayer-3\/","url":"https:\/\/www.perzijskepreproge.si\/fr\/produit\/tapis-persan-malayer-3\/","name":"Tapis persan Malayer - Perzijske preproge Farzad","isPartOf":{"@id":"https:\/\/www.perzijskepreproge.si\/fr\/#website"},"primaryImageOfPage":{"@id":"https:\/\/www.perzijskepreproge.si\/fr\/produit\/tapis-persan-malayer-3\/#primaryimage"},"image":{"@id":"https:\/\/www.perzijskepreproge.si\/fr\/produit\/tapis-persan-malayer-3\/#primaryimage"},"thumbnailUrl":"https:\/\/www.perzijskepreproge.si\/wp-content\/uploads\/2023\/03\/IMG_0186jpg.jpg","datePublished":"2023-03-01T14:47:08+00:00","breadcrumb":{"@id":"https:\/\/www.perzijskepreproge.si\/fr\/produit\/tapis-persan-malayer-3\/#breadcrumb"},"inLanguage":"fr-FR","potentialAction":[{"@type":"ReadAction","target":["https:\/\/www.perzijskepreproge.si\/fr\/produit\/tapis-persan-malayer-3\/"]}]},{"@type":"ImageObject","inLanguage":"fr-FR","@id":"https:\/\/www.perzijskepreproge.si\/fr\/produit\/tapis-persan-malayer-3\/#primaryimage","url":"https:\/\/www.perzijskepreproge.si\/wp-content\/uploads\/2023\/03\/IMG_0186jpg.jpg","contentUrl":"https:\/\/www.perzijskepreproge.si\/wp-content\/uploads\/2023\/03\/IMG_0186jpg.jpg","width":680,"height":900},{"@type":"BreadcrumbList","@id":"https:\/\/www.perzijskepreproge.si\/fr\/produit\/tapis-persan-malayer-3\/#breadcrumb","itemListElement":[{"@type":"ListItem","position":1,"name":"Maison","item":"https:\/\/www.perzijskepreproge.si\/fr\/tapis-persans-farzad\/"},{"@type":"ListItem","position":2,"name":"Boutique","item":"https:\/\/www.perzijskepreproge.si\/fr\/boutique\/"},{"@type":"ListItem","position":3,"name":"Tapis persan Malayer"}]},{"@type":"WebSite","@id":"https:\/\/www.perzijskepreproge.si\/fr\/#website","url":"https:\/\/www.perzijskepreproge.si\/fr\/","name":"Perzijske preproge Farzad","description":"Perzijske preproge,  preprog in \u010di\u0161\u010denje preprog","potentialAction":[{"@type":"SearchAction","target":{"@type":"EntryPoint","urlTemplate":"https:\/\/www.perzijskepreproge.si\/fr\/?s={search_term_string}"},"query-input":{"@type":"PropertyValueSpecification","valueRequired":true,"valueName":"search_term_string"}}],"inLanguage":"fr-FR"}]}},"_links":{"self":[{"href":"https:\/\/www.perzijskepreproge.si\/fr\/wp-json\/wp\/v2\/product\/25840","targetHints":{"allow":["GET"]}}],"collection":[{"href":"https:\/\/www.perzijskepreproge.si\/fr\/wp-json\/wp\/v2\/product"}],"about":[{"href":"https:\/\/www.perzijskepreproge.si\/fr\/wp-json\/wp\/v2\/types\/product"}],"version-history":[{"count":0,"href":"https:\/\/www.perzijskepreproge.si\/fr\/wp-json\/wp\/v2\/product\/25840\/revisions"}],"wp:featuredmedia":[{"embeddable":true,"href":"https:\/\/www.perzijskepreproge.si\/fr\/wp-json\/wp\/v2\/media\/23911"}],"wp:attachment":[{"href":"https:\/\/www.perzijskepreproge.si\/fr\/wp-json\/wp\/v2\/media?parent=25840"}],"wp:term":[{"taxonomy":"product_brand","embeddable":true,"href":"https:\/\/www.perzijskepreproge.si\/fr\/wp-json\/wp\/v2\/product_brand?post=25840"},{"taxonomy":"product_cat","embeddable":true,"href":"https:\/\/www.perzijskepreproge.si\/fr\/wp-json\/wp\/v2\/product_cat?post=25840"},{"taxonomy":"product_tag","embeddable":true,"href":"https:\/\/www.perzijskepreproge.si\/fr\/wp-json\/wp\/v2\/product_tag?post=25840"}],"curies":[{"name":"wp","href":"https:\/\/api.w.org\/{rel}","templated":true}]}}