{"id":25845,"date":"2023-02-23T12:27:12","date_gmt":"2023-02-23T11:27:12","guid":{"rendered":"https:\/\/www.perzijskepreproge.si\/izdelek\/tapis-persan-nain-tapis-persan-nain-26\/"},"modified":"2026-04-13T13:20:05","modified_gmt":"2026-04-13T11:20:05","slug":"tapis-persan-nain-tapis-persan-nain-26","status":"publish","type":"product","link":"https:\/\/www.perzijskepreproge.si\/fr\/produit\/tapis-persan-nain-tapis-persan-nain-26\/","title":{"rendered":"Tapis persan Nain \/ Persian carpet Nain"},"content":{"rendered":"<p data-start=\"0\" data-end=\"370\">Ce tapis persan <strong data-start=\"33\" data-end=\"41\">Nain<\/strong> raffin\u00e9, confectionn\u00e9 en <strong data-start=\"60\" data-end=\"89\">laine fine avec des d\u00e9tails en soie<\/strong>, repr\u00e9sente le summum de l&rsquo;art et du raffinement caract\u00e9ristiques de la r\u00e9gion de Nain dans le centre de l&rsquo;Iran. Il s&rsquo;agit d&rsquo;un <strong data-start=\"191\" data-end=\"225\">tapis au nouage exceptionnellement dense<\/strong>, ce qui signifie que chaque motif est r\u00e9alis\u00e9 avec une pr\u00e9cision et une nettet\u00e9 exceptionnelles, conf\u00e9rant une texture douce et des motifs d&rsquo;une lisibilit\u00e9 et d&rsquo;une richesse remarquables. <\/p>\n<p data-start=\"372\" data-end=\"761\">L&rsquo;esth\u00e9tique de ce tapis repose sur une <strong data-start=\"413\" data-end=\"440\">composition classique \u00e0 m\u00e9daillon<\/strong>, avec une magnifique rosace centrale en forme de flocon de neige ou de fleur, plac\u00e9e dans un champ rhombo\u00efde bleu fonc\u00e9 (navi). Ce fond bleu fonc\u00e9 contrast\u00e9 met en valeur de mani\u00e8re spectaculaire les motifs d\u00e9licats en soie, qui incluent des fleurs stylis\u00e9es, des guirlandes de feuilles et des arabesques, le tout dans des tons plus clairs \u2013 ivoire, beige, bleu tendre et gris clair. <\/p>\n<p data-start=\"763\" data-end=\"1061\">Les bordures du tapis sont richement ornement\u00e9es de couronnes florales et de lisi\u00e8res m\u00e9ticuleusement dessin\u00e9es, qui se coordonnent par la couleur et la forme avec le motif central. Les fils de soie, tiss\u00e9s dans la laine, cr\u00e9ent un effet l\u00e9g\u00e8rement lustr\u00e9 qui souligne davantage l&rsquo;\u00e9l\u00e9gance de l&rsquo;ensemble du design et conf\u00e8re au tapis un aspect noble. <\/p>\n<p data-start=\"1063\" data-end=\"1476\" data-is-last-node=\"\" data-is-only-node=\"\">Les tapis Nain au nouage aussi dense (souvent plus de 800 000 n\u0153uds par m\u00e8tre carr\u00e9) comptent parmi les tapis artisanaux les plus recherch\u00e9s et les plus pris\u00e9s. Gr\u00e2ce \u00e0 son <strong data-start=\"1226\" data-end=\"1282\">raffinement chromatique, sa sym\u00e9trie et sa confection luxueuse<\/strong>, ce tapis constitue un choix id\u00e9al pour les espaces de r\u00e9ception, les salons d&rsquo;am\u00e9nagement classique ou comme pi\u00e8ce d\u00e9corative centrale dans un cadre \u00e9l\u00e9gant. Il est le symbole de la tradition, de la beaut\u00e9 et de la qualit\u00e9 intemporelle.  <\/p>\n","protected":false},"excerpt":{"rendered":"<p>N\u00ba d&rsquo;enregistrement : 992<\/p>\n<p>Dimensions \/ Size : 295 x 200 cm<\/p>\n<p>Mati\u00e8re \/ Pile : laine, soie \/ wool, silk<\/p>\n<p>Base \/ Base : coton \/ cotton<\/p>\n<p>Couleurs \/ Colours : v\u00e9g\u00e9tales \/ plants<\/p>\n<p>Design \/ Design : floral \/ floral<\/p>\n<p>Technique de tissage \/ Weaving technique : tapis nou\u00e9 main \/ handmade pile carpet<\/p>\n<p>Densit\u00e9 de nouage \/ Knot density : 900 000 m\/2<\/p>\n<p>Origine : Iran<\/p>\n<p>&nbsp;<\/p>\n","protected":false},"featured_media":23863,"template":"","meta":{"iawp_total_views":1},"product_brand":[],"product_cat":[333,310],"product_tag":[],"class_list":{"0":"post-25845","1":"product","2":"type-product","3":"status-publish","4":"has-post-thumbnail","6":"product_cat-grands-tapis-fr","7":"product_cat-tapis-classiques","8":"pa_barva-osnovna-bleu-turquoise","9":"pa_material-laine-soie","10":"pa_oblika-rectangulaire","11":"pa_tip-preproge-classique-de-maitre","12":"pa_velikost-cca-300x200","14":"first","15":"instock","16":"sold-individually","17":"taxable","18":"shipping-taxable","19":"purchasable","20":"product-type-simple"},"yoast_head":"<!-- This site is optimized with the Yoast SEO plugin v27.3 - https:\/\/yoast.com\/product\/yoast-seo-wordpress\/ -->\n<title>Tapis persan Nain \/ Persian carpet Nain - Perzijske preproge Farzad<\/title>\n<meta name=\"robots\" content=\"index, follow, max-snippet:-1, max-image-preview:large, max-video-preview:-1\" \/>\n<link rel=\"canonical\" href=\"https:\/\/www.perzijskepreproge.si\/fr\/produit\/tapis-persan-nain-tapis-persan-nain-26\/\" \/>\n<meta property=\"og:locale\" content=\"fr_FR\" \/>\n<meta property=\"og:type\" content=\"article\" \/>\n<meta property=\"og:title\" content=\"Tapis persan Nain \/ Persian carpet Nain - Perzijske preproge Farzad\" \/>\n<meta property=\"og:description\" content=\"N\u00ba d&#039;enregistrement : 992 Dimensions \/ Size : 295 x 200 cm Mati\u00e8re \/ Pile : laine, soie \/ wool, silk Base \/ Base : coton \/ cotton Couleurs \/ Colours : v\u00e9g\u00e9tales \/ plants Design \/ Design : floral \/ floral Technique de tissage \/ Weaving technique : tapis nou\u00e9 main \/ handmade pile carpet Densit\u00e9 de nouage \/ Knot density : 900 000 m\/2 Origine : Iran &nbsp;\" \/>\n<meta property=\"og:url\" content=\"https:\/\/www.perzijskepreproge.si\/fr\/produit\/tapis-persan-nain-tapis-persan-nain-26\/\" \/>\n<meta property=\"og:site_name\" content=\"Perzijske preproge Farzad\" \/>\n<meta property=\"article:modified_time\" content=\"2026-04-13T11:20:05+00:00\" \/>\n<meta property=\"og:image\" content=\"https:\/\/www.perzijskepreproge.si\/wp-content\/uploads\/2023\/02\/IMG_20230207_104153jpg.webp\" \/>\n\t<meta property=\"og:image:width\" content=\"600\" \/>\n\t<meta property=\"og:image:height\" content=\"800\" \/>\n\t<meta property=\"og:image:type\" content=\"image\/jpeg\" \/>\n<meta name=\"twitter:card\" content=\"summary_large_image\" \/>\n<meta name=\"twitter:label1\" content=\"Dur\u00e9e de lecture estim\u00e9e\" \/>\n\t<meta name=\"twitter:data1\" content=\"2 minutes\" \/>\n<script type=\"application\/ld+json\" class=\"yoast-schema-graph\">{\"@context\":\"https:\\\/\\\/schema.org\",\"@graph\":[{\"@type\":\"WebPage\",\"@id\":\"https:\\\/\\\/www.perzijskepreproge.si\\\/fr\\\/produit\\\/tapis-persan-nain-tapis-persan-nain-26\\\/\",\"url\":\"https:\\\/\\\/www.perzijskepreproge.si\\\/fr\\\/produit\\\/tapis-persan-nain-tapis-persan-nain-26\\\/\",\"name\":\"Tapis persan Nain \\\/ Persian carpet Nain - Perzijske preproge Farzad\",\"isPartOf\":{\"@id\":\"https:\\\/\\\/www.perzijskepreproge.si\\\/fr\\\/#website\"},\"primaryImageOfPage\":{\"@id\":\"https:\\\/\\\/www.perzijskepreproge.si\\\/fr\\\/produit\\\/tapis-persan-nain-tapis-persan-nain-26\\\/#primaryimage\"},\"image\":{\"@id\":\"https:\\\/\\\/www.perzijskepreproge.si\\\/fr\\\/produit\\\/tapis-persan-nain-tapis-persan-nain-26\\\/#primaryimage\"},\"thumbnailUrl\":\"https:\\\/\\\/www.perzijskepreproge.si\\\/wp-content\\\/uploads\\\/2023\\\/02\\\/IMG_20230207_104153jpg.jpg\",\"datePublished\":\"2023-02-23T11:27:12+00:00\",\"dateModified\":\"2026-04-13T11:20:05+00:00\",\"breadcrumb\":{\"@id\":\"https:\\\/\\\/www.perzijskepreproge.si\\\/fr\\\/produit\\\/tapis-persan-nain-tapis-persan-nain-26\\\/#breadcrumb\"},\"inLanguage\":\"fr-FR\",\"potentialAction\":[{\"@type\":\"ReadAction\",\"target\":[\"https:\\\/\\\/www.perzijskepreproge.si\\\/fr\\\/produit\\\/tapis-persan-nain-tapis-persan-nain-26\\\/\"]}]},{\"@type\":\"ImageObject\",\"inLanguage\":\"fr-FR\",\"@id\":\"https:\\\/\\\/www.perzijskepreproge.si\\\/fr\\\/produit\\\/tapis-persan-nain-tapis-persan-nain-26\\\/#primaryimage\",\"url\":\"https:\\\/\\\/www.perzijskepreproge.si\\\/wp-content\\\/uploads\\\/2023\\\/02\\\/IMG_20230207_104153jpg.jpg\",\"contentUrl\":\"https:\\\/\\\/www.perzijskepreproge.si\\\/wp-content\\\/uploads\\\/2023\\\/02\\\/IMG_20230207_104153jpg.jpg\",\"width\":600,\"height\":800},{\"@type\":\"BreadcrumbList\",\"@id\":\"https:\\\/\\\/www.perzijskepreproge.si\\\/fr\\\/produit\\\/tapis-persan-nain-tapis-persan-nain-26\\\/#breadcrumb\",\"itemListElement\":[{\"@type\":\"ListItem\",\"position\":1,\"name\":\"Maison\",\"item\":\"https:\\\/\\\/www.perzijskepreproge.si\\\/fr\\\/tapis-persans-farzad\\\/\"},{\"@type\":\"ListItem\",\"position\":2,\"name\":\"Boutique\",\"item\":\"https:\\\/\\\/www.perzijskepreproge.si\\\/fr\\\/boutique\\\/\"},{\"@type\":\"ListItem\",\"position\":3,\"name\":\"Tapis persan Nain \\\/ Persian carpet Nain\"}]},{\"@type\":\"WebSite\",\"@id\":\"https:\\\/\\\/www.perzijskepreproge.si\\\/fr\\\/#website\",\"url\":\"https:\\\/\\\/www.perzijskepreproge.si\\\/fr\\\/\",\"name\":\"Perzijske preproge Farzad\",\"description\":\"Perzijske preproge,  preprog in \u010di\u0161\u010denje preprog\",\"potentialAction\":[{\"@type\":\"SearchAction\",\"target\":{\"@type\":\"EntryPoint\",\"urlTemplate\":\"https:\\\/\\\/www.perzijskepreproge.si\\\/fr\\\/?s={search_term_string}\"},\"query-input\":{\"@type\":\"PropertyValueSpecification\",\"valueRequired\":true,\"valueName\":\"search_term_string\"}}],\"inLanguage\":\"fr-FR\"}]}<\/script>\n<!-- \/ Yoast SEO plugin. -->","yoast_head_json":{"title":"Tapis persan Nain \/ Persian carpet Nain - Perzijske preproge Farzad","robots":{"index":"index","follow":"follow","max-snippet":"max-snippet:-1","max-image-preview":"max-image-preview:large","max-video-preview":"max-video-preview:-1"},"canonical":"https:\/\/www.perzijskepreproge.si\/fr\/produit\/tapis-persan-nain-tapis-persan-nain-26\/","og_locale":"fr_FR","og_type":"article","og_title":"Tapis persan Nain \/ Persian carpet Nain - Perzijske preproge Farzad","og_description":"N\u00ba d'enregistrement : 992 Dimensions \/ Size : 295 x 200 cm Mati\u00e8re \/ Pile : laine, soie \/ wool, silk Base \/ Base : coton \/ cotton Couleurs \/ Colours : v\u00e9g\u00e9tales \/ plants Design \/ Design : floral \/ floral Technique de tissage \/ Weaving technique : tapis nou\u00e9 main \/ handmade pile carpet Densit\u00e9 de nouage \/ Knot density : 900 000 m\/2 Origine : Iran &nbsp;","og_url":"https:\/\/www.perzijskepreproge.si\/fr\/produit\/tapis-persan-nain-tapis-persan-nain-26\/","og_site_name":"Perzijske preproge Farzad","article_modified_time":"2026-04-13T11:20:05+00:00","og_image":[{"width":600,"height":800,"url":"https:\/\/www.perzijskepreproge.si\/wp-content\/uploads\/2023\/02\/IMG_20230207_104153jpg.webp","type":"image\/jpeg"}],"twitter_card":"summary_large_image","twitter_misc":{"Dur\u00e9e de lecture estim\u00e9e":"2 minutes"},"schema":{"@context":"https:\/\/schema.org","@graph":[{"@type":"WebPage","@id":"https:\/\/www.perzijskepreproge.si\/fr\/produit\/tapis-persan-nain-tapis-persan-nain-26\/","url":"https:\/\/www.perzijskepreproge.si\/fr\/produit\/tapis-persan-nain-tapis-persan-nain-26\/","name":"Tapis persan Nain \/ Persian carpet Nain - Perzijske preproge Farzad","isPartOf":{"@id":"https:\/\/www.perzijskepreproge.si\/fr\/#website"},"primaryImageOfPage":{"@id":"https:\/\/www.perzijskepreproge.si\/fr\/produit\/tapis-persan-nain-tapis-persan-nain-26\/#primaryimage"},"image":{"@id":"https:\/\/www.perzijskepreproge.si\/fr\/produit\/tapis-persan-nain-tapis-persan-nain-26\/#primaryimage"},"thumbnailUrl":"https:\/\/www.perzijskepreproge.si\/wp-content\/uploads\/2023\/02\/IMG_20230207_104153jpg.jpg","datePublished":"2023-02-23T11:27:12+00:00","dateModified":"2026-04-13T11:20:05+00:00","breadcrumb":{"@id":"https:\/\/www.perzijskepreproge.si\/fr\/produit\/tapis-persan-nain-tapis-persan-nain-26\/#breadcrumb"},"inLanguage":"fr-FR","potentialAction":[{"@type":"ReadAction","target":["https:\/\/www.perzijskepreproge.si\/fr\/produit\/tapis-persan-nain-tapis-persan-nain-26\/"]}]},{"@type":"ImageObject","inLanguage":"fr-FR","@id":"https:\/\/www.perzijskepreproge.si\/fr\/produit\/tapis-persan-nain-tapis-persan-nain-26\/#primaryimage","url":"https:\/\/www.perzijskepreproge.si\/wp-content\/uploads\/2023\/02\/IMG_20230207_104153jpg.jpg","contentUrl":"https:\/\/www.perzijskepreproge.si\/wp-content\/uploads\/2023\/02\/IMG_20230207_104153jpg.jpg","width":600,"height":800},{"@type":"BreadcrumbList","@id":"https:\/\/www.perzijskepreproge.si\/fr\/produit\/tapis-persan-nain-tapis-persan-nain-26\/#breadcrumb","itemListElement":[{"@type":"ListItem","position":1,"name":"Maison","item":"https:\/\/www.perzijskepreproge.si\/fr\/tapis-persans-farzad\/"},{"@type":"ListItem","position":2,"name":"Boutique","item":"https:\/\/www.perzijskepreproge.si\/fr\/boutique\/"},{"@type":"ListItem","position":3,"name":"Tapis persan Nain \/ Persian carpet Nain"}]},{"@type":"WebSite","@id":"https:\/\/www.perzijskepreproge.si\/fr\/#website","url":"https:\/\/www.perzijskepreproge.si\/fr\/","name":"Perzijske preproge Farzad","description":"Perzijske preproge,  preprog in \u010di\u0161\u010denje preprog","potentialAction":[{"@type":"SearchAction","target":{"@type":"EntryPoint","urlTemplate":"https:\/\/www.perzijskepreproge.si\/fr\/?s={search_term_string}"},"query-input":{"@type":"PropertyValueSpecification","valueRequired":true,"valueName":"search_term_string"}}],"inLanguage":"fr-FR"}]}},"_links":{"self":[{"href":"https:\/\/www.perzijskepreproge.si\/fr\/wp-json\/wp\/v2\/product\/25845","targetHints":{"allow":["GET"]}}],"collection":[{"href":"https:\/\/www.perzijskepreproge.si\/fr\/wp-json\/wp\/v2\/product"}],"about":[{"href":"https:\/\/www.perzijskepreproge.si\/fr\/wp-json\/wp\/v2\/types\/product"}],"version-history":[{"count":1,"href":"https:\/\/www.perzijskepreproge.si\/fr\/wp-json\/wp\/v2\/product\/25845\/revisions"}],"predecessor-version":[{"id":29501,"href":"https:\/\/www.perzijskepreproge.si\/fr\/wp-json\/wp\/v2\/product\/25845\/revisions\/29501"}],"wp:featuredmedia":[{"embeddable":true,"href":"https:\/\/www.perzijskepreproge.si\/fr\/wp-json\/wp\/v2\/media\/23863"}],"wp:attachment":[{"href":"https:\/\/www.perzijskepreproge.si\/fr\/wp-json\/wp\/v2\/media?parent=25845"}],"wp:term":[{"taxonomy":"product_brand","embeddable":true,"href":"https:\/\/www.perzijskepreproge.si\/fr\/wp-json\/wp\/v2\/product_brand?post=25845"},{"taxonomy":"product_cat","embeddable":true,"href":"https:\/\/www.perzijskepreproge.si\/fr\/wp-json\/wp\/v2\/product_cat?post=25845"},{"taxonomy":"product_tag","embeddable":true,"href":"https:\/\/www.perzijskepreproge.si\/fr\/wp-json\/wp\/v2\/product_tag?post=25845"}],"curies":[{"name":"wp","href":"https:\/\/api.w.org\/{rel}","templated":true}]}}