{"id":25859,"date":"2023-02-22T15:55:29","date_gmt":"2023-02-22T14:55:29","guid":{"rendered":"https:\/\/www.perzijskepreproge.si\/izdelek\/tapis-persan-nain-tapis-persan-nain-27\/"},"modified":"2026-04-13T13:19:29","modified_gmt":"2026-04-13T11:19:29","slug":"tapis-persan-nain-tapis-persan-nain-27","status":"publish","type":"product","link":"https:\/\/www.perzijskepreproge.si\/fr\/produit\/tapis-persan-nain-tapis-persan-nain-27\/","title":{"rendered":"Tapis persan Nain"},"content":{"rendered":"<p>Les tapis Nain se distinguent par des motifs sophistiqu\u00e9s, des palettes de couleurs riches et des mat\u00e9riaux naturels garantissant confort et long\u00e9vit\u00e9. Leur design m\u00eale \u00e9l\u00e9ments modernes et traditionnels, permettant une harmonie parfaite avec divers styles d\u2019int\u00e9rieur. Que vous recherchiez un tapis minimaliste pour compl\u00e9ter un d\u00e9cor contemporain ou que vous souhaitiez ajouter une touche de charme vintage, les tapis Nain offrent une multitude de possibilit\u00e9s.  <\/p>\n<p>Les tapis Nain ne se contentent pas d\u2019enrichir l\u2019espace, ils lui donnent vie. En int\u00e9grant ces tapis \u00e0 votre demeure, vous cr\u00e9ez une ambiance chaleureuse et accueillante, propice \u00e0 la d\u00e9tente et \u00e0 la convivialit\u00e9. Leurs mat\u00e9riaux nobles et leurs textures fines ne s\u00e9duisent pas seulement le regard, mais procurent \u00e9galement une sensation de confort sous les pieds. Chaque tapis est soigneusement con\u00e7u pour contribuer \u00e0 l\u2019harmonie g\u00e9n\u00e9rale de la pi\u00e8ce tout en servant d\u2019\u00e9l\u00e9ment central du design.   <\/p>\n<p>En choisissant un tapis Nain, vous ne faites pas qu\u2019embellir votre espace, vous investissez dans une qualit\u00e9 durable. Ces tapis sont con\u00e7us pour r\u00e9sister \u00e0 un usage quotidien tout en conservant leur aspect et leur toucher d\u2019origine au fil des ann\u00e9es. <\/p>\n<p>&nbsp;<\/p>\n","protected":false},"excerpt":{"rendered":"<p>N\u00b0 de r\u00e9g. : 1112<\/p>\n<p>Dimensions : 299 x 196 cm<\/p>\n<p>Composition \/ Velours : laine, soie<\/p>\n<p>Base \/ Base : coton \/ cotton<\/p>\n<p>Couleurs \/ Colours : v\u00e9g\u00e9tales \/ plants<\/p>\n<p>Design \/ Design : floral \/ floral<\/p>\n<p>Technique de tissage \/ Weaving technique : tapis nou\u00e9 main \/ handmade pile carpet<\/p>\n<p>Densit\u00e9 de nouage : 480 000 m\/2<\/p>\n<p>Origine : Iran<\/p>\n<p>&nbsp;<\/p>\n","protected":false},"featured_media":24648,"template":"","meta":{"iawp_total_views":1},"product_brand":[],"product_cat":[333,310],"product_tag":[],"class_list":{"0":"post-25859","1":"product","2":"type-product","3":"status-publish","4":"has-post-thumbnail","6":"product_cat-grands-tapis-fr","7":"product_cat-tapis-classiques","8":"pa_barva-osnovna-blanc-beige","9":"pa_material-laine","10":"pa_material-laine-soie","11":"pa_oblika-rectangulaire","12":"pa_tip-preproge-classique-de-maitre","13":"pa_velikost-cca-300x200","15":"first","16":"instock","17":"sold-individually","18":"taxable","19":"shipping-taxable","20":"purchasable","21":"product-type-simple"},"yoast_head":"<!-- This site is optimized with the Yoast SEO plugin v27.3 - https:\/\/yoast.com\/product\/yoast-seo-wordpress\/ -->\n<title>Tapis persan Nain - Perzijske preproge Farzad<\/title>\n<meta name=\"robots\" content=\"index, follow, max-snippet:-1, max-image-preview:large, max-video-preview:-1\" \/>\n<link rel=\"canonical\" href=\"https:\/\/www.perzijskepreproge.si\/fr\/produit\/tapis-persan-nain-tapis-persan-nain-27\/\" \/>\n<meta property=\"og:locale\" content=\"fr_FR\" \/>\n<meta property=\"og:type\" content=\"article\" \/>\n<meta property=\"og:title\" content=\"Tapis persan Nain - Perzijske preproge Farzad\" \/>\n<meta property=\"og:description\" content=\"N\u00b0 de r\u00e9g. : 1112 Dimensions : 299 x 196 cm Composition \/ Velours : laine, soie Base \/ Base : coton \/ cotton Couleurs \/ Colours : v\u00e9g\u00e9tales \/ plants Design \/ Design : floral \/ floral Technique de tissage \/ Weaving technique : tapis nou\u00e9 main \/ handmade pile carpet Densit\u00e9 de nouage : 480 000 m\/2 Origine : Iran &nbsp;\" \/>\n<meta property=\"og:url\" content=\"https:\/\/www.perzijskepreproge.si\/fr\/produit\/tapis-persan-nain-tapis-persan-nain-27\/\" \/>\n<meta property=\"og:site_name\" content=\"Perzijske preproge Farzad\" \/>\n<meta property=\"article:modified_time\" content=\"2026-04-13T11:19:29+00:00\" \/>\n<meta property=\"og:image\" content=\"https:\/\/www.perzijskepreproge.si\/wp-content\/uploads\/2023\/02\/IMG_1650jpg.webp\" \/>\n\t<meta property=\"og:image:width\" content=\"1200\" \/>\n\t<meta property=\"og:image:height\" content=\"996\" \/>\n\t<meta property=\"og:image:type\" content=\"image\/jpeg\" \/>\n<meta name=\"twitter:card\" content=\"summary_large_image\" \/>\n<meta name=\"twitter:label1\" content=\"Dur\u00e9e de lecture estim\u00e9e\" \/>\n\t<meta name=\"twitter:data1\" content=\"1 minute\" \/>\n<script type=\"application\/ld+json\" class=\"yoast-schema-graph\">{\"@context\":\"https:\\\/\\\/schema.org\",\"@graph\":[{\"@type\":\"WebPage\",\"@id\":\"https:\\\/\\\/www.perzijskepreproge.si\\\/fr\\\/produit\\\/tapis-persan-nain-tapis-persan-nain-27\\\/\",\"url\":\"https:\\\/\\\/www.perzijskepreproge.si\\\/fr\\\/produit\\\/tapis-persan-nain-tapis-persan-nain-27\\\/\",\"name\":\"Tapis persan Nain - Perzijske preproge Farzad\",\"isPartOf\":{\"@id\":\"https:\\\/\\\/www.perzijskepreproge.si\\\/fr\\\/#website\"},\"primaryImageOfPage\":{\"@id\":\"https:\\\/\\\/www.perzijskepreproge.si\\\/fr\\\/produit\\\/tapis-persan-nain-tapis-persan-nain-27\\\/#primaryimage\"},\"image\":{\"@id\":\"https:\\\/\\\/www.perzijskepreproge.si\\\/fr\\\/produit\\\/tapis-persan-nain-tapis-persan-nain-27\\\/#primaryimage\"},\"thumbnailUrl\":\"https:\\\/\\\/www.perzijskepreproge.si\\\/wp-content\\\/uploads\\\/2023\\\/02\\\/IMG_1650jpg.jpg\",\"datePublished\":\"2023-02-22T14:55:29+00:00\",\"dateModified\":\"2026-04-13T11:19:29+00:00\",\"breadcrumb\":{\"@id\":\"https:\\\/\\\/www.perzijskepreproge.si\\\/fr\\\/produit\\\/tapis-persan-nain-tapis-persan-nain-27\\\/#breadcrumb\"},\"inLanguage\":\"fr-FR\",\"potentialAction\":[{\"@type\":\"ReadAction\",\"target\":[\"https:\\\/\\\/www.perzijskepreproge.si\\\/fr\\\/produit\\\/tapis-persan-nain-tapis-persan-nain-27\\\/\"]}]},{\"@type\":\"ImageObject\",\"inLanguage\":\"fr-FR\",\"@id\":\"https:\\\/\\\/www.perzijskepreproge.si\\\/fr\\\/produit\\\/tapis-persan-nain-tapis-persan-nain-27\\\/#primaryimage\",\"url\":\"https:\\\/\\\/www.perzijskepreproge.si\\\/wp-content\\\/uploads\\\/2023\\\/02\\\/IMG_1650jpg.jpg\",\"contentUrl\":\"https:\\\/\\\/www.perzijskepreproge.si\\\/wp-content\\\/uploads\\\/2023\\\/02\\\/IMG_1650jpg.jpg\",\"width\":1200,\"height\":996},{\"@type\":\"BreadcrumbList\",\"@id\":\"https:\\\/\\\/www.perzijskepreproge.si\\\/fr\\\/produit\\\/tapis-persan-nain-tapis-persan-nain-27\\\/#breadcrumb\",\"itemListElement\":[{\"@type\":\"ListItem\",\"position\":1,\"name\":\"Maison\",\"item\":\"https:\\\/\\\/www.perzijskepreproge.si\\\/fr\\\/tapis-persans-farzad\\\/\"},{\"@type\":\"ListItem\",\"position\":2,\"name\":\"Boutique\",\"item\":\"https:\\\/\\\/www.perzijskepreproge.si\\\/fr\\\/boutique\\\/\"},{\"@type\":\"ListItem\",\"position\":3,\"name\":\"Tapis persan Nain\"}]},{\"@type\":\"WebSite\",\"@id\":\"https:\\\/\\\/www.perzijskepreproge.si\\\/fr\\\/#website\",\"url\":\"https:\\\/\\\/www.perzijskepreproge.si\\\/fr\\\/\",\"name\":\"Perzijske preproge Farzad\",\"description\":\"Perzijske preproge,  preprog in \u010di\u0161\u010denje preprog\",\"potentialAction\":[{\"@type\":\"SearchAction\",\"target\":{\"@type\":\"EntryPoint\",\"urlTemplate\":\"https:\\\/\\\/www.perzijskepreproge.si\\\/fr\\\/?s={search_term_string}\"},\"query-input\":{\"@type\":\"PropertyValueSpecification\",\"valueRequired\":true,\"valueName\":\"search_term_string\"}}],\"inLanguage\":\"fr-FR\"}]}<\/script>\n<!-- \/ Yoast SEO plugin. -->","yoast_head_json":{"title":"Tapis persan Nain - Perzijske preproge Farzad","robots":{"index":"index","follow":"follow","max-snippet":"max-snippet:-1","max-image-preview":"max-image-preview:large","max-video-preview":"max-video-preview:-1"},"canonical":"https:\/\/www.perzijskepreproge.si\/fr\/produit\/tapis-persan-nain-tapis-persan-nain-27\/","og_locale":"fr_FR","og_type":"article","og_title":"Tapis persan Nain - Perzijske preproge Farzad","og_description":"N\u00b0 de r\u00e9g. : 1112 Dimensions : 299 x 196 cm Composition \/ Velours : laine, soie Base \/ Base : coton \/ cotton Couleurs \/ Colours : v\u00e9g\u00e9tales \/ plants Design \/ Design : floral \/ floral Technique de tissage \/ Weaving technique : tapis nou\u00e9 main \/ handmade pile carpet Densit\u00e9 de nouage : 480 000 m\/2 Origine : Iran &nbsp;","og_url":"https:\/\/www.perzijskepreproge.si\/fr\/produit\/tapis-persan-nain-tapis-persan-nain-27\/","og_site_name":"Perzijske preproge Farzad","article_modified_time":"2026-04-13T11:19:29+00:00","og_image":[{"width":1200,"height":996,"url":"https:\/\/www.perzijskepreproge.si\/wp-content\/uploads\/2023\/02\/IMG_1650jpg.webp","type":"image\/jpeg"}],"twitter_card":"summary_large_image","twitter_misc":{"Dur\u00e9e de lecture estim\u00e9e":"1 minute"},"schema":{"@context":"https:\/\/schema.org","@graph":[{"@type":"WebPage","@id":"https:\/\/www.perzijskepreproge.si\/fr\/produit\/tapis-persan-nain-tapis-persan-nain-27\/","url":"https:\/\/www.perzijskepreproge.si\/fr\/produit\/tapis-persan-nain-tapis-persan-nain-27\/","name":"Tapis persan Nain - Perzijske preproge Farzad","isPartOf":{"@id":"https:\/\/www.perzijskepreproge.si\/fr\/#website"},"primaryImageOfPage":{"@id":"https:\/\/www.perzijskepreproge.si\/fr\/produit\/tapis-persan-nain-tapis-persan-nain-27\/#primaryimage"},"image":{"@id":"https:\/\/www.perzijskepreproge.si\/fr\/produit\/tapis-persan-nain-tapis-persan-nain-27\/#primaryimage"},"thumbnailUrl":"https:\/\/www.perzijskepreproge.si\/wp-content\/uploads\/2023\/02\/IMG_1650jpg.jpg","datePublished":"2023-02-22T14:55:29+00:00","dateModified":"2026-04-13T11:19:29+00:00","breadcrumb":{"@id":"https:\/\/www.perzijskepreproge.si\/fr\/produit\/tapis-persan-nain-tapis-persan-nain-27\/#breadcrumb"},"inLanguage":"fr-FR","potentialAction":[{"@type":"ReadAction","target":["https:\/\/www.perzijskepreproge.si\/fr\/produit\/tapis-persan-nain-tapis-persan-nain-27\/"]}]},{"@type":"ImageObject","inLanguage":"fr-FR","@id":"https:\/\/www.perzijskepreproge.si\/fr\/produit\/tapis-persan-nain-tapis-persan-nain-27\/#primaryimage","url":"https:\/\/www.perzijskepreproge.si\/wp-content\/uploads\/2023\/02\/IMG_1650jpg.jpg","contentUrl":"https:\/\/www.perzijskepreproge.si\/wp-content\/uploads\/2023\/02\/IMG_1650jpg.jpg","width":1200,"height":996},{"@type":"BreadcrumbList","@id":"https:\/\/www.perzijskepreproge.si\/fr\/produit\/tapis-persan-nain-tapis-persan-nain-27\/#breadcrumb","itemListElement":[{"@type":"ListItem","position":1,"name":"Maison","item":"https:\/\/www.perzijskepreproge.si\/fr\/tapis-persans-farzad\/"},{"@type":"ListItem","position":2,"name":"Boutique","item":"https:\/\/www.perzijskepreproge.si\/fr\/boutique\/"},{"@type":"ListItem","position":3,"name":"Tapis persan Nain"}]},{"@type":"WebSite","@id":"https:\/\/www.perzijskepreproge.si\/fr\/#website","url":"https:\/\/www.perzijskepreproge.si\/fr\/","name":"Perzijske preproge Farzad","description":"Perzijske preproge,  preprog in \u010di\u0161\u010denje preprog","potentialAction":[{"@type":"SearchAction","target":{"@type":"EntryPoint","urlTemplate":"https:\/\/www.perzijskepreproge.si\/fr\/?s={search_term_string}"},"query-input":{"@type":"PropertyValueSpecification","valueRequired":true,"valueName":"search_term_string"}}],"inLanguage":"fr-FR"}]}},"_links":{"self":[{"href":"https:\/\/www.perzijskepreproge.si\/fr\/wp-json\/wp\/v2\/product\/25859","targetHints":{"allow":["GET"]}}],"collection":[{"href":"https:\/\/www.perzijskepreproge.si\/fr\/wp-json\/wp\/v2\/product"}],"about":[{"href":"https:\/\/www.perzijskepreproge.si\/fr\/wp-json\/wp\/v2\/types\/product"}],"version-history":[{"count":1,"href":"https:\/\/www.perzijskepreproge.si\/fr\/wp-json\/wp\/v2\/product\/25859\/revisions"}],"predecessor-version":[{"id":29491,"href":"https:\/\/www.perzijskepreproge.si\/fr\/wp-json\/wp\/v2\/product\/25859\/revisions\/29491"}],"wp:featuredmedia":[{"embeddable":true,"href":"https:\/\/www.perzijskepreproge.si\/fr\/wp-json\/wp\/v2\/media\/24648"}],"wp:attachment":[{"href":"https:\/\/www.perzijskepreproge.si\/fr\/wp-json\/wp\/v2\/media?parent=25859"}],"wp:term":[{"taxonomy":"product_brand","embeddable":true,"href":"https:\/\/www.perzijskepreproge.si\/fr\/wp-json\/wp\/v2\/product_brand?post=25859"},{"taxonomy":"product_cat","embeddable":true,"href":"https:\/\/www.perzijskepreproge.si\/fr\/wp-json\/wp\/v2\/product_cat?post=25859"},{"taxonomy":"product_tag","embeddable":true,"href":"https:\/\/www.perzijskepreproge.si\/fr\/wp-json\/wp\/v2\/product_tag?post=25859"}],"curies":[{"name":"wp","href":"https:\/\/api.w.org\/{rel}","templated":true}]}}