{"id":27636,"date":"2025-10-01T11:15:44","date_gmt":"2025-10-01T09:15:44","guid":{"rendered":"https:\/\/www.perzijskepreproge.si\/?post_type=product&#038;p=27636"},"modified":"2026-04-13T12:07:01","modified_gmt":"2026-04-13T10:07:01","slug":"tapis-persan-nain-tapis-persan-nain-kopija","status":"publish","type":"product","link":"https:\/\/www.perzijskepreproge.si\/fr\/produit\/tapis-persan-nain-tapis-persan-nain-kopija\/","title":{"rendered":"Tapis persan Tabriz \/ Persian carpet Tabriz"},"content":{"rendered":"<p>Ce tapis persan de Tabriz est nou\u00e9 \u00e0 la main en laine et en soie, ce qui lui conf\u00e8re une douceur exceptionnelle, un bel \u00e9clat et une grande long\u00e9vit\u00e9. Il pr\u00e9sente un motif caract\u00e9ristique entour\u00e9 d\u2019arabesques et de motifs floraux, souvent rehauss\u00e9 d\u2019impressions de rinceaux ou de cypr\u00e8s. La palette est d\u00e9licate, avec des nuances teintes aux pigments v\u00e9g\u00e9taux, qui apportent \u00e0 l\u2019espace une \u00e9l\u00e9gance intemporelle et une sensation de chaleur. La laine assure r\u00e9sistance et douceur, tandis que la soie apporte un lustre subtil et une richesse de d\u00e9tails qui varie selon l\u2019angle de la lumi\u00e8re. Gr\u00e2ce \u00e0 sa haute densit\u00e9 de n\u0153uds et \u00e0 un tissage manuel pr\u00e9cis, ce tapis offre un d\u00e9cor extr\u00eamement d\u00e9taill\u00e9, \u00e0 la fois classique et d\u2019une grande finesse esth\u00e9tique. Plac\u00e9 dans une pi\u00e8ce, il en souligne le prestige et la chaleur ; il convient donc aux espaces de vie ou de r\u00e9ception \u00e9l\u00e9gants, o\u00f9 il devient l\u2019accent artistique central. Son esth\u00e9tique et sa qualit\u00e9 conf\u00e8rent \u00e0 l\u2019espace une beaut\u00e9 intemporelle et une richesse visuelle qui attire le regard tout en exprimant la tradition culturelle de la fabrication des plus beaux tapis persans.      <\/p>\n","protected":false},"excerpt":{"rendered":"<p>N\u00b0 d\u2019enreg. : 1153<\/p>\n<p>Dimensions \/ Size : 145 \u00d7 99 cm<\/p>\n<p>Mat\u00e9riau \/ Pile : laine, soie \/ wool, silk<\/p>\n<p>Cha\u00eene \/ Base : coton \/ cotton<\/p>\n<p>Couleurs \/ Colours : v\u00e9g\u00e9tales \/ plants<\/p>\n<p>Motif \/ Design : floral \/ floral (m\u00e9daillon \u2013 toranj)<\/p>\n<p>Technique de fabrication \/ Weaving technique : tapis nou\u00e9 \u00e0 la main \/ handmade pile carpet<\/p>\n<p>Densit\u00e9 de nouage \/ Knot density : 490\u202f000\/m\u00b2<\/p>\n<p>Origine \/ Origin : Tabriz \u2013 Iran<\/p>\n<p>&nbsp;<\/p>\n","protected":false},"featured_media":27655,"template":"","meta":{"iawp_total_views":1},"product_brand":[],"product_cat":[391,310],"product_tag":[],"class_list":{"0":"post-27636","1":"product","2":"type-product","3":"status-publish","4":"has-post-thumbnail","6":"product_cat-petits-tapis-fr","7":"product_cat-tapis-classiques","8":"pa_barva-osnovna-vert-pistache","9":"pa_material-laine-soie","10":"pa_oblika-rectangulaire","11":"pa_velikost-cca-150x100-fr","13":"first","14":"instock","15":"sold-individually","16":"taxable","17":"shipping-taxable","18":"purchasable","19":"product-type-simple"},"yoast_head":"<!-- This site is optimized with the Yoast SEO plugin v27.3 - https:\/\/yoast.com\/product\/yoast-seo-wordpress\/ -->\n<title>Tapis persan Tabriz \/ Persian carpet Tabriz - Perzijske preproge Farzad<\/title>\n<meta name=\"robots\" content=\"index, follow, max-snippet:-1, max-image-preview:large, max-video-preview:-1\" \/>\n<link rel=\"canonical\" href=\"https:\/\/www.perzijskepreproge.si\/fr\/produit\/tapis-persan-nain-tapis-persan-nain-kopija\/\" \/>\n<meta property=\"og:locale\" content=\"fr_FR\" \/>\n<meta property=\"og:type\" content=\"article\" \/>\n<meta property=\"og:title\" content=\"Tapis persan Tabriz \/ Persian carpet Tabriz - Perzijske preproge Farzad\" \/>\n<meta property=\"og:description\" content=\"N\u00b0 d\u2019enreg. : 1153 Dimensions \/ Size : 145 \u00d7 99 cm Mat\u00e9riau \/ Pile : laine, soie \/ wool, silk Cha\u00eene \/ Base : coton \/ cotton Couleurs \/ Colours : v\u00e9g\u00e9tales \/ plants Motif \/ Design : floral \/ floral (m\u00e9daillon - toranj) Technique de fabrication \/ Weaving technique : tapis nou\u00e9 \u00e0 la main \/ handmade pile carpet Densit\u00e9 de nouage \/ Knot density : 490\u202f000\/m\u00b2 Origine \/ Origin : Tabriz - Iran &nbsp;\" \/>\n<meta property=\"og:url\" content=\"https:\/\/www.perzijskepreproge.si\/fr\/produit\/tapis-persan-nain-tapis-persan-nain-kopija\/\" \/>\n<meta property=\"og:site_name\" content=\"Perzijske preproge Farzad\" \/>\n<meta property=\"article:modified_time\" content=\"2026-04-13T10:07:01+00:00\" \/>\n<meta property=\"og:image\" content=\"https:\/\/www.perzijskepreproge.si\/wp-content\/uploads\/2025\/10\/IMG_20251001_110045jpg.jpg\" \/>\n\t<meta property=\"og:image:width\" content=\"900\" \/>\n\t<meta property=\"og:image:height\" content=\"1200\" \/>\n\t<meta property=\"og:image:type\" content=\"image\/jpeg\" \/>\n<meta name=\"twitter:card\" content=\"summary_large_image\" \/>\n<meta name=\"twitter:label1\" content=\"Dur\u00e9e de lecture estim\u00e9e\" \/>\n\t<meta name=\"twitter:data1\" content=\"1 minute\" \/>\n<script type=\"application\/ld+json\" class=\"yoast-schema-graph\">{\"@context\":\"https:\\\/\\\/schema.org\",\"@graph\":[{\"@type\":\"WebPage\",\"@id\":\"https:\\\/\\\/www.perzijskepreproge.si\\\/fr\\\/produit\\\/tapis-persan-nain-tapis-persan-nain-kopija\\\/\",\"url\":\"https:\\\/\\\/www.perzijskepreproge.si\\\/fr\\\/produit\\\/tapis-persan-nain-tapis-persan-nain-kopija\\\/\",\"name\":\"Tapis persan Tabriz \\\/ Persian carpet Tabriz - Perzijske preproge Farzad\",\"isPartOf\":{\"@id\":\"https:\\\/\\\/www.perzijskepreproge.si\\\/fr\\\/#website\"},\"primaryImageOfPage\":{\"@id\":\"https:\\\/\\\/www.perzijskepreproge.si\\\/fr\\\/produit\\\/tapis-persan-nain-tapis-persan-nain-kopija\\\/#primaryimage\"},\"image\":{\"@id\":\"https:\\\/\\\/www.perzijskepreproge.si\\\/fr\\\/produit\\\/tapis-persan-nain-tapis-persan-nain-kopija\\\/#primaryimage\"},\"thumbnailUrl\":\"https:\\\/\\\/www.perzijskepreproge.si\\\/wp-content\\\/uploads\\\/2025\\\/10\\\/IMG_20251001_110045jpg.jpg\",\"datePublished\":\"2025-10-01T09:15:44+00:00\",\"dateModified\":\"2026-04-13T10:07:01+00:00\",\"breadcrumb\":{\"@id\":\"https:\\\/\\\/www.perzijskepreproge.si\\\/fr\\\/produit\\\/tapis-persan-nain-tapis-persan-nain-kopija\\\/#breadcrumb\"},\"inLanguage\":\"fr-FR\",\"potentialAction\":[{\"@type\":\"ReadAction\",\"target\":[\"https:\\\/\\\/www.perzijskepreproge.si\\\/fr\\\/produit\\\/tapis-persan-nain-tapis-persan-nain-kopija\\\/\"]}]},{\"@type\":\"ImageObject\",\"inLanguage\":\"fr-FR\",\"@id\":\"https:\\\/\\\/www.perzijskepreproge.si\\\/fr\\\/produit\\\/tapis-persan-nain-tapis-persan-nain-kopija\\\/#primaryimage\",\"url\":\"https:\\\/\\\/www.perzijskepreproge.si\\\/wp-content\\\/uploads\\\/2025\\\/10\\\/IMG_20251001_110045jpg.jpg\",\"contentUrl\":\"https:\\\/\\\/www.perzijskepreproge.si\\\/wp-content\\\/uploads\\\/2025\\\/10\\\/IMG_20251001_110045jpg.jpg\",\"width\":900,\"height\":1200},{\"@type\":\"BreadcrumbList\",\"@id\":\"https:\\\/\\\/www.perzijskepreproge.si\\\/fr\\\/produit\\\/tapis-persan-nain-tapis-persan-nain-kopija\\\/#breadcrumb\",\"itemListElement\":[{\"@type\":\"ListItem\",\"position\":1,\"name\":\"Maison\",\"item\":\"https:\\\/\\\/www.perzijskepreproge.si\\\/fr\\\/tapis-persans-farzad\\\/\"},{\"@type\":\"ListItem\",\"position\":2,\"name\":\"Boutique\",\"item\":\"https:\\\/\\\/www.perzijskepreproge.si\\\/fr\\\/boutique\\\/\"},{\"@type\":\"ListItem\",\"position\":3,\"name\":\"Tapis persan Tabriz \\\/ Persian carpet Tabriz\"}]},{\"@type\":\"WebSite\",\"@id\":\"https:\\\/\\\/www.perzijskepreproge.si\\\/fr\\\/#website\",\"url\":\"https:\\\/\\\/www.perzijskepreproge.si\\\/fr\\\/\",\"name\":\"Perzijske preproge Farzad\",\"description\":\"Perzijske preproge,  preprog in \u010di\u0161\u010denje preprog\",\"potentialAction\":[{\"@type\":\"SearchAction\",\"target\":{\"@type\":\"EntryPoint\",\"urlTemplate\":\"https:\\\/\\\/www.perzijskepreproge.si\\\/fr\\\/?s={search_term_string}\"},\"query-input\":{\"@type\":\"PropertyValueSpecification\",\"valueRequired\":true,\"valueName\":\"search_term_string\"}}],\"inLanguage\":\"fr-FR\"}]}<\/script>\n<!-- \/ Yoast SEO plugin. -->","yoast_head_json":{"title":"Tapis persan Tabriz \/ Persian carpet Tabriz - Perzijske preproge Farzad","robots":{"index":"index","follow":"follow","max-snippet":"max-snippet:-1","max-image-preview":"max-image-preview:large","max-video-preview":"max-video-preview:-1"},"canonical":"https:\/\/www.perzijskepreproge.si\/fr\/produit\/tapis-persan-nain-tapis-persan-nain-kopija\/","og_locale":"fr_FR","og_type":"article","og_title":"Tapis persan Tabriz \/ Persian carpet Tabriz - Perzijske preproge Farzad","og_description":"N\u00b0 d\u2019enreg. : 1153 Dimensions \/ Size : 145 \u00d7 99 cm Mat\u00e9riau \/ Pile : laine, soie \/ wool, silk Cha\u00eene \/ Base : coton \/ cotton Couleurs \/ Colours : v\u00e9g\u00e9tales \/ plants Motif \/ Design : floral \/ floral (m\u00e9daillon - toranj) Technique de fabrication \/ Weaving technique : tapis nou\u00e9 \u00e0 la main \/ handmade pile carpet Densit\u00e9 de nouage \/ Knot density : 490\u202f000\/m\u00b2 Origine \/ Origin : Tabriz - Iran &nbsp;","og_url":"https:\/\/www.perzijskepreproge.si\/fr\/produit\/tapis-persan-nain-tapis-persan-nain-kopija\/","og_site_name":"Perzijske preproge Farzad","article_modified_time":"2026-04-13T10:07:01+00:00","og_image":[{"width":900,"height":1200,"url":"https:\/\/www.perzijskepreproge.si\/wp-content\/uploads\/2025\/10\/IMG_20251001_110045jpg.jpg","type":"image\/jpeg"}],"twitter_card":"summary_large_image","twitter_misc":{"Dur\u00e9e de lecture estim\u00e9e":"1 minute"},"schema":{"@context":"https:\/\/schema.org","@graph":[{"@type":"WebPage","@id":"https:\/\/www.perzijskepreproge.si\/fr\/produit\/tapis-persan-nain-tapis-persan-nain-kopija\/","url":"https:\/\/www.perzijskepreproge.si\/fr\/produit\/tapis-persan-nain-tapis-persan-nain-kopija\/","name":"Tapis persan Tabriz \/ Persian carpet Tabriz - Perzijske preproge Farzad","isPartOf":{"@id":"https:\/\/www.perzijskepreproge.si\/fr\/#website"},"primaryImageOfPage":{"@id":"https:\/\/www.perzijskepreproge.si\/fr\/produit\/tapis-persan-nain-tapis-persan-nain-kopija\/#primaryimage"},"image":{"@id":"https:\/\/www.perzijskepreproge.si\/fr\/produit\/tapis-persan-nain-tapis-persan-nain-kopija\/#primaryimage"},"thumbnailUrl":"https:\/\/www.perzijskepreproge.si\/wp-content\/uploads\/2025\/10\/IMG_20251001_110045jpg.jpg","datePublished":"2025-10-01T09:15:44+00:00","dateModified":"2026-04-13T10:07:01+00:00","breadcrumb":{"@id":"https:\/\/www.perzijskepreproge.si\/fr\/produit\/tapis-persan-nain-tapis-persan-nain-kopija\/#breadcrumb"},"inLanguage":"fr-FR","potentialAction":[{"@type":"ReadAction","target":["https:\/\/www.perzijskepreproge.si\/fr\/produit\/tapis-persan-nain-tapis-persan-nain-kopija\/"]}]},{"@type":"ImageObject","inLanguage":"fr-FR","@id":"https:\/\/www.perzijskepreproge.si\/fr\/produit\/tapis-persan-nain-tapis-persan-nain-kopija\/#primaryimage","url":"https:\/\/www.perzijskepreproge.si\/wp-content\/uploads\/2025\/10\/IMG_20251001_110045jpg.jpg","contentUrl":"https:\/\/www.perzijskepreproge.si\/wp-content\/uploads\/2025\/10\/IMG_20251001_110045jpg.jpg","width":900,"height":1200},{"@type":"BreadcrumbList","@id":"https:\/\/www.perzijskepreproge.si\/fr\/produit\/tapis-persan-nain-tapis-persan-nain-kopija\/#breadcrumb","itemListElement":[{"@type":"ListItem","position":1,"name":"Maison","item":"https:\/\/www.perzijskepreproge.si\/fr\/tapis-persans-farzad\/"},{"@type":"ListItem","position":2,"name":"Boutique","item":"https:\/\/www.perzijskepreproge.si\/fr\/boutique\/"},{"@type":"ListItem","position":3,"name":"Tapis persan Tabriz \/ Persian carpet Tabriz"}]},{"@type":"WebSite","@id":"https:\/\/www.perzijskepreproge.si\/fr\/#website","url":"https:\/\/www.perzijskepreproge.si\/fr\/","name":"Perzijske preproge Farzad","description":"Perzijske preproge,  preprog in \u010di\u0161\u010denje preprog","potentialAction":[{"@type":"SearchAction","target":{"@type":"EntryPoint","urlTemplate":"https:\/\/www.perzijskepreproge.si\/fr\/?s={search_term_string}"},"query-input":{"@type":"PropertyValueSpecification","valueRequired":true,"valueName":"search_term_string"}}],"inLanguage":"fr-FR"}]}},"_links":{"self":[{"href":"https:\/\/www.perzijskepreproge.si\/fr\/wp-json\/wp\/v2\/product\/27636","targetHints":{"allow":["GET"]}}],"collection":[{"href":"https:\/\/www.perzijskepreproge.si\/fr\/wp-json\/wp\/v2\/product"}],"about":[{"href":"https:\/\/www.perzijskepreproge.si\/fr\/wp-json\/wp\/v2\/types\/product"}],"version-history":[{"count":4,"href":"https:\/\/www.perzijskepreproge.si\/fr\/wp-json\/wp\/v2\/product\/27636\/revisions"}],"predecessor-version":[{"id":28942,"href":"https:\/\/www.perzijskepreproge.si\/fr\/wp-json\/wp\/v2\/product\/27636\/revisions\/28942"}],"wp:featuredmedia":[{"embeddable":true,"href":"https:\/\/www.perzijskepreproge.si\/fr\/wp-json\/wp\/v2\/media\/27655"}],"wp:attachment":[{"href":"https:\/\/www.perzijskepreproge.si\/fr\/wp-json\/wp\/v2\/media?parent=27636"}],"wp:term":[{"taxonomy":"product_brand","embeddable":true,"href":"https:\/\/www.perzijskepreproge.si\/fr\/wp-json\/wp\/v2\/product_brand?post=27636"},{"taxonomy":"product_cat","embeddable":true,"href":"https:\/\/www.perzijskepreproge.si\/fr\/wp-json\/wp\/v2\/product_cat?post=27636"},{"taxonomy":"product_tag","embeddable":true,"href":"https:\/\/www.perzijskepreproge.si\/fr\/wp-json\/wp\/v2\/product_tag?post=27636"}],"curies":[{"name":"wp","href":"https:\/\/api.w.org\/{rel}","templated":true}]}}