{"id":28474,"date":"2026-03-17T15:16:00","date_gmt":"2026-03-17T14:16:00","guid":{"rendered":"https:\/\/www.perzijskepreproge.si\/?post_type=product&#038;p=28474"},"modified":"2026-03-24T16:25:07","modified_gmt":"2026-03-24T15:25:07","slug":"tapis-persan-en-soie-tabriz-tapis-persan-en-soie-tabriz-kopija","status":"publish","type":"product","link":"https:\/\/www.perzijskepreproge.si\/fr\/produit\/tapis-persan-en-soie-tabriz-tapis-persan-en-soie-tabriz-kopija\/","title":{"rendered":"Tapis persan en soie Tabriz \/ Tapis persan en soie Tabriz"},"content":{"rendered":"","protected":false},"excerpt":{"rendered":"<p>R\u00e9g. n\u00b0 : 1104<\/p>\n<p>Dimensions : 142 x 100 cm<\/p>\n<p>Mati\u00e8re \/ Poil : soie<\/p>\n<p>Base : soie<\/p>\n<p>Couleurs : plantes<\/p>\n<p>Conception : jardins paradisiaques \/ conception de jardins<\/p>\n<p>Technique de tissage : tapis \u00e0 poils fait main<\/p>\n<p>Densit\u00e9 de n\u0153uds : 1 000 000 m2<\/p>\n<p>Origine : Iran<\/p>\n<p>&nbsp;<\/p>\n","protected":false},"featured_media":28486,"template":"","meta":{"iawp_total_views":4},"product_brand":[],"product_cat":[408],"product_tag":[],"class_list":{"0":"post-28474","1":"product","2":"type-product","3":"status-publish","4":"has-post-thumbnail","6":"product_cat-tapis-de-soie","7":"pa_barva-osnovna-blanc-beige","8":"pa_barva-osnovna-or-jaune","9":"pa_barva-osnovna-vert-pistache","10":"pa_material-laine-soie","11":"pa_oblika-rond","13":"first","14":"instock","15":"sold-individually","16":"taxable","17":"shipping-taxable","18":"purchasable","19":"product-type-simple"},"yoast_head":"<!-- This site is optimized with the Yoast SEO plugin v27.3 - https:\/\/yoast.com\/product\/yoast-seo-wordpress\/ -->\n<title>Tapis persan en soie Tabriz \/ Tapis persan en soie Tabriz - Perzijske preproge Farzad<\/title>\n<meta name=\"description\" content=\"Un tapis persan en soie exclusif de la ville de Qom, o\u00f9 sont fabriqu\u00e9s les tapis en soie les plus sophistiqu\u00e9s et les plus pr\u00e9cieux au monde. 100% soie naturelle.\" \/>\n<meta name=\"robots\" content=\"index, follow, max-snippet:-1, max-image-preview:large, max-video-preview:-1\" \/>\n<link rel=\"canonical\" href=\"https:\/\/www.perzijskepreproge.si\/fr\/produit\/tapis-persan-en-soie-tabriz-tapis-persan-en-soie-tabriz-kopija\/\" \/>\n<meta property=\"og:locale\" content=\"fr_FR\" \/>\n<meta property=\"og:type\" content=\"article\" \/>\n<meta property=\"og:title\" content=\"Tapis persan en soie Tabriz \/ Tapis persan en soie Tabriz - Perzijske preproge Farzad\" \/>\n<meta property=\"og:description\" content=\"Un tapis persan en soie exclusif de la ville de Qom, o\u00f9 sont fabriqu\u00e9s les tapis en soie les plus sophistiqu\u00e9s et les plus pr\u00e9cieux au monde. 100% soie naturelle.\" \/>\n<meta property=\"og:url\" content=\"https:\/\/www.perzijskepreproge.si\/fr\/produit\/tapis-persan-en-soie-tabriz-tapis-persan-en-soie-tabriz-kopija\/\" \/>\n<meta property=\"og:site_name\" content=\"Perzijske preproge Farzad\" \/>\n<meta property=\"article:modified_time\" content=\"2026-03-24T15:25:07+00:00\" \/>\n<meta property=\"og:image\" content=\"https:\/\/www.perzijskepreproge.si\/wp-content\/uploads\/2026\/03\/image00008jpg.jpg\" \/>\n\t<meta property=\"og:image:width\" content=\"900\" \/>\n\t<meta property=\"og:image:height\" content=\"1200\" \/>\n\t<meta property=\"og:image:type\" content=\"image\/jpeg\" \/>\n<meta name=\"twitter:card\" content=\"summary_large_image\" \/>\n<meta name=\"twitter:label1\" content=\"Dur\u00e9e de lecture estim\u00e9e\" \/>\n\t<meta name=\"twitter:data1\" content=\"1 minute\" \/>\n<script type=\"application\/ld+json\" class=\"yoast-schema-graph\">{\"@context\":\"https:\\\/\\\/schema.org\",\"@graph\":[{\"@type\":\"WebPage\",\"@id\":\"https:\\\/\\\/www.perzijskepreproge.si\\\/fr\\\/produit\\\/tapis-persan-en-soie-tabriz-tapis-persan-en-soie-tabriz-kopija\\\/\",\"url\":\"https:\\\/\\\/www.perzijskepreproge.si\\\/fr\\\/produit\\\/tapis-persan-en-soie-tabriz-tapis-persan-en-soie-tabriz-kopija\\\/\",\"name\":\"Tapis persan en soie Tabriz \\\/ Tapis persan en soie Tabriz - Perzijske preproge Farzad\",\"isPartOf\":{\"@id\":\"https:\\\/\\\/www.perzijskepreproge.si\\\/fr\\\/#website\"},\"primaryImageOfPage\":{\"@id\":\"https:\\\/\\\/www.perzijskepreproge.si\\\/fr\\\/produit\\\/tapis-persan-en-soie-tabriz-tapis-persan-en-soie-tabriz-kopija\\\/#primaryimage\"},\"image\":{\"@id\":\"https:\\\/\\\/www.perzijskepreproge.si\\\/fr\\\/produit\\\/tapis-persan-en-soie-tabriz-tapis-persan-en-soie-tabriz-kopija\\\/#primaryimage\"},\"thumbnailUrl\":\"https:\\\/\\\/www.perzijskepreproge.si\\\/wp-content\\\/uploads\\\/2026\\\/03\\\/image00008jpg.jpg\",\"datePublished\":\"2026-03-17T14:16:00+00:00\",\"dateModified\":\"2026-03-24T15:25:07+00:00\",\"description\":\"Un tapis persan en soie exclusif de la ville de Qom, o\u00f9 sont fabriqu\u00e9s les tapis en soie les plus sophistiqu\u00e9s et les plus pr\u00e9cieux au monde. 100% soie naturelle.\",\"breadcrumb\":{\"@id\":\"https:\\\/\\\/www.perzijskepreproge.si\\\/fr\\\/produit\\\/tapis-persan-en-soie-tabriz-tapis-persan-en-soie-tabriz-kopija\\\/#breadcrumb\"},\"inLanguage\":\"fr-FR\",\"potentialAction\":[{\"@type\":\"ReadAction\",\"target\":[\"https:\\\/\\\/www.perzijskepreproge.si\\\/fr\\\/produit\\\/tapis-persan-en-soie-tabriz-tapis-persan-en-soie-tabriz-kopija\\\/\"]}]},{\"@type\":\"ImageObject\",\"inLanguage\":\"fr-FR\",\"@id\":\"https:\\\/\\\/www.perzijskepreproge.si\\\/fr\\\/produit\\\/tapis-persan-en-soie-tabriz-tapis-persan-en-soie-tabriz-kopija\\\/#primaryimage\",\"url\":\"https:\\\/\\\/www.perzijskepreproge.si\\\/wp-content\\\/uploads\\\/2026\\\/03\\\/image00008jpg.jpg\",\"contentUrl\":\"https:\\\/\\\/www.perzijskepreproge.si\\\/wp-content\\\/uploads\\\/2026\\\/03\\\/image00008jpg.jpg\",\"width\":900,\"height\":1200},{\"@type\":\"BreadcrumbList\",\"@id\":\"https:\\\/\\\/www.perzijskepreproge.si\\\/fr\\\/produit\\\/tapis-persan-en-soie-tabriz-tapis-persan-en-soie-tabriz-kopija\\\/#breadcrumb\",\"itemListElement\":[{\"@type\":\"ListItem\",\"position\":1,\"name\":\"Maison\",\"item\":\"https:\\\/\\\/www.perzijskepreproge.si\\\/fr\\\/tapis-persans-farzad\\\/\"},{\"@type\":\"ListItem\",\"position\":2,\"name\":\"Boutique\",\"item\":\"https:\\\/\\\/www.perzijskepreproge.si\\\/fr\\\/boutique\\\/\"},{\"@type\":\"ListItem\",\"position\":3,\"name\":\"Tapis persan en soie Tabriz \\\/ Tapis persan en soie Tabriz\"}]},{\"@type\":\"WebSite\",\"@id\":\"https:\\\/\\\/www.perzijskepreproge.si\\\/fr\\\/#website\",\"url\":\"https:\\\/\\\/www.perzijskepreproge.si\\\/fr\\\/\",\"name\":\"Perzijske preproge Farzad\",\"description\":\"Perzijske preproge,  preprog in \u010di\u0161\u010denje preprog\",\"potentialAction\":[{\"@type\":\"SearchAction\",\"target\":{\"@type\":\"EntryPoint\",\"urlTemplate\":\"https:\\\/\\\/www.perzijskepreproge.si\\\/fr\\\/?s={search_term_string}\"},\"query-input\":{\"@type\":\"PropertyValueSpecification\",\"valueRequired\":true,\"valueName\":\"search_term_string\"}}],\"inLanguage\":\"fr-FR\"}]}<\/script>\n<!-- \/ Yoast SEO plugin. -->","yoast_head_json":{"title":"Tapis persan en soie Tabriz \/ Tapis persan en soie Tabriz - Perzijske preproge Farzad","description":"Un tapis persan en soie exclusif de la ville de Qom, o\u00f9 sont fabriqu\u00e9s les tapis en soie les plus sophistiqu\u00e9s et les plus pr\u00e9cieux au monde. 100% soie naturelle.","robots":{"index":"index","follow":"follow","max-snippet":"max-snippet:-1","max-image-preview":"max-image-preview:large","max-video-preview":"max-video-preview:-1"},"canonical":"https:\/\/www.perzijskepreproge.si\/fr\/produit\/tapis-persan-en-soie-tabriz-tapis-persan-en-soie-tabriz-kopija\/","og_locale":"fr_FR","og_type":"article","og_title":"Tapis persan en soie Tabriz \/ Tapis persan en soie Tabriz - Perzijske preproge Farzad","og_description":"Un tapis persan en soie exclusif de la ville de Qom, o\u00f9 sont fabriqu\u00e9s les tapis en soie les plus sophistiqu\u00e9s et les plus pr\u00e9cieux au monde. 100% soie naturelle.","og_url":"https:\/\/www.perzijskepreproge.si\/fr\/produit\/tapis-persan-en-soie-tabriz-tapis-persan-en-soie-tabriz-kopija\/","og_site_name":"Perzijske preproge Farzad","article_modified_time":"2026-03-24T15:25:07+00:00","og_image":[{"width":900,"height":1200,"url":"https:\/\/www.perzijskepreproge.si\/wp-content\/uploads\/2026\/03\/image00008jpg.jpg","type":"image\/jpeg"}],"twitter_card":"summary_large_image","twitter_misc":{"Dur\u00e9e de lecture estim\u00e9e":"1 minute"},"schema":{"@context":"https:\/\/schema.org","@graph":[{"@type":"WebPage","@id":"https:\/\/www.perzijskepreproge.si\/fr\/produit\/tapis-persan-en-soie-tabriz-tapis-persan-en-soie-tabriz-kopija\/","url":"https:\/\/www.perzijskepreproge.si\/fr\/produit\/tapis-persan-en-soie-tabriz-tapis-persan-en-soie-tabriz-kopija\/","name":"Tapis persan en soie Tabriz \/ Tapis persan en soie Tabriz - Perzijske preproge Farzad","isPartOf":{"@id":"https:\/\/www.perzijskepreproge.si\/fr\/#website"},"primaryImageOfPage":{"@id":"https:\/\/www.perzijskepreproge.si\/fr\/produit\/tapis-persan-en-soie-tabriz-tapis-persan-en-soie-tabriz-kopija\/#primaryimage"},"image":{"@id":"https:\/\/www.perzijskepreproge.si\/fr\/produit\/tapis-persan-en-soie-tabriz-tapis-persan-en-soie-tabriz-kopija\/#primaryimage"},"thumbnailUrl":"https:\/\/www.perzijskepreproge.si\/wp-content\/uploads\/2026\/03\/image00008jpg.jpg","datePublished":"2026-03-17T14:16:00+00:00","dateModified":"2026-03-24T15:25:07+00:00","description":"Un tapis persan en soie exclusif de la ville de Qom, o\u00f9 sont fabriqu\u00e9s les tapis en soie les plus sophistiqu\u00e9s et les plus pr\u00e9cieux au monde. 100% soie naturelle.","breadcrumb":{"@id":"https:\/\/www.perzijskepreproge.si\/fr\/produit\/tapis-persan-en-soie-tabriz-tapis-persan-en-soie-tabriz-kopija\/#breadcrumb"},"inLanguage":"fr-FR","potentialAction":[{"@type":"ReadAction","target":["https:\/\/www.perzijskepreproge.si\/fr\/produit\/tapis-persan-en-soie-tabriz-tapis-persan-en-soie-tabriz-kopija\/"]}]},{"@type":"ImageObject","inLanguage":"fr-FR","@id":"https:\/\/www.perzijskepreproge.si\/fr\/produit\/tapis-persan-en-soie-tabriz-tapis-persan-en-soie-tabriz-kopija\/#primaryimage","url":"https:\/\/www.perzijskepreproge.si\/wp-content\/uploads\/2026\/03\/image00008jpg.jpg","contentUrl":"https:\/\/www.perzijskepreproge.si\/wp-content\/uploads\/2026\/03\/image00008jpg.jpg","width":900,"height":1200},{"@type":"BreadcrumbList","@id":"https:\/\/www.perzijskepreproge.si\/fr\/produit\/tapis-persan-en-soie-tabriz-tapis-persan-en-soie-tabriz-kopija\/#breadcrumb","itemListElement":[{"@type":"ListItem","position":1,"name":"Maison","item":"https:\/\/www.perzijskepreproge.si\/fr\/tapis-persans-farzad\/"},{"@type":"ListItem","position":2,"name":"Boutique","item":"https:\/\/www.perzijskepreproge.si\/fr\/boutique\/"},{"@type":"ListItem","position":3,"name":"Tapis persan en soie Tabriz \/ Tapis persan en soie Tabriz"}]},{"@type":"WebSite","@id":"https:\/\/www.perzijskepreproge.si\/fr\/#website","url":"https:\/\/www.perzijskepreproge.si\/fr\/","name":"Perzijske preproge Farzad","description":"Perzijske preproge,  preprog in \u010di\u0161\u010denje preprog","potentialAction":[{"@type":"SearchAction","target":{"@type":"EntryPoint","urlTemplate":"https:\/\/www.perzijskepreproge.si\/fr\/?s={search_term_string}"},"query-input":{"@type":"PropertyValueSpecification","valueRequired":true,"valueName":"search_term_string"}}],"inLanguage":"fr-FR"}]}},"_links":{"self":[{"href":"https:\/\/www.perzijskepreproge.si\/fr\/wp-json\/wp\/v2\/product\/28474","targetHints":{"allow":["GET"]}}],"collection":[{"href":"https:\/\/www.perzijskepreproge.si\/fr\/wp-json\/wp\/v2\/product"}],"about":[{"href":"https:\/\/www.perzijskepreproge.si\/fr\/wp-json\/wp\/v2\/types\/product"}],"version-history":[{"count":2,"href":"https:\/\/www.perzijskepreproge.si\/fr\/wp-json\/wp\/v2\/product\/28474\/revisions"}],"predecessor-version":[{"id":28730,"href":"https:\/\/www.perzijskepreproge.si\/fr\/wp-json\/wp\/v2\/product\/28474\/revisions\/28730"}],"wp:featuredmedia":[{"embeddable":true,"href":"https:\/\/www.perzijskepreproge.si\/fr\/wp-json\/wp\/v2\/media\/28486"}],"wp:attachment":[{"href":"https:\/\/www.perzijskepreproge.si\/fr\/wp-json\/wp\/v2\/media?parent=28474"}],"wp:term":[{"taxonomy":"product_brand","embeddable":true,"href":"https:\/\/www.perzijskepreproge.si\/fr\/wp-json\/wp\/v2\/product_brand?post=28474"},{"taxonomy":"product_cat","embeddable":true,"href":"https:\/\/www.perzijskepreproge.si\/fr\/wp-json\/wp\/v2\/product_cat?post=28474"},{"taxonomy":"product_tag","embeddable":true,"href":"https:\/\/www.perzijskepreproge.si\/fr\/wp-json\/wp\/v2\/product_tag?post=28474"}],"curies":[{"name":"wp","href":"https:\/\/api.w.org\/{rel}","templated":true}]}}