{"id":28978,"date":"2026-03-04T14:49:21","date_gmt":"2026-03-04T13:49:21","guid":{"rendered":"https:\/\/www.perzijskepreproge.si\/izdelek\/tapis-persan-en-soie-de-ghom\/"},"modified":"2026-03-04T14:49:21","modified_gmt":"2026-03-04T13:49:21","slug":"tapis-persan-en-soie-de-ghom","status":"publish","type":"product","link":"https:\/\/www.perzijskepreproge.si\/fr\/produit\/tapis-persan-en-soie-de-ghom\/","title":{"rendered":"Tapis persan en soie de Ghom"},"content":{"rendered":"<p>Ce tapis persan exceptionnel de Ghom repr\u00e9sente le summum de l&rsquo;art textile, enti\u00e8rement tiss\u00e9 \u00e0 la main \u00e0 partir de la soie naturelle la plus noble. Son esth\u00e9tique repose sur une profonde couleur vert \u00e9meraude, qui, dans la tradition persane, symbolise la prosp\u00e9rit\u00e9, la nature et l&rsquo;\u00e9ternit\u00e9, tout en cr\u00e9ant un contraste saisissant avec les motifs floraux richement orn\u00e9s dans des tons dor\u00e9s et ros\u00e9s. La forme ovale est techniquement extr\u00eamement exigeante, car elle requiert du tisserand une adaptation parfaite du motif aux courbes, soulignant ainsi la maestria de la composition o\u00f9 le m\u00e9daillon central agit comme un foyer d&rsquo;o\u00f9 se d\u00e9ploient harmonieusement les d\u00e9licats d\u00e9tails d&rsquo;arabesques. La valeur du tapis est \u00e9galement confirm\u00e9e par la cartouche tiss\u00e9e \u00e0 la main avec signature sur le bord sup\u00e9rieur, garantissant son authenticit\u00e9 et son origine prestigieuse. Gr\u00e2ce \u00e0 la haute densit\u00e9 des n\u0153uds de soie, les couleurs changent constamment avec la lumi\u00e8re, conf\u00e9rant au produit une vivacit\u00e9 et une profondeur que seuls les pi\u00e8ces uniques les plus pr\u00e9cieuses poss\u00e8dent. Une telle \u0153uvre d&rsquo;art n&rsquo;est pas seulement un \u00e9l\u00e9ment d\u00e9coratif prestigieux, mais un investissement durable qui allie des si\u00e8cles de tradition au luxe raffin\u00e9 des int\u00e9rieurs modernes.     <\/p>\n<p data-path-to-node=\"0\">Le m\u00e9daillon central de ce tapis agit comme un centre spirituel et visuel, incarnant \u00ab l&rsquo;\u0153il qui voit tout \u00bb ou le soleil qui donne vie \u00e0 tous les \u00e9l\u00e9ments naturels qui l&rsquo;entourent. En son c\u0153ur, nous observons une \u00e9toile g\u00e9om\u00e9trique qui se d\u00e9veloppe en couches de p\u00e9tales, symbolisant l&rsquo;ouverture de l&rsquo;univers et l&rsquo;infinit\u00e9 de la cr\u00e9ation divine. <\/p>\n<p data-path-to-node=\"1\">Autour du m\u00e9daillon s&rsquo;entrelacent les motifs Shah Abbasi, c&rsquo;est-\u00e0-dire des fleurs de lotus et de lys stylis\u00e9es, qui, dans l&rsquo;iconographie persane, repr\u00e9sentent la puret\u00e9, la fertilit\u00e9 et la noblesse. Ces fleurs sont reli\u00e9es par des vrilles sinueuses d&rsquo;islimi (arabesques), illustrant le mouvement \u00e9ternel de la nature et le flux ininterrompu de la vie. Les accents ros\u00e9s en forme de pivoines ajoutent une couche de symbolisme de richesse et d&rsquo;honneur, tandis que de petites feuilles finement nou\u00e9es dans des tons dor\u00e9s \u00e9voquent la lumi\u00e8re et la pr\u00e9sence divine qui impr\u00e8gnent le jardin paradisiaque repr\u00e9sent\u00e9 sur la surface de soie. L&rsquo;ensemble de la composition ne sert donc pas seulement d&rsquo;ornement, mais raconte une histoire d&rsquo;harmonie entre la terre et le ciel.   <\/p>\n","protected":false},"excerpt":{"rendered":"<p>N\u00b0 d&rsquo;enregistrement : #1260<\/p>\n<p>Dimensions : 146 x 92 cm<\/p>\n<p>Mati\u00e8re : soie<\/p>\n<p>Base : soie<\/p>\n<p>Couleurs \/ Colours : v\u00e9g\u00e9tales \/ plants<\/p>\n<p>Design : floral, m\u00e9daillon<\/p>\n<p>Technique de tissage \/ Weaving technique : tapis nou\u00e9 main \/ handmade pile carpet<\/p>\n<p>Densit\u00e9 de n\u0153uds : 1 000 000 \/ m\u00b2<\/p>\n<p>Origine : Iran<\/p>\n<p>&nbsp;<\/p>\n","protected":false},"featured_media":28979,"template":"","meta":{"iawp_total_views":0},"product_brand":[],"product_cat":[408],"product_tag":[],"class_list":{"0":"post-28978","1":"product","2":"type-product","3":"status-publish","4":"has-post-thumbnail","6":"product_cat-tapis-de-soie","7":"pa_barva-osnovna-vert-pistache","8":"pa_material-soie","9":"pa_oblika-ovale","10":"pa_tip-preproge-en-soie","11":"pa_velikost-cca-150x100-fr","13":"first","14":"instock","15":"sold-individually","16":"taxable","17":"shipping-taxable","18":"purchasable","19":"product-type-simple"},"yoast_head":"<!-- This site is optimized with the Yoast SEO plugin v27.3 - https:\/\/yoast.com\/product\/yoast-seo-wordpress\/ -->\n<title>Tapis persan en soie de Ghom - Perzijske preproge Farzad<\/title>\n<meta name=\"description\" content=\"Tapis persan exclusif en soie de Ghom, o\u00f9 sont fabriqu\u00e9s les tapis en soie les plus raffin\u00e9s et pr\u00e9cieux au monde. 100 % soie naturelle.\" \/>\n<meta name=\"robots\" content=\"index, follow, max-snippet:-1, max-image-preview:large, max-video-preview:-1\" \/>\n<link rel=\"canonical\" href=\"https:\/\/www.perzijskepreproge.si\/fr\/produit\/tapis-persan-en-soie-de-ghom\/\" \/>\n<meta property=\"og:locale\" content=\"fr_FR\" \/>\n<meta property=\"og:type\" content=\"article\" \/>\n<meta property=\"og:title\" content=\"Tapis persan en soie de Ghom - Perzijske preproge Farzad\" \/>\n<meta property=\"og:description\" content=\"Tapis persan exclusif en soie de Ghom, o\u00f9 sont fabriqu\u00e9s les tapis en soie les plus raffin\u00e9s et pr\u00e9cieux au monde. 100 % soie naturelle.\" \/>\n<meta property=\"og:url\" content=\"https:\/\/www.perzijskepreproge.si\/fr\/produit\/tapis-persan-en-soie-de-ghom\/\" \/>\n<meta property=\"og:site_name\" content=\"Perzijske preproge Farzad\" \/>\n<meta property=\"og:image\" content=\"https:\/\/www.perzijskepreproge.si\/wp-content\/uploads\/2026\/03\/7.webp\" \/>\n\t<meta property=\"og:image:width\" content=\"850\" \/>\n\t<meta property=\"og:image:height\" content=\"1200\" \/>\n\t<meta property=\"og:image:type\" content=\"image\/jpeg\" \/>\n<meta name=\"twitter:card\" content=\"summary_large_image\" \/>\n<meta name=\"twitter:label1\" content=\"Dur\u00e9e de lecture estim\u00e9e\" \/>\n\t<meta name=\"twitter:data1\" content=\"2 minutes\" \/>\n<script type=\"application\/ld+json\" class=\"yoast-schema-graph\">{\"@context\":\"https:\\\/\\\/schema.org\",\"@graph\":[{\"@type\":\"WebPage\",\"@id\":\"https:\\\/\\\/www.perzijskepreproge.si\\\/fr\\\/produit\\\/tapis-persan-en-soie-de-ghom\\\/\",\"url\":\"https:\\\/\\\/www.perzijskepreproge.si\\\/fr\\\/produit\\\/tapis-persan-en-soie-de-ghom\\\/\",\"name\":\"Tapis persan en soie de Ghom - Perzijske preproge Farzad\",\"isPartOf\":{\"@id\":\"https:\\\/\\\/www.perzijskepreproge.si\\\/fr\\\/#website\"},\"primaryImageOfPage\":{\"@id\":\"https:\\\/\\\/www.perzijskepreproge.si\\\/fr\\\/produit\\\/tapis-persan-en-soie-de-ghom\\\/#primaryimage\"},\"image\":{\"@id\":\"https:\\\/\\\/www.perzijskepreproge.si\\\/fr\\\/produit\\\/tapis-persan-en-soie-de-ghom\\\/#primaryimage\"},\"thumbnailUrl\":\"https:\\\/\\\/www.perzijskepreproge.si\\\/wp-content\\\/uploads\\\/2026\\\/03\\\/7.jpg\",\"datePublished\":\"2026-03-04T13:49:21+00:00\",\"description\":\"Tapis persan exclusif en soie de Ghom, o\u00f9 sont fabriqu\u00e9s les tapis en soie les plus raffin\u00e9s et pr\u00e9cieux au monde. 100 % soie naturelle.\",\"breadcrumb\":{\"@id\":\"https:\\\/\\\/www.perzijskepreproge.si\\\/fr\\\/produit\\\/tapis-persan-en-soie-de-ghom\\\/#breadcrumb\"},\"inLanguage\":\"fr-FR\",\"potentialAction\":[{\"@type\":\"ReadAction\",\"target\":[\"https:\\\/\\\/www.perzijskepreproge.si\\\/fr\\\/produit\\\/tapis-persan-en-soie-de-ghom\\\/\"]}]},{\"@type\":\"ImageObject\",\"inLanguage\":\"fr-FR\",\"@id\":\"https:\\\/\\\/www.perzijskepreproge.si\\\/fr\\\/produit\\\/tapis-persan-en-soie-de-ghom\\\/#primaryimage\",\"url\":\"https:\\\/\\\/www.perzijskepreproge.si\\\/wp-content\\\/uploads\\\/2026\\\/03\\\/7.jpg\",\"contentUrl\":\"https:\\\/\\\/www.perzijskepreproge.si\\\/wp-content\\\/uploads\\\/2026\\\/03\\\/7.jpg\",\"width\":850,\"height\":1200},{\"@type\":\"BreadcrumbList\",\"@id\":\"https:\\\/\\\/www.perzijskepreproge.si\\\/fr\\\/produit\\\/tapis-persan-en-soie-de-ghom\\\/#breadcrumb\",\"itemListElement\":[{\"@type\":\"ListItem\",\"position\":1,\"name\":\"Maison\",\"item\":\"https:\\\/\\\/www.perzijskepreproge.si\\\/fr\\\/tapis-persans-farzad\\\/\"},{\"@type\":\"ListItem\",\"position\":2,\"name\":\"Boutique\",\"item\":\"https:\\\/\\\/www.perzijskepreproge.si\\\/fr\\\/boutique\\\/\"},{\"@type\":\"ListItem\",\"position\":3,\"name\":\"Tapis persan en soie de Ghom\"}]},{\"@type\":\"WebSite\",\"@id\":\"https:\\\/\\\/www.perzijskepreproge.si\\\/fr\\\/#website\",\"url\":\"https:\\\/\\\/www.perzijskepreproge.si\\\/fr\\\/\",\"name\":\"Perzijske preproge Farzad\",\"description\":\"Perzijske preproge,  preprog in \u010di\u0161\u010denje preprog\",\"potentialAction\":[{\"@type\":\"SearchAction\",\"target\":{\"@type\":\"EntryPoint\",\"urlTemplate\":\"https:\\\/\\\/www.perzijskepreproge.si\\\/fr\\\/?s={search_term_string}\"},\"query-input\":{\"@type\":\"PropertyValueSpecification\",\"valueRequired\":true,\"valueName\":\"search_term_string\"}}],\"inLanguage\":\"fr-FR\"}]}<\/script>\n<!-- \/ Yoast SEO plugin. -->","yoast_head_json":{"title":"Tapis persan en soie de Ghom - Perzijske preproge Farzad","description":"Tapis persan exclusif en soie de Ghom, o\u00f9 sont fabriqu\u00e9s les tapis en soie les plus raffin\u00e9s et pr\u00e9cieux au monde. 100 % soie naturelle.","robots":{"index":"index","follow":"follow","max-snippet":"max-snippet:-1","max-image-preview":"max-image-preview:large","max-video-preview":"max-video-preview:-1"},"canonical":"https:\/\/www.perzijskepreproge.si\/fr\/produit\/tapis-persan-en-soie-de-ghom\/","og_locale":"fr_FR","og_type":"article","og_title":"Tapis persan en soie de Ghom - Perzijske preproge Farzad","og_description":"Tapis persan exclusif en soie de Ghom, o\u00f9 sont fabriqu\u00e9s les tapis en soie les plus raffin\u00e9s et pr\u00e9cieux au monde. 100 % soie naturelle.","og_url":"https:\/\/www.perzijskepreproge.si\/fr\/produit\/tapis-persan-en-soie-de-ghom\/","og_site_name":"Perzijske preproge Farzad","og_image":[{"width":850,"height":1200,"url":"https:\/\/www.perzijskepreproge.si\/wp-content\/uploads\/2026\/03\/7.webp","type":"image\/jpeg"}],"twitter_card":"summary_large_image","twitter_misc":{"Dur\u00e9e de lecture estim\u00e9e":"2 minutes"},"schema":{"@context":"https:\/\/schema.org","@graph":[{"@type":"WebPage","@id":"https:\/\/www.perzijskepreproge.si\/fr\/produit\/tapis-persan-en-soie-de-ghom\/","url":"https:\/\/www.perzijskepreproge.si\/fr\/produit\/tapis-persan-en-soie-de-ghom\/","name":"Tapis persan en soie de Ghom - Perzijske preproge Farzad","isPartOf":{"@id":"https:\/\/www.perzijskepreproge.si\/fr\/#website"},"primaryImageOfPage":{"@id":"https:\/\/www.perzijskepreproge.si\/fr\/produit\/tapis-persan-en-soie-de-ghom\/#primaryimage"},"image":{"@id":"https:\/\/www.perzijskepreproge.si\/fr\/produit\/tapis-persan-en-soie-de-ghom\/#primaryimage"},"thumbnailUrl":"https:\/\/www.perzijskepreproge.si\/wp-content\/uploads\/2026\/03\/7.jpg","datePublished":"2026-03-04T13:49:21+00:00","description":"Tapis persan exclusif en soie de Ghom, o\u00f9 sont fabriqu\u00e9s les tapis en soie les plus raffin\u00e9s et pr\u00e9cieux au monde. 100 % soie naturelle.","breadcrumb":{"@id":"https:\/\/www.perzijskepreproge.si\/fr\/produit\/tapis-persan-en-soie-de-ghom\/#breadcrumb"},"inLanguage":"fr-FR","potentialAction":[{"@type":"ReadAction","target":["https:\/\/www.perzijskepreproge.si\/fr\/produit\/tapis-persan-en-soie-de-ghom\/"]}]},{"@type":"ImageObject","inLanguage":"fr-FR","@id":"https:\/\/www.perzijskepreproge.si\/fr\/produit\/tapis-persan-en-soie-de-ghom\/#primaryimage","url":"https:\/\/www.perzijskepreproge.si\/wp-content\/uploads\/2026\/03\/7.jpg","contentUrl":"https:\/\/www.perzijskepreproge.si\/wp-content\/uploads\/2026\/03\/7.jpg","width":850,"height":1200},{"@type":"BreadcrumbList","@id":"https:\/\/www.perzijskepreproge.si\/fr\/produit\/tapis-persan-en-soie-de-ghom\/#breadcrumb","itemListElement":[{"@type":"ListItem","position":1,"name":"Maison","item":"https:\/\/www.perzijskepreproge.si\/fr\/tapis-persans-farzad\/"},{"@type":"ListItem","position":2,"name":"Boutique","item":"https:\/\/www.perzijskepreproge.si\/fr\/boutique\/"},{"@type":"ListItem","position":3,"name":"Tapis persan en soie de Ghom"}]},{"@type":"WebSite","@id":"https:\/\/www.perzijskepreproge.si\/fr\/#website","url":"https:\/\/www.perzijskepreproge.si\/fr\/","name":"Perzijske preproge Farzad","description":"Perzijske preproge,  preprog in \u010di\u0161\u010denje preprog","potentialAction":[{"@type":"SearchAction","target":{"@type":"EntryPoint","urlTemplate":"https:\/\/www.perzijskepreproge.si\/fr\/?s={search_term_string}"},"query-input":{"@type":"PropertyValueSpecification","valueRequired":true,"valueName":"search_term_string"}}],"inLanguage":"fr-FR"}]}},"_links":{"self":[{"href":"https:\/\/www.perzijskepreproge.si\/fr\/wp-json\/wp\/v2\/product\/28978","targetHints":{"allow":["GET"]}}],"collection":[{"href":"https:\/\/www.perzijskepreproge.si\/fr\/wp-json\/wp\/v2\/product"}],"about":[{"href":"https:\/\/www.perzijskepreproge.si\/fr\/wp-json\/wp\/v2\/types\/product"}],"version-history":[{"count":0,"href":"https:\/\/www.perzijskepreproge.si\/fr\/wp-json\/wp\/v2\/product\/28978\/revisions"}],"wp:featuredmedia":[{"embeddable":true,"href":"https:\/\/www.perzijskepreproge.si\/fr\/wp-json\/wp\/v2\/media\/28979"}],"wp:attachment":[{"href":"https:\/\/www.perzijskepreproge.si\/fr\/wp-json\/wp\/v2\/media?parent=28978"}],"wp:term":[{"taxonomy":"product_brand","embeddable":true,"href":"https:\/\/www.perzijskepreproge.si\/fr\/wp-json\/wp\/v2\/product_brand?post=28978"},{"taxonomy":"product_cat","embeddable":true,"href":"https:\/\/www.perzijskepreproge.si\/fr\/wp-json\/wp\/v2\/product_cat?post=28978"},{"taxonomy":"product_tag","embeddable":true,"href":"https:\/\/www.perzijskepreproge.si\/fr\/wp-json\/wp\/v2\/product_tag?post=28978"}],"curies":[{"name":"wp","href":"https:\/\/api.w.org\/{rel}","templated":true}]}}