{"id":29072,"date":"2026-03-31T11:29:30","date_gmt":"2026-03-31T09:29:30","guid":{"rendered":"https:\/\/www.perzijskepreproge.si\/izdelek\/tapis-persan-tabriz-persian-carpet-tabriz-2\/"},"modified":"2026-03-31T11:29:30","modified_gmt":"2026-03-31T09:29:30","slug":"tapis-persan-tabriz-persian-carpet-tabriz-2","status":"publish","type":"product","link":"https:\/\/www.perzijskepreproge.si\/fr\/produit\/tapis-persan-tabriz-persian-carpet-tabriz-2\/","title":{"rendered":"Tapis persan Tabriz \/ Persian carpet Tabriz"},"content":{"rendered":"<h2 data-section-id=\"18eck1n\" data-start=\"163\" data-end=\"205\">\ud83c\udfa8 Esth\u00e9tique<\/h2>\n<p data-start=\"207\" data-end=\"528\"><strong data-start=\"207\" data-end=\"253\">1. M\u00e9daillon central (sym\u00e9trie et point focal)<\/strong><br data-start=\"253\" data-end=\"256\">L&rsquo;\u00e9l\u00e9ment visuel principal est un <strong data-start=\"291\" data-end=\"322\">m\u00e9daillon central en forme d&rsquo;\u00e9toile<\/strong>, autour duquel les motifs se d\u00e9ploient radialement. Il s&rsquo;agit d&rsquo;un design <em data-start=\"380\" data-end=\"388\">toranj<\/em> (m\u00e9daillon + coins) typique, cr\u00e9ant un sentiment d&rsquo;ordre, d&rsquo;harmonie et une composition presque architecturale. <\/p>\n<p data-start=\"530\" data-end=\"592\"><strong data-start=\"530\" data-end=\"564\">2. Ornement floral-arabesque<\/strong><br data-start=\"564\" data-end=\"567\">Le motif est tr\u00e8s fin, riche en :<\/p>\n<ul data-start=\"593\" data-end=\"639\">\n<li data-section-id=\"rb89td\" data-start=\"593\" data-end=\"616\">fleurs stylis\u00e9es<\/li>\n<li data-section-id=\"4unqgj\" data-start=\"617\" data-end=\"627\">feuilles<\/li>\n<li data-section-id=\"1qk3cx1\" data-start=\"628\" data-end=\"639\">arabesques<\/li>\n<\/ul>\n<p data-start=\"641\" data-end=\"761\">Cela conf\u00e8re au tapis une \u00ab complexit\u00e9 douce \u00bb \u2013 il n&rsquo;est pas agressif, mais riche et \u00e9l\u00e9gant.<\/p>\n<p data-start=\"763\" data-end=\"812\"><strong data-start=\"763\" data-end=\"802\">3. Palette de couleurs (chaude + apaisante)<\/strong><br data-start=\"802\" data-end=\"805\">Nous observons :<\/p>\n<ul data-start=\"813\" data-end=\"900\">\n<li data-section-id=\"1nkj325\" data-start=\"813\" data-end=\"844\">des tons chauds de rouge \/ terre cuite<\/li>\n<li data-section-id=\"q6jryp\" data-start=\"845\" data-end=\"868\">une base ivoire<\/li>\n<li data-section-id=\"r8x2b2\" data-start=\"869\" data-end=\"900\">de d\u00e9licates touches de bleu-vert<\/li>\n<\/ul>\n<p data-start=\"902\" data-end=\"1018\">C&rsquo;est une palette Tabriz classique : sophistiqu\u00e9e, jamais criarde.<\/p>\n<p data-start=\"1020\" data-end=\"1175\"><strong data-start=\"1020\" data-end=\"1056\">4. Bordure (cadre comme une peinture)<\/strong><br data-start=\"1056\" data-end=\"1059\">La bordure multicouche aux motifs d\u00e9licats agit comme un cadre \u2013 le tapis ressemble presque \u00e0 une \u0153uvre d&rsquo;art, et pas seulement \u00e0 un textile.<\/p>\n<p data-start=\"1177\" data-end=\"1210\"><strong data-start=\"1177\" data-end=\"1208\">5. Mat\u00e9riau (laine + soie)<\/strong><\/p>\n<ul data-start=\"1211\" data-end=\"1317\">\n<li data-section-id=\"7jeagd\" data-start=\"1211\" data-end=\"1249\">laine \u2192 chaleur, douceur, durabilit\u00e9<\/li>\n<li data-section-id=\"1k66k8d\" data-start=\"1250\" data-end=\"1317\">soie \u2192 \u00e9clat subtil et accents (visible dans les parties plus claires)<\/li>\n<\/ul>\n<p data-start=\"1319\" data-end=\"1464\">Cette combinaison conf\u00e8re au tapis <strong data-start=\"1348\" data-end=\"1378\">profondeur et \u00ab jeu de lumi\u00e8re \u00bb<\/strong>, car la soie r\u00e9fl\u00e9chit la lumi\u00e8re diff\u00e9remment de la laine.<\/p>\n<hr data-start=\"1466\" data-end=\"1469\">\n<h2 data-section-id=\"m3u5to\" data-start=\"1471\" data-end=\"1515\">\ud83e\uddf5 Sensation g\u00e9n\u00e9rale<\/h2>\n<p data-start=\"1517\" data-end=\"1536\">Ce tapis est :<\/p>\n<ul data-start=\"1537\" data-end=\"1638\">\n<li data-section-id=\"1xa8u47\" data-start=\"1537\" data-end=\"1569\"><strong data-start=\"1539\" data-end=\"1567\">classique, mais pas d\u00e9mod\u00e9<\/strong><\/li>\n<li data-section-id=\"1tubfad\" data-start=\"1570\" data-end=\"1598\"><strong data-start=\"1572\" data-end=\"1596\">luxueux, mais discret<\/strong><\/li>\n<li data-section-id=\"1jxymy7\" data-start=\"1599\" data-end=\"1638\"><strong data-start=\"1601\" data-end=\"1638\">ornemental, mais tr\u00e8s \u00e9quilibr\u00e9<\/strong><\/li>\n<\/ul>\n<p data-start=\"1640\" data-end=\"1830\">Les tapis Tabriz sont r\u00e9put\u00e9s pour l&rsquo;extr\u00eame finesse de leurs n\u0153uds, les motifs sont donc d&rsquo;une pr\u00e9cision presque microscopique \u2013 cela conf\u00e8re un sentiment de prestige et d&rsquo;art intellectuel.<\/p>\n<hr data-start=\"1832\" data-end=\"1835\">\n<h2 data-section-id=\"1adj2j8\" data-start=\"1837\" data-end=\"1874\">\ud83c\udfe1 Utilisation dans les ambiances modernes<\/h2>\n<p data-start=\"1876\" data-end=\"1989\">C&rsquo;est la partie la plus int\u00e9ressante \u2014 un tel tapis n&rsquo;est pas seulement \u00ab traditionnel \u00bb, mais tr\u00e8s <strong data-start=\"1954\" data-end=\"1988\">utile dans un int\u00e9rieur contemporain<\/strong> :<\/p>\n<h3 data-section-id=\"1j9evux\" data-start=\"1991\" data-end=\"2021\">1. Espaces minimalistes<\/h3>\n<p data-start=\"2022\" data-end=\"2071\">\ud83d\udc49 agit comme une <strong data-start=\"2036\" data-end=\"2069\">pi\u00e8ce ma\u00eetresse (statement piece)<\/strong><\/p>\n<ul data-start=\"2072\" data-end=\"2245\">\n<li data-section-id=\"vu96ev\" data-start=\"2072\" data-end=\"2147\">int\u00e9rieur blanc, gris ou beige + ce tapis = chaleur et caract\u00e8re instantan\u00e9s<\/li>\n<li data-section-id=\"xeca0f\" data-start=\"2148\" data-end=\"2245\">souvent utilis\u00e9 par les designers comme \u00ab ancre de l&rsquo;espace \u00bb<\/li>\n<\/ul>\n<h3 data-section-id=\"1guu4\" data-start=\"2247\" data-end=\"2281\">2. Style scandinave \/ japandi<\/h3>\n<ul data-start=\"2282\" data-end=\"2400\">\n<li data-section-id=\"1rjiej7\" data-start=\"2282\" data-end=\"2337\">contraste entre les lignes \u00e9pur\u00e9es et l&rsquo;ornementation riche<\/li>\n<li data-section-id=\"1cl4ktv\" data-start=\"2338\" data-end=\"2400\">ajoute <strong data-start=\"2345\" data-end=\"2367\">texture et histoire<\/strong>, pour que l&rsquo;espace ne paraisse pas st\u00e9rile<\/li>\n<\/ul>\n<h3 data-section-id=\"72cv3n\" data-start=\"2402\" data-end=\"2440\">3. Classique-moderne (transitoire)<\/h3>\n<ul data-start=\"2441\" data-end=\"2542\">\n<li data-section-id=\"9047xj\" data-start=\"2441\" data-end=\"2476\">pont parfait entre l&rsquo;ancien et le nouveau<\/li>\n<li data-section-id=\"vpjm45\" data-start=\"2477\" data-end=\"2542\">peut relier des meubles modernes \u00e0 des \u00e9l\u00e9ments plus traditionnels<\/li>\n<\/ul>\n<h3 data-section-id=\"o2gbdo\" data-start=\"2544\" data-end=\"2588\">4. Int\u00e9rieur industriel (b\u00e9ton, m\u00e9tal)<\/h3>\n<ul data-start=\"2589\" data-end=\"2657\">\n<li data-section-id=\"11r3hf5\" data-start=\"2589\" data-end=\"2618\">adoucit la froideur des mat\u00e9riaux<\/li>\n<li data-section-id=\"vguq8f\" data-start=\"2619\" data-end=\"2657\">ajoute un \u00e9l\u00e9ment \u00ab humain \u00bb et de la chaleur<\/li>\n<\/ul>\n<hr data-start=\"2659\" data-end=\"2662\">\n<h2 data-section-id=\"nuo0ch\" data-start=\"2664\" data-end=\"2689\">\u2714\ufe0f Avantages pratiques<\/h2>\n<ul data-start=\"2691\" data-end=\"2839\">\n<li data-section-id=\"1qeundp\" data-start=\"2691\" data-end=\"2735\">tr\u00e8s <strong data-start=\"2698\" data-end=\"2709\">r\u00e9sistant<\/strong> (haute densit\u00e9 de n\u0153uds)<\/li>\n<li data-section-id=\"117yqox\" data-start=\"2736\" data-end=\"2804\">adapt\u00e9 aux salons, chambres, et m\u00eame aux espaces de r\u00e9ception<\/li>\n<li data-section-id=\"1utsi0f\" data-start=\"2805\" data-end=\"2839\"><strong data-start=\"2807\" data-end=\"2820\">intemporel<\/strong> \u2013 ne se d\u00e9mode jamais<\/li>\n<\/ul>\n<hr data-start=\"2841\" data-end=\"2844\">\n<h2 data-section-id=\"1swaryv\" data-start=\"2846\" data-end=\"2867\">\ud83d\udca1 Bref r\u00e9sum\u00e9<\/h2>\n<p data-start=\"2869\" data-end=\"2881\">Ce tapis :<\/p>\n<ul data-start=\"2882\" data-end=\"3086\">\n<li data-section-id=\"6h4y31\" data-start=\"2882\" data-end=\"2934\">est visuellement <strong data-start=\"2896\" data-end=\"2932\">harmonieux, sym\u00e9trique et riche<\/strong><\/li>\n<li data-section-id=\"1d5a9s0\" data-start=\"2935\" data-end=\"3008\">combine <strong data-start=\"2946\" data-end=\"3006\">l&rsquo;art persan traditionnel + le luxe subtil de la soie<\/strong><\/li>\n<li data-section-id=\"bkxqx1\" data-start=\"3009\" data-end=\"3086\">dans un espace moderne, il agit comme un <strong data-start=\"3042\" data-end=\"3071\">centre artistique de la pi\u00e8ce<\/strong>, pas seulement comme un d\u00e9cor<\/li>\n<\/ul>\n","protected":false},"excerpt":{"rendered":"<p>R\u00e9f. : 1265<\/p>\n<p>Dimensions \/ Size: 149 x 99 cm<\/p>\n<p>Mati\u00e8re \/ Pile: laine, soie \/ wool, silk<\/p>\n<p>Base \/ Base: coton \/ cotton<\/p>\n<p>Couleurs \/ Colours: v\u00e9g\u00e9tales \/ plants<\/p>\n<p>Design \/ Design: floral \/ floral<\/p>\n<p>Technique de tissage \/ Weaving technique: tapis nou\u00e9 \u00e0 la main \/ handmade pile carpet<\/p>\n<p>Densit\u00e9 de n\u0153uds \/ Knot density: 490 000 m\u00b2\/2<\/p>\n<p>Origine \/ Origin: Tabriz \u2013 Iran<\/p>\n<p>&nbsp;<\/p>\n","protected":false},"featured_media":29073,"template":"","meta":{"iawp_total_views":0},"product_brand":[],"product_cat":[391,310],"product_tag":[],"class_list":{"0":"post-29072","1":"product","2":"type-product","3":"status-publish","4":"has-post-thumbnail","6":"product_cat-petits-tapis-fr","7":"product_cat-tapis-classiques","8":"pa_barva-osnovna-blanc-beige","9":"pa_material-laine-soie","10":"pa_oblika-rectangulaire","11":"pa_velikost-cca-150x100-fr","13":"first","14":"instock","15":"sold-individually","16":"taxable","17":"shipping-taxable","18":"purchasable","19":"product-type-simple"},"yoast_head":"<!-- This site is optimized with the Yoast SEO plugin v27.3 - https:\/\/yoast.com\/product\/yoast-seo-wordpress\/ -->\n<title>Tapis persan Tabriz \/ Persian carpet Tabriz - Perzijske preproge Farzad<\/title>\n<meta name=\"robots\" content=\"index, follow, max-snippet:-1, max-image-preview:large, max-video-preview:-1\" \/>\n<link rel=\"canonical\" href=\"https:\/\/www.perzijskepreproge.si\/fr\/produit\/tapis-persan-tabriz-persian-carpet-tabriz-2\/\" \/>\n<meta property=\"og:locale\" content=\"fr_FR\" \/>\n<meta property=\"og:type\" content=\"article\" \/>\n<meta property=\"og:title\" content=\"Tapis persan Tabriz \/ Persian carpet Tabriz - Perzijske preproge Farzad\" \/>\n<meta property=\"og:description\" content=\"R\u00e9f. : 1265 Dimensions \/ Size: 149 x 99 cm Mati\u00e8re \/ Pile: laine, soie \/ wool, silk Base \/ Base: coton \/ cotton Couleurs \/ Colours: v\u00e9g\u00e9tales \/ plants Design \/ Design: floral \/ floral Technique de tissage \/ Weaving technique: tapis nou\u00e9 \u00e0 la main \/ handmade pile carpet Densit\u00e9 de n\u0153uds \/ Knot density: 490 000 m\u00b2\/2 Origine \/ Origin: Tabriz - Iran &nbsp;\" \/>\n<meta property=\"og:url\" content=\"https:\/\/www.perzijskepreproge.si\/fr\/produit\/tapis-persan-tabriz-persian-carpet-tabriz-2\/\" \/>\n<meta property=\"og:site_name\" content=\"Perzijske preproge Farzad\" \/>\n<meta property=\"og:image\" content=\"https:\/\/www.perzijskepreproge.si\/wp-content\/uploads\/2026\/03\/IMG_7835jpg.webp\" \/>\n\t<meta property=\"og:image:width\" content=\"786\" \/>\n\t<meta property=\"og:image:height\" content=\"1200\" \/>\n\t<meta property=\"og:image:type\" content=\"image\/jpeg\" \/>\n<meta name=\"twitter:card\" content=\"summary_large_image\" \/>\n<meta name=\"twitter:label1\" content=\"Dur\u00e9e de lecture estim\u00e9e\" \/>\n\t<meta name=\"twitter:data1\" content=\"2 minutes\" \/>\n<script type=\"application\/ld+json\" class=\"yoast-schema-graph\">{\"@context\":\"https:\\\/\\\/schema.org\",\"@graph\":[{\"@type\":\"WebPage\",\"@id\":\"https:\\\/\\\/www.perzijskepreproge.si\\\/fr\\\/produit\\\/tapis-persan-tabriz-persian-carpet-tabriz-2\\\/\",\"url\":\"https:\\\/\\\/www.perzijskepreproge.si\\\/fr\\\/produit\\\/tapis-persan-tabriz-persian-carpet-tabriz-2\\\/\",\"name\":\"Tapis persan Tabriz \\\/ Persian carpet Tabriz - Perzijske preproge Farzad\",\"isPartOf\":{\"@id\":\"https:\\\/\\\/www.perzijskepreproge.si\\\/fr\\\/#website\"},\"primaryImageOfPage\":{\"@id\":\"https:\\\/\\\/www.perzijskepreproge.si\\\/fr\\\/produit\\\/tapis-persan-tabriz-persian-carpet-tabriz-2\\\/#primaryimage\"},\"image\":{\"@id\":\"https:\\\/\\\/www.perzijskepreproge.si\\\/fr\\\/produit\\\/tapis-persan-tabriz-persian-carpet-tabriz-2\\\/#primaryimage\"},\"thumbnailUrl\":\"https:\\\/\\\/www.perzijskepreproge.si\\\/wp-content\\\/uploads\\\/2026\\\/03\\\/IMG_7835jpg.jpg\",\"datePublished\":\"2026-03-31T09:29:30+00:00\",\"breadcrumb\":{\"@id\":\"https:\\\/\\\/www.perzijskepreproge.si\\\/fr\\\/produit\\\/tapis-persan-tabriz-persian-carpet-tabriz-2\\\/#breadcrumb\"},\"inLanguage\":\"fr-FR\",\"potentialAction\":[{\"@type\":\"ReadAction\",\"target\":[\"https:\\\/\\\/www.perzijskepreproge.si\\\/fr\\\/produit\\\/tapis-persan-tabriz-persian-carpet-tabriz-2\\\/\"]}]},{\"@type\":\"ImageObject\",\"inLanguage\":\"fr-FR\",\"@id\":\"https:\\\/\\\/www.perzijskepreproge.si\\\/fr\\\/produit\\\/tapis-persan-tabriz-persian-carpet-tabriz-2\\\/#primaryimage\",\"url\":\"https:\\\/\\\/www.perzijskepreproge.si\\\/wp-content\\\/uploads\\\/2026\\\/03\\\/IMG_7835jpg.jpg\",\"contentUrl\":\"https:\\\/\\\/www.perzijskepreproge.si\\\/wp-content\\\/uploads\\\/2026\\\/03\\\/IMG_7835jpg.jpg\",\"width\":786,\"height\":1200},{\"@type\":\"BreadcrumbList\",\"@id\":\"https:\\\/\\\/www.perzijskepreproge.si\\\/fr\\\/produit\\\/tapis-persan-tabriz-persian-carpet-tabriz-2\\\/#breadcrumb\",\"itemListElement\":[{\"@type\":\"ListItem\",\"position\":1,\"name\":\"Maison\",\"item\":\"https:\\\/\\\/www.perzijskepreproge.si\\\/fr\\\/tapis-persans-farzad\\\/\"},{\"@type\":\"ListItem\",\"position\":2,\"name\":\"Boutique\",\"item\":\"https:\\\/\\\/www.perzijskepreproge.si\\\/fr\\\/boutique\\\/\"},{\"@type\":\"ListItem\",\"position\":3,\"name\":\"Tapis persan Tabriz \\\/ Persian carpet Tabriz\"}]},{\"@type\":\"WebSite\",\"@id\":\"https:\\\/\\\/www.perzijskepreproge.si\\\/fr\\\/#website\",\"url\":\"https:\\\/\\\/www.perzijskepreproge.si\\\/fr\\\/\",\"name\":\"Perzijske preproge Farzad\",\"description\":\"Perzijske preproge,  preprog in \u010di\u0161\u010denje preprog\",\"potentialAction\":[{\"@type\":\"SearchAction\",\"target\":{\"@type\":\"EntryPoint\",\"urlTemplate\":\"https:\\\/\\\/www.perzijskepreproge.si\\\/fr\\\/?s={search_term_string}\"},\"query-input\":{\"@type\":\"PropertyValueSpecification\",\"valueRequired\":true,\"valueName\":\"search_term_string\"}}],\"inLanguage\":\"fr-FR\"}]}<\/script>\n<!-- \/ Yoast SEO plugin. -->","yoast_head_json":{"title":"Tapis persan Tabriz \/ Persian carpet Tabriz - Perzijske preproge Farzad","robots":{"index":"index","follow":"follow","max-snippet":"max-snippet:-1","max-image-preview":"max-image-preview:large","max-video-preview":"max-video-preview:-1"},"canonical":"https:\/\/www.perzijskepreproge.si\/fr\/produit\/tapis-persan-tabriz-persian-carpet-tabriz-2\/","og_locale":"fr_FR","og_type":"article","og_title":"Tapis persan Tabriz \/ Persian carpet Tabriz - Perzijske preproge Farzad","og_description":"R\u00e9f. : 1265 Dimensions \/ Size: 149 x 99 cm Mati\u00e8re \/ Pile: laine, soie \/ wool, silk Base \/ Base: coton \/ cotton Couleurs \/ Colours: v\u00e9g\u00e9tales \/ plants Design \/ Design: floral \/ floral Technique de tissage \/ Weaving technique: tapis nou\u00e9 \u00e0 la main \/ handmade pile carpet Densit\u00e9 de n\u0153uds \/ Knot density: 490 000 m\u00b2\/2 Origine \/ Origin: Tabriz - Iran &nbsp;","og_url":"https:\/\/www.perzijskepreproge.si\/fr\/produit\/tapis-persan-tabriz-persian-carpet-tabriz-2\/","og_site_name":"Perzijske preproge Farzad","og_image":[{"width":786,"height":1200,"url":"https:\/\/www.perzijskepreproge.si\/wp-content\/uploads\/2026\/03\/IMG_7835jpg.webp","type":"image\/jpeg"}],"twitter_card":"summary_large_image","twitter_misc":{"Dur\u00e9e de lecture estim\u00e9e":"2 minutes"},"schema":{"@context":"https:\/\/schema.org","@graph":[{"@type":"WebPage","@id":"https:\/\/www.perzijskepreproge.si\/fr\/produit\/tapis-persan-tabriz-persian-carpet-tabriz-2\/","url":"https:\/\/www.perzijskepreproge.si\/fr\/produit\/tapis-persan-tabriz-persian-carpet-tabriz-2\/","name":"Tapis persan Tabriz \/ Persian carpet Tabriz - Perzijske preproge Farzad","isPartOf":{"@id":"https:\/\/www.perzijskepreproge.si\/fr\/#website"},"primaryImageOfPage":{"@id":"https:\/\/www.perzijskepreproge.si\/fr\/produit\/tapis-persan-tabriz-persian-carpet-tabriz-2\/#primaryimage"},"image":{"@id":"https:\/\/www.perzijskepreproge.si\/fr\/produit\/tapis-persan-tabriz-persian-carpet-tabriz-2\/#primaryimage"},"thumbnailUrl":"https:\/\/www.perzijskepreproge.si\/wp-content\/uploads\/2026\/03\/IMG_7835jpg.jpg","datePublished":"2026-03-31T09:29:30+00:00","breadcrumb":{"@id":"https:\/\/www.perzijskepreproge.si\/fr\/produit\/tapis-persan-tabriz-persian-carpet-tabriz-2\/#breadcrumb"},"inLanguage":"fr-FR","potentialAction":[{"@type":"ReadAction","target":["https:\/\/www.perzijskepreproge.si\/fr\/produit\/tapis-persan-tabriz-persian-carpet-tabriz-2\/"]}]},{"@type":"ImageObject","inLanguage":"fr-FR","@id":"https:\/\/www.perzijskepreproge.si\/fr\/produit\/tapis-persan-tabriz-persian-carpet-tabriz-2\/#primaryimage","url":"https:\/\/www.perzijskepreproge.si\/wp-content\/uploads\/2026\/03\/IMG_7835jpg.jpg","contentUrl":"https:\/\/www.perzijskepreproge.si\/wp-content\/uploads\/2026\/03\/IMG_7835jpg.jpg","width":786,"height":1200},{"@type":"BreadcrumbList","@id":"https:\/\/www.perzijskepreproge.si\/fr\/produit\/tapis-persan-tabriz-persian-carpet-tabriz-2\/#breadcrumb","itemListElement":[{"@type":"ListItem","position":1,"name":"Maison","item":"https:\/\/www.perzijskepreproge.si\/fr\/tapis-persans-farzad\/"},{"@type":"ListItem","position":2,"name":"Boutique","item":"https:\/\/www.perzijskepreproge.si\/fr\/boutique\/"},{"@type":"ListItem","position":3,"name":"Tapis persan Tabriz \/ Persian carpet Tabriz"}]},{"@type":"WebSite","@id":"https:\/\/www.perzijskepreproge.si\/fr\/#website","url":"https:\/\/www.perzijskepreproge.si\/fr\/","name":"Perzijske preproge Farzad","description":"Perzijske preproge,  preprog in \u010di\u0161\u010denje preprog","potentialAction":[{"@type":"SearchAction","target":{"@type":"EntryPoint","urlTemplate":"https:\/\/www.perzijskepreproge.si\/fr\/?s={search_term_string}"},"query-input":{"@type":"PropertyValueSpecification","valueRequired":true,"valueName":"search_term_string"}}],"inLanguage":"fr-FR"}]}},"_links":{"self":[{"href":"https:\/\/www.perzijskepreproge.si\/fr\/wp-json\/wp\/v2\/product\/29072","targetHints":{"allow":["GET"]}}],"collection":[{"href":"https:\/\/www.perzijskepreproge.si\/fr\/wp-json\/wp\/v2\/product"}],"about":[{"href":"https:\/\/www.perzijskepreproge.si\/fr\/wp-json\/wp\/v2\/types\/product"}],"version-history":[{"count":0,"href":"https:\/\/www.perzijskepreproge.si\/fr\/wp-json\/wp\/v2\/product\/29072\/revisions"}],"wp:featuredmedia":[{"embeddable":true,"href":"https:\/\/www.perzijskepreproge.si\/fr\/wp-json\/wp\/v2\/media\/29073"}],"wp:attachment":[{"href":"https:\/\/www.perzijskepreproge.si\/fr\/wp-json\/wp\/v2\/media?parent=29072"}],"wp:term":[{"taxonomy":"product_brand","embeddable":true,"href":"https:\/\/www.perzijskepreproge.si\/fr\/wp-json\/wp\/v2\/product_brand?post=29072"},{"taxonomy":"product_cat","embeddable":true,"href":"https:\/\/www.perzijskepreproge.si\/fr\/wp-json\/wp\/v2\/product_cat?post=29072"},{"taxonomy":"product_tag","embeddable":true,"href":"https:\/\/www.perzijskepreproge.si\/fr\/wp-json\/wp\/v2\/product_tag?post=29072"}],"curies":[{"name":"wp","href":"https:\/\/api.w.org\/{rel}","templated":true}]}}