{"id":29134,"date":"2026-03-23T10:45:33","date_gmt":"2026-03-23T09:45:33","guid":{"rendered":"https:\/\/www.perzijskepreproge.si\/izdelek\/kilim-persan-5\/"},"modified":"2026-03-23T10:45:33","modified_gmt":"2026-03-23T09:45:33","slug":"kilim-persan-5","status":"publish","type":"product","link":"https:\/\/www.perzijskepreproge.si\/fr\/produit\/kilim-persan-5\/","title":{"rendered":"Kilim persan"},"content":{"rendered":"<p>Les kilims persans nomades sont de magnifiques exemples d\u2019art refl\u00e9tant le riche patrimoine culturel et le mode de vie des communaut\u00e9s nomades. Leurs motifs et couleurs sont le reflet de l\u2019histoire, de la nature et des croyances des artisans, impr\u00e9gn\u00e9s de symbolisme et de r\u00e9cits. Ce qui distingue ces kilims est leur authenticit\u00e9 et leur unicit\u00e9. Chaque pi\u00e8ce est tiss\u00e9e \u00e0 la main avec soin, leur conf\u00e9rant une valeur particuli\u00e8re. Leurs motifs color\u00e9s, leurs formes g\u00e9om\u00e9triques et leurs symboles \u00e9voquent des \u00e9l\u00e9ments naturels, des signes de protection ou de fertilit\u00e9. Au-del\u00e0 de l\u2019esth\u00e9tique, ces kilims sont fonctionnels \u2014 servant de couvertures, de nattes ou d\u2019\u00e9l\u00e9ments d\u00e9coratifs \u2014 tout en transmettant des traditions de g\u00e9n\u00e9ration en g\u00e9n\u00e9ration. Chaque kilim nomade est ainsi un h\u00e9ritage unique alliant art, histoire et vie.      <\/p>\n","protected":false},"excerpt":{"rendered":"<p>N\u00b0 d\u2019enr. : #1240<\/p>\n<p>Dimensions : 103 x 58 cm<\/p>\n<p>Mati\u00e8re \/ Velours : laine<\/p>\n<p>Cha\u00eene \/ Trame : laine<\/p>\n<p>Teintures : v\u00e9g\u00e9tales<\/p>\n<p>Motif : g\u00e9om\u00e9trique<\/p>\n<p>Technique de tissage : tissage \u00e0 plat fait main<\/p>\n<p>Origine : Iran<\/p>\n<p>&nbsp;<\/p>\n","protected":false},"featured_media":29135,"template":"","meta":{"iawp_total_views":0},"product_brand":[],"product_cat":[362,368],"product_tag":[],"class_list":{"0":"post-29134","1":"product","2":"type-product","3":"status-publish","4":"has-post-thumbnail","6":"product_cat-kilims-fr","7":"product_cat-petits-tapis","8":"pa_barva-osnovna-multicolore","9":"pa_material-laine","10":"pa_oblika-rectangulaire","11":"pa_tip-preproge-kilim","12":"pa_velikost-cca-100x60","14":"first","15":"instock","16":"featured","17":"virtual","18":"sold-individually","19":"taxable","20":"purchasable","21":"product-type-simple"},"yoast_head":"<!-- This site is optimized with the Yoast SEO plugin v27.3 - https:\/\/yoast.com\/product\/yoast-seo-wordpress\/ -->\n<title>Kilim persan - Perzijske preproge Farzad<\/title>\n<meta name=\"robots\" content=\"index, follow, max-snippet:-1, max-image-preview:large, max-video-preview:-1\" \/>\n<link rel=\"canonical\" href=\"https:\/\/www.perzijskepreproge.si\/fr\/produit\/kilim-persan-5\/\" \/>\n<meta property=\"og:locale\" content=\"fr_FR\" \/>\n<meta property=\"og:type\" content=\"article\" \/>\n<meta property=\"og:title\" content=\"Kilim persan - Perzijske preproge Farzad\" \/>\n<meta property=\"og:description\" content=\"N\u00b0 d\u2019enr. : #1240 Dimensions : 103 x 58 cm Mati\u00e8re \/ Velours : laine Cha\u00eene \/ Trame : laine Teintures : v\u00e9g\u00e9tales Motif : g\u00e9om\u00e9trique Technique de tissage : tissage \u00e0 plat fait main Origine : Iran &nbsp;\" \/>\n<meta property=\"og:url\" content=\"https:\/\/www.perzijskepreproge.si\/fr\/produit\/kilim-persan-5\/\" \/>\n<meta property=\"og:site_name\" content=\"Perzijske preproge Farzad\" \/>\n<meta property=\"og:image\" content=\"https:\/\/www.perzijskepreproge.si\/wp-content\/uploads\/2026\/03\/50.webp\" \/>\n\t<meta property=\"og:image:width\" content=\"530\" \/>\n\t<meta property=\"og:image:height\" content=\"1200\" \/>\n\t<meta property=\"og:image:type\" content=\"image\/jpeg\" \/>\n<meta name=\"twitter:card\" content=\"summary_large_image\" \/>\n<meta name=\"twitter:label1\" content=\"Dur\u00e9e de lecture estim\u00e9e\" \/>\n\t<meta name=\"twitter:data1\" content=\"1 minute\" \/>\n<script type=\"application\/ld+json\" class=\"yoast-schema-graph\">{\"@context\":\"https:\\\/\\\/schema.org\",\"@graph\":[{\"@type\":\"WebPage\",\"@id\":\"https:\\\/\\\/www.perzijskepreproge.si\\\/fr\\\/produit\\\/kilim-persan-5\\\/\",\"url\":\"https:\\\/\\\/www.perzijskepreproge.si\\\/fr\\\/produit\\\/kilim-persan-5\\\/\",\"name\":\"Kilim persan - Perzijske preproge Farzad\",\"isPartOf\":{\"@id\":\"https:\\\/\\\/www.perzijskepreproge.si\\\/fr\\\/#website\"},\"primaryImageOfPage\":{\"@id\":\"https:\\\/\\\/www.perzijskepreproge.si\\\/fr\\\/produit\\\/kilim-persan-5\\\/#primaryimage\"},\"image\":{\"@id\":\"https:\\\/\\\/www.perzijskepreproge.si\\\/fr\\\/produit\\\/kilim-persan-5\\\/#primaryimage\"},\"thumbnailUrl\":\"https:\\\/\\\/www.perzijskepreproge.si\\\/wp-content\\\/uploads\\\/2026\\\/03\\\/50.jpg\",\"datePublished\":\"2026-03-23T09:45:33+00:00\",\"breadcrumb\":{\"@id\":\"https:\\\/\\\/www.perzijskepreproge.si\\\/fr\\\/produit\\\/kilim-persan-5\\\/#breadcrumb\"},\"inLanguage\":\"fr-FR\",\"potentialAction\":[{\"@type\":\"ReadAction\",\"target\":[\"https:\\\/\\\/www.perzijskepreproge.si\\\/fr\\\/produit\\\/kilim-persan-5\\\/\"]}]},{\"@type\":\"ImageObject\",\"inLanguage\":\"fr-FR\",\"@id\":\"https:\\\/\\\/www.perzijskepreproge.si\\\/fr\\\/produit\\\/kilim-persan-5\\\/#primaryimage\",\"url\":\"https:\\\/\\\/www.perzijskepreproge.si\\\/wp-content\\\/uploads\\\/2026\\\/03\\\/50.jpg\",\"contentUrl\":\"https:\\\/\\\/www.perzijskepreproge.si\\\/wp-content\\\/uploads\\\/2026\\\/03\\\/50.jpg\",\"width\":530,\"height\":1200},{\"@type\":\"BreadcrumbList\",\"@id\":\"https:\\\/\\\/www.perzijskepreproge.si\\\/fr\\\/produit\\\/kilim-persan-5\\\/#breadcrumb\",\"itemListElement\":[{\"@type\":\"ListItem\",\"position\":1,\"name\":\"Maison\",\"item\":\"https:\\\/\\\/www.perzijskepreproge.si\\\/fr\\\/tapis-persans-farzad\\\/\"},{\"@type\":\"ListItem\",\"position\":2,\"name\":\"Boutique\",\"item\":\"https:\\\/\\\/www.perzijskepreproge.si\\\/fr\\\/boutique\\\/\"},{\"@type\":\"ListItem\",\"position\":3,\"name\":\"Kilim persan\"}]},{\"@type\":\"WebSite\",\"@id\":\"https:\\\/\\\/www.perzijskepreproge.si\\\/fr\\\/#website\",\"url\":\"https:\\\/\\\/www.perzijskepreproge.si\\\/fr\\\/\",\"name\":\"Perzijske preproge Farzad\",\"description\":\"Perzijske preproge,  preprog in \u010di\u0161\u010denje preprog\",\"potentialAction\":[{\"@type\":\"SearchAction\",\"target\":{\"@type\":\"EntryPoint\",\"urlTemplate\":\"https:\\\/\\\/www.perzijskepreproge.si\\\/fr\\\/?s={search_term_string}\"},\"query-input\":{\"@type\":\"PropertyValueSpecification\",\"valueRequired\":true,\"valueName\":\"search_term_string\"}}],\"inLanguage\":\"fr-FR\"}]}<\/script>\n<!-- \/ Yoast SEO plugin. -->","yoast_head_json":{"title":"Kilim persan - Perzijske preproge Farzad","robots":{"index":"index","follow":"follow","max-snippet":"max-snippet:-1","max-image-preview":"max-image-preview:large","max-video-preview":"max-video-preview:-1"},"canonical":"https:\/\/www.perzijskepreproge.si\/fr\/produit\/kilim-persan-5\/","og_locale":"fr_FR","og_type":"article","og_title":"Kilim persan - Perzijske preproge Farzad","og_description":"N\u00b0 d\u2019enr. : #1240 Dimensions : 103 x 58 cm Mati\u00e8re \/ Velours : laine Cha\u00eene \/ Trame : laine Teintures : v\u00e9g\u00e9tales Motif : g\u00e9om\u00e9trique Technique de tissage : tissage \u00e0 plat fait main Origine : Iran &nbsp;","og_url":"https:\/\/www.perzijskepreproge.si\/fr\/produit\/kilim-persan-5\/","og_site_name":"Perzijske preproge Farzad","og_image":[{"width":530,"height":1200,"url":"https:\/\/www.perzijskepreproge.si\/wp-content\/uploads\/2026\/03\/50.webp","type":"image\/jpeg"}],"twitter_card":"summary_large_image","twitter_misc":{"Dur\u00e9e de lecture estim\u00e9e":"1 minute"},"schema":{"@context":"https:\/\/schema.org","@graph":[{"@type":"WebPage","@id":"https:\/\/www.perzijskepreproge.si\/fr\/produit\/kilim-persan-5\/","url":"https:\/\/www.perzijskepreproge.si\/fr\/produit\/kilim-persan-5\/","name":"Kilim persan - Perzijske preproge Farzad","isPartOf":{"@id":"https:\/\/www.perzijskepreproge.si\/fr\/#website"},"primaryImageOfPage":{"@id":"https:\/\/www.perzijskepreproge.si\/fr\/produit\/kilim-persan-5\/#primaryimage"},"image":{"@id":"https:\/\/www.perzijskepreproge.si\/fr\/produit\/kilim-persan-5\/#primaryimage"},"thumbnailUrl":"https:\/\/www.perzijskepreproge.si\/wp-content\/uploads\/2026\/03\/50.jpg","datePublished":"2026-03-23T09:45:33+00:00","breadcrumb":{"@id":"https:\/\/www.perzijskepreproge.si\/fr\/produit\/kilim-persan-5\/#breadcrumb"},"inLanguage":"fr-FR","potentialAction":[{"@type":"ReadAction","target":["https:\/\/www.perzijskepreproge.si\/fr\/produit\/kilim-persan-5\/"]}]},{"@type":"ImageObject","inLanguage":"fr-FR","@id":"https:\/\/www.perzijskepreproge.si\/fr\/produit\/kilim-persan-5\/#primaryimage","url":"https:\/\/www.perzijskepreproge.si\/wp-content\/uploads\/2026\/03\/50.jpg","contentUrl":"https:\/\/www.perzijskepreproge.si\/wp-content\/uploads\/2026\/03\/50.jpg","width":530,"height":1200},{"@type":"BreadcrumbList","@id":"https:\/\/www.perzijskepreproge.si\/fr\/produit\/kilim-persan-5\/#breadcrumb","itemListElement":[{"@type":"ListItem","position":1,"name":"Maison","item":"https:\/\/www.perzijskepreproge.si\/fr\/tapis-persans-farzad\/"},{"@type":"ListItem","position":2,"name":"Boutique","item":"https:\/\/www.perzijskepreproge.si\/fr\/boutique\/"},{"@type":"ListItem","position":3,"name":"Kilim persan"}]},{"@type":"WebSite","@id":"https:\/\/www.perzijskepreproge.si\/fr\/#website","url":"https:\/\/www.perzijskepreproge.si\/fr\/","name":"Perzijske preproge Farzad","description":"Perzijske preproge,  preprog in \u010di\u0161\u010denje preprog","potentialAction":[{"@type":"SearchAction","target":{"@type":"EntryPoint","urlTemplate":"https:\/\/www.perzijskepreproge.si\/fr\/?s={search_term_string}"},"query-input":{"@type":"PropertyValueSpecification","valueRequired":true,"valueName":"search_term_string"}}],"inLanguage":"fr-FR"}]}},"_links":{"self":[{"href":"https:\/\/www.perzijskepreproge.si\/fr\/wp-json\/wp\/v2\/product\/29134","targetHints":{"allow":["GET"]}}],"collection":[{"href":"https:\/\/www.perzijskepreproge.si\/fr\/wp-json\/wp\/v2\/product"}],"about":[{"href":"https:\/\/www.perzijskepreproge.si\/fr\/wp-json\/wp\/v2\/types\/product"}],"version-history":[{"count":0,"href":"https:\/\/www.perzijskepreproge.si\/fr\/wp-json\/wp\/v2\/product\/29134\/revisions"}],"wp:featuredmedia":[{"embeddable":true,"href":"https:\/\/www.perzijskepreproge.si\/fr\/wp-json\/wp\/v2\/media\/29135"}],"wp:attachment":[{"href":"https:\/\/www.perzijskepreproge.si\/fr\/wp-json\/wp\/v2\/media?parent=29134"}],"wp:term":[{"taxonomy":"product_brand","embeddable":true,"href":"https:\/\/www.perzijskepreproge.si\/fr\/wp-json\/wp\/v2\/product_brand?post=29134"},{"taxonomy":"product_cat","embeddable":true,"href":"https:\/\/www.perzijskepreproge.si\/fr\/wp-json\/wp\/v2\/product_cat?post=29134"},{"taxonomy":"product_tag","embeddable":true,"href":"https:\/\/www.perzijskepreproge.si\/fr\/wp-json\/wp\/v2\/product_tag?post=29134"}],"curies":[{"name":"wp","href":"https:\/\/api.w.org\/{rel}","templated":true}]}}