{"id":29136,"date":"2026-03-04T15:56:11","date_gmt":"2026-03-04T14:56:11","guid":{"rendered":"https:\/\/www.perzijskepreproge.si\/izdelek\/tapis-persan-en-soie-de-ghom-tapis-de-soie-persan-ghom\/"},"modified":"2026-03-04T15:56:11","modified_gmt":"2026-03-04T14:56:11","slug":"tapis-persan-en-soie-de-ghom-tapis-de-soie-persan-ghom","status":"publish","type":"product","link":"https:\/\/www.perzijskepreproge.si\/fr\/produit\/tapis-persan-en-soie-de-ghom-tapis-de-soie-persan-ghom\/","title":{"rendered":"Tapis persan en soie de Ghom \/ Tapis de soie persan Ghom"},"content":{"rendered":"<p data-path-to-node=\"0\">Cette \u0153uvre d&rsquo;art en soie de Ghom d\u00e9gage une noblesse intemporelle, bas\u00e9e sur l&rsquo;harmonie d\u00e9licate des nuances sable, or et ivoire. Son esth\u00e9tique repose sur une approche monochrome raffin\u00e9e, o\u00f9, au lieu de forts contrastes de couleurs, le jeu de la lumi\u00e8re sur la soie de qualit\u00e9 sup\u00e9rieure pr\u00e9domine, conf\u00e9rant au tapis un \u00e9clat pr\u00e9cieux et nacr\u00e9. Le champ central de couleur ivoire est richement rempli de motifs floraux filigranes dans des tons chauds de brun et de bronze, qui se fondent doucement les uns dans les autres, cr\u00e9ant l&rsquo;impression d&rsquo;un relief tridimensionnel.  <\/p>\n<p data-path-to-node=\"1\">La valeur de cette pi\u00e8ce r\u00e9side dans la subtilit\u00e9 exceptionnelle du tissage, car l&rsquo;obtention de d\u00e9tails aussi clairs au sein d&rsquo;une palette de couleurs apparent\u00e9es exige un \u0153il de ma\u00eetre et une pr\u00e9cision incroyable dans le choix des fils de soie. Le m\u00e9daillon central est con\u00e7u comme une fleur somptueuse qui se fond harmonieusement dans son environnement, apportant paix, lumi\u00e8re et un sentiment d&rsquo;\u00e9quilibre parfait \u00e0 l&rsquo;espace. La cartouche tiss\u00e9e sur le bord confirme l&rsquo;origine prestigieuse et garantit qu&rsquo;il s&rsquo;agit d&rsquo;une \u0153uvre d&rsquo;investissement de premier ordre qui, avec sa palette neutre mais distinctement luxueuse, anoblit l&rsquo;ambiance et souligne la beaut\u00e9 naturelle des mat\u00e9riaux dans la pi\u00e8ce.  <\/p>\n<p data-path-to-node=\"0\">Dans l&rsquo;art persan, les tons or et sable qui pr\u00e9dominent sur ce tapis ne sont pas seulement un choix de couleurs, mais un profond hommage au <b data-path-to-node=\"0\" data-index-in-node=\"122\">paysage d\u00e9sertique et \u00e0 sa lumi\u00e8re<\/b>. La couleur or symbolise le soleil, qui dans le centre de l&rsquo;Iran repr\u00e9sente la source de vie, tout en incarnant la puissance divine et le prestige royal. Lorsque ces nuances rencontrent l&rsquo;\u00e9clat de la soie pure, le tapis prend l&rsquo;apparence d&rsquo;\u00ab or liquide \u00bb, ce qui fut historiquement la plus haute forme de luxe dans les palais.  <\/p>\n<p data-path-to-node=\"1\">Les tons beige et sable (appel\u00e9s <i data-path-to-node=\"1\" data-index-in-node=\"26\">ivoire<\/i> ou <i data-path-to-node=\"1\" data-index-in-node=\"36\">shir-shekar<\/i>) symbolisent quant \u00e0 eux la <b data-path-to-node=\"1\" data-index-in-node=\"66\">puret\u00e9 et la paix<\/b>. Ces nuances neutres servent de toile sur laquelle le ma\u00eetre tisserand peut exprimer sa virtuosit\u00e9 \u00e0 travers la texture. Dans l&rsquo;iconographie classique, un tel sch\u00e9ma de couleurs repr\u00e9sente le jardin paradisiaque \u00e0 l&rsquo;aube, lorsque la lumi\u00e8re est douce et impr\u00e9gn\u00e9e de poussi\u00e8re d&rsquo;or, apportant s\u00e9r\u00e9nit\u00e9 et un sentiment d&rsquo;intemporalit\u00e9 \u00e0 l&rsquo;espace de vie. \u00c9tant donn\u00e9 que les colorants naturels dans ces nuances exigeaient une eau extr\u00eamement pure et un traitement pr\u00e9cis de la soie, un tel tapis est encore aujourd&rsquo;hui consid\u00e9r\u00e9 comme un symbole de raffinement et de statut social \u00e9lev\u00e9.   <\/p>\n","protected":false},"excerpt":{"rendered":"<p>N\u00b0 d&rsquo;enregistrement : #1258<\/p>\n<p>Dimensions : 124 x 78 cm<\/p>\n<p>Mati\u00e8re \/ Poil : soie \/ soie<\/p>\n<p>Cha\u00eene \/ Base : soie \/ soie<\/p>\n<p>Couleurs \/ Colours : v\u00e9g\u00e9tales \/ plants<\/p>\n<p>Motif \/ Design : floral, m\u00e9daillon \/ floral<\/p>\n<p>Technique de tissage \/ Weaving technique : tapis nou\u00e9 main \/ handmade pile carpet<\/p>\n<p>Densit\u00e9 de n\u0153uds : 1 000 000 \/ m\u00b2<\/p>\n<p>Origine : Iran<\/p>\n<p>&nbsp;<\/p>\n","protected":false},"featured_media":29137,"template":"","meta":{"iawp_total_views":0},"product_brand":[],"product_cat":[408],"product_tag":[],"class_list":{"0":"post-29136","1":"product","2":"type-product","3":"status-publish","4":"has-post-thumbnail","6":"product_cat-tapis-de-soie","7":"pa_barva-osnovna-blanc-beige","8":"pa_material-soie","9":"pa_oblika-rectangulaire","10":"pa_tip-preproge-en-soie","11":"pa_velikost-cca-120x80-fr","13":"first","14":"instock","15":"sold-individually","16":"taxable","17":"shipping-taxable","18":"purchasable","19":"product-type-simple"},"yoast_head":"<!-- This site is optimized with the Yoast SEO plugin v27.3 - https:\/\/yoast.com\/product\/yoast-seo-wordpress\/ -->\n<title>Tapis persan en soie de Ghom \/ Tapis de soie persan Ghom - Perzijske preproge Farzad<\/title>\n<meta name=\"description\" content=\"Tapis persan exclusif en soie de la ville de Ghom, o\u00f9 sont fabriqu\u00e9s les tapis de soie les plus raffin\u00e9s et pr\u00e9cieux au monde. 100 % soie naturelle.\" \/>\n<meta name=\"robots\" content=\"index, follow, max-snippet:-1, max-image-preview:large, max-video-preview:-1\" \/>\n<link rel=\"canonical\" href=\"https:\/\/www.perzijskepreproge.si\/fr\/produit\/tapis-persan-en-soie-de-ghom-tapis-de-soie-persan-ghom\/\" \/>\n<meta property=\"og:locale\" content=\"fr_FR\" \/>\n<meta property=\"og:type\" content=\"article\" \/>\n<meta property=\"og:title\" content=\"Tapis persan en soie de Ghom \/ Tapis de soie persan Ghom - Perzijske preproge Farzad\" \/>\n<meta property=\"og:description\" content=\"Tapis persan exclusif en soie de la ville de Ghom, o\u00f9 sont fabriqu\u00e9s les tapis de soie les plus raffin\u00e9s et pr\u00e9cieux au monde. 100 % soie naturelle.\" \/>\n<meta property=\"og:url\" content=\"https:\/\/www.perzijskepreproge.si\/fr\/produit\/tapis-persan-en-soie-de-ghom-tapis-de-soie-persan-ghom\/\" \/>\n<meta property=\"og:site_name\" content=\"Perzijske preproge Farzad\" \/>\n<meta property=\"og:image\" content=\"https:\/\/www.perzijskepreproge.si\/wp-content\/uploads\/2026\/03\/image00045jpg.webp\" \/>\n\t<meta property=\"og:image:width\" content=\"731\" \/>\n\t<meta property=\"og:image:height\" content=\"1200\" \/>\n\t<meta property=\"og:image:type\" content=\"image\/jpeg\" \/>\n<meta name=\"twitter:card\" content=\"summary_large_image\" \/>\n<meta name=\"twitter:label1\" content=\"Dur\u00e9e de lecture estim\u00e9e\" \/>\n\t<meta name=\"twitter:data1\" content=\"2 minutes\" \/>\n<script type=\"application\/ld+json\" class=\"yoast-schema-graph\">{\"@context\":\"https:\\\/\\\/schema.org\",\"@graph\":[{\"@type\":\"WebPage\",\"@id\":\"https:\\\/\\\/www.perzijskepreproge.si\\\/fr\\\/produit\\\/tapis-persan-en-soie-de-ghom-tapis-de-soie-persan-ghom\\\/\",\"url\":\"https:\\\/\\\/www.perzijskepreproge.si\\\/fr\\\/produit\\\/tapis-persan-en-soie-de-ghom-tapis-de-soie-persan-ghom\\\/\",\"name\":\"Tapis persan en soie de Ghom \\\/ Tapis de soie persan Ghom - Perzijske preproge Farzad\",\"isPartOf\":{\"@id\":\"https:\\\/\\\/www.perzijskepreproge.si\\\/fr\\\/#website\"},\"primaryImageOfPage\":{\"@id\":\"https:\\\/\\\/www.perzijskepreproge.si\\\/fr\\\/produit\\\/tapis-persan-en-soie-de-ghom-tapis-de-soie-persan-ghom\\\/#primaryimage\"},\"image\":{\"@id\":\"https:\\\/\\\/www.perzijskepreproge.si\\\/fr\\\/produit\\\/tapis-persan-en-soie-de-ghom-tapis-de-soie-persan-ghom\\\/#primaryimage\"},\"thumbnailUrl\":\"https:\\\/\\\/www.perzijskepreproge.si\\\/wp-content\\\/uploads\\\/2026\\\/03\\\/image00045jpg.jpg\",\"datePublished\":\"2026-03-04T14:56:11+00:00\",\"description\":\"Tapis persan exclusif en soie de la ville de Ghom, o\u00f9 sont fabriqu\u00e9s les tapis de soie les plus raffin\u00e9s et pr\u00e9cieux au monde. 100 % soie naturelle.\",\"breadcrumb\":{\"@id\":\"https:\\\/\\\/www.perzijskepreproge.si\\\/fr\\\/produit\\\/tapis-persan-en-soie-de-ghom-tapis-de-soie-persan-ghom\\\/#breadcrumb\"},\"inLanguage\":\"fr-FR\",\"potentialAction\":[{\"@type\":\"ReadAction\",\"target\":[\"https:\\\/\\\/www.perzijskepreproge.si\\\/fr\\\/produit\\\/tapis-persan-en-soie-de-ghom-tapis-de-soie-persan-ghom\\\/\"]}]},{\"@type\":\"ImageObject\",\"inLanguage\":\"fr-FR\",\"@id\":\"https:\\\/\\\/www.perzijskepreproge.si\\\/fr\\\/produit\\\/tapis-persan-en-soie-de-ghom-tapis-de-soie-persan-ghom\\\/#primaryimage\",\"url\":\"https:\\\/\\\/www.perzijskepreproge.si\\\/wp-content\\\/uploads\\\/2026\\\/03\\\/image00045jpg.jpg\",\"contentUrl\":\"https:\\\/\\\/www.perzijskepreproge.si\\\/wp-content\\\/uploads\\\/2026\\\/03\\\/image00045jpg.jpg\",\"width\":731,\"height\":1200},{\"@type\":\"BreadcrumbList\",\"@id\":\"https:\\\/\\\/www.perzijskepreproge.si\\\/fr\\\/produit\\\/tapis-persan-en-soie-de-ghom-tapis-de-soie-persan-ghom\\\/#breadcrumb\",\"itemListElement\":[{\"@type\":\"ListItem\",\"position\":1,\"name\":\"Maison\",\"item\":\"https:\\\/\\\/www.perzijskepreproge.si\\\/fr\\\/tapis-persans-farzad\\\/\"},{\"@type\":\"ListItem\",\"position\":2,\"name\":\"Boutique\",\"item\":\"https:\\\/\\\/www.perzijskepreproge.si\\\/fr\\\/boutique\\\/\"},{\"@type\":\"ListItem\",\"position\":3,\"name\":\"Tapis persan en soie de Ghom \\\/ Tapis de soie persan Ghom\"}]},{\"@type\":\"WebSite\",\"@id\":\"https:\\\/\\\/www.perzijskepreproge.si\\\/fr\\\/#website\",\"url\":\"https:\\\/\\\/www.perzijskepreproge.si\\\/fr\\\/\",\"name\":\"Perzijske preproge Farzad\",\"description\":\"Perzijske preproge,  preprog in \u010di\u0161\u010denje preprog\",\"potentialAction\":[{\"@type\":\"SearchAction\",\"target\":{\"@type\":\"EntryPoint\",\"urlTemplate\":\"https:\\\/\\\/www.perzijskepreproge.si\\\/fr\\\/?s={search_term_string}\"},\"query-input\":{\"@type\":\"PropertyValueSpecification\",\"valueRequired\":true,\"valueName\":\"search_term_string\"}}],\"inLanguage\":\"fr-FR\"}]}<\/script>\n<!-- \/ Yoast SEO plugin. -->","yoast_head_json":{"title":"Tapis persan en soie de Ghom \/ Tapis de soie persan Ghom - Perzijske preproge Farzad","description":"Tapis persan exclusif en soie de la ville de Ghom, o\u00f9 sont fabriqu\u00e9s les tapis de soie les plus raffin\u00e9s et pr\u00e9cieux au monde. 100 % soie naturelle.","robots":{"index":"index","follow":"follow","max-snippet":"max-snippet:-1","max-image-preview":"max-image-preview:large","max-video-preview":"max-video-preview:-1"},"canonical":"https:\/\/www.perzijskepreproge.si\/fr\/produit\/tapis-persan-en-soie-de-ghom-tapis-de-soie-persan-ghom\/","og_locale":"fr_FR","og_type":"article","og_title":"Tapis persan en soie de Ghom \/ Tapis de soie persan Ghom - Perzijske preproge Farzad","og_description":"Tapis persan exclusif en soie de la ville de Ghom, o\u00f9 sont fabriqu\u00e9s les tapis de soie les plus raffin\u00e9s et pr\u00e9cieux au monde. 100 % soie naturelle.","og_url":"https:\/\/www.perzijskepreproge.si\/fr\/produit\/tapis-persan-en-soie-de-ghom-tapis-de-soie-persan-ghom\/","og_site_name":"Perzijske preproge Farzad","og_image":[{"width":731,"height":1200,"url":"https:\/\/www.perzijskepreproge.si\/wp-content\/uploads\/2026\/03\/image00045jpg.webp","type":"image\/jpeg"}],"twitter_card":"summary_large_image","twitter_misc":{"Dur\u00e9e de lecture estim\u00e9e":"2 minutes"},"schema":{"@context":"https:\/\/schema.org","@graph":[{"@type":"WebPage","@id":"https:\/\/www.perzijskepreproge.si\/fr\/produit\/tapis-persan-en-soie-de-ghom-tapis-de-soie-persan-ghom\/","url":"https:\/\/www.perzijskepreproge.si\/fr\/produit\/tapis-persan-en-soie-de-ghom-tapis-de-soie-persan-ghom\/","name":"Tapis persan en soie de Ghom \/ Tapis de soie persan Ghom - Perzijske preproge Farzad","isPartOf":{"@id":"https:\/\/www.perzijskepreproge.si\/fr\/#website"},"primaryImageOfPage":{"@id":"https:\/\/www.perzijskepreproge.si\/fr\/produit\/tapis-persan-en-soie-de-ghom-tapis-de-soie-persan-ghom\/#primaryimage"},"image":{"@id":"https:\/\/www.perzijskepreproge.si\/fr\/produit\/tapis-persan-en-soie-de-ghom-tapis-de-soie-persan-ghom\/#primaryimage"},"thumbnailUrl":"https:\/\/www.perzijskepreproge.si\/wp-content\/uploads\/2026\/03\/image00045jpg.jpg","datePublished":"2026-03-04T14:56:11+00:00","description":"Tapis persan exclusif en soie de la ville de Ghom, o\u00f9 sont fabriqu\u00e9s les tapis de soie les plus raffin\u00e9s et pr\u00e9cieux au monde. 100 % soie naturelle.","breadcrumb":{"@id":"https:\/\/www.perzijskepreproge.si\/fr\/produit\/tapis-persan-en-soie-de-ghom-tapis-de-soie-persan-ghom\/#breadcrumb"},"inLanguage":"fr-FR","potentialAction":[{"@type":"ReadAction","target":["https:\/\/www.perzijskepreproge.si\/fr\/produit\/tapis-persan-en-soie-de-ghom-tapis-de-soie-persan-ghom\/"]}]},{"@type":"ImageObject","inLanguage":"fr-FR","@id":"https:\/\/www.perzijskepreproge.si\/fr\/produit\/tapis-persan-en-soie-de-ghom-tapis-de-soie-persan-ghom\/#primaryimage","url":"https:\/\/www.perzijskepreproge.si\/wp-content\/uploads\/2026\/03\/image00045jpg.jpg","contentUrl":"https:\/\/www.perzijskepreproge.si\/wp-content\/uploads\/2026\/03\/image00045jpg.jpg","width":731,"height":1200},{"@type":"BreadcrumbList","@id":"https:\/\/www.perzijskepreproge.si\/fr\/produit\/tapis-persan-en-soie-de-ghom-tapis-de-soie-persan-ghom\/#breadcrumb","itemListElement":[{"@type":"ListItem","position":1,"name":"Maison","item":"https:\/\/www.perzijskepreproge.si\/fr\/tapis-persans-farzad\/"},{"@type":"ListItem","position":2,"name":"Boutique","item":"https:\/\/www.perzijskepreproge.si\/fr\/boutique\/"},{"@type":"ListItem","position":3,"name":"Tapis persan en soie de Ghom \/ Tapis de soie persan Ghom"}]},{"@type":"WebSite","@id":"https:\/\/www.perzijskepreproge.si\/fr\/#website","url":"https:\/\/www.perzijskepreproge.si\/fr\/","name":"Perzijske preproge Farzad","description":"Perzijske preproge,  preprog in \u010di\u0161\u010denje preprog","potentialAction":[{"@type":"SearchAction","target":{"@type":"EntryPoint","urlTemplate":"https:\/\/www.perzijskepreproge.si\/fr\/?s={search_term_string}"},"query-input":{"@type":"PropertyValueSpecification","valueRequired":true,"valueName":"search_term_string"}}],"inLanguage":"fr-FR"}]}},"_links":{"self":[{"href":"https:\/\/www.perzijskepreproge.si\/fr\/wp-json\/wp\/v2\/product\/29136","targetHints":{"allow":["GET"]}}],"collection":[{"href":"https:\/\/www.perzijskepreproge.si\/fr\/wp-json\/wp\/v2\/product"}],"about":[{"href":"https:\/\/www.perzijskepreproge.si\/fr\/wp-json\/wp\/v2\/types\/product"}],"version-history":[{"count":0,"href":"https:\/\/www.perzijskepreproge.si\/fr\/wp-json\/wp\/v2\/product\/29136\/revisions"}],"wp:featuredmedia":[{"embeddable":true,"href":"https:\/\/www.perzijskepreproge.si\/fr\/wp-json\/wp\/v2\/media\/29137"}],"wp:attachment":[{"href":"https:\/\/www.perzijskepreproge.si\/fr\/wp-json\/wp\/v2\/media?parent=29136"}],"wp:term":[{"taxonomy":"product_brand","embeddable":true,"href":"https:\/\/www.perzijskepreproge.si\/fr\/wp-json\/wp\/v2\/product_brand?post=29136"},{"taxonomy":"product_cat","embeddable":true,"href":"https:\/\/www.perzijskepreproge.si\/fr\/wp-json\/wp\/v2\/product_cat?post=29136"},{"taxonomy":"product_tag","embeddable":true,"href":"https:\/\/www.perzijskepreproge.si\/fr\/wp-json\/wp\/v2\/product_tag?post=29136"}],"curies":[{"name":"wp","href":"https:\/\/api.w.org\/{rel}","templated":true}]}}