{"id":29158,"date":"2026-03-23T12:09:14","date_gmt":"2026-03-23T11:09:14","guid":{"rendered":"https:\/\/www.perzijskepreproge.si\/izdelek\/kilim-persan-6\/"},"modified":"2026-03-23T12:09:14","modified_gmt":"2026-03-23T11:09:14","slug":"kilim-persan-6","status":"publish","type":"product","link":"https:\/\/www.perzijskepreproge.si\/fr\/produit\/kilim-persan-6\/","title":{"rendered":"Kilim persan"},"content":{"rendered":"<p>Les kilims persans nomades sont de magnifiques exemples d\u2019art refl\u00e9tant le riche patrimoine culturel et le mode de vie des communaut\u00e9s nomades. Leurs motifs et couleurs sont le plus souvent le reflet de l\u2019histoire, de la nature et des croyances des artisans qui les fabriquent, et sont impr\u00e9gn\u00e9s de symbolisme et de r\u00e9cits. Ce qui est particuli\u00e8rement beau dans les kilims persans nomades, c\u2019est leur authenticit\u00e9 et leur unicit\u00e9. Chaque pi\u00e8ce est fabriqu\u00e9e \u00e0 la main avec amour et soin, ce qui leur conf\u00e8re une valeur particuli\u00e8re. Leurs motifs aux couleurs vives, leurs dessins g\u00e9om\u00e9triques et leurs symboles refl\u00e8tent des \u00e9l\u00e9ments naturels, des symboles de protection, la fertilit\u00e9 et d\u2019autres aspects importants de la vie nomade. Outre l\u2019aspect esth\u00e9tique, ces kilims sont \u00e9galement fonctionnels \u2013 ils servent de couvertures, de supports pour dormir ou d\u2019\u00e9l\u00e9ments d\u00e9coratifs dans les maisons, tout en transmettant des histoires et des traditions transmises de g\u00e9n\u00e9ration en g\u00e9n\u00e9ration. Chaque kilim persan nomade est ainsi un h\u00e9ritage unique alliant art, histoire et vie.      <\/p>\n","protected":false},"excerpt":{"rendered":"<p>N\u00b0 d\u2019enr. : #1245<\/p>\n<p>Dimensions : 101 x 58 cm<\/p>\n<p>Mati\u00e8re \/ Velours : laine<\/p>\n<p>Cha\u00eene : coton<\/p>\n<p>Couleurs : v\u00e9g\u00e9tales<\/p>\n<p>Design : g\u00e9om\u00e9trique<\/p>\n<p>Technique de tissage : tiss\u00e9 \u00e0 la main<\/p>\n<p>Origine : Iran<\/p>\n<p>&nbsp;<\/p>\n","protected":false},"featured_media":29159,"template":"","meta":{"iawp_total_views":0},"product_brand":[],"product_cat":[362,368],"product_tag":[],"class_list":{"0":"post-29158","1":"product","2":"type-product","3":"status-publish","4":"has-post-thumbnail","6":"product_cat-kilims-fr","7":"product_cat-petits-tapis","8":"pa_barva-osnovna-multicolore","9":"pa_material-laine","10":"pa_oblika-rectangulaire","11":"pa_tip-preproge-kilim","12":"pa_velikost-cca-100x60","14":"first","15":"instock","16":"featured","17":"virtual","18":"sold-individually","19":"taxable","20":"purchasable","21":"product-type-simple"},"yoast_head":"<!-- This site is optimized with the Yoast SEO plugin v27.3 - https:\/\/yoast.com\/product\/yoast-seo-wordpress\/ -->\n<title>Kilim persan - Perzijske preproge Farzad<\/title>\n<meta name=\"robots\" content=\"index, follow, max-snippet:-1, max-image-preview:large, max-video-preview:-1\" \/>\n<link rel=\"canonical\" href=\"https:\/\/www.perzijskepreproge.si\/fr\/produit\/kilim-persan-6\/\" \/>\n<meta property=\"og:locale\" content=\"fr_FR\" \/>\n<meta property=\"og:type\" content=\"article\" \/>\n<meta property=\"og:title\" content=\"Kilim persan - Perzijske preproge Farzad\" \/>\n<meta property=\"og:description\" content=\"N\u00b0 d\u2019enr. : #1245 Dimensions : 101 x 58 cm Mati\u00e8re \/ Velours : laine Cha\u00eene : coton Couleurs : v\u00e9g\u00e9tales Design : g\u00e9om\u00e9trique Technique de tissage : tiss\u00e9 \u00e0 la main Origine : Iran &nbsp;\" \/>\n<meta property=\"og:url\" content=\"https:\/\/www.perzijskepreproge.si\/fr\/produit\/kilim-persan-6\/\" \/>\n<meta property=\"og:site_name\" content=\"Perzijske preproge Farzad\" \/>\n<meta property=\"og:image\" content=\"https:\/\/www.perzijskepreproge.si\/wp-content\/uploads\/2026\/03\/66.webp\" \/>\n\t<meta property=\"og:image:width\" content=\"495\" \/>\n\t<meta property=\"og:image:height\" content=\"1200\" \/>\n\t<meta property=\"og:image:type\" content=\"image\/jpeg\" \/>\n<meta name=\"twitter:card\" content=\"summary_large_image\" \/>\n<meta name=\"twitter:label1\" content=\"Dur\u00e9e de lecture estim\u00e9e\" \/>\n\t<meta name=\"twitter:data1\" content=\"1 minute\" \/>\n<script type=\"application\/ld+json\" class=\"yoast-schema-graph\">{\"@context\":\"https:\\\/\\\/schema.org\",\"@graph\":[{\"@type\":\"WebPage\",\"@id\":\"https:\\\/\\\/www.perzijskepreproge.si\\\/fr\\\/produit\\\/kilim-persan-6\\\/\",\"url\":\"https:\\\/\\\/www.perzijskepreproge.si\\\/fr\\\/produit\\\/kilim-persan-6\\\/\",\"name\":\"Kilim persan - Perzijske preproge Farzad\",\"isPartOf\":{\"@id\":\"https:\\\/\\\/www.perzijskepreproge.si\\\/fr\\\/#website\"},\"primaryImageOfPage\":{\"@id\":\"https:\\\/\\\/www.perzijskepreproge.si\\\/fr\\\/produit\\\/kilim-persan-6\\\/#primaryimage\"},\"image\":{\"@id\":\"https:\\\/\\\/www.perzijskepreproge.si\\\/fr\\\/produit\\\/kilim-persan-6\\\/#primaryimage\"},\"thumbnailUrl\":\"https:\\\/\\\/www.perzijskepreproge.si\\\/wp-content\\\/uploads\\\/2026\\\/03\\\/66.jpg\",\"datePublished\":\"2026-03-23T11:09:14+00:00\",\"breadcrumb\":{\"@id\":\"https:\\\/\\\/www.perzijskepreproge.si\\\/fr\\\/produit\\\/kilim-persan-6\\\/#breadcrumb\"},\"inLanguage\":\"fr-FR\",\"potentialAction\":[{\"@type\":\"ReadAction\",\"target\":[\"https:\\\/\\\/www.perzijskepreproge.si\\\/fr\\\/produit\\\/kilim-persan-6\\\/\"]}]},{\"@type\":\"ImageObject\",\"inLanguage\":\"fr-FR\",\"@id\":\"https:\\\/\\\/www.perzijskepreproge.si\\\/fr\\\/produit\\\/kilim-persan-6\\\/#primaryimage\",\"url\":\"https:\\\/\\\/www.perzijskepreproge.si\\\/wp-content\\\/uploads\\\/2026\\\/03\\\/66.jpg\",\"contentUrl\":\"https:\\\/\\\/www.perzijskepreproge.si\\\/wp-content\\\/uploads\\\/2026\\\/03\\\/66.jpg\",\"width\":495,\"height\":1200},{\"@type\":\"BreadcrumbList\",\"@id\":\"https:\\\/\\\/www.perzijskepreproge.si\\\/fr\\\/produit\\\/kilim-persan-6\\\/#breadcrumb\",\"itemListElement\":[{\"@type\":\"ListItem\",\"position\":1,\"name\":\"Maison\",\"item\":\"https:\\\/\\\/www.perzijskepreproge.si\\\/fr\\\/tapis-persans-farzad\\\/\"},{\"@type\":\"ListItem\",\"position\":2,\"name\":\"Boutique\",\"item\":\"https:\\\/\\\/www.perzijskepreproge.si\\\/fr\\\/boutique\\\/\"},{\"@type\":\"ListItem\",\"position\":3,\"name\":\"Kilim persan\"}]},{\"@type\":\"WebSite\",\"@id\":\"https:\\\/\\\/www.perzijskepreproge.si\\\/fr\\\/#website\",\"url\":\"https:\\\/\\\/www.perzijskepreproge.si\\\/fr\\\/\",\"name\":\"Perzijske preproge Farzad\",\"description\":\"Perzijske preproge,  preprog in \u010di\u0161\u010denje preprog\",\"potentialAction\":[{\"@type\":\"SearchAction\",\"target\":{\"@type\":\"EntryPoint\",\"urlTemplate\":\"https:\\\/\\\/www.perzijskepreproge.si\\\/fr\\\/?s={search_term_string}\"},\"query-input\":{\"@type\":\"PropertyValueSpecification\",\"valueRequired\":true,\"valueName\":\"search_term_string\"}}],\"inLanguage\":\"fr-FR\"}]}<\/script>\n<!-- \/ Yoast SEO plugin. -->","yoast_head_json":{"title":"Kilim persan - Perzijske preproge Farzad","robots":{"index":"index","follow":"follow","max-snippet":"max-snippet:-1","max-image-preview":"max-image-preview:large","max-video-preview":"max-video-preview:-1"},"canonical":"https:\/\/www.perzijskepreproge.si\/fr\/produit\/kilim-persan-6\/","og_locale":"fr_FR","og_type":"article","og_title":"Kilim persan - Perzijske preproge Farzad","og_description":"N\u00b0 d\u2019enr. : #1245 Dimensions : 101 x 58 cm Mati\u00e8re \/ Velours : laine Cha\u00eene : coton Couleurs : v\u00e9g\u00e9tales Design : g\u00e9om\u00e9trique Technique de tissage : tiss\u00e9 \u00e0 la main Origine : Iran &nbsp;","og_url":"https:\/\/www.perzijskepreproge.si\/fr\/produit\/kilim-persan-6\/","og_site_name":"Perzijske preproge Farzad","og_image":[{"width":495,"height":1200,"url":"https:\/\/www.perzijskepreproge.si\/wp-content\/uploads\/2026\/03\/66.webp","type":"image\/jpeg"}],"twitter_card":"summary_large_image","twitter_misc":{"Dur\u00e9e de lecture estim\u00e9e":"1 minute"},"schema":{"@context":"https:\/\/schema.org","@graph":[{"@type":"WebPage","@id":"https:\/\/www.perzijskepreproge.si\/fr\/produit\/kilim-persan-6\/","url":"https:\/\/www.perzijskepreproge.si\/fr\/produit\/kilim-persan-6\/","name":"Kilim persan - Perzijske preproge Farzad","isPartOf":{"@id":"https:\/\/www.perzijskepreproge.si\/fr\/#website"},"primaryImageOfPage":{"@id":"https:\/\/www.perzijskepreproge.si\/fr\/produit\/kilim-persan-6\/#primaryimage"},"image":{"@id":"https:\/\/www.perzijskepreproge.si\/fr\/produit\/kilim-persan-6\/#primaryimage"},"thumbnailUrl":"https:\/\/www.perzijskepreproge.si\/wp-content\/uploads\/2026\/03\/66.jpg","datePublished":"2026-03-23T11:09:14+00:00","breadcrumb":{"@id":"https:\/\/www.perzijskepreproge.si\/fr\/produit\/kilim-persan-6\/#breadcrumb"},"inLanguage":"fr-FR","potentialAction":[{"@type":"ReadAction","target":["https:\/\/www.perzijskepreproge.si\/fr\/produit\/kilim-persan-6\/"]}]},{"@type":"ImageObject","inLanguage":"fr-FR","@id":"https:\/\/www.perzijskepreproge.si\/fr\/produit\/kilim-persan-6\/#primaryimage","url":"https:\/\/www.perzijskepreproge.si\/wp-content\/uploads\/2026\/03\/66.jpg","contentUrl":"https:\/\/www.perzijskepreproge.si\/wp-content\/uploads\/2026\/03\/66.jpg","width":495,"height":1200},{"@type":"BreadcrumbList","@id":"https:\/\/www.perzijskepreproge.si\/fr\/produit\/kilim-persan-6\/#breadcrumb","itemListElement":[{"@type":"ListItem","position":1,"name":"Maison","item":"https:\/\/www.perzijskepreproge.si\/fr\/tapis-persans-farzad\/"},{"@type":"ListItem","position":2,"name":"Boutique","item":"https:\/\/www.perzijskepreproge.si\/fr\/boutique\/"},{"@type":"ListItem","position":3,"name":"Kilim persan"}]},{"@type":"WebSite","@id":"https:\/\/www.perzijskepreproge.si\/fr\/#website","url":"https:\/\/www.perzijskepreproge.si\/fr\/","name":"Perzijske preproge Farzad","description":"Perzijske preproge,  preprog in \u010di\u0161\u010denje preprog","potentialAction":[{"@type":"SearchAction","target":{"@type":"EntryPoint","urlTemplate":"https:\/\/www.perzijskepreproge.si\/fr\/?s={search_term_string}"},"query-input":{"@type":"PropertyValueSpecification","valueRequired":true,"valueName":"search_term_string"}}],"inLanguage":"fr-FR"}]}},"_links":{"self":[{"href":"https:\/\/www.perzijskepreproge.si\/fr\/wp-json\/wp\/v2\/product\/29158","targetHints":{"allow":["GET"]}}],"collection":[{"href":"https:\/\/www.perzijskepreproge.si\/fr\/wp-json\/wp\/v2\/product"}],"about":[{"href":"https:\/\/www.perzijskepreproge.si\/fr\/wp-json\/wp\/v2\/types\/product"}],"version-history":[{"count":0,"href":"https:\/\/www.perzijskepreproge.si\/fr\/wp-json\/wp\/v2\/product\/29158\/revisions"}],"wp:featuredmedia":[{"embeddable":true,"href":"https:\/\/www.perzijskepreproge.si\/fr\/wp-json\/wp\/v2\/media\/29159"}],"wp:attachment":[{"href":"https:\/\/www.perzijskepreproge.si\/fr\/wp-json\/wp\/v2\/media?parent=29158"}],"wp:term":[{"taxonomy":"product_brand","embeddable":true,"href":"https:\/\/www.perzijskepreproge.si\/fr\/wp-json\/wp\/v2\/product_brand?post=29158"},{"taxonomy":"product_cat","embeddable":true,"href":"https:\/\/www.perzijskepreproge.si\/fr\/wp-json\/wp\/v2\/product_cat?post=29158"},{"taxonomy":"product_tag","embeddable":true,"href":"https:\/\/www.perzijskepreproge.si\/fr\/wp-json\/wp\/v2\/product_tag?post=29158"}],"curies":[{"name":"wp","href":"https:\/\/api.w.org\/{rel}","templated":true}]}}